{"id":53542,"date":"2022-01-22T16:39:18","date_gmt":"2022-01-22T15:39:18","guid":{"rendered":"https:\/\/demoweb.info\/sexshop001\/producto\/wetlook-mesh-romper\/"},"modified":"2022-01-22T16:39:31","modified_gmt":"2022-01-22T15:39:31","slug":"wetlook-mesh-romper","status":"publish","type":"product","link":"https:\/\/demoweb.info\/sexshop001\/producto\/wetlook-mesh-romper\/","title":{"rendered":"WETLOOK &#038; MESH ROMPER"},"content":{"rendered":"<p><strong>WETLOOK &#038; MESH ROMPER<\/strong><\/p>\n<p>Body negro de efecto mojado con sugerentes transparencias. De manga larga pero con espalda al descubierto y unido c\u00f3modamente al cuello, este body se adapta a t\u00ed potenciando tus curvas m\u00e1s valiosas.<\/p>\n<p>Allure Lingerie ha estado fabricando lencer\u00eda y accesorios de alta calidad durante 25 a\u00f1os. Los exquisitos productos y los dise\u00f1os provocadores de la compa\u00f1\u00eda la han convertido en l\u00edder de la industria tanto en Norteam\u00e9rica como en Europa. Sus talentosos dise\u00f1adores crean estilos que son a la vez vanguardistas y seductores para hombres y mujeres de todos los gustos y convicciones. El exitoso \u00e9xito de Allure en el mercado de la lencer\u00eda ha llevado a la expansi\u00f3n de sus l\u00edneas de productos, a\u00f1adiendo impresionantes prendas inspiradas en lencer\u00eda que se mantienen fieles a su visi\u00f3n de ofrecer ropa \u00edntima \u00fanica.<\/p>\n","protected":false},"excerpt":{"rendered":"<p>WETLOOK &#038; MESH ROMPER Body negro de efecto mojado con sugerentes transparencias. De manga larga pero con espalda al descubierto<\/p>\n","protected":false},"featured_media":53543,"comment_status":"open","ping_status":"open","template":"","meta":[],"product_cat":[940],"product_tag":[1445,1446],"class_list":["post-53542","product","type-product","status-publish","has-post-thumbnail","hentry","product_cat-bodys-para-ella","product_tag-allure-lingerie","product_tag-kitten"],"bundled_by":[],"bundle_stock_status":"instock","bundle_stock_quantity":1,"bundle_virtual":false,"bundle_layout":"","bundle_add_to_cart_form_location":"","bundle_editable_in_cart":false,"bundle_sold_individually_context":"","bundle_item_grouping":"","bundle_min_size":"","bundle_max_size":"","bundled_items":[],"yoast_head":"<!-- This site is optimized with the Yoast SEO plugin v20.6 - https:\/\/yoast.com\/wordpress\/plugins\/seo\/ -->\n<title>WETLOOK &amp; MESH ROMPER - Tienda Er\u00f3tica<\/title>\n<meta name=\"robots\" content=\"noindex, follow, max-snippet:-1, max-image-preview:large, max-video-preview:-1\" \/>\n<meta property=\"og:locale\" content=\"es_ES\" \/>\n<meta property=\"og:type\" content=\"article\" \/>\n<meta property=\"og:title\" content=\"WETLOOK &amp; MESH ROMPER - Tienda Er\u00f3tica\" \/>\n<meta property=\"og:description\" content=\"WETLOOK &#038; MESH ROMPER Body negro de efecto mojado con sugerentes transparencias. De manga larga pero con espalda al descubierto\" \/>\n<meta property=\"og:url\" content=\"https:\/\/demoweb.info\/sexshop001\/producto\/wetlook-mesh-romper\/\" \/>\n<meta property=\"og:site_name\" content=\"Tienda Er\u00f3tica\" \/>\n<meta property=\"article:modified_time\" content=\"2022-01-22T15:39:31+00:00\" \/>\n<meta property=\"og:image\" content=\"https:\/\/demoweb.info\/sexshop001\/wp-content\/uploads\/2022\/01\/WETLOOK-MESH-ROMPER.jpg\" \/>\n\t<meta property=\"og:image:width\" content=\"550\" \/>\n\t<meta property=\"og:image:height\" content=\"550\" \/>\n\t<meta property=\"og:image:type\" content=\"image\/jpeg\" \/>\n<meta name=\"twitter:card\" content=\"summary_large_image\" \/>\n<meta name=\"twitter:label1\" content=\"Tiempo de lectura\" \/>\n\t<meta name=\"twitter:data1\" content=\"1 minuto\" \/>\n<script type=\"application\/ld+json\" class=\"yoast-schema-graph\">{\"@context\":\"https:\/\/schema.org\",\"@graph\":[{\"@type\":\"WebPage\",\"@id\":\"https:\/\/demoweb.info\/sexshop001\/producto\/wetlook-mesh-romper\/\",\"url\":\"https:\/\/demoweb.info\/sexshop001\/producto\/wetlook-mesh-romper\/\",\"name\":\"WETLOOK & MESH ROMPER - Tienda Er\u00f3tica\",\"isPartOf\":{\"@id\":\"https:\/\/demoweb.info\/sexshop001\/#website\"},\"datePublished\":\"2022-01-22T15:39:18+00:00\",\"dateModified\":\"2022-01-22T15:39:31+00:00\",\"breadcrumb\":{\"@id\":\"https:\/\/demoweb.info\/sexshop001\/producto\/wetlook-mesh-romper\/#breadcrumb\"},\"inLanguage\":\"es\",\"potentialAction\":[{\"@type\":\"ReadAction\",\"target\":[\"https:\/\/demoweb.info\/sexshop001\/producto\/wetlook-mesh-romper\/\"]}]},{\"@type\":\"BreadcrumbList\",\"@id\":\"https:\/\/demoweb.info\/sexshop001\/producto\/wetlook-mesh-romper\/#breadcrumb\",\"itemListElement\":[{\"@type\":\"ListItem\",\"position\":1,\"name\":\"Portada\",\"item\":\"https:\/\/demoweb.info\/sexshop001\/\"},{\"@type\":\"ListItem\",\"position\":2,\"name\":\"Tienda\",\"item\":\"https:\/\/demoweb.info\/sexshop001\/tienda\/\"},{\"@type\":\"ListItem\",\"position\":3,\"name\":\"WETLOOK &#038; MESH ROMPER\"}]},{\"@type\":\"WebSite\",\"@id\":\"https:\/\/demoweb.info\/sexshop001\/#website\",\"url\":\"https:\/\/demoweb.info\/sexshop001\/\",\"name\":\"Tienda Er\u00f3tica\",\"description\":\"DEMOWEB SL\",\"potentialAction\":[{\"@type\":\"SearchAction\",\"target\":{\"@type\":\"EntryPoint\",\"urlTemplate\":\"https:\/\/demoweb.info\/sexshop001\/?s={search_term_string}\"},\"query-input\":\"required name=search_term_string\"}],\"inLanguage\":\"es\"}]}<\/script>\n<!-- \/ Yoast SEO plugin. -->","yoast_head_json":{"title":"WETLOOK & MESH ROMPER - Tienda Er\u00f3tica","robots":{"index":"noindex","follow":"follow","max-snippet":"max-snippet:-1","max-image-preview":"max-image-preview:large","max-video-preview":"max-video-preview:-1"},"og_locale":"es_ES","og_type":"article","og_title":"WETLOOK & MESH ROMPER - Tienda Er\u00f3tica","og_description":"WETLOOK &#038; MESH ROMPER Body negro de efecto mojado con sugerentes transparencias. De manga larga pero con espalda al descubierto","og_url":"https:\/\/demoweb.info\/sexshop001\/producto\/wetlook-mesh-romper\/","og_site_name":"Tienda Er\u00f3tica","article_modified_time":"2022-01-22T15:39:31+00:00","og_image":[{"width":550,"height":550,"url":"https:\/\/demoweb.info\/sexshop001\/wp-content\/uploads\/2022\/01\/WETLOOK-MESH-ROMPER.jpg","type":"image\/jpeg"}],"twitter_card":"summary_large_image","twitter_misc":{"Tiempo de lectura":"1 minuto"},"schema":{"@context":"https:\/\/schema.org","@graph":[{"@type":"WebPage","@id":"https:\/\/demoweb.info\/sexshop001\/producto\/wetlook-mesh-romper\/","url":"https:\/\/demoweb.info\/sexshop001\/producto\/wetlook-mesh-romper\/","name":"WETLOOK & MESH ROMPER - Tienda Er\u00f3tica","isPartOf":{"@id":"https:\/\/demoweb.info\/sexshop001\/#website"},"datePublished":"2022-01-22T15:39:18+00:00","dateModified":"2022-01-22T15:39:31+00:00","breadcrumb":{"@id":"https:\/\/demoweb.info\/sexshop001\/producto\/wetlook-mesh-romper\/#breadcrumb"},"inLanguage":"es","potentialAction":[{"@type":"ReadAction","target":["https:\/\/demoweb.info\/sexshop001\/producto\/wetlook-mesh-romper\/"]}]},{"@type":"BreadcrumbList","@id":"https:\/\/demoweb.info\/sexshop001\/producto\/wetlook-mesh-romper\/#breadcrumb","itemListElement":[{"@type":"ListItem","position":1,"name":"Portada","item":"https:\/\/demoweb.info\/sexshop001\/"},{"@type":"ListItem","position":2,"name":"Tienda","item":"https:\/\/demoweb.info\/sexshop001\/tienda\/"},{"@type":"ListItem","position":3,"name":"WETLOOK &#038; MESH ROMPER"}]},{"@type":"WebSite","@id":"https:\/\/demoweb.info\/sexshop001\/#website","url":"https:\/\/demoweb.info\/sexshop001\/","name":"Tienda Er\u00f3tica","description":"DEMOWEB SL","potentialAction":[{"@type":"SearchAction","target":{"@type":"EntryPoint","urlTemplate":"https:\/\/demoweb.info\/sexshop001\/?s={search_term_string}"},"query-input":"required name=search_term_string"}],"inLanguage":"es"}]}},"_links":{"self":[{"href":"https:\/\/demoweb.info\/sexshop001\/wp-json\/wp\/v3\/product\/53542","targetHints":{"allow":["GET"]}}],"collection":[{"href":"https:\/\/demoweb.info\/sexshop001\/wp-json\/wp\/v3\/product"}],"about":[{"href":"https:\/\/demoweb.info\/sexshop001\/wp-json\/wp\/v2\/types\/product"}],"replies":[{"embeddable":true,"href":"https:\/\/demoweb.info\/sexshop001\/wp-json\/wp\/v2\/comments?post=53542"}],"wp:featuredmedia":[{"embeddable":true,"href":"https:\/\/demoweb.info\/sexshop001\/wp-json\/wp\/v2\/media\/53543"}],"wp:attachment":[{"href":"https:\/\/demoweb.info\/sexshop001\/wp-json\/wp\/v2\/media?parent=53542"}],"wp:term":[{"taxonomy":"product_cat","embeddable":true,"href":"https:\/\/demoweb.info\/sexshop001\/wp-json\/wp\/v2\/product_cat?post=53542"},{"taxonomy":"product_tag","embeddable":true,"href":"https:\/\/demoweb.info\/sexshop001\/wp-json\/wp\/v2\/product_tag?post=53542"}],"curies":[{"name":"wp","href":"https:\/\/api.w.org\/{rel}","templated":true}]}}