{"id":53487,"date":"2022-01-22T16:38:46","date_gmt":"2022-01-22T15:38:46","guid":{"rendered":"https:\/\/demoweb.info\/sexshop001\/producto\/c-ring-45mm-con-butt-plug-45x100mm\/"},"modified":"2022-01-22T16:38:52","modified_gmt":"2022-01-22T15:38:52","slug":"c-ring-45mm-con-butt-plug-45x100mm","status":"publish","type":"product","link":"https:\/\/demoweb.info\/sexshop001\/producto\/c-ring-45mm-con-butt-plug-45x100mm\/","title":{"rendered":"C-RING (45MM) CON BUTT PLUG (45X100MM)"},"content":{"rendered":"<p><strong>C-RING (45MM) CON BUTT PLUG (45X100MM)<\/strong><\/p>\n<p>Siente el doble de placer cuando usas esta combinaci\u00f3n de plug anal y cock ring dise\u00f1ado de manera \u00fanica.<\/p>\n<p>Este cock ring de acero inoxidable tiene un brazo largo que se curva alrededor del perineo para conectar el anillo a un tap\u00f3n trasero. Al igual que con cualquier otra combinaci\u00f3n de bloqueo anal, Pikes Peak te permite usar un tap\u00f3n m\u00e1s largo y m\u00e1s seguro porque el anillo del martillo y el brazo de conexi\u00f3n lo mantienen en su lugar, incluso cuando te mueves o caminas.<\/p>\n<p>La punta c\u00f3nica lisa del enchufe se desliza suavemente con tu lubricante favorito. Es ajustable y cuenta con tres orificios en el extremo del brazo de conexi\u00f3n para que el tap\u00f3n pueda desenroscarse y montarse en la posici\u00f3n perfecta para una m\u00e1xima comodidad.<\/p>\n<p>Caracter\u00edsticas:<\/p>\n<p>&#8211; Di\u00e1metro externo del anillo: 6,5 cm<br \/>\n&#8211; Di\u00e1metro interno del anillo: 4,5 cm<br \/>\n&#8211; Di\u00e1mtero del plug: 4,5 cm<br \/>\n&#8211; Longitud insertable del plug: 8 cm<br \/>\n&#8211; Medida ajustable entre el anillo y el plug: 5,8 &#8211; 8,3 &#8211; 10,3 cm<br \/>\n&#8211; Material: Acero Inox.<\/p>\n","protected":false},"excerpt":{"rendered":"<p>C-RING (45MM) CON BUTT PLUG (45X100MM) Siente el doble de placer cuando usas esta combinaci\u00f3n de plug anal y cock<\/p>\n","protected":false},"featured_media":53488,"comment_status":"open","ping_status":"open","template":"","meta":[],"product_cat":[466],"product_tag":[283],"class_list":["post-53487","product","type-product","status-publish","has-post-thumbnail","hentry","product_cat-con-plug","product_tag-triune"],"bundled_by":[],"bundle_stock_status":"instock","bundle_stock_quantity":1,"bundle_virtual":false,"bundle_layout":"","bundle_add_to_cart_form_location":"","bundle_editable_in_cart":false,"bundle_sold_individually_context":"","bundle_item_grouping":"","bundle_min_size":"","bundle_max_size":"","bundled_items":[],"yoast_head":"<!-- This site is optimized with the Yoast SEO plugin v20.6 - https:\/\/yoast.com\/wordpress\/plugins\/seo\/ -->\n<title>C-RING (45MM) CON BUTT PLUG (45X100MM) - Tienda Er\u00f3tica<\/title>\n<meta name=\"robots\" content=\"noindex, follow, max-snippet:-1, max-image-preview:large, max-video-preview:-1\" \/>\n<meta property=\"og:locale\" content=\"es_ES\" \/>\n<meta property=\"og:type\" content=\"article\" \/>\n<meta property=\"og:title\" content=\"C-RING (45MM) CON BUTT PLUG (45X100MM) - Tienda Er\u00f3tica\" \/>\n<meta property=\"og:description\" content=\"C-RING (45MM) CON BUTT PLUG (45X100MM) Siente el doble de placer cuando usas esta combinaci\u00f3n de plug anal y cock\" \/>\n<meta property=\"og:url\" content=\"https:\/\/demoweb.info\/sexshop001\/producto\/c-ring-45mm-con-butt-plug-45x100mm\/\" \/>\n<meta property=\"og:site_name\" content=\"Tienda Er\u00f3tica\" \/>\n<meta property=\"article:modified_time\" content=\"2022-01-22T15:38:52+00:00\" \/>\n<meta property=\"og:image\" content=\"https:\/\/demoweb.info\/sexshop001\/wp-content\/uploads\/2022\/01\/C-RING-45MM-CON-BUTT-PLUG-45X100MM.jpg\" \/>\n\t<meta property=\"og:image:width\" content=\"550\" \/>\n\t<meta property=\"og:image:height\" content=\"550\" \/>\n\t<meta property=\"og:image:type\" content=\"image\/jpeg\" \/>\n<meta name=\"twitter:card\" content=\"summary_large_image\" \/>\n<meta name=\"twitter:label1\" content=\"Tiempo de lectura\" \/>\n\t<meta name=\"twitter:data1\" content=\"1 minuto\" \/>\n<script type=\"application\/ld+json\" class=\"yoast-schema-graph\">{\"@context\":\"https:\/\/schema.org\",\"@graph\":[{\"@type\":\"WebPage\",\"@id\":\"https:\/\/demoweb.info\/sexshop001\/producto\/c-ring-45mm-con-butt-plug-45x100mm\/\",\"url\":\"https:\/\/demoweb.info\/sexshop001\/producto\/c-ring-45mm-con-butt-plug-45x100mm\/\",\"name\":\"C-RING (45MM) CON BUTT PLUG (45X100MM) - Tienda Er\u00f3tica\",\"isPartOf\":{\"@id\":\"https:\/\/demoweb.info\/sexshop001\/#website\"},\"datePublished\":\"2022-01-22T15:38:46+00:00\",\"dateModified\":\"2022-01-22T15:38:52+00:00\",\"breadcrumb\":{\"@id\":\"https:\/\/demoweb.info\/sexshop001\/producto\/c-ring-45mm-con-butt-plug-45x100mm\/#breadcrumb\"},\"inLanguage\":\"es\",\"potentialAction\":[{\"@type\":\"ReadAction\",\"target\":[\"https:\/\/demoweb.info\/sexshop001\/producto\/c-ring-45mm-con-butt-plug-45x100mm\/\"]}]},{\"@type\":\"BreadcrumbList\",\"@id\":\"https:\/\/demoweb.info\/sexshop001\/producto\/c-ring-45mm-con-butt-plug-45x100mm\/#breadcrumb\",\"itemListElement\":[{\"@type\":\"ListItem\",\"position\":1,\"name\":\"Portada\",\"item\":\"https:\/\/demoweb.info\/sexshop001\/\"},{\"@type\":\"ListItem\",\"position\":2,\"name\":\"Tienda\",\"item\":\"https:\/\/demoweb.info\/sexshop001\/tienda\/\"},{\"@type\":\"ListItem\",\"position\":3,\"name\":\"C-RING (45MM) CON BUTT PLUG (45X100MM)\"}]},{\"@type\":\"WebSite\",\"@id\":\"https:\/\/demoweb.info\/sexshop001\/#website\",\"url\":\"https:\/\/demoweb.info\/sexshop001\/\",\"name\":\"Tienda Er\u00f3tica\",\"description\":\"DEMOWEB SL\",\"potentialAction\":[{\"@type\":\"SearchAction\",\"target\":{\"@type\":\"EntryPoint\",\"urlTemplate\":\"https:\/\/demoweb.info\/sexshop001\/?s={search_term_string}\"},\"query-input\":\"required name=search_term_string\"}],\"inLanguage\":\"es\"}]}<\/script>\n<!-- \/ Yoast SEO plugin. -->","yoast_head_json":{"title":"C-RING (45MM) CON BUTT PLUG (45X100MM) - Tienda Er\u00f3tica","robots":{"index":"noindex","follow":"follow","max-snippet":"max-snippet:-1","max-image-preview":"max-image-preview:large","max-video-preview":"max-video-preview:-1"},"og_locale":"es_ES","og_type":"article","og_title":"C-RING (45MM) CON BUTT PLUG (45X100MM) - Tienda Er\u00f3tica","og_description":"C-RING (45MM) CON BUTT PLUG (45X100MM) Siente el doble de placer cuando usas esta combinaci\u00f3n de plug anal y cock","og_url":"https:\/\/demoweb.info\/sexshop001\/producto\/c-ring-45mm-con-butt-plug-45x100mm\/","og_site_name":"Tienda Er\u00f3tica","article_modified_time":"2022-01-22T15:38:52+00:00","og_image":[{"width":550,"height":550,"url":"https:\/\/demoweb.info\/sexshop001\/wp-content\/uploads\/2022\/01\/C-RING-45MM-CON-BUTT-PLUG-45X100MM.jpg","type":"image\/jpeg"}],"twitter_card":"summary_large_image","twitter_misc":{"Tiempo de lectura":"1 minuto"},"schema":{"@context":"https:\/\/schema.org","@graph":[{"@type":"WebPage","@id":"https:\/\/demoweb.info\/sexshop001\/producto\/c-ring-45mm-con-butt-plug-45x100mm\/","url":"https:\/\/demoweb.info\/sexshop001\/producto\/c-ring-45mm-con-butt-plug-45x100mm\/","name":"C-RING (45MM) CON BUTT PLUG (45X100MM) - Tienda Er\u00f3tica","isPartOf":{"@id":"https:\/\/demoweb.info\/sexshop001\/#website"},"datePublished":"2022-01-22T15:38:46+00:00","dateModified":"2022-01-22T15:38:52+00:00","breadcrumb":{"@id":"https:\/\/demoweb.info\/sexshop001\/producto\/c-ring-45mm-con-butt-plug-45x100mm\/#breadcrumb"},"inLanguage":"es","potentialAction":[{"@type":"ReadAction","target":["https:\/\/demoweb.info\/sexshop001\/producto\/c-ring-45mm-con-butt-plug-45x100mm\/"]}]},{"@type":"BreadcrumbList","@id":"https:\/\/demoweb.info\/sexshop001\/producto\/c-ring-45mm-con-butt-plug-45x100mm\/#breadcrumb","itemListElement":[{"@type":"ListItem","position":1,"name":"Portada","item":"https:\/\/demoweb.info\/sexshop001\/"},{"@type":"ListItem","position":2,"name":"Tienda","item":"https:\/\/demoweb.info\/sexshop001\/tienda\/"},{"@type":"ListItem","position":3,"name":"C-RING (45MM) CON BUTT PLUG (45X100MM)"}]},{"@type":"WebSite","@id":"https:\/\/demoweb.info\/sexshop001\/#website","url":"https:\/\/demoweb.info\/sexshop001\/","name":"Tienda Er\u00f3tica","description":"DEMOWEB SL","potentialAction":[{"@type":"SearchAction","target":{"@type":"EntryPoint","urlTemplate":"https:\/\/demoweb.info\/sexshop001\/?s={search_term_string}"},"query-input":"required name=search_term_string"}],"inLanguage":"es"}]}},"_links":{"self":[{"href":"https:\/\/demoweb.info\/sexshop001\/wp-json\/wp\/v3\/product\/53487","targetHints":{"allow":["GET"]}}],"collection":[{"href":"https:\/\/demoweb.info\/sexshop001\/wp-json\/wp\/v3\/product"}],"about":[{"href":"https:\/\/demoweb.info\/sexshop001\/wp-json\/wp\/v2\/types\/product"}],"replies":[{"embeddable":true,"href":"https:\/\/demoweb.info\/sexshop001\/wp-json\/wp\/v2\/comments?post=53487"}],"wp:featuredmedia":[{"embeddable":true,"href":"https:\/\/demoweb.info\/sexshop001\/wp-json\/wp\/v2\/media\/53488"}],"wp:attachment":[{"href":"https:\/\/demoweb.info\/sexshop001\/wp-json\/wp\/v2\/media?parent=53487"}],"wp:term":[{"taxonomy":"product_cat","embeddable":true,"href":"https:\/\/demoweb.info\/sexshop001\/wp-json\/wp\/v2\/product_cat?post=53487"},{"taxonomy":"product_tag","embeddable":true,"href":"https:\/\/demoweb.info\/sexshop001\/wp-json\/wp\/v2\/product_tag?post=53487"}],"curies":[{"name":"wp","href":"https:\/\/api.w.org\/{rel}","templated":true}]}}