{"id":53457,"date":"2022-01-22T16:38:28","date_gmt":"2022-01-22T15:38:28","guid":{"rendered":"https:\/\/demoweb.info\/sexshop001\/producto\/nipple-grabber\/"},"modified":"2022-01-22T16:38:30","modified_gmt":"2022-01-22T15:38:30","slug":"nipple-grabber","status":"publish","type":"product","link":"https:\/\/demoweb.info\/sexshop001\/producto\/nipple-grabber\/","title":{"rendered":"NIPPLE GRABBER"},"content":{"rendered":"<p><strong>NIPPLE GRABBER<\/strong><\/p>\n<p>Si te gusta una sensaci\u00f3n m\u00e1s n\u00edtida e intensa, entonces una pinza<em> estilo garra <\/em>es una buena opci\u00f3n. Estas abrazaderas especialmente finas con punta de aguja llevan la estimulaci\u00f3n del pez\u00f3n al extremo con garras que se enganchan perfectamente alrededor del pez\u00f3n una vez que est\u00e1n unidas, y se quedan all\u00ed.<\/p>\n<p>Caracter\u00edsticas:<\/p>\n<p>&#8211; Longitud: 47 cm<br \/>\n&#8211; Longitud de la cadena: 32 cm<br \/>\n&#8211; Alto: 1,5 cm<br \/>\n&#8211; Material: Acero Inox.<\/p>\n","protected":false},"excerpt":{"rendered":"<p>NIPPLE GRABBER Si te gusta una sensaci\u00f3n m\u00e1s n\u00edtida e intensa, entonces una pinza estilo garra es una buena opci\u00f3n.<\/p>\n","protected":false},"featured_media":53458,"comment_status":"open","ping_status":"open","template":"","meta":[],"product_cat":[282],"product_tag":[283],"class_list":["post-53457","product","type-product","status-publish","has-post-thumbnail","hentry","product_cat-pinzas-pezones","product_tag-triune"],"bundled_by":[],"bundle_stock_status":"outofstock","bundle_stock_quantity":0,"bundle_virtual":false,"bundle_layout":"","bundle_add_to_cart_form_location":"","bundle_editable_in_cart":false,"bundle_sold_individually_context":"","bundle_item_grouping":"","bundle_min_size":"","bundle_max_size":"","bundled_items":[],"yoast_head":"<!-- This site is optimized with the Yoast SEO plugin v20.6 - https:\/\/yoast.com\/wordpress\/plugins\/seo\/ -->\n<title>NIPPLE GRABBER - Tienda Er\u00f3tica<\/title>\n<meta name=\"robots\" content=\"noindex, follow, max-snippet:-1, max-image-preview:large, max-video-preview:-1\" \/>\n<meta property=\"og:locale\" content=\"es_ES\" \/>\n<meta property=\"og:type\" content=\"article\" \/>\n<meta property=\"og:title\" content=\"NIPPLE GRABBER - Tienda Er\u00f3tica\" \/>\n<meta property=\"og:description\" content=\"NIPPLE GRABBER Si te gusta una sensaci\u00f3n m\u00e1s n\u00edtida e intensa, entonces una pinza estilo garra es una buena opci\u00f3n.\" \/>\n<meta property=\"og:url\" content=\"https:\/\/demoweb.info\/sexshop001\/producto\/nipple-grabber\/\" \/>\n<meta property=\"og:site_name\" content=\"Tienda Er\u00f3tica\" \/>\n<meta property=\"article:modified_time\" content=\"2022-01-22T15:38:30+00:00\" \/>\n<meta property=\"og:image\" content=\"https:\/\/demoweb.info\/sexshop001\/wp-content\/uploads\/2022\/01\/NIPPLE-GRABBER.jpg\" \/>\n\t<meta property=\"og:image:width\" content=\"550\" \/>\n\t<meta property=\"og:image:height\" content=\"550\" \/>\n\t<meta property=\"og:image:type\" content=\"image\/jpeg\" \/>\n<meta name=\"twitter:card\" content=\"summary_large_image\" \/>\n<script type=\"application\/ld+json\" class=\"yoast-schema-graph\">{\"@context\":\"https:\/\/schema.org\",\"@graph\":[{\"@type\":\"WebPage\",\"@id\":\"https:\/\/demoweb.info\/sexshop001\/producto\/nipple-grabber\/\",\"url\":\"https:\/\/demoweb.info\/sexshop001\/producto\/nipple-grabber\/\",\"name\":\"NIPPLE GRABBER - Tienda Er\u00f3tica\",\"isPartOf\":{\"@id\":\"https:\/\/demoweb.info\/sexshop001\/#website\"},\"datePublished\":\"2022-01-22T15:38:28+00:00\",\"dateModified\":\"2022-01-22T15:38:30+00:00\",\"breadcrumb\":{\"@id\":\"https:\/\/demoweb.info\/sexshop001\/producto\/nipple-grabber\/#breadcrumb\"},\"inLanguage\":\"es\",\"potentialAction\":[{\"@type\":\"ReadAction\",\"target\":[\"https:\/\/demoweb.info\/sexshop001\/producto\/nipple-grabber\/\"]}]},{\"@type\":\"BreadcrumbList\",\"@id\":\"https:\/\/demoweb.info\/sexshop001\/producto\/nipple-grabber\/#breadcrumb\",\"itemListElement\":[{\"@type\":\"ListItem\",\"position\":1,\"name\":\"Portada\",\"item\":\"https:\/\/demoweb.info\/sexshop001\/\"},{\"@type\":\"ListItem\",\"position\":2,\"name\":\"Tienda\",\"item\":\"https:\/\/demoweb.info\/sexshop001\/tienda\/\"},{\"@type\":\"ListItem\",\"position\":3,\"name\":\"NIPPLE GRABBER\"}]},{\"@type\":\"WebSite\",\"@id\":\"https:\/\/demoweb.info\/sexshop001\/#website\",\"url\":\"https:\/\/demoweb.info\/sexshop001\/\",\"name\":\"Tienda Er\u00f3tica\",\"description\":\"DEMOWEB SL\",\"potentialAction\":[{\"@type\":\"SearchAction\",\"target\":{\"@type\":\"EntryPoint\",\"urlTemplate\":\"https:\/\/demoweb.info\/sexshop001\/?s={search_term_string}\"},\"query-input\":\"required name=search_term_string\"}],\"inLanguage\":\"es\"}]}<\/script>\n<!-- \/ Yoast SEO plugin. -->","yoast_head_json":{"title":"NIPPLE GRABBER - Tienda Er\u00f3tica","robots":{"index":"noindex","follow":"follow","max-snippet":"max-snippet:-1","max-image-preview":"max-image-preview:large","max-video-preview":"max-video-preview:-1"},"og_locale":"es_ES","og_type":"article","og_title":"NIPPLE GRABBER - Tienda Er\u00f3tica","og_description":"NIPPLE GRABBER Si te gusta una sensaci\u00f3n m\u00e1s n\u00edtida e intensa, entonces una pinza estilo garra es una buena opci\u00f3n.","og_url":"https:\/\/demoweb.info\/sexshop001\/producto\/nipple-grabber\/","og_site_name":"Tienda Er\u00f3tica","article_modified_time":"2022-01-22T15:38:30+00:00","og_image":[{"width":550,"height":550,"url":"https:\/\/demoweb.info\/sexshop001\/wp-content\/uploads\/2022\/01\/NIPPLE-GRABBER.jpg","type":"image\/jpeg"}],"twitter_card":"summary_large_image","schema":{"@context":"https:\/\/schema.org","@graph":[{"@type":"WebPage","@id":"https:\/\/demoweb.info\/sexshop001\/producto\/nipple-grabber\/","url":"https:\/\/demoweb.info\/sexshop001\/producto\/nipple-grabber\/","name":"NIPPLE GRABBER - Tienda Er\u00f3tica","isPartOf":{"@id":"https:\/\/demoweb.info\/sexshop001\/#website"},"datePublished":"2022-01-22T15:38:28+00:00","dateModified":"2022-01-22T15:38:30+00:00","breadcrumb":{"@id":"https:\/\/demoweb.info\/sexshop001\/producto\/nipple-grabber\/#breadcrumb"},"inLanguage":"es","potentialAction":[{"@type":"ReadAction","target":["https:\/\/demoweb.info\/sexshop001\/producto\/nipple-grabber\/"]}]},{"@type":"BreadcrumbList","@id":"https:\/\/demoweb.info\/sexshop001\/producto\/nipple-grabber\/#breadcrumb","itemListElement":[{"@type":"ListItem","position":1,"name":"Portada","item":"https:\/\/demoweb.info\/sexshop001\/"},{"@type":"ListItem","position":2,"name":"Tienda","item":"https:\/\/demoweb.info\/sexshop001\/tienda\/"},{"@type":"ListItem","position":3,"name":"NIPPLE GRABBER"}]},{"@type":"WebSite","@id":"https:\/\/demoweb.info\/sexshop001\/#website","url":"https:\/\/demoweb.info\/sexshop001\/","name":"Tienda Er\u00f3tica","description":"DEMOWEB SL","potentialAction":[{"@type":"SearchAction","target":{"@type":"EntryPoint","urlTemplate":"https:\/\/demoweb.info\/sexshop001\/?s={search_term_string}"},"query-input":"required name=search_term_string"}],"inLanguage":"es"}]}},"_links":{"self":[{"href":"https:\/\/demoweb.info\/sexshop001\/wp-json\/wp\/v3\/product\/53457","targetHints":{"allow":["GET"]}}],"collection":[{"href":"https:\/\/demoweb.info\/sexshop001\/wp-json\/wp\/v3\/product"}],"about":[{"href":"https:\/\/demoweb.info\/sexshop001\/wp-json\/wp\/v2\/types\/product"}],"replies":[{"embeddable":true,"href":"https:\/\/demoweb.info\/sexshop001\/wp-json\/wp\/v2\/comments?post=53457"}],"wp:featuredmedia":[{"embeddable":true,"href":"https:\/\/demoweb.info\/sexshop001\/wp-json\/wp\/v2\/media\/53458"}],"wp:attachment":[{"href":"https:\/\/demoweb.info\/sexshop001\/wp-json\/wp\/v2\/media?parent=53457"}],"wp:term":[{"taxonomy":"product_cat","embeddable":true,"href":"https:\/\/demoweb.info\/sexshop001\/wp-json\/wp\/v2\/product_cat?post=53457"},{"taxonomy":"product_tag","embeddable":true,"href":"https:\/\/demoweb.info\/sexshop001\/wp-json\/wp\/v2\/product_tag?post=53457"}],"curies":[{"name":"wp","href":"https:\/\/api.w.org\/{rel}","templated":true}]}}