{"id":53333,"date":"2022-01-22T16:37:00","date_gmt":"2022-01-22T15:37:00","guid":{"rendered":"https:\/\/demoweb.info\/sexshop001\/producto\/saninex-preservativos-multi-sex-3uds\/"},"modified":"2022-01-22T16:37:00","modified_gmt":"2022-01-22T15:37:00","slug":"saninex-preservativos-multi-sex-3uds","status":"publish","type":"product","link":"https:\/\/demoweb.info\/sexshop001\/producto\/saninex-preservativos-multi-sex-3uds\/","title":{"rendered":"SANINEX PRESERVATIVOS MULTI SEX 3UDS"},"content":{"rendered":"<p><strong>SANINEX CONDOMS 3 UDS MULTI SEX <\/strong><\/p>\n<p>Preservativos arom\u00e1ticos Saninex Multi Sex.<\/p>\n<p>Los preservativos Saninex son fabricados con \u00faltimas tecnolog\u00edas.<br \/>\nCalidad n&ordm;1 t\u00e9cnicamente avanzada.<br \/>\nNuevo l\u00e1tex s\u00faper el\u00e1stico y ultra resistente, de exclusivo dise\u00f1o, composici\u00f3n y fabricaci\u00f3n Saninex.<\/p>\n<p>Colecci\u00f3n 2018:<br \/>\nNuevo envase primario de excelente presentaci\u00f3n.<br \/>\nCajas en actual tono satinado.<\/p>\n<p>Caracter\u00edsticas:<br \/>\n&#8211; Formato de 3 unidades. &#8211; 100% testados electr\u00f3nicamente.<br \/>\n&#8211; Superficies lisas con dep\u00f3sito.<br \/>\n&#8211; Extra lubricaci\u00f3n y aromatizaci\u00f3n con diferentes esencias Saninex.<br \/>\n&#8211; Color del l\u00e1tex, transparente muy puro y de brillo cristalino.<br \/>\n&#8211; L\u00e1tex grosor: 0,050 mm<br \/>\n&#8211; Largo: 190 mm<br \/>\n&#8211; Ancho: 54mm &#8211; 55 mm<br \/>\n&#8211; Extra Lubricante: 600 mg<\/p><\/p>\n","protected":false},"excerpt":{"rendered":"<p>SANINEX CONDOMS 3 UDS MULTI SEX Preservativos arom\u00e1ticos Saninex Multi Sex. Los preservativos Saninex son fabricados con \u00faltimas tecnolog\u00edas. Calidad<\/p>\n","protected":false},"featured_media":53334,"comment_status":"open","ping_status":"open","template":"","meta":[],"product_cat":[766],"product_tag":[673],"class_list":["post-53333","product","type-product","status-publish","has-post-thumbnail","hentry","product_cat-aromaticos","product_tag-saninex"],"bundled_by":[],"bundle_stock_status":"instock","bundle_stock_quantity":22,"bundle_virtual":false,"bundle_layout":"","bundle_add_to_cart_form_location":"","bundle_editable_in_cart":false,"bundle_sold_individually_context":"","bundle_item_grouping":"","bundle_min_size":"","bundle_max_size":"","bundled_items":[],"yoast_head":"<!-- This site is optimized with the Yoast SEO plugin v20.6 - https:\/\/yoast.com\/wordpress\/plugins\/seo\/ -->\n<title>SANINEX PRESERVATIVOS MULTI SEX 3UDS - Tienda Er\u00f3tica<\/title>\n<meta name=\"robots\" content=\"noindex, follow, max-snippet:-1, max-image-preview:large, max-video-preview:-1\" \/>\n<meta property=\"og:locale\" content=\"es_ES\" \/>\n<meta property=\"og:type\" content=\"article\" \/>\n<meta property=\"og:title\" content=\"SANINEX PRESERVATIVOS MULTI SEX 3UDS - Tienda Er\u00f3tica\" \/>\n<meta property=\"og:description\" content=\"SANINEX CONDOMS 3 UDS MULTI SEX Preservativos arom\u00e1ticos Saninex Multi Sex. Los preservativos Saninex son fabricados con \u00faltimas tecnolog\u00edas. Calidad\" \/>\n<meta property=\"og:url\" content=\"https:\/\/demoweb.info\/sexshop001\/producto\/saninex-preservativos-multi-sex-3uds\/\" \/>\n<meta property=\"og:site_name\" content=\"Tienda Er\u00f3tica\" \/>\n<meta property=\"og:image\" content=\"https:\/\/demoweb.info\/sexshop001\/wp-content\/uploads\/2022\/01\/SANINEX-PRESERVATIVOS-MULTI-SEX-3UDS.jpg\" \/>\n\t<meta property=\"og:image:width\" content=\"550\" \/>\n\t<meta property=\"og:image:height\" content=\"550\" \/>\n\t<meta property=\"og:image:type\" content=\"image\/jpeg\" \/>\n<meta name=\"twitter:card\" content=\"summary_large_image\" \/>\n<meta name=\"twitter:label1\" content=\"Tiempo de lectura\" \/>\n\t<meta name=\"twitter:data1\" content=\"1 minuto\" \/>\n<script type=\"application\/ld+json\" class=\"yoast-schema-graph\">{\"@context\":\"https:\/\/schema.org\",\"@graph\":[{\"@type\":\"WebPage\",\"@id\":\"https:\/\/demoweb.info\/sexshop001\/producto\/saninex-preservativos-multi-sex-3uds\/\",\"url\":\"https:\/\/demoweb.info\/sexshop001\/producto\/saninex-preservativos-multi-sex-3uds\/\",\"name\":\"SANINEX PRESERVATIVOS MULTI SEX 3UDS - Tienda Er\u00f3tica\",\"isPartOf\":{\"@id\":\"https:\/\/demoweb.info\/sexshop001\/#website\"},\"datePublished\":\"2022-01-22T15:37:00+00:00\",\"dateModified\":\"2022-01-22T15:37:00+00:00\",\"breadcrumb\":{\"@id\":\"https:\/\/demoweb.info\/sexshop001\/producto\/saninex-preservativos-multi-sex-3uds\/#breadcrumb\"},\"inLanguage\":\"es\",\"potentialAction\":[{\"@type\":\"ReadAction\",\"target\":[\"https:\/\/demoweb.info\/sexshop001\/producto\/saninex-preservativos-multi-sex-3uds\/\"]}]},{\"@type\":\"BreadcrumbList\",\"@id\":\"https:\/\/demoweb.info\/sexshop001\/producto\/saninex-preservativos-multi-sex-3uds\/#breadcrumb\",\"itemListElement\":[{\"@type\":\"ListItem\",\"position\":1,\"name\":\"Portada\",\"item\":\"https:\/\/demoweb.info\/sexshop001\/\"},{\"@type\":\"ListItem\",\"position\":2,\"name\":\"Tienda\",\"item\":\"https:\/\/demoweb.info\/sexshop001\/tienda\/\"},{\"@type\":\"ListItem\",\"position\":3,\"name\":\"SANINEX PRESERVATIVOS MULTI SEX 3UDS\"}]},{\"@type\":\"WebSite\",\"@id\":\"https:\/\/demoweb.info\/sexshop001\/#website\",\"url\":\"https:\/\/demoweb.info\/sexshop001\/\",\"name\":\"Tienda Er\u00f3tica\",\"description\":\"DEMOWEB SL\",\"potentialAction\":[{\"@type\":\"SearchAction\",\"target\":{\"@type\":\"EntryPoint\",\"urlTemplate\":\"https:\/\/demoweb.info\/sexshop001\/?s={search_term_string}\"},\"query-input\":\"required name=search_term_string\"}],\"inLanguage\":\"es\"}]}<\/script>\n<!-- \/ Yoast SEO plugin. -->","yoast_head_json":{"title":"SANINEX PRESERVATIVOS MULTI SEX 3UDS - Tienda Er\u00f3tica","robots":{"index":"noindex","follow":"follow","max-snippet":"max-snippet:-1","max-image-preview":"max-image-preview:large","max-video-preview":"max-video-preview:-1"},"og_locale":"es_ES","og_type":"article","og_title":"SANINEX PRESERVATIVOS MULTI SEX 3UDS - Tienda Er\u00f3tica","og_description":"SANINEX CONDOMS 3 UDS MULTI SEX Preservativos arom\u00e1ticos Saninex Multi Sex. Los preservativos Saninex son fabricados con \u00faltimas tecnolog\u00edas. Calidad","og_url":"https:\/\/demoweb.info\/sexshop001\/producto\/saninex-preservativos-multi-sex-3uds\/","og_site_name":"Tienda Er\u00f3tica","og_image":[{"width":550,"height":550,"url":"https:\/\/demoweb.info\/sexshop001\/wp-content\/uploads\/2022\/01\/SANINEX-PRESERVATIVOS-MULTI-SEX-3UDS.jpg","type":"image\/jpeg"}],"twitter_card":"summary_large_image","twitter_misc":{"Tiempo de lectura":"1 minuto"},"schema":{"@context":"https:\/\/schema.org","@graph":[{"@type":"WebPage","@id":"https:\/\/demoweb.info\/sexshop001\/producto\/saninex-preservativos-multi-sex-3uds\/","url":"https:\/\/demoweb.info\/sexshop001\/producto\/saninex-preservativos-multi-sex-3uds\/","name":"SANINEX PRESERVATIVOS MULTI SEX 3UDS - Tienda Er\u00f3tica","isPartOf":{"@id":"https:\/\/demoweb.info\/sexshop001\/#website"},"datePublished":"2022-01-22T15:37:00+00:00","dateModified":"2022-01-22T15:37:00+00:00","breadcrumb":{"@id":"https:\/\/demoweb.info\/sexshop001\/producto\/saninex-preservativos-multi-sex-3uds\/#breadcrumb"},"inLanguage":"es","potentialAction":[{"@type":"ReadAction","target":["https:\/\/demoweb.info\/sexshop001\/producto\/saninex-preservativos-multi-sex-3uds\/"]}]},{"@type":"BreadcrumbList","@id":"https:\/\/demoweb.info\/sexshop001\/producto\/saninex-preservativos-multi-sex-3uds\/#breadcrumb","itemListElement":[{"@type":"ListItem","position":1,"name":"Portada","item":"https:\/\/demoweb.info\/sexshop001\/"},{"@type":"ListItem","position":2,"name":"Tienda","item":"https:\/\/demoweb.info\/sexshop001\/tienda\/"},{"@type":"ListItem","position":3,"name":"SANINEX PRESERVATIVOS MULTI SEX 3UDS"}]},{"@type":"WebSite","@id":"https:\/\/demoweb.info\/sexshop001\/#website","url":"https:\/\/demoweb.info\/sexshop001\/","name":"Tienda Er\u00f3tica","description":"DEMOWEB SL","potentialAction":[{"@type":"SearchAction","target":{"@type":"EntryPoint","urlTemplate":"https:\/\/demoweb.info\/sexshop001\/?s={search_term_string}"},"query-input":"required name=search_term_string"}],"inLanguage":"es"}]}},"_links":{"self":[{"href":"https:\/\/demoweb.info\/sexshop001\/wp-json\/wp\/v3\/product\/53333","targetHints":{"allow":["GET"]}}],"collection":[{"href":"https:\/\/demoweb.info\/sexshop001\/wp-json\/wp\/v3\/product"}],"about":[{"href":"https:\/\/demoweb.info\/sexshop001\/wp-json\/wp\/v2\/types\/product"}],"replies":[{"embeddable":true,"href":"https:\/\/demoweb.info\/sexshop001\/wp-json\/wp\/v2\/comments?post=53333"}],"wp:featuredmedia":[{"embeddable":true,"href":"https:\/\/demoweb.info\/sexshop001\/wp-json\/wp\/v2\/media\/53334"}],"wp:attachment":[{"href":"https:\/\/demoweb.info\/sexshop001\/wp-json\/wp\/v2\/media?parent=53333"}],"wp:term":[{"taxonomy":"product_cat","embeddable":true,"href":"https:\/\/demoweb.info\/sexshop001\/wp-json\/wp\/v2\/product_cat?post=53333"},{"taxonomy":"product_tag","embeddable":true,"href":"https:\/\/demoweb.info\/sexshop001\/wp-json\/wp\/v2\/product_tag?post=53333"}],"curies":[{"name":"wp","href":"https:\/\/api.w.org\/{rel}","templated":true}]}}