{"id":53175,"date":"2022-01-22T16:35:20","date_gmt":"2022-01-22T15:35:20","guid":{"rendered":"https:\/\/demoweb.info\/sexshop001\/producto\/squirtz-cum-emulador-semen-sin-perfume-180ml\/"},"modified":"2022-01-22T16:35:25","modified_gmt":"2022-01-22T15:35:25","slug":"squirtz-cum-emulador-semen-sin-perfume-180ml","status":"publish","type":"product","link":"https:\/\/demoweb.info\/sexshop001\/producto\/squirtz-cum-emulador-semen-sin-perfume-180ml\/","title":{"rendered":"SQUIRTZ CUM EMULADOR SEMEN SIN PERFUME &#8211; 180ML"},"content":{"rendered":"<p><strong>SQUIRTZ CUM LUBE UNSCENTED BOTTLE &#8211; 180ML<\/strong><\/p>\n<p>Cient\u00edficamente formulado para emular el semen. Consistencia blanca, cremosa y realista.<br \/>\nLa f\u00f3rmula a base de agua gruesa se mantiene pulida.<br \/>\nSin perfume<\/p>\n<p>Ingredientes: Agua purificada (Aqua), glicerina vegetal, propilenglicol, hidroxietilcelulosa, \u00e1cido c\u00edtrico, diazolidinil urea, metilparabeno, propilparabeno, goma vegetal, di\u00f3xido de titanio (Cl 77891)<\/p>\n","protected":false},"excerpt":{"rendered":"<p>SQUIRTZ CUM LUBE UNSCENTED BOTTLE &#8211; 180ML Cient\u00edficamente formulado para emular el semen. Consistencia blanca, cremosa y realista. La f\u00f3rmula<\/p>\n","protected":false},"featured_media":53176,"comment_status":"open","ping_status":"open","template":"","meta":[],"product_cat":[268],"product_tag":[1535,932],"class_list":["post-53175","product","type-product","status-publish","has-post-thumbnail","hentry","product_cat-base-agua-lubricantes-aceites-y-lubricantes","product_tag-squirtz","product_tag-topco-sales"],"bundled_by":[],"bundle_stock_status":"outofstock","bundle_stock_quantity":0,"bundle_virtual":false,"bundle_layout":"","bundle_add_to_cart_form_location":"","bundle_editable_in_cart":false,"bundle_sold_individually_context":"","bundle_item_grouping":"","bundle_min_size":"","bundle_max_size":"","bundled_items":[],"yoast_head":"<!-- This site is optimized with the Yoast SEO plugin v20.6 - https:\/\/yoast.com\/wordpress\/plugins\/seo\/ -->\n<title>SQUIRTZ CUM EMULADOR SEMEN SIN PERFUME - 180ML - Tienda Er\u00f3tica<\/title>\n<meta name=\"robots\" content=\"noindex, follow, max-snippet:-1, max-image-preview:large, max-video-preview:-1\" \/>\n<meta property=\"og:locale\" content=\"es_ES\" \/>\n<meta property=\"og:type\" content=\"article\" \/>\n<meta property=\"og:title\" content=\"SQUIRTZ CUM EMULADOR SEMEN SIN PERFUME - 180ML - Tienda Er\u00f3tica\" \/>\n<meta property=\"og:description\" content=\"SQUIRTZ CUM LUBE UNSCENTED BOTTLE &#8211; 180ML Cient\u00edficamente formulado para emular el semen. Consistencia blanca, cremosa y realista. La f\u00f3rmula\" \/>\n<meta property=\"og:url\" content=\"https:\/\/demoweb.info\/sexshop001\/producto\/squirtz-cum-emulador-semen-sin-perfume-180ml\/\" \/>\n<meta property=\"og:site_name\" content=\"Tienda Er\u00f3tica\" \/>\n<meta property=\"article:modified_time\" content=\"2022-01-22T15:35:25+00:00\" \/>\n<meta property=\"og:image\" content=\"https:\/\/demoweb.info\/sexshop001\/wp-content\/uploads\/2022\/01\/SQUIRTZ-CUM-EMULADOR-SEMEN-SIN-PERFUME-180ML.jpg\" \/>\n\t<meta property=\"og:image:width\" content=\"550\" \/>\n\t<meta property=\"og:image:height\" content=\"550\" \/>\n\t<meta property=\"og:image:type\" content=\"image\/jpeg\" \/>\n<meta name=\"twitter:card\" content=\"summary_large_image\" \/>\n<script type=\"application\/ld+json\" class=\"yoast-schema-graph\">{\"@context\":\"https:\/\/schema.org\",\"@graph\":[{\"@type\":\"WebPage\",\"@id\":\"https:\/\/demoweb.info\/sexshop001\/producto\/squirtz-cum-emulador-semen-sin-perfume-180ml\/\",\"url\":\"https:\/\/demoweb.info\/sexshop001\/producto\/squirtz-cum-emulador-semen-sin-perfume-180ml\/\",\"name\":\"SQUIRTZ CUM EMULADOR SEMEN SIN PERFUME - 180ML - Tienda Er\u00f3tica\",\"isPartOf\":{\"@id\":\"https:\/\/demoweb.info\/sexshop001\/#website\"},\"datePublished\":\"2022-01-22T15:35:20+00:00\",\"dateModified\":\"2022-01-22T15:35:25+00:00\",\"breadcrumb\":{\"@id\":\"https:\/\/demoweb.info\/sexshop001\/producto\/squirtz-cum-emulador-semen-sin-perfume-180ml\/#breadcrumb\"},\"inLanguage\":\"es\",\"potentialAction\":[{\"@type\":\"ReadAction\",\"target\":[\"https:\/\/demoweb.info\/sexshop001\/producto\/squirtz-cum-emulador-semen-sin-perfume-180ml\/\"]}]},{\"@type\":\"BreadcrumbList\",\"@id\":\"https:\/\/demoweb.info\/sexshop001\/producto\/squirtz-cum-emulador-semen-sin-perfume-180ml\/#breadcrumb\",\"itemListElement\":[{\"@type\":\"ListItem\",\"position\":1,\"name\":\"Portada\",\"item\":\"https:\/\/demoweb.info\/sexshop001\/\"},{\"@type\":\"ListItem\",\"position\":2,\"name\":\"Tienda\",\"item\":\"https:\/\/demoweb.info\/sexshop001\/tienda\/\"},{\"@type\":\"ListItem\",\"position\":3,\"name\":\"SQUIRTZ CUM EMULADOR SEMEN SIN PERFUME &#8211; 180ML\"}]},{\"@type\":\"WebSite\",\"@id\":\"https:\/\/demoweb.info\/sexshop001\/#website\",\"url\":\"https:\/\/demoweb.info\/sexshop001\/\",\"name\":\"Tienda Er\u00f3tica\",\"description\":\"DEMOWEB SL\",\"potentialAction\":[{\"@type\":\"SearchAction\",\"target\":{\"@type\":\"EntryPoint\",\"urlTemplate\":\"https:\/\/demoweb.info\/sexshop001\/?s={search_term_string}\"},\"query-input\":\"required name=search_term_string\"}],\"inLanguage\":\"es\"}]}<\/script>\n<!-- \/ Yoast SEO plugin. -->","yoast_head_json":{"title":"SQUIRTZ CUM EMULADOR SEMEN SIN PERFUME - 180ML - Tienda Er\u00f3tica","robots":{"index":"noindex","follow":"follow","max-snippet":"max-snippet:-1","max-image-preview":"max-image-preview:large","max-video-preview":"max-video-preview:-1"},"og_locale":"es_ES","og_type":"article","og_title":"SQUIRTZ CUM EMULADOR SEMEN SIN PERFUME - 180ML - Tienda Er\u00f3tica","og_description":"SQUIRTZ CUM LUBE UNSCENTED BOTTLE &#8211; 180ML Cient\u00edficamente formulado para emular el semen. Consistencia blanca, cremosa y realista. La f\u00f3rmula","og_url":"https:\/\/demoweb.info\/sexshop001\/producto\/squirtz-cum-emulador-semen-sin-perfume-180ml\/","og_site_name":"Tienda Er\u00f3tica","article_modified_time":"2022-01-22T15:35:25+00:00","og_image":[{"width":550,"height":550,"url":"https:\/\/demoweb.info\/sexshop001\/wp-content\/uploads\/2022\/01\/SQUIRTZ-CUM-EMULADOR-SEMEN-SIN-PERFUME-180ML.jpg","type":"image\/jpeg"}],"twitter_card":"summary_large_image","schema":{"@context":"https:\/\/schema.org","@graph":[{"@type":"WebPage","@id":"https:\/\/demoweb.info\/sexshop001\/producto\/squirtz-cum-emulador-semen-sin-perfume-180ml\/","url":"https:\/\/demoweb.info\/sexshop001\/producto\/squirtz-cum-emulador-semen-sin-perfume-180ml\/","name":"SQUIRTZ CUM EMULADOR SEMEN SIN PERFUME - 180ML - Tienda Er\u00f3tica","isPartOf":{"@id":"https:\/\/demoweb.info\/sexshop001\/#website"},"datePublished":"2022-01-22T15:35:20+00:00","dateModified":"2022-01-22T15:35:25+00:00","breadcrumb":{"@id":"https:\/\/demoweb.info\/sexshop001\/producto\/squirtz-cum-emulador-semen-sin-perfume-180ml\/#breadcrumb"},"inLanguage":"es","potentialAction":[{"@type":"ReadAction","target":["https:\/\/demoweb.info\/sexshop001\/producto\/squirtz-cum-emulador-semen-sin-perfume-180ml\/"]}]},{"@type":"BreadcrumbList","@id":"https:\/\/demoweb.info\/sexshop001\/producto\/squirtz-cum-emulador-semen-sin-perfume-180ml\/#breadcrumb","itemListElement":[{"@type":"ListItem","position":1,"name":"Portada","item":"https:\/\/demoweb.info\/sexshop001\/"},{"@type":"ListItem","position":2,"name":"Tienda","item":"https:\/\/demoweb.info\/sexshop001\/tienda\/"},{"@type":"ListItem","position":3,"name":"SQUIRTZ CUM EMULADOR SEMEN SIN PERFUME &#8211; 180ML"}]},{"@type":"WebSite","@id":"https:\/\/demoweb.info\/sexshop001\/#website","url":"https:\/\/demoweb.info\/sexshop001\/","name":"Tienda Er\u00f3tica","description":"DEMOWEB SL","potentialAction":[{"@type":"SearchAction","target":{"@type":"EntryPoint","urlTemplate":"https:\/\/demoweb.info\/sexshop001\/?s={search_term_string}"},"query-input":"required name=search_term_string"}],"inLanguage":"es"}]}},"_links":{"self":[{"href":"https:\/\/demoweb.info\/sexshop001\/wp-json\/wp\/v3\/product\/53175","targetHints":{"allow":["GET"]}}],"collection":[{"href":"https:\/\/demoweb.info\/sexshop001\/wp-json\/wp\/v3\/product"}],"about":[{"href":"https:\/\/demoweb.info\/sexshop001\/wp-json\/wp\/v2\/types\/product"}],"replies":[{"embeddable":true,"href":"https:\/\/demoweb.info\/sexshop001\/wp-json\/wp\/v2\/comments?post=53175"}],"wp:featuredmedia":[{"embeddable":true,"href":"https:\/\/demoweb.info\/sexshop001\/wp-json\/wp\/v2\/media\/53176"}],"wp:attachment":[{"href":"https:\/\/demoweb.info\/sexshop001\/wp-json\/wp\/v2\/media?parent=53175"}],"wp:term":[{"taxonomy":"product_cat","embeddable":true,"href":"https:\/\/demoweb.info\/sexshop001\/wp-json\/wp\/v2\/product_cat?post=53175"},{"taxonomy":"product_tag","embeddable":true,"href":"https:\/\/demoweb.info\/sexshop001\/wp-json\/wp\/v2\/product_tag?post=53175"}],"curies":[{"name":"wp","href":"https:\/\/api.w.org\/{rel}","templated":true}]}}