{"id":53163,"date":"2022-01-22T16:35:05","date_gmt":"2022-01-22T15:35:05","guid":{"rendered":"https:\/\/demoweb.info\/sexshop001\/producto\/climax-anal-rapture-advanced-azul\/"},"modified":"2022-01-22T16:35:17","modified_gmt":"2022-01-22T15:35:17","slug":"climax-anal-rapture-advanced-azul","status":"publish","type":"product","link":"https:\/\/demoweb.info\/sexshop001\/producto\/climax-anal-rapture-advanced-azul\/","title":{"rendered":"CLIMAX ANAL RAPTURE ADVANCED &#8211; AZUL"},"content":{"rendered":"<p><strong>CLIMAX ANAL RAPTURE ADVANCED <\/strong><\/p>\n<p>&bull; Tap\u00f3n anal de silicona lisa y no porosa.<br \/>\n&bull; Revolucionaria base delgada en forma de T que se adapta c\u00f3modamente entre las mejillas.<br \/>\n&bull; Est\u00e1 hecho de 100% de silicona de grado m\u00e9dico.<br \/>\n&bull; Punta redondeada y c\u00f3nica para una inserci\u00f3n f\u00e1cil y gradual.<br \/>\n&bull; La silicona se puede congelar para escalofr\u00edos sensuales o ponerla en el microondas para emociones calientes.<br \/>\n&bull; Hierva o col\u00f3quelo en la rejilla superior del lavavajillas; la silicona es f\u00e1cil de limpiar.<br \/>\n&bull; Impermeable para aventuras anales sexys en cualquier lugar.<\/p>\n<p>Medidas: 13,3 x 4,4 cm<\/p>\n","protected":false},"excerpt":{"rendered":"<p>CLIMAX ANAL RAPTURE ADVANCED &bull; Tap\u00f3n anal de silicona lisa y no porosa. &bull; Revolucionaria base delgada en forma de<\/p>\n","protected":false},"featured_media":53164,"comment_status":"open","ping_status":"open","template":"","meta":[],"product_cat":[338],"product_tag":[1534,932],"class_list":["post-53163","product","type-product","status-publish","has-post-thumbnail","hentry","product_cat-silicona-plugs","product_tag-climax","product_tag-topco-sales"],"bundled_by":[],"bundle_stock_status":"instock","bundle_stock_quantity":1,"bundle_virtual":false,"bundle_layout":"","bundle_add_to_cart_form_location":"","bundle_editable_in_cart":false,"bundle_sold_individually_context":"","bundle_item_grouping":"","bundle_min_size":"","bundle_max_size":"","bundled_items":[],"yoast_head":"<!-- This site is optimized with the Yoast SEO plugin v20.6 - https:\/\/yoast.com\/wordpress\/plugins\/seo\/ -->\n<title>CLIMAX ANAL RAPTURE ADVANCED - AZUL - Tienda Er\u00f3tica<\/title>\n<meta name=\"robots\" content=\"noindex, follow, max-snippet:-1, max-image-preview:large, max-video-preview:-1\" \/>\n<meta property=\"og:locale\" content=\"es_ES\" \/>\n<meta property=\"og:type\" content=\"article\" \/>\n<meta property=\"og:title\" content=\"CLIMAX ANAL RAPTURE ADVANCED - AZUL - Tienda Er\u00f3tica\" \/>\n<meta property=\"og:description\" content=\"CLIMAX ANAL RAPTURE ADVANCED &bull; Tap\u00f3n anal de silicona lisa y no porosa. &bull; Revolucionaria base delgada en forma de\" \/>\n<meta property=\"og:url\" content=\"https:\/\/demoweb.info\/sexshop001\/producto\/climax-anal-rapture-advanced-azul\/\" \/>\n<meta property=\"og:site_name\" content=\"Tienda Er\u00f3tica\" \/>\n<meta property=\"article:modified_time\" content=\"2022-01-22T15:35:17+00:00\" \/>\n<meta property=\"og:image\" content=\"https:\/\/demoweb.info\/sexshop001\/wp-content\/uploads\/2022\/01\/CLIMAX-ANAL-RAPTURE-ADVANCED-AZUL.jpg\" \/>\n\t<meta property=\"og:image:width\" content=\"550\" \/>\n\t<meta property=\"og:image:height\" content=\"550\" \/>\n\t<meta property=\"og:image:type\" content=\"image\/jpeg\" \/>\n<meta name=\"twitter:card\" content=\"summary_large_image\" \/>\n<meta name=\"twitter:label1\" content=\"Tiempo de lectura\" \/>\n\t<meta name=\"twitter:data1\" content=\"1 minuto\" \/>\n<script type=\"application\/ld+json\" class=\"yoast-schema-graph\">{\"@context\":\"https:\/\/schema.org\",\"@graph\":[{\"@type\":\"WebPage\",\"@id\":\"https:\/\/demoweb.info\/sexshop001\/producto\/climax-anal-rapture-advanced-azul\/\",\"url\":\"https:\/\/demoweb.info\/sexshop001\/producto\/climax-anal-rapture-advanced-azul\/\",\"name\":\"CLIMAX ANAL RAPTURE ADVANCED - AZUL - Tienda Er\u00f3tica\",\"isPartOf\":{\"@id\":\"https:\/\/demoweb.info\/sexshop001\/#website\"},\"datePublished\":\"2022-01-22T15:35:05+00:00\",\"dateModified\":\"2022-01-22T15:35:17+00:00\",\"breadcrumb\":{\"@id\":\"https:\/\/demoweb.info\/sexshop001\/producto\/climax-anal-rapture-advanced-azul\/#breadcrumb\"},\"inLanguage\":\"es\",\"potentialAction\":[{\"@type\":\"ReadAction\",\"target\":[\"https:\/\/demoweb.info\/sexshop001\/producto\/climax-anal-rapture-advanced-azul\/\"]}]},{\"@type\":\"BreadcrumbList\",\"@id\":\"https:\/\/demoweb.info\/sexshop001\/producto\/climax-anal-rapture-advanced-azul\/#breadcrumb\",\"itemListElement\":[{\"@type\":\"ListItem\",\"position\":1,\"name\":\"Portada\",\"item\":\"https:\/\/demoweb.info\/sexshop001\/\"},{\"@type\":\"ListItem\",\"position\":2,\"name\":\"Tienda\",\"item\":\"https:\/\/demoweb.info\/sexshop001\/tienda\/\"},{\"@type\":\"ListItem\",\"position\":3,\"name\":\"CLIMAX ANAL RAPTURE ADVANCED &#8211; AZUL\"}]},{\"@type\":\"WebSite\",\"@id\":\"https:\/\/demoweb.info\/sexshop001\/#website\",\"url\":\"https:\/\/demoweb.info\/sexshop001\/\",\"name\":\"Tienda Er\u00f3tica\",\"description\":\"DEMOWEB SL\",\"potentialAction\":[{\"@type\":\"SearchAction\",\"target\":{\"@type\":\"EntryPoint\",\"urlTemplate\":\"https:\/\/demoweb.info\/sexshop001\/?s={search_term_string}\"},\"query-input\":\"required name=search_term_string\"}],\"inLanguage\":\"es\"}]}<\/script>\n<!-- \/ Yoast SEO plugin. -->","yoast_head_json":{"title":"CLIMAX ANAL RAPTURE ADVANCED - AZUL - Tienda Er\u00f3tica","robots":{"index":"noindex","follow":"follow","max-snippet":"max-snippet:-1","max-image-preview":"max-image-preview:large","max-video-preview":"max-video-preview:-1"},"og_locale":"es_ES","og_type":"article","og_title":"CLIMAX ANAL RAPTURE ADVANCED - AZUL - Tienda Er\u00f3tica","og_description":"CLIMAX ANAL RAPTURE ADVANCED &bull; Tap\u00f3n anal de silicona lisa y no porosa. &bull; Revolucionaria base delgada en forma de","og_url":"https:\/\/demoweb.info\/sexshop001\/producto\/climax-anal-rapture-advanced-azul\/","og_site_name":"Tienda Er\u00f3tica","article_modified_time":"2022-01-22T15:35:17+00:00","og_image":[{"width":550,"height":550,"url":"https:\/\/demoweb.info\/sexshop001\/wp-content\/uploads\/2022\/01\/CLIMAX-ANAL-RAPTURE-ADVANCED-AZUL.jpg","type":"image\/jpeg"}],"twitter_card":"summary_large_image","twitter_misc":{"Tiempo de lectura":"1 minuto"},"schema":{"@context":"https:\/\/schema.org","@graph":[{"@type":"WebPage","@id":"https:\/\/demoweb.info\/sexshop001\/producto\/climax-anal-rapture-advanced-azul\/","url":"https:\/\/demoweb.info\/sexshop001\/producto\/climax-anal-rapture-advanced-azul\/","name":"CLIMAX ANAL RAPTURE ADVANCED - AZUL - Tienda Er\u00f3tica","isPartOf":{"@id":"https:\/\/demoweb.info\/sexshop001\/#website"},"datePublished":"2022-01-22T15:35:05+00:00","dateModified":"2022-01-22T15:35:17+00:00","breadcrumb":{"@id":"https:\/\/demoweb.info\/sexshop001\/producto\/climax-anal-rapture-advanced-azul\/#breadcrumb"},"inLanguage":"es","potentialAction":[{"@type":"ReadAction","target":["https:\/\/demoweb.info\/sexshop001\/producto\/climax-anal-rapture-advanced-azul\/"]}]},{"@type":"BreadcrumbList","@id":"https:\/\/demoweb.info\/sexshop001\/producto\/climax-anal-rapture-advanced-azul\/#breadcrumb","itemListElement":[{"@type":"ListItem","position":1,"name":"Portada","item":"https:\/\/demoweb.info\/sexshop001\/"},{"@type":"ListItem","position":2,"name":"Tienda","item":"https:\/\/demoweb.info\/sexshop001\/tienda\/"},{"@type":"ListItem","position":3,"name":"CLIMAX ANAL RAPTURE ADVANCED &#8211; AZUL"}]},{"@type":"WebSite","@id":"https:\/\/demoweb.info\/sexshop001\/#website","url":"https:\/\/demoweb.info\/sexshop001\/","name":"Tienda Er\u00f3tica","description":"DEMOWEB SL","potentialAction":[{"@type":"SearchAction","target":{"@type":"EntryPoint","urlTemplate":"https:\/\/demoweb.info\/sexshop001\/?s={search_term_string}"},"query-input":"required name=search_term_string"}],"inLanguage":"es"}]}},"_links":{"self":[{"href":"https:\/\/demoweb.info\/sexshop001\/wp-json\/wp\/v3\/product\/53163","targetHints":{"allow":["GET"]}}],"collection":[{"href":"https:\/\/demoweb.info\/sexshop001\/wp-json\/wp\/v3\/product"}],"about":[{"href":"https:\/\/demoweb.info\/sexshop001\/wp-json\/wp\/v2\/types\/product"}],"replies":[{"embeddable":true,"href":"https:\/\/demoweb.info\/sexshop001\/wp-json\/wp\/v2\/comments?post=53163"}],"wp:featuredmedia":[{"embeddable":true,"href":"https:\/\/demoweb.info\/sexshop001\/wp-json\/wp\/v2\/media\/53164"}],"wp:attachment":[{"href":"https:\/\/demoweb.info\/sexshop001\/wp-json\/wp\/v2\/media?parent=53163"}],"wp:term":[{"taxonomy":"product_cat","embeddable":true,"href":"https:\/\/demoweb.info\/sexshop001\/wp-json\/wp\/v2\/product_cat?post=53163"},{"taxonomy":"product_tag","embeddable":true,"href":"https:\/\/demoweb.info\/sexshop001\/wp-json\/wp\/v2\/product_tag?post=53163"}],"curies":[{"name":"wp","href":"https:\/\/api.w.org\/{rel}","templated":true}]}}