{"id":53138,"date":"2022-01-22T16:34:47","date_gmt":"2022-01-22T15:34:47","guid":{"rendered":"https:\/\/demoweb.info\/sexshop001\/producto\/climax-elite-clio-vibrador-dual-motor-9-velocidades-morado\/"},"modified":"2022-01-22T16:35:00","modified_gmt":"2022-01-22T15:35:00","slug":"climax-elite-clio-vibrador-dual-motor-9-velocidades-morado","status":"publish","type":"product","link":"https:\/\/demoweb.info\/sexshop001\/producto\/climax-elite-clio-vibrador-dual-motor-9-velocidades-morado\/","title":{"rendered":"CLIMAX ELITE &#8211; CLIO VIBRADOR DUAL-MOTOR 9 VELOCIDADES &#8211; MORADO"},"content":{"rendered":"<p><strong>CLIMAX ELITE &#8211; CLIO 9X DUAL-MOTOR VIBRATOR &#8211; PURPLE<\/strong><\/p>\n<p>Vibrador CLIO recargable de silicona que te brinda un placer infinito. Dise\u00f1ado para estimular externamente y producir infinitas sensaciones er\u00f3ticas. Forma ergon\u00f3mica y suave que incluye un lazo para dedos para un agarre preciso y controlado.<\/p>\n<ul>\n<li>Mide 10.16 cm de alto por 5.08 cm de ancho.<\/li>\n<li>La silicona sedosa y flexible se siente lujosa contra su piel y \u00e1reas sensibles.<\/li>\n<li>9 funciones de vibraci\u00f3n y pulsaci\u00f3n apagan todos tus deseos.<\/li>\n<li>El material de silicona sin poros y sin costuras es f\u00e1cil de limpiar.<\/li>\n<li>Presiona durante 3 segundos para iniciar o detener la vibraci\u00f3n.<\/li>\n<li>Presiona el bot\u00f3n de encendido para desplazarse por las 9 funciones diferentes de vibraci\u00f3n y pulsaci\u00f3n.<\/li>\n<li>Incluye cargador USB.<\/li>\n<li>Impermeable y sin ftalatos.<\/li>\n<\/ul>\n","protected":false},"excerpt":{"rendered":"<p>CLIMAX ELITE &#8211; CLIO 9X DUAL-MOTOR VIBRATOR &#8211; PURPLE Vibrador CLIO recargable de silicona que te brinda un placer infinito.<\/p>\n","protected":false},"featured_media":53139,"comment_status":"open","ping_status":"open","template":"","meta":[],"product_cat":[476],"product_tag":[1533,932],"class_list":["post-53138","product","type-product","status-publish","has-post-thumbnail","hentry","product_cat-silicona-balas-y-huevos","product_tag-climax-elite","product_tag-topco-sales"],"bundled_by":[],"bundle_stock_status":"instock","bundle_stock_quantity":6,"bundle_virtual":false,"bundle_layout":"","bundle_add_to_cart_form_location":"","bundle_editable_in_cart":false,"bundle_sold_individually_context":"","bundle_item_grouping":"","bundle_min_size":"","bundle_max_size":"","bundled_items":[],"yoast_head":"<!-- This site is optimized with the Yoast SEO plugin v20.6 - https:\/\/yoast.com\/wordpress\/plugins\/seo\/ -->\n<title>CLIMAX ELITE - CLIO VIBRADOR DUAL-MOTOR 9 VELOCIDADES - MORADO - Tienda Er\u00f3tica<\/title>\n<meta name=\"robots\" content=\"noindex, follow, max-snippet:-1, max-image-preview:large, max-video-preview:-1\" \/>\n<meta property=\"og:locale\" content=\"es_ES\" \/>\n<meta property=\"og:type\" content=\"article\" \/>\n<meta property=\"og:title\" content=\"CLIMAX ELITE - CLIO VIBRADOR DUAL-MOTOR 9 VELOCIDADES - MORADO - Tienda Er\u00f3tica\" \/>\n<meta property=\"og:description\" content=\"CLIMAX ELITE &#8211; CLIO 9X DUAL-MOTOR VIBRATOR &#8211; PURPLE Vibrador CLIO recargable de silicona que te brinda un placer infinito.\" \/>\n<meta property=\"og:url\" content=\"https:\/\/demoweb.info\/sexshop001\/producto\/climax-elite-clio-vibrador-dual-motor-9-velocidades-morado\/\" \/>\n<meta property=\"og:site_name\" content=\"Tienda Er\u00f3tica\" \/>\n<meta property=\"article:modified_time\" content=\"2022-01-22T15:35:00+00:00\" \/>\n<meta property=\"og:image\" content=\"https:\/\/demoweb.info\/sexshop001\/wp-content\/uploads\/2022\/01\/CLIMAX-ELITE-CLIO-VIBRADOR-DUAL-MOTOR-9-VELOCIDADES-MORADO.jpg\" \/>\n\t<meta property=\"og:image:width\" content=\"550\" \/>\n\t<meta property=\"og:image:height\" content=\"550\" \/>\n\t<meta property=\"og:image:type\" content=\"image\/jpeg\" \/>\n<meta name=\"twitter:card\" content=\"summary_large_image\" \/>\n<meta name=\"twitter:label1\" content=\"Tiempo de lectura\" \/>\n\t<meta name=\"twitter:data1\" content=\"1 minuto\" \/>\n<script type=\"application\/ld+json\" class=\"yoast-schema-graph\">{\"@context\":\"https:\/\/schema.org\",\"@graph\":[{\"@type\":\"WebPage\",\"@id\":\"https:\/\/demoweb.info\/sexshop001\/producto\/climax-elite-clio-vibrador-dual-motor-9-velocidades-morado\/\",\"url\":\"https:\/\/demoweb.info\/sexshop001\/producto\/climax-elite-clio-vibrador-dual-motor-9-velocidades-morado\/\",\"name\":\"CLIMAX ELITE - CLIO VIBRADOR DUAL-MOTOR 9 VELOCIDADES - MORADO - Tienda Er\u00f3tica\",\"isPartOf\":{\"@id\":\"https:\/\/demoweb.info\/sexshop001\/#website\"},\"datePublished\":\"2022-01-22T15:34:47+00:00\",\"dateModified\":\"2022-01-22T15:35:00+00:00\",\"breadcrumb\":{\"@id\":\"https:\/\/demoweb.info\/sexshop001\/producto\/climax-elite-clio-vibrador-dual-motor-9-velocidades-morado\/#breadcrumb\"},\"inLanguage\":\"es\",\"potentialAction\":[{\"@type\":\"ReadAction\",\"target\":[\"https:\/\/demoweb.info\/sexshop001\/producto\/climax-elite-clio-vibrador-dual-motor-9-velocidades-morado\/\"]}]},{\"@type\":\"BreadcrumbList\",\"@id\":\"https:\/\/demoweb.info\/sexshop001\/producto\/climax-elite-clio-vibrador-dual-motor-9-velocidades-morado\/#breadcrumb\",\"itemListElement\":[{\"@type\":\"ListItem\",\"position\":1,\"name\":\"Portada\",\"item\":\"https:\/\/demoweb.info\/sexshop001\/\"},{\"@type\":\"ListItem\",\"position\":2,\"name\":\"Tienda\",\"item\":\"https:\/\/demoweb.info\/sexshop001\/tienda\/\"},{\"@type\":\"ListItem\",\"position\":3,\"name\":\"CLIMAX ELITE &#8211; CLIO VIBRADOR DUAL-MOTOR 9 VELOCIDADES &#8211; MORADO\"}]},{\"@type\":\"WebSite\",\"@id\":\"https:\/\/demoweb.info\/sexshop001\/#website\",\"url\":\"https:\/\/demoweb.info\/sexshop001\/\",\"name\":\"Tienda Er\u00f3tica\",\"description\":\"DEMOWEB SL\",\"potentialAction\":[{\"@type\":\"SearchAction\",\"target\":{\"@type\":\"EntryPoint\",\"urlTemplate\":\"https:\/\/demoweb.info\/sexshop001\/?s={search_term_string}\"},\"query-input\":\"required name=search_term_string\"}],\"inLanguage\":\"es\"}]}<\/script>\n<!-- \/ Yoast SEO plugin. -->","yoast_head_json":{"title":"CLIMAX ELITE - CLIO VIBRADOR DUAL-MOTOR 9 VELOCIDADES - MORADO - Tienda Er\u00f3tica","robots":{"index":"noindex","follow":"follow","max-snippet":"max-snippet:-1","max-image-preview":"max-image-preview:large","max-video-preview":"max-video-preview:-1"},"og_locale":"es_ES","og_type":"article","og_title":"CLIMAX ELITE - CLIO VIBRADOR DUAL-MOTOR 9 VELOCIDADES - MORADO - Tienda Er\u00f3tica","og_description":"CLIMAX ELITE &#8211; CLIO 9X DUAL-MOTOR VIBRATOR &#8211; PURPLE Vibrador CLIO recargable de silicona que te brinda un placer infinito.","og_url":"https:\/\/demoweb.info\/sexshop001\/producto\/climax-elite-clio-vibrador-dual-motor-9-velocidades-morado\/","og_site_name":"Tienda Er\u00f3tica","article_modified_time":"2022-01-22T15:35:00+00:00","og_image":[{"width":550,"height":550,"url":"https:\/\/demoweb.info\/sexshop001\/wp-content\/uploads\/2022\/01\/CLIMAX-ELITE-CLIO-VIBRADOR-DUAL-MOTOR-9-VELOCIDADES-MORADO.jpg","type":"image\/jpeg"}],"twitter_card":"summary_large_image","twitter_misc":{"Tiempo de lectura":"1 minuto"},"schema":{"@context":"https:\/\/schema.org","@graph":[{"@type":"WebPage","@id":"https:\/\/demoweb.info\/sexshop001\/producto\/climax-elite-clio-vibrador-dual-motor-9-velocidades-morado\/","url":"https:\/\/demoweb.info\/sexshop001\/producto\/climax-elite-clio-vibrador-dual-motor-9-velocidades-morado\/","name":"CLIMAX ELITE - CLIO VIBRADOR DUAL-MOTOR 9 VELOCIDADES - MORADO - Tienda Er\u00f3tica","isPartOf":{"@id":"https:\/\/demoweb.info\/sexshop001\/#website"},"datePublished":"2022-01-22T15:34:47+00:00","dateModified":"2022-01-22T15:35:00+00:00","breadcrumb":{"@id":"https:\/\/demoweb.info\/sexshop001\/producto\/climax-elite-clio-vibrador-dual-motor-9-velocidades-morado\/#breadcrumb"},"inLanguage":"es","potentialAction":[{"@type":"ReadAction","target":["https:\/\/demoweb.info\/sexshop001\/producto\/climax-elite-clio-vibrador-dual-motor-9-velocidades-morado\/"]}]},{"@type":"BreadcrumbList","@id":"https:\/\/demoweb.info\/sexshop001\/producto\/climax-elite-clio-vibrador-dual-motor-9-velocidades-morado\/#breadcrumb","itemListElement":[{"@type":"ListItem","position":1,"name":"Portada","item":"https:\/\/demoweb.info\/sexshop001\/"},{"@type":"ListItem","position":2,"name":"Tienda","item":"https:\/\/demoweb.info\/sexshop001\/tienda\/"},{"@type":"ListItem","position":3,"name":"CLIMAX ELITE &#8211; CLIO VIBRADOR DUAL-MOTOR 9 VELOCIDADES &#8211; MORADO"}]},{"@type":"WebSite","@id":"https:\/\/demoweb.info\/sexshop001\/#website","url":"https:\/\/demoweb.info\/sexshop001\/","name":"Tienda Er\u00f3tica","description":"DEMOWEB SL","potentialAction":[{"@type":"SearchAction","target":{"@type":"EntryPoint","urlTemplate":"https:\/\/demoweb.info\/sexshop001\/?s={search_term_string}"},"query-input":"required name=search_term_string"}],"inLanguage":"es"}]}},"_links":{"self":[{"href":"https:\/\/demoweb.info\/sexshop001\/wp-json\/wp\/v3\/product\/53138","targetHints":{"allow":["GET"]}}],"collection":[{"href":"https:\/\/demoweb.info\/sexshop001\/wp-json\/wp\/v3\/product"}],"about":[{"href":"https:\/\/demoweb.info\/sexshop001\/wp-json\/wp\/v2\/types\/product"}],"replies":[{"embeddable":true,"href":"https:\/\/demoweb.info\/sexshop001\/wp-json\/wp\/v2\/comments?post=53138"}],"wp:featuredmedia":[{"embeddable":true,"href":"https:\/\/demoweb.info\/sexshop001\/wp-json\/wp\/v2\/media\/53139"}],"wp:attachment":[{"href":"https:\/\/demoweb.info\/sexshop001\/wp-json\/wp\/v2\/media?parent=53138"}],"wp:term":[{"taxonomy":"product_cat","embeddable":true,"href":"https:\/\/demoweb.info\/sexshop001\/wp-json\/wp\/v2\/product_cat?post=53138"},{"taxonomy":"product_tag","embeddable":true,"href":"https:\/\/demoweb.info\/sexshop001\/wp-json\/wp\/v2\/product_tag?post=53138"}],"curies":[{"name":"wp","href":"https:\/\/api.w.org\/{rel}","templated":true}]}}