{"id":53134,"date":"2022-01-22T16:34:47","date_gmt":"2022-01-22T15:34:47","guid":{"rendered":"https:\/\/demoweb.info\/sexshop001\/producto\/climax-elite-meghan-9x-vibrador-silicona-azul\/"},"modified":"2022-01-22T16:34:58","modified_gmt":"2022-01-22T15:34:58","slug":"climax-elite-meghan-9x-vibrador-silicona-azul","status":"publish","type":"product","link":"https:\/\/demoweb.info\/sexshop001\/producto\/climax-elite-meghan-9x-vibrador-silicona-azul\/","title":{"rendered":"CLIMAX ELITE &#8211; MEGHAN 9X VIBRADOR SILICONA &#8211; AZUL"},"content":{"rendered":"<p><strong>CLIMAX ELITE &#8211; MEGHAN 9X SILICONE VIBE &#8211; BLUE<\/strong><\/p>\n<p>Varita vibradora recargable de silicon, especialmente dise\u00f1ada para complementar los contornos de su cuerpo.<\/p>\n<p>&bull; Curvado para su delicia en \u00e1ngulo, Meg es firme para ofrecer la cantidad deseada de presi\u00f3n en su punto G.<br \/>\n&bull; La punta elegantemente afilada es perfecta para facilitar la inserci\u00f3n; en cualquier sitio.<br \/>\n&bull; El panel de control sin esfuerzo de 2 botones presenta nueve funciones robustas de vibraci\u00f3n y pulsaci\u00f3n.<br \/>\n&bull; Simplemente presione ambos botones durante 2 segundos para encender y apagar Meg.<br \/>\n&bull; El bot\u00f3n superior pasa por cada funci\u00f3n. \u00bfC\u00f3mo lo que acabas de sentir? Presione el bot\u00f3n inferior para regresar.<br \/>\n&bull; Meg est\u00e1 hecho de pl\u00e1stico ABS suave sedoso y seguro para el cuerpo y silicona de grado m\u00e9dico.<br \/>\n&bull; Incluye cargadores USB universales para una carga conveniente en cualquier lugar.<br \/>\n&bull; A prueba de salpicaduras para diversi\u00f3n en la ducha y limpieza sin esfuerzo.<br \/>\n&bull; Meg mide 19 cm de largo y tiene un di\u00e1metro de 3.3 cm.<\/p>\n","protected":false},"excerpt":{"rendered":"<p>CLIMAX ELITE &#8211; MEGHAN 9X SILICONE VIBE &#8211; BLUE Varita vibradora recargable de silicon, especialmente dise\u00f1ada para complementar los contornos<\/p>\n","protected":false},"featured_media":53135,"comment_status":"open","ping_status":"open","template":"","meta":[],"product_cat":[315],"product_tag":[1533,932],"class_list":["post-53134","product","type-product","status-publish","has-post-thumbnail","hentry","product_cat-silicona-vibradores-juguetes-xxx","product_tag-climax-elite","product_tag-topco-sales"],"bundled_by":[],"bundle_stock_status":"instock","bundle_stock_quantity":1,"bundle_virtual":false,"bundle_layout":"","bundle_add_to_cart_form_location":"","bundle_editable_in_cart":false,"bundle_sold_individually_context":"","bundle_item_grouping":"","bundle_min_size":"","bundle_max_size":"","bundled_items":[],"yoast_head":"<!-- This site is optimized with the Yoast SEO plugin v20.6 - https:\/\/yoast.com\/wordpress\/plugins\/seo\/ -->\n<title>CLIMAX ELITE - MEGHAN 9X VIBRADOR SILICONA - AZUL - Tienda Er\u00f3tica<\/title>\n<meta name=\"robots\" content=\"noindex, follow, max-snippet:-1, max-image-preview:large, max-video-preview:-1\" \/>\n<meta property=\"og:locale\" content=\"es_ES\" \/>\n<meta property=\"og:type\" content=\"article\" \/>\n<meta property=\"og:title\" content=\"CLIMAX ELITE - MEGHAN 9X VIBRADOR SILICONA - AZUL - Tienda Er\u00f3tica\" \/>\n<meta property=\"og:description\" content=\"CLIMAX ELITE &#8211; MEGHAN 9X SILICONE VIBE &#8211; BLUE Varita vibradora recargable de silicon, especialmente dise\u00f1ada para complementar los contornos\" \/>\n<meta property=\"og:url\" content=\"https:\/\/demoweb.info\/sexshop001\/producto\/climax-elite-meghan-9x-vibrador-silicona-azul\/\" \/>\n<meta property=\"og:site_name\" content=\"Tienda Er\u00f3tica\" \/>\n<meta property=\"article:modified_time\" content=\"2022-01-22T15:34:58+00:00\" \/>\n<meta property=\"og:image\" content=\"https:\/\/demoweb.info\/sexshop001\/wp-content\/uploads\/2022\/01\/CLIMAX-ELITE-MEGHAN-9X-VIBRADOR-SILICONA-AZUL.jpg\" \/>\n\t<meta property=\"og:image:width\" content=\"550\" \/>\n\t<meta property=\"og:image:height\" content=\"550\" \/>\n\t<meta property=\"og:image:type\" content=\"image\/jpeg\" \/>\n<meta name=\"twitter:card\" content=\"summary_large_image\" \/>\n<meta name=\"twitter:label1\" content=\"Tiempo de lectura\" \/>\n\t<meta name=\"twitter:data1\" content=\"1 minuto\" \/>\n<script type=\"application\/ld+json\" class=\"yoast-schema-graph\">{\"@context\":\"https:\/\/schema.org\",\"@graph\":[{\"@type\":\"WebPage\",\"@id\":\"https:\/\/demoweb.info\/sexshop001\/producto\/climax-elite-meghan-9x-vibrador-silicona-azul\/\",\"url\":\"https:\/\/demoweb.info\/sexshop001\/producto\/climax-elite-meghan-9x-vibrador-silicona-azul\/\",\"name\":\"CLIMAX ELITE - MEGHAN 9X VIBRADOR SILICONA - AZUL - Tienda Er\u00f3tica\",\"isPartOf\":{\"@id\":\"https:\/\/demoweb.info\/sexshop001\/#website\"},\"datePublished\":\"2022-01-22T15:34:47+00:00\",\"dateModified\":\"2022-01-22T15:34:58+00:00\",\"breadcrumb\":{\"@id\":\"https:\/\/demoweb.info\/sexshop001\/producto\/climax-elite-meghan-9x-vibrador-silicona-azul\/#breadcrumb\"},\"inLanguage\":\"es\",\"potentialAction\":[{\"@type\":\"ReadAction\",\"target\":[\"https:\/\/demoweb.info\/sexshop001\/producto\/climax-elite-meghan-9x-vibrador-silicona-azul\/\"]}]},{\"@type\":\"BreadcrumbList\",\"@id\":\"https:\/\/demoweb.info\/sexshop001\/producto\/climax-elite-meghan-9x-vibrador-silicona-azul\/#breadcrumb\",\"itemListElement\":[{\"@type\":\"ListItem\",\"position\":1,\"name\":\"Portada\",\"item\":\"https:\/\/demoweb.info\/sexshop001\/\"},{\"@type\":\"ListItem\",\"position\":2,\"name\":\"Tienda\",\"item\":\"https:\/\/demoweb.info\/sexshop001\/tienda\/\"},{\"@type\":\"ListItem\",\"position\":3,\"name\":\"CLIMAX ELITE &#8211; MEGHAN 9X VIBRADOR SILICONA &#8211; AZUL\"}]},{\"@type\":\"WebSite\",\"@id\":\"https:\/\/demoweb.info\/sexshop001\/#website\",\"url\":\"https:\/\/demoweb.info\/sexshop001\/\",\"name\":\"Tienda Er\u00f3tica\",\"description\":\"DEMOWEB SL\",\"potentialAction\":[{\"@type\":\"SearchAction\",\"target\":{\"@type\":\"EntryPoint\",\"urlTemplate\":\"https:\/\/demoweb.info\/sexshop001\/?s={search_term_string}\"},\"query-input\":\"required name=search_term_string\"}],\"inLanguage\":\"es\"}]}<\/script>\n<!-- \/ Yoast SEO plugin. -->","yoast_head_json":{"title":"CLIMAX ELITE - MEGHAN 9X VIBRADOR SILICONA - AZUL - Tienda Er\u00f3tica","robots":{"index":"noindex","follow":"follow","max-snippet":"max-snippet:-1","max-image-preview":"max-image-preview:large","max-video-preview":"max-video-preview:-1"},"og_locale":"es_ES","og_type":"article","og_title":"CLIMAX ELITE - MEGHAN 9X VIBRADOR SILICONA - AZUL - Tienda Er\u00f3tica","og_description":"CLIMAX ELITE &#8211; MEGHAN 9X SILICONE VIBE &#8211; BLUE Varita vibradora recargable de silicon, especialmente dise\u00f1ada para complementar los contornos","og_url":"https:\/\/demoweb.info\/sexshop001\/producto\/climax-elite-meghan-9x-vibrador-silicona-azul\/","og_site_name":"Tienda Er\u00f3tica","article_modified_time":"2022-01-22T15:34:58+00:00","og_image":[{"width":550,"height":550,"url":"https:\/\/demoweb.info\/sexshop001\/wp-content\/uploads\/2022\/01\/CLIMAX-ELITE-MEGHAN-9X-VIBRADOR-SILICONA-AZUL.jpg","type":"image\/jpeg"}],"twitter_card":"summary_large_image","twitter_misc":{"Tiempo de lectura":"1 minuto"},"schema":{"@context":"https:\/\/schema.org","@graph":[{"@type":"WebPage","@id":"https:\/\/demoweb.info\/sexshop001\/producto\/climax-elite-meghan-9x-vibrador-silicona-azul\/","url":"https:\/\/demoweb.info\/sexshop001\/producto\/climax-elite-meghan-9x-vibrador-silicona-azul\/","name":"CLIMAX ELITE - MEGHAN 9X VIBRADOR SILICONA - AZUL - Tienda Er\u00f3tica","isPartOf":{"@id":"https:\/\/demoweb.info\/sexshop001\/#website"},"datePublished":"2022-01-22T15:34:47+00:00","dateModified":"2022-01-22T15:34:58+00:00","breadcrumb":{"@id":"https:\/\/demoweb.info\/sexshop001\/producto\/climax-elite-meghan-9x-vibrador-silicona-azul\/#breadcrumb"},"inLanguage":"es","potentialAction":[{"@type":"ReadAction","target":["https:\/\/demoweb.info\/sexshop001\/producto\/climax-elite-meghan-9x-vibrador-silicona-azul\/"]}]},{"@type":"BreadcrumbList","@id":"https:\/\/demoweb.info\/sexshop001\/producto\/climax-elite-meghan-9x-vibrador-silicona-azul\/#breadcrumb","itemListElement":[{"@type":"ListItem","position":1,"name":"Portada","item":"https:\/\/demoweb.info\/sexshop001\/"},{"@type":"ListItem","position":2,"name":"Tienda","item":"https:\/\/demoweb.info\/sexshop001\/tienda\/"},{"@type":"ListItem","position":3,"name":"CLIMAX ELITE &#8211; MEGHAN 9X VIBRADOR SILICONA &#8211; AZUL"}]},{"@type":"WebSite","@id":"https:\/\/demoweb.info\/sexshop001\/#website","url":"https:\/\/demoweb.info\/sexshop001\/","name":"Tienda Er\u00f3tica","description":"DEMOWEB SL","potentialAction":[{"@type":"SearchAction","target":{"@type":"EntryPoint","urlTemplate":"https:\/\/demoweb.info\/sexshop001\/?s={search_term_string}"},"query-input":"required name=search_term_string"}],"inLanguage":"es"}]}},"_links":{"self":[{"href":"https:\/\/demoweb.info\/sexshop001\/wp-json\/wp\/v3\/product\/53134","targetHints":{"allow":["GET"]}}],"collection":[{"href":"https:\/\/demoweb.info\/sexshop001\/wp-json\/wp\/v3\/product"}],"about":[{"href":"https:\/\/demoweb.info\/sexshop001\/wp-json\/wp\/v2\/types\/product"}],"replies":[{"embeddable":true,"href":"https:\/\/demoweb.info\/sexshop001\/wp-json\/wp\/v2\/comments?post=53134"}],"wp:featuredmedia":[{"embeddable":true,"href":"https:\/\/demoweb.info\/sexshop001\/wp-json\/wp\/v2\/media\/53135"}],"wp:attachment":[{"href":"https:\/\/demoweb.info\/sexshop001\/wp-json\/wp\/v2\/media?parent=53134"}],"wp:term":[{"taxonomy":"product_cat","embeddable":true,"href":"https:\/\/demoweb.info\/sexshop001\/wp-json\/wp\/v2\/product_cat?post=53134"},{"taxonomy":"product_tag","embeddable":true,"href":"https:\/\/demoweb.info\/sexshop001\/wp-json\/wp\/v2\/product_tag?post=53134"}],"curies":[{"name":"wp","href":"https:\/\/api.w.org\/{rel}","templated":true}]}}