{"id":53113,"date":"2022-01-22T16:34:27","date_gmt":"2022-01-22T15:34:27","guid":{"rendered":"https:\/\/demoweb.info\/sexshop001\/producto\/cinta-japonesa-love-seda-5-metros-morado\/"},"modified":"2022-01-22T16:34:44","modified_gmt":"2022-01-22T15:34:44","slug":"cinta-japonesa-love-seda-5-metros-morado","status":"publish","type":"product","link":"https:\/\/demoweb.info\/sexshop001\/producto\/cinta-japonesa-love-seda-5-metros-morado\/","title":{"rendered":"CINTA JAPONESA LOVE SEDA 5 METROS &#8211; MORADO"},"content":{"rendered":"<p><strong>JAPANESE SILK LOVE ROPE 5 METER &#8211; PURPLE<\/strong><\/p>\n<p>S\u00e9 el Maestro en tu habitaci\u00f3n esta noche<\/p>\n<p>&bull; S\u00faper suave Japanese Silk Love Rope\u2122 no irrita ni da\u00f1a la piel delicada<br \/>\n&bull; 5 m de cuerda lujosa acomoda muchas configuraciones de nudos<br \/>\n&bull; Oriente y occidente: suavidad insuperable combinada con una fuerza insuperable<br \/>\n&bull; Perfecto para principiantes bondadosos y jugadores experimentados<br \/>\n&bull; Folleto de Bondage incluido para despertar tu imaginaci\u00f3n<\/p>\n","protected":false},"excerpt":{"rendered":"<p>JAPANESE SILK LOVE ROPE 5 METER &#8211; PURPLE S\u00e9 el Maestro en tu habitaci\u00f3n esta noche &bull; S\u00faper suave Japanese<\/p>\n","protected":false},"featured_media":53114,"comment_status":"open","ping_status":"open","template":"","meta":[],"product_cat":[309],"product_tag":[1353,932],"class_list":["post-53113","product","type-product","status-publish","has-post-thumbnail","hentry","product_cat-cintas-y-cuerdas","product_tag-tlc","product_tag-topco-sales"],"bundled_by":[],"bundle_stock_status":"instock","bundle_stock_quantity":1,"bundle_virtual":false,"bundle_layout":"","bundle_add_to_cart_form_location":"","bundle_editable_in_cart":false,"bundle_sold_individually_context":"","bundle_item_grouping":"","bundle_min_size":"","bundle_max_size":"","bundled_items":[],"yoast_head":"<!-- This site is optimized with the Yoast SEO plugin v20.6 - https:\/\/yoast.com\/wordpress\/plugins\/seo\/ -->\n<title>CINTA JAPONESA LOVE SEDA 5 METROS - MORADO - Tienda Er\u00f3tica<\/title>\n<meta name=\"robots\" content=\"noindex, follow, max-snippet:-1, max-image-preview:large, max-video-preview:-1\" \/>\n<meta property=\"og:locale\" content=\"es_ES\" \/>\n<meta property=\"og:type\" content=\"article\" \/>\n<meta property=\"og:title\" content=\"CINTA JAPONESA LOVE SEDA 5 METROS - MORADO - Tienda Er\u00f3tica\" \/>\n<meta property=\"og:description\" content=\"JAPANESE SILK LOVE ROPE 5 METER &#8211; PURPLE S\u00e9 el Maestro en tu habitaci\u00f3n esta noche &bull; S\u00faper suave Japanese\" \/>\n<meta property=\"og:url\" content=\"https:\/\/demoweb.info\/sexshop001\/producto\/cinta-japonesa-love-seda-5-metros-morado\/\" \/>\n<meta property=\"og:site_name\" content=\"Tienda Er\u00f3tica\" \/>\n<meta property=\"article:modified_time\" content=\"2022-01-22T15:34:44+00:00\" \/>\n<meta property=\"og:image\" content=\"https:\/\/demoweb.info\/sexshop001\/wp-content\/uploads\/2022\/01\/CINTA-JAPONESA-LOVE-SEDA-5-METROS-MORADO.jpg\" \/>\n\t<meta property=\"og:image:width\" content=\"550\" \/>\n\t<meta property=\"og:image:height\" content=\"550\" \/>\n\t<meta property=\"og:image:type\" content=\"image\/jpeg\" \/>\n<meta name=\"twitter:card\" content=\"summary_large_image\" \/>\n<script type=\"application\/ld+json\" class=\"yoast-schema-graph\">{\"@context\":\"https:\/\/schema.org\",\"@graph\":[{\"@type\":\"WebPage\",\"@id\":\"https:\/\/demoweb.info\/sexshop001\/producto\/cinta-japonesa-love-seda-5-metros-morado\/\",\"url\":\"https:\/\/demoweb.info\/sexshop001\/producto\/cinta-japonesa-love-seda-5-metros-morado\/\",\"name\":\"CINTA JAPONESA LOVE SEDA 5 METROS - MORADO - Tienda Er\u00f3tica\",\"isPartOf\":{\"@id\":\"https:\/\/demoweb.info\/sexshop001\/#website\"},\"datePublished\":\"2022-01-22T15:34:27+00:00\",\"dateModified\":\"2022-01-22T15:34:44+00:00\",\"breadcrumb\":{\"@id\":\"https:\/\/demoweb.info\/sexshop001\/producto\/cinta-japonesa-love-seda-5-metros-morado\/#breadcrumb\"},\"inLanguage\":\"es\",\"potentialAction\":[{\"@type\":\"ReadAction\",\"target\":[\"https:\/\/demoweb.info\/sexshop001\/producto\/cinta-japonesa-love-seda-5-metros-morado\/\"]}]},{\"@type\":\"BreadcrumbList\",\"@id\":\"https:\/\/demoweb.info\/sexshop001\/producto\/cinta-japonesa-love-seda-5-metros-morado\/#breadcrumb\",\"itemListElement\":[{\"@type\":\"ListItem\",\"position\":1,\"name\":\"Portada\",\"item\":\"https:\/\/demoweb.info\/sexshop001\/\"},{\"@type\":\"ListItem\",\"position\":2,\"name\":\"Tienda\",\"item\":\"https:\/\/demoweb.info\/sexshop001\/tienda\/\"},{\"@type\":\"ListItem\",\"position\":3,\"name\":\"CINTA JAPONESA LOVE SEDA 5 METROS &#8211; MORADO\"}]},{\"@type\":\"WebSite\",\"@id\":\"https:\/\/demoweb.info\/sexshop001\/#website\",\"url\":\"https:\/\/demoweb.info\/sexshop001\/\",\"name\":\"Tienda Er\u00f3tica\",\"description\":\"DEMOWEB SL\",\"potentialAction\":[{\"@type\":\"SearchAction\",\"target\":{\"@type\":\"EntryPoint\",\"urlTemplate\":\"https:\/\/demoweb.info\/sexshop001\/?s={search_term_string}\"},\"query-input\":\"required name=search_term_string\"}],\"inLanguage\":\"es\"}]}<\/script>\n<!-- \/ Yoast SEO plugin. -->","yoast_head_json":{"title":"CINTA JAPONESA LOVE SEDA 5 METROS - MORADO - Tienda Er\u00f3tica","robots":{"index":"noindex","follow":"follow","max-snippet":"max-snippet:-1","max-image-preview":"max-image-preview:large","max-video-preview":"max-video-preview:-1"},"og_locale":"es_ES","og_type":"article","og_title":"CINTA JAPONESA LOVE SEDA 5 METROS - MORADO - Tienda Er\u00f3tica","og_description":"JAPANESE SILK LOVE ROPE 5 METER &#8211; PURPLE S\u00e9 el Maestro en tu habitaci\u00f3n esta noche &bull; S\u00faper suave Japanese","og_url":"https:\/\/demoweb.info\/sexshop001\/producto\/cinta-japonesa-love-seda-5-metros-morado\/","og_site_name":"Tienda Er\u00f3tica","article_modified_time":"2022-01-22T15:34:44+00:00","og_image":[{"width":550,"height":550,"url":"https:\/\/demoweb.info\/sexshop001\/wp-content\/uploads\/2022\/01\/CINTA-JAPONESA-LOVE-SEDA-5-METROS-MORADO.jpg","type":"image\/jpeg"}],"twitter_card":"summary_large_image","schema":{"@context":"https:\/\/schema.org","@graph":[{"@type":"WebPage","@id":"https:\/\/demoweb.info\/sexshop001\/producto\/cinta-japonesa-love-seda-5-metros-morado\/","url":"https:\/\/demoweb.info\/sexshop001\/producto\/cinta-japonesa-love-seda-5-metros-morado\/","name":"CINTA JAPONESA LOVE SEDA 5 METROS - MORADO - Tienda Er\u00f3tica","isPartOf":{"@id":"https:\/\/demoweb.info\/sexshop001\/#website"},"datePublished":"2022-01-22T15:34:27+00:00","dateModified":"2022-01-22T15:34:44+00:00","breadcrumb":{"@id":"https:\/\/demoweb.info\/sexshop001\/producto\/cinta-japonesa-love-seda-5-metros-morado\/#breadcrumb"},"inLanguage":"es","potentialAction":[{"@type":"ReadAction","target":["https:\/\/demoweb.info\/sexshop001\/producto\/cinta-japonesa-love-seda-5-metros-morado\/"]}]},{"@type":"BreadcrumbList","@id":"https:\/\/demoweb.info\/sexshop001\/producto\/cinta-japonesa-love-seda-5-metros-morado\/#breadcrumb","itemListElement":[{"@type":"ListItem","position":1,"name":"Portada","item":"https:\/\/demoweb.info\/sexshop001\/"},{"@type":"ListItem","position":2,"name":"Tienda","item":"https:\/\/demoweb.info\/sexshop001\/tienda\/"},{"@type":"ListItem","position":3,"name":"CINTA JAPONESA LOVE SEDA 5 METROS &#8211; MORADO"}]},{"@type":"WebSite","@id":"https:\/\/demoweb.info\/sexshop001\/#website","url":"https:\/\/demoweb.info\/sexshop001\/","name":"Tienda Er\u00f3tica","description":"DEMOWEB SL","potentialAction":[{"@type":"SearchAction","target":{"@type":"EntryPoint","urlTemplate":"https:\/\/demoweb.info\/sexshop001\/?s={search_term_string}"},"query-input":"required name=search_term_string"}],"inLanguage":"es"}]}},"_links":{"self":[{"href":"https:\/\/demoweb.info\/sexshop001\/wp-json\/wp\/v3\/product\/53113","targetHints":{"allow":["GET"]}}],"collection":[{"href":"https:\/\/demoweb.info\/sexshop001\/wp-json\/wp\/v3\/product"}],"about":[{"href":"https:\/\/demoweb.info\/sexshop001\/wp-json\/wp\/v2\/types\/product"}],"replies":[{"embeddable":true,"href":"https:\/\/demoweb.info\/sexshop001\/wp-json\/wp\/v2\/comments?post=53113"}],"wp:featuredmedia":[{"embeddable":true,"href":"https:\/\/demoweb.info\/sexshop001\/wp-json\/wp\/v2\/media\/53114"}],"wp:attachment":[{"href":"https:\/\/demoweb.info\/sexshop001\/wp-json\/wp\/v2\/media?parent=53113"}],"wp:term":[{"taxonomy":"product_cat","embeddable":true,"href":"https:\/\/demoweb.info\/sexshop001\/wp-json\/wp\/v2\/product_cat?post=53113"},{"taxonomy":"product_tag","embeddable":true,"href":"https:\/\/demoweb.info\/sexshop001\/wp-json\/wp\/v2\/product_tag?post=53113"}],"curies":[{"name":"wp","href":"https:\/\/api.w.org\/{rel}","templated":true}]}}