{"id":53108,"date":"2022-01-22T16:34:27","date_gmt":"2022-01-22T15:34:27","guid":{"rendered":"https:\/\/demoweb.info\/sexshop001\/producto\/no-65-vibrador-punto-p-negro\/"},"modified":"2022-01-22T16:34:41","modified_gmt":"2022-01-22T15:34:41","slug":"no-65-vibrador-punto-p-negro","status":"publish","type":"product","link":"https:\/\/demoweb.info\/sexshop001\/producto\/no-65-vibrador-punto-p-negro\/","title":{"rendered":"NO. 65 &#8211; VIBRADOR PUNTO P &#8211; NEGRO"},"content":{"rendered":"<p><strong>NO. 65 &#8211; P-SPOT VIBRATOR &#8211; BLACK<\/strong><\/p>\n<p>Se le llama el punto G de los hombres ya que el punto P, es uno de los lugares m\u00e1s sensibles del cuerpo humano. Hay una gran cantidad de nervios all\u00ed, y dado el hecho de que la pr\u00f3stata est\u00e1 extremadamente conectada a la respuesta sexual, \u00a1el orgasmo que viene del masaje y la estimulaci\u00f3n de la pr\u00f3stata puede ser incre\u00edblemente satisfactorio!<\/p>\n<p>Sono ha desarrollado este poderoso vibrador del punto P que tambi\u00e9n estimula el \u00e1rea testicular al mismo tiempo, \u00a1para obtener orgasmos a\u00fan m\u00e1s intensos! El extremo dise\u00f1ado ergon\u00f3micamente tiene un tri\u00e1ngulo en el extremo con una abertura para la f\u00e1cil inserci\u00f3n y retracci\u00f3n del mismo. Este excitante juguete negro est\u00e1 elaborado de suave silicona de alto grado que vienen con 3 bater\u00edas LR44 (incluidas).<\/p>\n<p>Caracter\u00edsticas:<br \/>\n&#8211; Rotaciones por minuto: 11000 RPM<br \/>\n&#8211; Modos de velocidad: 10<br \/>\n&#8211; Nivel de ruido: M\u00e1x. 60 dB<br \/>\n&#8211; Di\u00e1metro: 3 cm<br \/>\n&#8211; Longitud: 13,5 cm<br \/>\n&#8211; Material: Silicona y ABS<br \/>\n&#8211; Bater\u00eda incluida: 3x LR44<br \/>\n&#8211; Impermeable: s\u00ed<br \/>\n&#8211; Libre de ftalato: S\u00ed<\/p>\n","protected":false},"excerpt":{"rendered":"<p>NO. 65 &#8211; P-SPOT VIBRATOR &#8211; BLACK Se le llama el punto G de los hombres ya que el punto<\/p>\n","protected":false},"featured_media":53109,"comment_status":"open","ping_status":"open","template":"","meta":[],"product_cat":[301],"product_tag":[302,312],"class_list":["post-53108","product","type-product","status-publish","has-post-thumbnail","hentry","product_cat-punto-p","product_tag-shots","product_tag-sono"],"bundled_by":[],"bundle_stock_status":"instock","bundle_stock_quantity":7,"bundle_virtual":false,"bundle_layout":"","bundle_add_to_cart_form_location":"","bundle_editable_in_cart":false,"bundle_sold_individually_context":"","bundle_item_grouping":"","bundle_min_size":"","bundle_max_size":"","bundled_items":[],"yoast_head":"<!-- This site is optimized with the Yoast SEO plugin v20.6 - https:\/\/yoast.com\/wordpress\/plugins\/seo\/ -->\n<title>NO. 65 - VIBRADOR PUNTO P - NEGRO - Tienda Er\u00f3tica<\/title>\n<meta name=\"robots\" content=\"noindex, follow, max-snippet:-1, max-image-preview:large, max-video-preview:-1\" \/>\n<meta property=\"og:locale\" content=\"es_ES\" \/>\n<meta property=\"og:type\" content=\"article\" \/>\n<meta property=\"og:title\" content=\"NO. 65 - VIBRADOR PUNTO P - NEGRO - Tienda Er\u00f3tica\" \/>\n<meta property=\"og:description\" content=\"NO. 65 &#8211; P-SPOT VIBRATOR &#8211; BLACK Se le llama el punto G de los hombres ya que el punto\" \/>\n<meta property=\"og:url\" content=\"https:\/\/demoweb.info\/sexshop001\/producto\/no-65-vibrador-punto-p-negro\/\" \/>\n<meta property=\"og:site_name\" content=\"Tienda Er\u00f3tica\" \/>\n<meta property=\"article:modified_time\" content=\"2022-01-22T15:34:41+00:00\" \/>\n<meta property=\"og:image\" content=\"https:\/\/demoweb.info\/sexshop001\/wp-content\/uploads\/2022\/01\/NO.-65-VIBRADOR-PUNTO-P-NEGRO.jpg\" \/>\n\t<meta property=\"og:image:width\" content=\"550\" \/>\n\t<meta property=\"og:image:height\" content=\"550\" \/>\n\t<meta property=\"og:image:type\" content=\"image\/jpeg\" \/>\n<meta name=\"twitter:card\" content=\"summary_large_image\" \/>\n<meta name=\"twitter:label1\" content=\"Tiempo de lectura\" \/>\n\t<meta name=\"twitter:data1\" content=\"1 minuto\" \/>\n<script type=\"application\/ld+json\" class=\"yoast-schema-graph\">{\"@context\":\"https:\/\/schema.org\",\"@graph\":[{\"@type\":\"WebPage\",\"@id\":\"https:\/\/demoweb.info\/sexshop001\/producto\/no-65-vibrador-punto-p-negro\/\",\"url\":\"https:\/\/demoweb.info\/sexshop001\/producto\/no-65-vibrador-punto-p-negro\/\",\"name\":\"NO. 65 - VIBRADOR PUNTO P - NEGRO - Tienda Er\u00f3tica\",\"isPartOf\":{\"@id\":\"https:\/\/demoweb.info\/sexshop001\/#website\"},\"datePublished\":\"2022-01-22T15:34:27+00:00\",\"dateModified\":\"2022-01-22T15:34:41+00:00\",\"breadcrumb\":{\"@id\":\"https:\/\/demoweb.info\/sexshop001\/producto\/no-65-vibrador-punto-p-negro\/#breadcrumb\"},\"inLanguage\":\"es\",\"potentialAction\":[{\"@type\":\"ReadAction\",\"target\":[\"https:\/\/demoweb.info\/sexshop001\/producto\/no-65-vibrador-punto-p-negro\/\"]}]},{\"@type\":\"BreadcrumbList\",\"@id\":\"https:\/\/demoweb.info\/sexshop001\/producto\/no-65-vibrador-punto-p-negro\/#breadcrumb\",\"itemListElement\":[{\"@type\":\"ListItem\",\"position\":1,\"name\":\"Portada\",\"item\":\"https:\/\/demoweb.info\/sexshop001\/\"},{\"@type\":\"ListItem\",\"position\":2,\"name\":\"Tienda\",\"item\":\"https:\/\/demoweb.info\/sexshop001\/tienda\/\"},{\"@type\":\"ListItem\",\"position\":3,\"name\":\"NO. 65 &#8211; VIBRADOR PUNTO P &#8211; NEGRO\"}]},{\"@type\":\"WebSite\",\"@id\":\"https:\/\/demoweb.info\/sexshop001\/#website\",\"url\":\"https:\/\/demoweb.info\/sexshop001\/\",\"name\":\"Tienda Er\u00f3tica\",\"description\":\"DEMOWEB SL\",\"potentialAction\":[{\"@type\":\"SearchAction\",\"target\":{\"@type\":\"EntryPoint\",\"urlTemplate\":\"https:\/\/demoweb.info\/sexshop001\/?s={search_term_string}\"},\"query-input\":\"required name=search_term_string\"}],\"inLanguage\":\"es\"}]}<\/script>\n<!-- \/ Yoast SEO plugin. -->","yoast_head_json":{"title":"NO. 65 - VIBRADOR PUNTO P - NEGRO - Tienda Er\u00f3tica","robots":{"index":"noindex","follow":"follow","max-snippet":"max-snippet:-1","max-image-preview":"max-image-preview:large","max-video-preview":"max-video-preview:-1"},"og_locale":"es_ES","og_type":"article","og_title":"NO. 65 - VIBRADOR PUNTO P - NEGRO - Tienda Er\u00f3tica","og_description":"NO. 65 &#8211; P-SPOT VIBRATOR &#8211; BLACK Se le llama el punto G de los hombres ya que el punto","og_url":"https:\/\/demoweb.info\/sexshop001\/producto\/no-65-vibrador-punto-p-negro\/","og_site_name":"Tienda Er\u00f3tica","article_modified_time":"2022-01-22T15:34:41+00:00","og_image":[{"width":550,"height":550,"url":"https:\/\/demoweb.info\/sexshop001\/wp-content\/uploads\/2022\/01\/NO.-65-VIBRADOR-PUNTO-P-NEGRO.jpg","type":"image\/jpeg"}],"twitter_card":"summary_large_image","twitter_misc":{"Tiempo de lectura":"1 minuto"},"schema":{"@context":"https:\/\/schema.org","@graph":[{"@type":"WebPage","@id":"https:\/\/demoweb.info\/sexshop001\/producto\/no-65-vibrador-punto-p-negro\/","url":"https:\/\/demoweb.info\/sexshop001\/producto\/no-65-vibrador-punto-p-negro\/","name":"NO. 65 - VIBRADOR PUNTO P - NEGRO - Tienda Er\u00f3tica","isPartOf":{"@id":"https:\/\/demoweb.info\/sexshop001\/#website"},"datePublished":"2022-01-22T15:34:27+00:00","dateModified":"2022-01-22T15:34:41+00:00","breadcrumb":{"@id":"https:\/\/demoweb.info\/sexshop001\/producto\/no-65-vibrador-punto-p-negro\/#breadcrumb"},"inLanguage":"es","potentialAction":[{"@type":"ReadAction","target":["https:\/\/demoweb.info\/sexshop001\/producto\/no-65-vibrador-punto-p-negro\/"]}]},{"@type":"BreadcrumbList","@id":"https:\/\/demoweb.info\/sexshop001\/producto\/no-65-vibrador-punto-p-negro\/#breadcrumb","itemListElement":[{"@type":"ListItem","position":1,"name":"Portada","item":"https:\/\/demoweb.info\/sexshop001\/"},{"@type":"ListItem","position":2,"name":"Tienda","item":"https:\/\/demoweb.info\/sexshop001\/tienda\/"},{"@type":"ListItem","position":3,"name":"NO. 65 &#8211; VIBRADOR PUNTO P &#8211; NEGRO"}]},{"@type":"WebSite","@id":"https:\/\/demoweb.info\/sexshop001\/#website","url":"https:\/\/demoweb.info\/sexshop001\/","name":"Tienda Er\u00f3tica","description":"DEMOWEB SL","potentialAction":[{"@type":"SearchAction","target":{"@type":"EntryPoint","urlTemplate":"https:\/\/demoweb.info\/sexshop001\/?s={search_term_string}"},"query-input":"required name=search_term_string"}],"inLanguage":"es"}]}},"_links":{"self":[{"href":"https:\/\/demoweb.info\/sexshop001\/wp-json\/wp\/v3\/product\/53108","targetHints":{"allow":["GET"]}}],"collection":[{"href":"https:\/\/demoweb.info\/sexshop001\/wp-json\/wp\/v3\/product"}],"about":[{"href":"https:\/\/demoweb.info\/sexshop001\/wp-json\/wp\/v2\/types\/product"}],"replies":[{"embeddable":true,"href":"https:\/\/demoweb.info\/sexshop001\/wp-json\/wp\/v2\/comments?post=53108"}],"wp:featuredmedia":[{"embeddable":true,"href":"https:\/\/demoweb.info\/sexshop001\/wp-json\/wp\/v2\/media\/53109"}],"wp:attachment":[{"href":"https:\/\/demoweb.info\/sexshop001\/wp-json\/wp\/v2\/media?parent=53108"}],"wp:term":[{"taxonomy":"product_cat","embeddable":true,"href":"https:\/\/demoweb.info\/sexshop001\/wp-json\/wp\/v2\/product_cat?post=53108"},{"taxonomy":"product_tag","embeddable":true,"href":"https:\/\/demoweb.info\/sexshop001\/wp-json\/wp\/v2\/product_tag?post=53108"}],"curies":[{"name":"wp","href":"https:\/\/api.w.org\/{rel}","templated":true}]}}