{"id":53100,"date":"2022-01-22T16:34:27","date_gmt":"2022-01-22T15:34:27","guid":{"rendered":"https:\/\/demoweb.info\/sexshop001\/producto\/no-62-dildo-anal-con-anillos-de-metal-negro\/"},"modified":"2022-01-22T16:34:36","modified_gmt":"2022-01-22T15:34:36","slug":"no-62-dildo-anal-con-anillos-de-metal-negro","status":"publish","type":"product","link":"https:\/\/demoweb.info\/sexshop001\/producto\/no-62-dildo-anal-con-anillos-de-metal-negro\/","title":{"rendered":"NO. 62 &#8211; DILDO ANAL CON ANILLOS DE METAL &#8211; NEGRO"},"content":{"rendered":"<p><strong>NO. 62 &#8211; DILDO WITH METAL RING &#8211; BLACK<\/strong><\/p>\n<p>La mayor\u00eda de los dildos est\u00e1n dise\u00f1ados para la penetraci\u00f3n y estimulaci\u00f3n vaginal y anal, ya sea para la masturbaci\u00f3n o con la compa\u00f1\u00eda de una pareja sexual. Los dildos tienen un valor fetichista tambi\u00e9n, y pueden ser usados de otras maneras, como tocarse la propia piel o la del otro en varios lugares, frecuentemente durante el juego previo o como acto de sumisi\u00f3n y dominancia. Pueden ser usados como mordazas, para la penetraci\u00f3n oral o para un tipo de felaci\u00f3n artificial.<\/p>\n<p>El dildo con l\u00ednea de aros met\u00e1licos SONO viene en una variedad de formas y formatos, siempre con una abertura moldeada ergonomicamente en la base del juguete para que sea f\u00e1cil insertar uno de sus dedos. Este modelo negro especifico est\u00e1 elaborado de silicona de alta calidad y tiene un tope en forma de gota adem\u00e1s de una estimulaci\u00f3n extra en el medio del pene.<\/p>\n<p>Caracter\u00edsticas:<br \/>\n&#8211; Di\u00e1metro: 4,1 cm<br \/>\n&#8211; Longitud: 18 cm<br \/>\n&#8211; Material: Silicona y ABS<br \/>\n&#8211; Impermeable: s\u00ed<br \/>\n&#8211; Libre de ftalato: S\u00ed<\/p>\n","protected":false},"excerpt":{"rendered":"<p>NO. 62 &#8211; DILDO WITH METAL RING &#8211; BLACK La mayor\u00eda de los dildos est\u00e1n dise\u00f1ados para la penetraci\u00f3n y<\/p>\n","protected":false},"featured_media":53101,"comment_status":"open","ping_status":"open","template":"","meta":[],"product_cat":[439],"product_tag":[302,312],"class_list":["post-53100","product","type-product","status-publish","has-post-thumbnail","hentry","product_cat-punto-p-plugs","product_tag-shots","product_tag-sono"],"bundled_by":[],"bundle_stock_status":"instock","bundle_stock_quantity":1,"bundle_virtual":false,"bundle_layout":"","bundle_add_to_cart_form_location":"","bundle_editable_in_cart":false,"bundle_sold_individually_context":"","bundle_item_grouping":"","bundle_min_size":"","bundle_max_size":"","bundled_items":[],"yoast_head":"<!-- This site is optimized with the Yoast SEO plugin v20.6 - https:\/\/yoast.com\/wordpress\/plugins\/seo\/ -->\n<title>NO. 62 - DILDO ANAL CON ANILLOS DE METAL - NEGRO - Tienda Er\u00f3tica<\/title>\n<meta name=\"robots\" content=\"noindex, follow, max-snippet:-1, max-image-preview:large, max-video-preview:-1\" \/>\n<meta property=\"og:locale\" content=\"es_ES\" \/>\n<meta property=\"og:type\" content=\"article\" \/>\n<meta property=\"og:title\" content=\"NO. 62 - DILDO ANAL CON ANILLOS DE METAL - NEGRO - Tienda Er\u00f3tica\" \/>\n<meta property=\"og:description\" content=\"NO. 62 &#8211; DILDO WITH METAL RING &#8211; BLACK La mayor\u00eda de los dildos est\u00e1n dise\u00f1ados para la penetraci\u00f3n y\" \/>\n<meta property=\"og:url\" content=\"https:\/\/demoweb.info\/sexshop001\/producto\/no-62-dildo-anal-con-anillos-de-metal-negro\/\" \/>\n<meta property=\"og:site_name\" content=\"Tienda Er\u00f3tica\" \/>\n<meta property=\"article:modified_time\" content=\"2022-01-22T15:34:36+00:00\" \/>\n<meta property=\"og:image\" content=\"https:\/\/demoweb.info\/sexshop001\/wp-content\/uploads\/2022\/01\/NO.-62-DILDO-ANAL-CON-ANILLOS-DE-METAL-NEGRO.jpg\" \/>\n\t<meta property=\"og:image:width\" content=\"550\" \/>\n\t<meta property=\"og:image:height\" content=\"550\" \/>\n\t<meta property=\"og:image:type\" content=\"image\/jpeg\" \/>\n<meta name=\"twitter:card\" content=\"summary_large_image\" \/>\n<meta name=\"twitter:label1\" content=\"Tiempo de lectura\" \/>\n\t<meta name=\"twitter:data1\" content=\"1 minuto\" \/>\n<script type=\"application\/ld+json\" class=\"yoast-schema-graph\">{\"@context\":\"https:\/\/schema.org\",\"@graph\":[{\"@type\":\"WebPage\",\"@id\":\"https:\/\/demoweb.info\/sexshop001\/producto\/no-62-dildo-anal-con-anillos-de-metal-negro\/\",\"url\":\"https:\/\/demoweb.info\/sexshop001\/producto\/no-62-dildo-anal-con-anillos-de-metal-negro\/\",\"name\":\"NO. 62 - DILDO ANAL CON ANILLOS DE METAL - NEGRO - Tienda Er\u00f3tica\",\"isPartOf\":{\"@id\":\"https:\/\/demoweb.info\/sexshop001\/#website\"},\"datePublished\":\"2022-01-22T15:34:27+00:00\",\"dateModified\":\"2022-01-22T15:34:36+00:00\",\"breadcrumb\":{\"@id\":\"https:\/\/demoweb.info\/sexshop001\/producto\/no-62-dildo-anal-con-anillos-de-metal-negro\/#breadcrumb\"},\"inLanguage\":\"es\",\"potentialAction\":[{\"@type\":\"ReadAction\",\"target\":[\"https:\/\/demoweb.info\/sexshop001\/producto\/no-62-dildo-anal-con-anillos-de-metal-negro\/\"]}]},{\"@type\":\"BreadcrumbList\",\"@id\":\"https:\/\/demoweb.info\/sexshop001\/producto\/no-62-dildo-anal-con-anillos-de-metal-negro\/#breadcrumb\",\"itemListElement\":[{\"@type\":\"ListItem\",\"position\":1,\"name\":\"Portada\",\"item\":\"https:\/\/demoweb.info\/sexshop001\/\"},{\"@type\":\"ListItem\",\"position\":2,\"name\":\"Tienda\",\"item\":\"https:\/\/demoweb.info\/sexshop001\/tienda\/\"},{\"@type\":\"ListItem\",\"position\":3,\"name\":\"NO. 62 &#8211; DILDO ANAL CON ANILLOS DE METAL &#8211; NEGRO\"}]},{\"@type\":\"WebSite\",\"@id\":\"https:\/\/demoweb.info\/sexshop001\/#website\",\"url\":\"https:\/\/demoweb.info\/sexshop001\/\",\"name\":\"Tienda Er\u00f3tica\",\"description\":\"DEMOWEB SL\",\"potentialAction\":[{\"@type\":\"SearchAction\",\"target\":{\"@type\":\"EntryPoint\",\"urlTemplate\":\"https:\/\/demoweb.info\/sexshop001\/?s={search_term_string}\"},\"query-input\":\"required name=search_term_string\"}],\"inLanguage\":\"es\"}]}<\/script>\n<!-- \/ Yoast SEO plugin. -->","yoast_head_json":{"title":"NO. 62 - DILDO ANAL CON ANILLOS DE METAL - NEGRO - Tienda Er\u00f3tica","robots":{"index":"noindex","follow":"follow","max-snippet":"max-snippet:-1","max-image-preview":"max-image-preview:large","max-video-preview":"max-video-preview:-1"},"og_locale":"es_ES","og_type":"article","og_title":"NO. 62 - DILDO ANAL CON ANILLOS DE METAL - NEGRO - Tienda Er\u00f3tica","og_description":"NO. 62 &#8211; DILDO WITH METAL RING &#8211; BLACK La mayor\u00eda de los dildos est\u00e1n dise\u00f1ados para la penetraci\u00f3n y","og_url":"https:\/\/demoweb.info\/sexshop001\/producto\/no-62-dildo-anal-con-anillos-de-metal-negro\/","og_site_name":"Tienda Er\u00f3tica","article_modified_time":"2022-01-22T15:34:36+00:00","og_image":[{"width":550,"height":550,"url":"https:\/\/demoweb.info\/sexshop001\/wp-content\/uploads\/2022\/01\/NO.-62-DILDO-ANAL-CON-ANILLOS-DE-METAL-NEGRO.jpg","type":"image\/jpeg"}],"twitter_card":"summary_large_image","twitter_misc":{"Tiempo de lectura":"1 minuto"},"schema":{"@context":"https:\/\/schema.org","@graph":[{"@type":"WebPage","@id":"https:\/\/demoweb.info\/sexshop001\/producto\/no-62-dildo-anal-con-anillos-de-metal-negro\/","url":"https:\/\/demoweb.info\/sexshop001\/producto\/no-62-dildo-anal-con-anillos-de-metal-negro\/","name":"NO. 62 - DILDO ANAL CON ANILLOS DE METAL - NEGRO - Tienda Er\u00f3tica","isPartOf":{"@id":"https:\/\/demoweb.info\/sexshop001\/#website"},"datePublished":"2022-01-22T15:34:27+00:00","dateModified":"2022-01-22T15:34:36+00:00","breadcrumb":{"@id":"https:\/\/demoweb.info\/sexshop001\/producto\/no-62-dildo-anal-con-anillos-de-metal-negro\/#breadcrumb"},"inLanguage":"es","potentialAction":[{"@type":"ReadAction","target":["https:\/\/demoweb.info\/sexshop001\/producto\/no-62-dildo-anal-con-anillos-de-metal-negro\/"]}]},{"@type":"BreadcrumbList","@id":"https:\/\/demoweb.info\/sexshop001\/producto\/no-62-dildo-anal-con-anillos-de-metal-negro\/#breadcrumb","itemListElement":[{"@type":"ListItem","position":1,"name":"Portada","item":"https:\/\/demoweb.info\/sexshop001\/"},{"@type":"ListItem","position":2,"name":"Tienda","item":"https:\/\/demoweb.info\/sexshop001\/tienda\/"},{"@type":"ListItem","position":3,"name":"NO. 62 &#8211; DILDO ANAL CON ANILLOS DE METAL &#8211; NEGRO"}]},{"@type":"WebSite","@id":"https:\/\/demoweb.info\/sexshop001\/#website","url":"https:\/\/demoweb.info\/sexshop001\/","name":"Tienda Er\u00f3tica","description":"DEMOWEB SL","potentialAction":[{"@type":"SearchAction","target":{"@type":"EntryPoint","urlTemplate":"https:\/\/demoweb.info\/sexshop001\/?s={search_term_string}"},"query-input":"required name=search_term_string"}],"inLanguage":"es"}]}},"_links":{"self":[{"href":"https:\/\/demoweb.info\/sexshop001\/wp-json\/wp\/v3\/product\/53100","targetHints":{"allow":["GET"]}}],"collection":[{"href":"https:\/\/demoweb.info\/sexshop001\/wp-json\/wp\/v3\/product"}],"about":[{"href":"https:\/\/demoweb.info\/sexshop001\/wp-json\/wp\/v2\/types\/product"}],"replies":[{"embeddable":true,"href":"https:\/\/demoweb.info\/sexshop001\/wp-json\/wp\/v2\/comments?post=53100"}],"wp:featuredmedia":[{"embeddable":true,"href":"https:\/\/demoweb.info\/sexshop001\/wp-json\/wp\/v2\/media\/53101"}],"wp:attachment":[{"href":"https:\/\/demoweb.info\/sexshop001\/wp-json\/wp\/v2\/media?parent=53100"}],"wp:term":[{"taxonomy":"product_cat","embeddable":true,"href":"https:\/\/demoweb.info\/sexshop001\/wp-json\/wp\/v2\/product_cat?post=53100"},{"taxonomy":"product_tag","embeddable":true,"href":"https:\/\/demoweb.info\/sexshop001\/wp-json\/wp\/v2\/product_tag?post=53100"}],"curies":[{"name":"wp","href":"https:\/\/api.w.org\/{rel}","templated":true}]}}