{"id":53089,"date":"2022-01-22T16:34:27","date_gmt":"2022-01-22T15:34:27","guid":{"rendered":"https:\/\/demoweb.info\/sexshop001\/producto\/e-stimulation-conejito-vibrador-negro\/"},"modified":"2022-01-22T16:34:30","modified_gmt":"2022-01-22T15:34:30","slug":"e-stimulation-conejito-vibrador-negro","status":"publish","type":"product","link":"https:\/\/demoweb.info\/sexshop001\/producto\/e-stimulation-conejito-vibrador-negro\/","title":{"rendered":"E-STIMULATION CONEJITO VIBRADOR &#8211; NEGRO"},"content":{"rendered":"<p><strong>E-STIMULATION RABBIT VIBRATOR &#8211; BLACK<\/strong><\/p>\n<p>\u00bfEst\u00e1 buscando un conejito vibrador con algo especial? \u00a1No busqueS m\u00e1s porque Tus sue\u00f1os se han hecho realidad!<\/p>\n<p>Este art\u00edculo viene con una modalidad de 10 velocidades haciendo que el conejito se vuelva loco. Para completarlo los estimuladores del punto G y el \u00e1rea del cl\u00edtoris pueden darle un efecto el\u00e9ctrico adicional para tener mayores orgasmos. Esta herramienta el\u00e9ctrica es de suave silicona. La funci\u00f3n de electroshock s\u00f3lo se activar\u00e1 cuando las partes con reborde toquen la piel simult\u00e1neamente.<\/p>\n<p>Especificaciones:<br \/>\n&#8211; Rotaciones por minuto: 11000 RPM<br \/>\n&#8211; Choque de modos de velocidad: 5<br \/>\n&#8211; Vibraci\u00f3n de modos de velocidad: 10<br \/>\n&#8211; Nivel de ruido: M\u00e1x. 50 dB<br \/>\n&#8211; Tallas: \u00d8 3,6 cm &#8211; 19 cm<br \/>\n&#8211; Tiempo de carga de la bater\u00eda: 120 minutos<br \/>\n&#8211; Duraci\u00f3n de la bater\u00eda: 90 minutos<br \/>\n&#8211; Material: ABS y silicona<br \/>\n&#8211; Impermeable durante la vibraci\u00f3n: s\u00ed<br \/>\n&#8211; Impermeable durante e-stim: No<br \/>\n&#8211; Libre de ftalato: S\u00ed<\/p>\n","protected":false},"excerpt":{"rendered":"<p>E-STIMULATION RABBIT VIBRATOR &#8211; BLACK \u00bfEst\u00e1 buscando un conejito vibrador con algo especial? \u00a1No busqueS m\u00e1s porque Tus sue\u00f1os se<\/p>\n","protected":false},"featured_media":53090,"comment_status":"open","ping_status":"open","template":"","meta":[],"product_cat":[434],"product_tag":[303,302],"class_list":["post-53089","product","type-product","status-publish","has-post-thumbnail","hentry","product_cat-doble-estimulacion-vibradores-juguetes-xxx","product_tag-electroshock","product_tag-shots"],"bundled_by":[],"bundle_stock_status":"instock","bundle_stock_quantity":1,"bundle_virtual":false,"bundle_layout":"","bundle_add_to_cart_form_location":"","bundle_editable_in_cart":false,"bundle_sold_individually_context":"","bundle_item_grouping":"","bundle_min_size":"","bundle_max_size":"","bundled_items":[],"yoast_head":"<!-- This site is optimized with the Yoast SEO plugin v20.6 - https:\/\/yoast.com\/wordpress\/plugins\/seo\/ -->\n<title>E-STIMULATION CONEJITO VIBRADOR - NEGRO - Tienda Er\u00f3tica<\/title>\n<meta name=\"robots\" content=\"noindex, follow, max-snippet:-1, max-image-preview:large, max-video-preview:-1\" \/>\n<meta property=\"og:locale\" content=\"es_ES\" \/>\n<meta property=\"og:type\" content=\"article\" \/>\n<meta property=\"og:title\" content=\"E-STIMULATION CONEJITO VIBRADOR - NEGRO - Tienda Er\u00f3tica\" \/>\n<meta property=\"og:description\" content=\"E-STIMULATION RABBIT VIBRATOR &#8211; BLACK \u00bfEst\u00e1 buscando un conejito vibrador con algo especial? \u00a1No busqueS m\u00e1s porque Tus sue\u00f1os se\" \/>\n<meta property=\"og:url\" content=\"https:\/\/demoweb.info\/sexshop001\/producto\/e-stimulation-conejito-vibrador-negro\/\" \/>\n<meta property=\"og:site_name\" content=\"Tienda Er\u00f3tica\" \/>\n<meta property=\"article:modified_time\" content=\"2022-01-22T15:34:30+00:00\" \/>\n<meta property=\"og:image\" content=\"https:\/\/demoweb.info\/sexshop001\/wp-content\/uploads\/2022\/01\/E-STIMULATION-CONEJITO-VIBRADOR-NEGRO.jpg\" \/>\n\t<meta property=\"og:image:width\" content=\"550\" \/>\n\t<meta property=\"og:image:height\" content=\"550\" \/>\n\t<meta property=\"og:image:type\" content=\"image\/jpeg\" \/>\n<meta name=\"twitter:card\" content=\"summary_large_image\" \/>\n<meta name=\"twitter:label1\" content=\"Tiempo de lectura\" \/>\n\t<meta name=\"twitter:data1\" content=\"1 minuto\" \/>\n<script type=\"application\/ld+json\" class=\"yoast-schema-graph\">{\"@context\":\"https:\/\/schema.org\",\"@graph\":[{\"@type\":\"WebPage\",\"@id\":\"https:\/\/demoweb.info\/sexshop001\/producto\/e-stimulation-conejito-vibrador-negro\/\",\"url\":\"https:\/\/demoweb.info\/sexshop001\/producto\/e-stimulation-conejito-vibrador-negro\/\",\"name\":\"E-STIMULATION CONEJITO VIBRADOR - NEGRO - Tienda Er\u00f3tica\",\"isPartOf\":{\"@id\":\"https:\/\/demoweb.info\/sexshop001\/#website\"},\"datePublished\":\"2022-01-22T15:34:27+00:00\",\"dateModified\":\"2022-01-22T15:34:30+00:00\",\"breadcrumb\":{\"@id\":\"https:\/\/demoweb.info\/sexshop001\/producto\/e-stimulation-conejito-vibrador-negro\/#breadcrumb\"},\"inLanguage\":\"es\",\"potentialAction\":[{\"@type\":\"ReadAction\",\"target\":[\"https:\/\/demoweb.info\/sexshop001\/producto\/e-stimulation-conejito-vibrador-negro\/\"]}]},{\"@type\":\"BreadcrumbList\",\"@id\":\"https:\/\/demoweb.info\/sexshop001\/producto\/e-stimulation-conejito-vibrador-negro\/#breadcrumb\",\"itemListElement\":[{\"@type\":\"ListItem\",\"position\":1,\"name\":\"Portada\",\"item\":\"https:\/\/demoweb.info\/sexshop001\/\"},{\"@type\":\"ListItem\",\"position\":2,\"name\":\"Tienda\",\"item\":\"https:\/\/demoweb.info\/sexshop001\/tienda\/\"},{\"@type\":\"ListItem\",\"position\":3,\"name\":\"E-STIMULATION CONEJITO VIBRADOR &#8211; NEGRO\"}]},{\"@type\":\"WebSite\",\"@id\":\"https:\/\/demoweb.info\/sexshop001\/#website\",\"url\":\"https:\/\/demoweb.info\/sexshop001\/\",\"name\":\"Tienda Er\u00f3tica\",\"description\":\"DEMOWEB SL\",\"potentialAction\":[{\"@type\":\"SearchAction\",\"target\":{\"@type\":\"EntryPoint\",\"urlTemplate\":\"https:\/\/demoweb.info\/sexshop001\/?s={search_term_string}\"},\"query-input\":\"required name=search_term_string\"}],\"inLanguage\":\"es\"}]}<\/script>\n<!-- \/ Yoast SEO plugin. -->","yoast_head_json":{"title":"E-STIMULATION CONEJITO VIBRADOR - NEGRO - Tienda Er\u00f3tica","robots":{"index":"noindex","follow":"follow","max-snippet":"max-snippet:-1","max-image-preview":"max-image-preview:large","max-video-preview":"max-video-preview:-1"},"og_locale":"es_ES","og_type":"article","og_title":"E-STIMULATION CONEJITO VIBRADOR - NEGRO - Tienda Er\u00f3tica","og_description":"E-STIMULATION RABBIT VIBRATOR &#8211; BLACK \u00bfEst\u00e1 buscando un conejito vibrador con algo especial? \u00a1No busqueS m\u00e1s porque Tus sue\u00f1os se","og_url":"https:\/\/demoweb.info\/sexshop001\/producto\/e-stimulation-conejito-vibrador-negro\/","og_site_name":"Tienda Er\u00f3tica","article_modified_time":"2022-01-22T15:34:30+00:00","og_image":[{"width":550,"height":550,"url":"https:\/\/demoweb.info\/sexshop001\/wp-content\/uploads\/2022\/01\/E-STIMULATION-CONEJITO-VIBRADOR-NEGRO.jpg","type":"image\/jpeg"}],"twitter_card":"summary_large_image","twitter_misc":{"Tiempo de lectura":"1 minuto"},"schema":{"@context":"https:\/\/schema.org","@graph":[{"@type":"WebPage","@id":"https:\/\/demoweb.info\/sexshop001\/producto\/e-stimulation-conejito-vibrador-negro\/","url":"https:\/\/demoweb.info\/sexshop001\/producto\/e-stimulation-conejito-vibrador-negro\/","name":"E-STIMULATION CONEJITO VIBRADOR - NEGRO - Tienda Er\u00f3tica","isPartOf":{"@id":"https:\/\/demoweb.info\/sexshop001\/#website"},"datePublished":"2022-01-22T15:34:27+00:00","dateModified":"2022-01-22T15:34:30+00:00","breadcrumb":{"@id":"https:\/\/demoweb.info\/sexshop001\/producto\/e-stimulation-conejito-vibrador-negro\/#breadcrumb"},"inLanguage":"es","potentialAction":[{"@type":"ReadAction","target":["https:\/\/demoweb.info\/sexshop001\/producto\/e-stimulation-conejito-vibrador-negro\/"]}]},{"@type":"BreadcrumbList","@id":"https:\/\/demoweb.info\/sexshop001\/producto\/e-stimulation-conejito-vibrador-negro\/#breadcrumb","itemListElement":[{"@type":"ListItem","position":1,"name":"Portada","item":"https:\/\/demoweb.info\/sexshop001\/"},{"@type":"ListItem","position":2,"name":"Tienda","item":"https:\/\/demoweb.info\/sexshop001\/tienda\/"},{"@type":"ListItem","position":3,"name":"E-STIMULATION CONEJITO VIBRADOR &#8211; NEGRO"}]},{"@type":"WebSite","@id":"https:\/\/demoweb.info\/sexshop001\/#website","url":"https:\/\/demoweb.info\/sexshop001\/","name":"Tienda Er\u00f3tica","description":"DEMOWEB SL","potentialAction":[{"@type":"SearchAction","target":{"@type":"EntryPoint","urlTemplate":"https:\/\/demoweb.info\/sexshop001\/?s={search_term_string}"},"query-input":"required name=search_term_string"}],"inLanguage":"es"}]}},"_links":{"self":[{"href":"https:\/\/demoweb.info\/sexshop001\/wp-json\/wp\/v3\/product\/53089","targetHints":{"allow":["GET"]}}],"collection":[{"href":"https:\/\/demoweb.info\/sexshop001\/wp-json\/wp\/v3\/product"}],"about":[{"href":"https:\/\/demoweb.info\/sexshop001\/wp-json\/wp\/v2\/types\/product"}],"replies":[{"embeddable":true,"href":"https:\/\/demoweb.info\/sexshop001\/wp-json\/wp\/v2\/comments?post=53089"}],"wp:featuredmedia":[{"embeddable":true,"href":"https:\/\/demoweb.info\/sexshop001\/wp-json\/wp\/v2\/media\/53090"}],"wp:attachment":[{"href":"https:\/\/demoweb.info\/sexshop001\/wp-json\/wp\/v2\/media?parent=53089"}],"wp:term":[{"taxonomy":"product_cat","embeddable":true,"href":"https:\/\/demoweb.info\/sexshop001\/wp-json\/wp\/v2\/product_cat?post=53089"},{"taxonomy":"product_tag","embeddable":true,"href":"https:\/\/demoweb.info\/sexshop001\/wp-json\/wp\/v2\/product_tag?post=53089"}],"curies":[{"name":"wp","href":"https:\/\/api.w.org\/{rel}","templated":true}]}}