{"id":53081,"date":"2022-01-22T16:34:06","date_gmt":"2022-01-22T15:34:06","guid":{"rendered":"https:\/\/demoweb.info\/sexshop001\/producto\/alexis-classic-vibrador-g-spot-negro\/"},"modified":"2022-01-22T16:34:23","modified_gmt":"2022-01-22T15:34:23","slug":"alexis-classic-vibrador-g-spot-negro","status":"publish","type":"product","link":"https:\/\/demoweb.info\/sexshop001\/producto\/alexis-classic-vibrador-g-spot-negro\/","title":{"rendered":"ALEXIS CLASSIC VIBRADOR G-SPOT &#8211; NEGRO"},"content":{"rendered":"<p><strong>ALEXIS CLASSIC G-SPOT VIBRATOR &#8211; BLACK<\/strong><\/p>\n<p>Si te encanta el vibrador cl\u00e1sico, pero quieres todas las ventajas de hoy d\u00eda, no te equivocar\u00e1s con este. \u00a1Los extras de este Cl\u00e1sico vienen en forma de un dise\u00f1o ergon\u00f3mico con estimulador para el punto G y un activador fuerte para el cl\u00edtoris!<\/p>\n<p>Fabricado de silic\u00f3n adem\u00e1s de ABS, viene con un recargador USB de 10 velocidades fabricado para tu m\u00e1ximo placer. Llega hasta una impresionante velocidad de 7500 rpm con un discreto nivel de ruido de menos de 50 dB, \u00a1este Cl\u00e1sico nunca te defraudar\u00e1!<\/p>\n<p>Caracter\u00edsticas:<br \/>\n&#8211; Longitud del producto: 20 cm<br \/>\n&#8211; Di\u00e1metro del producto: 3,10 cm<br \/>\n&#8211; Modos de velocidad: 10<br \/>\n&#8211; Material: ABS, Silicona<br \/>\n&#8211; Resistente al agua.<br \/>\n&#8211; Sin flatos.<br \/>\n&#8211; Nivel de ruido: max. 50 dB<br \/>\n&#8211; Recargable.<br \/>\n&#8211; Vida de la bater\u00eda: 100 min<br \/>\n&#8211; Carga completa: 120 min<\/p>\n","protected":false},"excerpt":{"rendered":"<p>ALEXIS CLASSIC G-SPOT VIBRATOR &#8211; BLACK Si te encanta el vibrador cl\u00e1sico, pero quieres todas las ventajas de hoy d\u00eda,<\/p>\n","protected":false},"featured_media":53082,"comment_status":"open","ping_status":"open","template":"","meta":[],"product_cat":[434],"product_tag":[302,321],"class_list":["post-53081","product","type-product","status-publish","has-post-thumbnail","hentry","product_cat-doble-estimulacion-vibradores-juguetes-xxx","product_tag-shots","product_tag-simplicity"],"bundled_by":[],"bundle_stock_status":"instock","bundle_stock_quantity":1,"bundle_virtual":false,"bundle_layout":"","bundle_add_to_cart_form_location":"","bundle_editable_in_cart":false,"bundle_sold_individually_context":"","bundle_item_grouping":"","bundle_min_size":"","bundle_max_size":"","bundled_items":[],"yoast_head":"<!-- This site is optimized with the Yoast SEO plugin v20.6 - https:\/\/yoast.com\/wordpress\/plugins\/seo\/ -->\n<title>ALEXIS CLASSIC VIBRADOR G-SPOT - NEGRO - Tienda Er\u00f3tica<\/title>\n<meta name=\"robots\" content=\"noindex, follow, max-snippet:-1, max-image-preview:large, max-video-preview:-1\" \/>\n<meta property=\"og:locale\" content=\"es_ES\" \/>\n<meta property=\"og:type\" content=\"article\" \/>\n<meta property=\"og:title\" content=\"ALEXIS CLASSIC VIBRADOR G-SPOT - NEGRO - Tienda Er\u00f3tica\" \/>\n<meta property=\"og:description\" content=\"ALEXIS CLASSIC G-SPOT VIBRATOR &#8211; BLACK Si te encanta el vibrador cl\u00e1sico, pero quieres todas las ventajas de hoy d\u00eda,\" \/>\n<meta property=\"og:url\" content=\"https:\/\/demoweb.info\/sexshop001\/producto\/alexis-classic-vibrador-g-spot-negro\/\" \/>\n<meta property=\"og:site_name\" content=\"Tienda Er\u00f3tica\" \/>\n<meta property=\"article:modified_time\" content=\"2022-01-22T15:34:23+00:00\" \/>\n<meta property=\"og:image\" content=\"https:\/\/demoweb.info\/sexshop001\/wp-content\/uploads\/2022\/01\/ALEXIS-CLASSIC-VIBRADOR-G-SPOT-NEGRO.jpg\" \/>\n\t<meta property=\"og:image:width\" content=\"550\" \/>\n\t<meta property=\"og:image:height\" content=\"550\" \/>\n\t<meta property=\"og:image:type\" content=\"image\/jpeg\" \/>\n<meta name=\"twitter:card\" content=\"summary_large_image\" \/>\n<meta name=\"twitter:label1\" content=\"Tiempo de lectura\" \/>\n\t<meta name=\"twitter:data1\" content=\"1 minuto\" \/>\n<script type=\"application\/ld+json\" class=\"yoast-schema-graph\">{\"@context\":\"https:\/\/schema.org\",\"@graph\":[{\"@type\":\"WebPage\",\"@id\":\"https:\/\/demoweb.info\/sexshop001\/producto\/alexis-classic-vibrador-g-spot-negro\/\",\"url\":\"https:\/\/demoweb.info\/sexshop001\/producto\/alexis-classic-vibrador-g-spot-negro\/\",\"name\":\"ALEXIS CLASSIC VIBRADOR G-SPOT - NEGRO - Tienda Er\u00f3tica\",\"isPartOf\":{\"@id\":\"https:\/\/demoweb.info\/sexshop001\/#website\"},\"datePublished\":\"2022-01-22T15:34:06+00:00\",\"dateModified\":\"2022-01-22T15:34:23+00:00\",\"breadcrumb\":{\"@id\":\"https:\/\/demoweb.info\/sexshop001\/producto\/alexis-classic-vibrador-g-spot-negro\/#breadcrumb\"},\"inLanguage\":\"es\",\"potentialAction\":[{\"@type\":\"ReadAction\",\"target\":[\"https:\/\/demoweb.info\/sexshop001\/producto\/alexis-classic-vibrador-g-spot-negro\/\"]}]},{\"@type\":\"BreadcrumbList\",\"@id\":\"https:\/\/demoweb.info\/sexshop001\/producto\/alexis-classic-vibrador-g-spot-negro\/#breadcrumb\",\"itemListElement\":[{\"@type\":\"ListItem\",\"position\":1,\"name\":\"Portada\",\"item\":\"https:\/\/demoweb.info\/sexshop001\/\"},{\"@type\":\"ListItem\",\"position\":2,\"name\":\"Tienda\",\"item\":\"https:\/\/demoweb.info\/sexshop001\/tienda\/\"},{\"@type\":\"ListItem\",\"position\":3,\"name\":\"ALEXIS CLASSIC VIBRADOR G-SPOT &#8211; NEGRO\"}]},{\"@type\":\"WebSite\",\"@id\":\"https:\/\/demoweb.info\/sexshop001\/#website\",\"url\":\"https:\/\/demoweb.info\/sexshop001\/\",\"name\":\"Tienda Er\u00f3tica\",\"description\":\"DEMOWEB SL\",\"potentialAction\":[{\"@type\":\"SearchAction\",\"target\":{\"@type\":\"EntryPoint\",\"urlTemplate\":\"https:\/\/demoweb.info\/sexshop001\/?s={search_term_string}\"},\"query-input\":\"required name=search_term_string\"}],\"inLanguage\":\"es\"}]}<\/script>\n<!-- \/ Yoast SEO plugin. -->","yoast_head_json":{"title":"ALEXIS CLASSIC VIBRADOR G-SPOT - NEGRO - Tienda Er\u00f3tica","robots":{"index":"noindex","follow":"follow","max-snippet":"max-snippet:-1","max-image-preview":"max-image-preview:large","max-video-preview":"max-video-preview:-1"},"og_locale":"es_ES","og_type":"article","og_title":"ALEXIS CLASSIC VIBRADOR G-SPOT - NEGRO - Tienda Er\u00f3tica","og_description":"ALEXIS CLASSIC G-SPOT VIBRATOR &#8211; BLACK Si te encanta el vibrador cl\u00e1sico, pero quieres todas las ventajas de hoy d\u00eda,","og_url":"https:\/\/demoweb.info\/sexshop001\/producto\/alexis-classic-vibrador-g-spot-negro\/","og_site_name":"Tienda Er\u00f3tica","article_modified_time":"2022-01-22T15:34:23+00:00","og_image":[{"width":550,"height":550,"url":"https:\/\/demoweb.info\/sexshop001\/wp-content\/uploads\/2022\/01\/ALEXIS-CLASSIC-VIBRADOR-G-SPOT-NEGRO.jpg","type":"image\/jpeg"}],"twitter_card":"summary_large_image","twitter_misc":{"Tiempo de lectura":"1 minuto"},"schema":{"@context":"https:\/\/schema.org","@graph":[{"@type":"WebPage","@id":"https:\/\/demoweb.info\/sexshop001\/producto\/alexis-classic-vibrador-g-spot-negro\/","url":"https:\/\/demoweb.info\/sexshop001\/producto\/alexis-classic-vibrador-g-spot-negro\/","name":"ALEXIS CLASSIC VIBRADOR G-SPOT - NEGRO - Tienda Er\u00f3tica","isPartOf":{"@id":"https:\/\/demoweb.info\/sexshop001\/#website"},"datePublished":"2022-01-22T15:34:06+00:00","dateModified":"2022-01-22T15:34:23+00:00","breadcrumb":{"@id":"https:\/\/demoweb.info\/sexshop001\/producto\/alexis-classic-vibrador-g-spot-negro\/#breadcrumb"},"inLanguage":"es","potentialAction":[{"@type":"ReadAction","target":["https:\/\/demoweb.info\/sexshop001\/producto\/alexis-classic-vibrador-g-spot-negro\/"]}]},{"@type":"BreadcrumbList","@id":"https:\/\/demoweb.info\/sexshop001\/producto\/alexis-classic-vibrador-g-spot-negro\/#breadcrumb","itemListElement":[{"@type":"ListItem","position":1,"name":"Portada","item":"https:\/\/demoweb.info\/sexshop001\/"},{"@type":"ListItem","position":2,"name":"Tienda","item":"https:\/\/demoweb.info\/sexshop001\/tienda\/"},{"@type":"ListItem","position":3,"name":"ALEXIS CLASSIC VIBRADOR G-SPOT &#8211; NEGRO"}]},{"@type":"WebSite","@id":"https:\/\/demoweb.info\/sexshop001\/#website","url":"https:\/\/demoweb.info\/sexshop001\/","name":"Tienda Er\u00f3tica","description":"DEMOWEB SL","potentialAction":[{"@type":"SearchAction","target":{"@type":"EntryPoint","urlTemplate":"https:\/\/demoweb.info\/sexshop001\/?s={search_term_string}"},"query-input":"required name=search_term_string"}],"inLanguage":"es"}]}},"_links":{"self":[{"href":"https:\/\/demoweb.info\/sexshop001\/wp-json\/wp\/v3\/product\/53081","targetHints":{"allow":["GET"]}}],"collection":[{"href":"https:\/\/demoweb.info\/sexshop001\/wp-json\/wp\/v3\/product"}],"about":[{"href":"https:\/\/demoweb.info\/sexshop001\/wp-json\/wp\/v2\/types\/product"}],"replies":[{"embeddable":true,"href":"https:\/\/demoweb.info\/sexshop001\/wp-json\/wp\/v2\/comments?post=53081"}],"wp:featuredmedia":[{"embeddable":true,"href":"https:\/\/demoweb.info\/sexshop001\/wp-json\/wp\/v2\/media\/53082"}],"wp:attachment":[{"href":"https:\/\/demoweb.info\/sexshop001\/wp-json\/wp\/v2\/media?parent=53081"}],"wp:term":[{"taxonomy":"product_cat","embeddable":true,"href":"https:\/\/demoweb.info\/sexshop001\/wp-json\/wp\/v2\/product_cat?post=53081"},{"taxonomy":"product_tag","embeddable":true,"href":"https:\/\/demoweb.info\/sexshop001\/wp-json\/wp\/v2\/product_tag?post=53081"}],"curies":[{"name":"wp","href":"https:\/\/api.w.org\/{rel}","templated":true}]}}