{"id":53065,"date":"2022-01-22T16:34:06","date_gmt":"2022-01-22T15:34:06","guid":{"rendered":"https:\/\/demoweb.info\/sexshop001\/producto\/butt-plug-basic-128-cm-cristal\/"},"modified":"2022-01-22T16:34:11","modified_gmt":"2022-01-22T15:34:11","slug":"butt-plug-basic-128-cm-cristal","status":"publish","type":"product","link":"https:\/\/demoweb.info\/sexshop001\/producto\/butt-plug-basic-128-cm-cristal\/","title":{"rendered":"BUTT PLUG &#8211; BASIC &#8211; 12,8 CM &#8211; CRISTAL"},"content":{"rendered":"<p><strong>BUTT PLUG &#8211; BASIC &#8211; 5 INCH &#8211; GLASS<\/strong><\/p>\n<p>Este plug artesanal de cristal de 12,8 cm cuenta con una funci\u00f3n de seguridad para que no se vaya muy lejos. Est\u00e1 hecho de cristal de borosilicato, por lo que es f\u00e1cil de limpiar, seguro para el cuerpo y perfecto para jugar con el fr\u00edo y el calor.<\/p>\n<p>Puedes calentarlo sin problemas en el microondas o ponerlo en agua caliente. \u00bfPrefieres el fr\u00edo? Puedes ponerlo en el congelador o en agua fr\u00eda.<\/p>\n<p>Caracter\u00edsticas:<br \/>\n&#8211; Tama\u00f1o total del plug: 12,8 cm<br \/>\n&#8211; Di\u00e1metro: 4,1 cm<br \/>\n&#8211; Longitud insertable: 11 cm<br \/>\n&#8211; Material: Cristal<br \/>\n&#8211; Resistente al agua.<br \/>\n&#8211; Sin ftalatos.<\/p>\n","protected":false},"excerpt":{"rendered":"<p>BUTT PLUG &#8211; BASIC &#8211; 5 INCH &#8211; GLASS Este plug artesanal de cristal de 12,8 cm cuenta con una<\/p>\n","protected":false},"featured_media":53066,"comment_status":"open","ping_status":"open","template":"","meta":[],"product_cat":[462],"product_tag":[1507,302],"class_list":["post-53065","product","type-product","status-publish","has-post-thumbnail","hentry","product_cat-cristal","product_tag-plug-and-play","product_tag-shots"],"bundled_by":[],"bundle_stock_status":"outofstock","bundle_stock_quantity":0,"bundle_virtual":false,"bundle_layout":"","bundle_add_to_cart_form_location":"","bundle_editable_in_cart":false,"bundle_sold_individually_context":"","bundle_item_grouping":"","bundle_min_size":"","bundle_max_size":"","bundled_items":[],"yoast_head":"<!-- This site is optimized with the Yoast SEO plugin v20.6 - https:\/\/yoast.com\/wordpress\/plugins\/seo\/ -->\n<title>BUTT PLUG - BASIC - 12,8 CM - CRISTAL - Tienda Er\u00f3tica<\/title>\n<meta name=\"robots\" content=\"noindex, follow, max-snippet:-1, max-image-preview:large, max-video-preview:-1\" \/>\n<meta property=\"og:locale\" content=\"es_ES\" \/>\n<meta property=\"og:type\" content=\"article\" \/>\n<meta property=\"og:title\" content=\"BUTT PLUG - BASIC - 12,8 CM - CRISTAL - Tienda Er\u00f3tica\" \/>\n<meta property=\"og:description\" content=\"BUTT PLUG &#8211; BASIC &#8211; 5 INCH &#8211; GLASS Este plug artesanal de cristal de 12,8 cm cuenta con una\" \/>\n<meta property=\"og:url\" content=\"https:\/\/demoweb.info\/sexshop001\/producto\/butt-plug-basic-128-cm-cristal\/\" \/>\n<meta property=\"og:site_name\" content=\"Tienda Er\u00f3tica\" \/>\n<meta property=\"article:modified_time\" content=\"2022-01-22T15:34:11+00:00\" \/>\n<meta property=\"og:image\" content=\"https:\/\/demoweb.info\/sexshop001\/wp-content\/uploads\/2022\/01\/BUTT-PLUG-BASIC-128-CM-CRISTAL.jpg\" \/>\n\t<meta property=\"og:image:width\" content=\"550\" \/>\n\t<meta property=\"og:image:height\" content=\"550\" \/>\n\t<meta property=\"og:image:type\" content=\"image\/jpeg\" \/>\n<meta name=\"twitter:card\" content=\"summary_large_image\" \/>\n<meta name=\"twitter:label1\" content=\"Tiempo de lectura\" \/>\n\t<meta name=\"twitter:data1\" content=\"1 minuto\" \/>\n<script type=\"application\/ld+json\" class=\"yoast-schema-graph\">{\"@context\":\"https:\/\/schema.org\",\"@graph\":[{\"@type\":\"WebPage\",\"@id\":\"https:\/\/demoweb.info\/sexshop001\/producto\/butt-plug-basic-128-cm-cristal\/\",\"url\":\"https:\/\/demoweb.info\/sexshop001\/producto\/butt-plug-basic-128-cm-cristal\/\",\"name\":\"BUTT PLUG - BASIC - 12,8 CM - CRISTAL - Tienda Er\u00f3tica\",\"isPartOf\":{\"@id\":\"https:\/\/demoweb.info\/sexshop001\/#website\"},\"datePublished\":\"2022-01-22T15:34:06+00:00\",\"dateModified\":\"2022-01-22T15:34:11+00:00\",\"breadcrumb\":{\"@id\":\"https:\/\/demoweb.info\/sexshop001\/producto\/butt-plug-basic-128-cm-cristal\/#breadcrumb\"},\"inLanguage\":\"es\",\"potentialAction\":[{\"@type\":\"ReadAction\",\"target\":[\"https:\/\/demoweb.info\/sexshop001\/producto\/butt-plug-basic-128-cm-cristal\/\"]}]},{\"@type\":\"BreadcrumbList\",\"@id\":\"https:\/\/demoweb.info\/sexshop001\/producto\/butt-plug-basic-128-cm-cristal\/#breadcrumb\",\"itemListElement\":[{\"@type\":\"ListItem\",\"position\":1,\"name\":\"Portada\",\"item\":\"https:\/\/demoweb.info\/sexshop001\/\"},{\"@type\":\"ListItem\",\"position\":2,\"name\":\"Tienda\",\"item\":\"https:\/\/demoweb.info\/sexshop001\/tienda\/\"},{\"@type\":\"ListItem\",\"position\":3,\"name\":\"BUTT PLUG &#8211; BASIC &#8211; 12,8 CM &#8211; CRISTAL\"}]},{\"@type\":\"WebSite\",\"@id\":\"https:\/\/demoweb.info\/sexshop001\/#website\",\"url\":\"https:\/\/demoweb.info\/sexshop001\/\",\"name\":\"Tienda Er\u00f3tica\",\"description\":\"DEMOWEB SL\",\"potentialAction\":[{\"@type\":\"SearchAction\",\"target\":{\"@type\":\"EntryPoint\",\"urlTemplate\":\"https:\/\/demoweb.info\/sexshop001\/?s={search_term_string}\"},\"query-input\":\"required name=search_term_string\"}],\"inLanguage\":\"es\"}]}<\/script>\n<!-- \/ Yoast SEO plugin. -->","yoast_head_json":{"title":"BUTT PLUG - BASIC - 12,8 CM - CRISTAL - Tienda Er\u00f3tica","robots":{"index":"noindex","follow":"follow","max-snippet":"max-snippet:-1","max-image-preview":"max-image-preview:large","max-video-preview":"max-video-preview:-1"},"og_locale":"es_ES","og_type":"article","og_title":"BUTT PLUG - BASIC - 12,8 CM - CRISTAL - Tienda Er\u00f3tica","og_description":"BUTT PLUG &#8211; BASIC &#8211; 5 INCH &#8211; GLASS Este plug artesanal de cristal de 12,8 cm cuenta con una","og_url":"https:\/\/demoweb.info\/sexshop001\/producto\/butt-plug-basic-128-cm-cristal\/","og_site_name":"Tienda Er\u00f3tica","article_modified_time":"2022-01-22T15:34:11+00:00","og_image":[{"width":550,"height":550,"url":"https:\/\/demoweb.info\/sexshop001\/wp-content\/uploads\/2022\/01\/BUTT-PLUG-BASIC-128-CM-CRISTAL.jpg","type":"image\/jpeg"}],"twitter_card":"summary_large_image","twitter_misc":{"Tiempo de lectura":"1 minuto"},"schema":{"@context":"https:\/\/schema.org","@graph":[{"@type":"WebPage","@id":"https:\/\/demoweb.info\/sexshop001\/producto\/butt-plug-basic-128-cm-cristal\/","url":"https:\/\/demoweb.info\/sexshop001\/producto\/butt-plug-basic-128-cm-cristal\/","name":"BUTT PLUG - BASIC - 12,8 CM - CRISTAL - Tienda Er\u00f3tica","isPartOf":{"@id":"https:\/\/demoweb.info\/sexshop001\/#website"},"datePublished":"2022-01-22T15:34:06+00:00","dateModified":"2022-01-22T15:34:11+00:00","breadcrumb":{"@id":"https:\/\/demoweb.info\/sexshop001\/producto\/butt-plug-basic-128-cm-cristal\/#breadcrumb"},"inLanguage":"es","potentialAction":[{"@type":"ReadAction","target":["https:\/\/demoweb.info\/sexshop001\/producto\/butt-plug-basic-128-cm-cristal\/"]}]},{"@type":"BreadcrumbList","@id":"https:\/\/demoweb.info\/sexshop001\/producto\/butt-plug-basic-128-cm-cristal\/#breadcrumb","itemListElement":[{"@type":"ListItem","position":1,"name":"Portada","item":"https:\/\/demoweb.info\/sexshop001\/"},{"@type":"ListItem","position":2,"name":"Tienda","item":"https:\/\/demoweb.info\/sexshop001\/tienda\/"},{"@type":"ListItem","position":3,"name":"BUTT PLUG &#8211; BASIC &#8211; 12,8 CM &#8211; CRISTAL"}]},{"@type":"WebSite","@id":"https:\/\/demoweb.info\/sexshop001\/#website","url":"https:\/\/demoweb.info\/sexshop001\/","name":"Tienda Er\u00f3tica","description":"DEMOWEB SL","potentialAction":[{"@type":"SearchAction","target":{"@type":"EntryPoint","urlTemplate":"https:\/\/demoweb.info\/sexshop001\/?s={search_term_string}"},"query-input":"required name=search_term_string"}],"inLanguage":"es"}]}},"_links":{"self":[{"href":"https:\/\/demoweb.info\/sexshop001\/wp-json\/wp\/v3\/product\/53065","targetHints":{"allow":["GET"]}}],"collection":[{"href":"https:\/\/demoweb.info\/sexshop001\/wp-json\/wp\/v3\/product"}],"about":[{"href":"https:\/\/demoweb.info\/sexshop001\/wp-json\/wp\/v2\/types\/product"}],"replies":[{"embeddable":true,"href":"https:\/\/demoweb.info\/sexshop001\/wp-json\/wp\/v2\/comments?post=53065"}],"wp:featuredmedia":[{"embeddable":true,"href":"https:\/\/demoweb.info\/sexshop001\/wp-json\/wp\/v2\/media\/53066"}],"wp:attachment":[{"href":"https:\/\/demoweb.info\/sexshop001\/wp-json\/wp\/v2\/media?parent=53065"}],"wp:term":[{"taxonomy":"product_cat","embeddable":true,"href":"https:\/\/demoweb.info\/sexshop001\/wp-json\/wp\/v2\/product_cat?post=53065"},{"taxonomy":"product_tag","embeddable":true,"href":"https:\/\/demoweb.info\/sexshop001\/wp-json\/wp\/v2\/product_tag?post=53065"}],"curies":[{"name":"wp","href":"https:\/\/api.w.org\/{rel}","templated":true}]}}