{"id":53038,"date":"2022-01-22T16:33:53","date_gmt":"2022-01-22T15:33:53","guid":{"rendered":"https:\/\/demoweb.info\/sexshop001\/producto\/power-delay-spray-retardante-24h-15-ml\/"},"modified":"2022-01-22T16:33:54","modified_gmt":"2022-01-22T15:33:54","slug":"power-delay-spray-retardante-24h-15-ml","status":"publish","type":"product","link":"https:\/\/demoweb.info\/sexshop001\/producto\/power-delay-spray-retardante-24h-15-ml\/","title":{"rendered":"POWER DELAY SPRAY RETARDANTE &#8211; 24H &#8211; 15 ML"},"content":{"rendered":"<p><strong>POWER DELAY SPRAY &#8211; 24H &#8211; 15 ML<\/strong><\/p>\n<p>Power Delay Spray es un m\u00e9todo que ejerce una influencia directa y exitosa sobre la eyaculaci\u00f3n precoz.<\/p>\n<p>Modo de empleo: Utilizar el spray 1 a 3 veces directamente sobre el pene. Despu\u00e9s de aproximadamente 15 minutos, el l\u00edquido ha penetrado perfectamente bien en la piel del pene, produciendo un efecto anest\u00e9sico local. S\u00f3lo para uso externo. Mantener fuera del alcance de los ni\u00f1os. Conservar en un lugar fresco y oscuro.<\/p>\n<p>Ingredientes:<br \/>\nAlcohol Denat, Aqua, Glycerin, Phenoxyethanol, Menthol, Propylene Glycol, Ethylhexylglycerol, Glucose, Lactic Acid, PEG-40 Hydrogenated Castor Oil, Serine, Sodium Lactate, Sorbitol, TEA-Lactate, Trideceth-9, Urea, Aloe Barbadensis Leaf Extract, Citric Acid, Panax Ginseng Root Extract, Sodium Chloride, Allantoin, Potassium Sorbate, Sodium Benzoate, Sodium Sulfate<\/p>\n","protected":false},"excerpt":{"rendered":"<p>POWER DELAY SPRAY &#8211; 24H &#8211; 15 ML Power Delay Spray es un m\u00e9todo que ejerce una influencia directa y<\/p>\n","protected":false},"featured_media":53039,"comment_status":"open","ping_status":"open","template":"","meta":[],"product_cat":[400],"product_tag":[328],"class_list":["post-53038","product","type-product","status-publish","has-post-thumbnail","hentry","product_cat-vigorizantes-para-el-sprays","product_tag-pharmquests"],"bundled_by":[],"bundle_stock_status":"instock","bundle_stock_quantity":4,"bundle_virtual":false,"bundle_layout":"","bundle_add_to_cart_form_location":"","bundle_editable_in_cart":false,"bundle_sold_individually_context":"","bundle_item_grouping":"","bundle_min_size":"","bundle_max_size":"","bundled_items":[],"yoast_head":"<!-- This site is optimized with the Yoast SEO plugin v20.6 - https:\/\/yoast.com\/wordpress\/plugins\/seo\/ -->\n<title>POWER DELAY SPRAY RETARDANTE - 24H - 15 ML - Tienda Er\u00f3tica<\/title>\n<meta name=\"robots\" content=\"noindex, follow, max-snippet:-1, max-image-preview:large, max-video-preview:-1\" \/>\n<meta property=\"og:locale\" content=\"es_ES\" \/>\n<meta property=\"og:type\" content=\"article\" \/>\n<meta property=\"og:title\" content=\"POWER DELAY SPRAY RETARDANTE - 24H - 15 ML - Tienda Er\u00f3tica\" \/>\n<meta property=\"og:description\" content=\"POWER DELAY SPRAY &#8211; 24H &#8211; 15 ML Power Delay Spray es un m\u00e9todo que ejerce una influencia directa y\" \/>\n<meta property=\"og:url\" content=\"https:\/\/demoweb.info\/sexshop001\/producto\/power-delay-spray-retardante-24h-15-ml\/\" \/>\n<meta property=\"og:site_name\" content=\"Tienda Er\u00f3tica\" \/>\n<meta property=\"article:modified_time\" content=\"2022-01-22T15:33:54+00:00\" \/>\n<meta property=\"og:image\" content=\"https:\/\/demoweb.info\/sexshop001\/wp-content\/uploads\/2022\/01\/POWER-DELAY-SPRAY-RETARDANTE-24H-15-ML.jpg\" \/>\n\t<meta property=\"og:image:width\" content=\"550\" \/>\n\t<meta property=\"og:image:height\" content=\"550\" \/>\n\t<meta property=\"og:image:type\" content=\"image\/jpeg\" \/>\n<meta name=\"twitter:card\" content=\"summary_large_image\" \/>\n<meta name=\"twitter:label1\" content=\"Tiempo de lectura\" \/>\n\t<meta name=\"twitter:data1\" content=\"1 minuto\" \/>\n<script type=\"application\/ld+json\" class=\"yoast-schema-graph\">{\"@context\":\"https:\/\/schema.org\",\"@graph\":[{\"@type\":\"WebPage\",\"@id\":\"https:\/\/demoweb.info\/sexshop001\/producto\/power-delay-spray-retardante-24h-15-ml\/\",\"url\":\"https:\/\/demoweb.info\/sexshop001\/producto\/power-delay-spray-retardante-24h-15-ml\/\",\"name\":\"POWER DELAY SPRAY RETARDANTE - 24H - 15 ML - Tienda Er\u00f3tica\",\"isPartOf\":{\"@id\":\"https:\/\/demoweb.info\/sexshop001\/#website\"},\"datePublished\":\"2022-01-22T15:33:53+00:00\",\"dateModified\":\"2022-01-22T15:33:54+00:00\",\"breadcrumb\":{\"@id\":\"https:\/\/demoweb.info\/sexshop001\/producto\/power-delay-spray-retardante-24h-15-ml\/#breadcrumb\"},\"inLanguage\":\"es\",\"potentialAction\":[{\"@type\":\"ReadAction\",\"target\":[\"https:\/\/demoweb.info\/sexshop001\/producto\/power-delay-spray-retardante-24h-15-ml\/\"]}]},{\"@type\":\"BreadcrumbList\",\"@id\":\"https:\/\/demoweb.info\/sexshop001\/producto\/power-delay-spray-retardante-24h-15-ml\/#breadcrumb\",\"itemListElement\":[{\"@type\":\"ListItem\",\"position\":1,\"name\":\"Portada\",\"item\":\"https:\/\/demoweb.info\/sexshop001\/\"},{\"@type\":\"ListItem\",\"position\":2,\"name\":\"Tienda\",\"item\":\"https:\/\/demoweb.info\/sexshop001\/tienda\/\"},{\"@type\":\"ListItem\",\"position\":3,\"name\":\"POWER DELAY SPRAY RETARDANTE &#8211; 24H &#8211; 15 ML\"}]},{\"@type\":\"WebSite\",\"@id\":\"https:\/\/demoweb.info\/sexshop001\/#website\",\"url\":\"https:\/\/demoweb.info\/sexshop001\/\",\"name\":\"Tienda Er\u00f3tica\",\"description\":\"DEMOWEB SL\",\"potentialAction\":[{\"@type\":\"SearchAction\",\"target\":{\"@type\":\"EntryPoint\",\"urlTemplate\":\"https:\/\/demoweb.info\/sexshop001\/?s={search_term_string}\"},\"query-input\":\"required name=search_term_string\"}],\"inLanguage\":\"es\"}]}<\/script>\n<!-- \/ Yoast SEO plugin. -->","yoast_head_json":{"title":"POWER DELAY SPRAY RETARDANTE - 24H - 15 ML - Tienda Er\u00f3tica","robots":{"index":"noindex","follow":"follow","max-snippet":"max-snippet:-1","max-image-preview":"max-image-preview:large","max-video-preview":"max-video-preview:-1"},"og_locale":"es_ES","og_type":"article","og_title":"POWER DELAY SPRAY RETARDANTE - 24H - 15 ML - Tienda Er\u00f3tica","og_description":"POWER DELAY SPRAY &#8211; 24H &#8211; 15 ML Power Delay Spray es un m\u00e9todo que ejerce una influencia directa y","og_url":"https:\/\/demoweb.info\/sexshop001\/producto\/power-delay-spray-retardante-24h-15-ml\/","og_site_name":"Tienda Er\u00f3tica","article_modified_time":"2022-01-22T15:33:54+00:00","og_image":[{"width":550,"height":550,"url":"https:\/\/demoweb.info\/sexshop001\/wp-content\/uploads\/2022\/01\/POWER-DELAY-SPRAY-RETARDANTE-24H-15-ML.jpg","type":"image\/jpeg"}],"twitter_card":"summary_large_image","twitter_misc":{"Tiempo de lectura":"1 minuto"},"schema":{"@context":"https:\/\/schema.org","@graph":[{"@type":"WebPage","@id":"https:\/\/demoweb.info\/sexshop001\/producto\/power-delay-spray-retardante-24h-15-ml\/","url":"https:\/\/demoweb.info\/sexshop001\/producto\/power-delay-spray-retardante-24h-15-ml\/","name":"POWER DELAY SPRAY RETARDANTE - 24H - 15 ML - Tienda Er\u00f3tica","isPartOf":{"@id":"https:\/\/demoweb.info\/sexshop001\/#website"},"datePublished":"2022-01-22T15:33:53+00:00","dateModified":"2022-01-22T15:33:54+00:00","breadcrumb":{"@id":"https:\/\/demoweb.info\/sexshop001\/producto\/power-delay-spray-retardante-24h-15-ml\/#breadcrumb"},"inLanguage":"es","potentialAction":[{"@type":"ReadAction","target":["https:\/\/demoweb.info\/sexshop001\/producto\/power-delay-spray-retardante-24h-15-ml\/"]}]},{"@type":"BreadcrumbList","@id":"https:\/\/demoweb.info\/sexshop001\/producto\/power-delay-spray-retardante-24h-15-ml\/#breadcrumb","itemListElement":[{"@type":"ListItem","position":1,"name":"Portada","item":"https:\/\/demoweb.info\/sexshop001\/"},{"@type":"ListItem","position":2,"name":"Tienda","item":"https:\/\/demoweb.info\/sexshop001\/tienda\/"},{"@type":"ListItem","position":3,"name":"POWER DELAY SPRAY RETARDANTE &#8211; 24H &#8211; 15 ML"}]},{"@type":"WebSite","@id":"https:\/\/demoweb.info\/sexshop001\/#website","url":"https:\/\/demoweb.info\/sexshop001\/","name":"Tienda Er\u00f3tica","description":"DEMOWEB SL","potentialAction":[{"@type":"SearchAction","target":{"@type":"EntryPoint","urlTemplate":"https:\/\/demoweb.info\/sexshop001\/?s={search_term_string}"},"query-input":"required name=search_term_string"}],"inLanguage":"es"}]}},"_links":{"self":[{"href":"https:\/\/demoweb.info\/sexshop001\/wp-json\/wp\/v3\/product\/53038","targetHints":{"allow":["GET"]}}],"collection":[{"href":"https:\/\/demoweb.info\/sexshop001\/wp-json\/wp\/v3\/product"}],"about":[{"href":"https:\/\/demoweb.info\/sexshop001\/wp-json\/wp\/v2\/types\/product"}],"replies":[{"embeddable":true,"href":"https:\/\/demoweb.info\/sexshop001\/wp-json\/wp\/v2\/comments?post=53038"}],"wp:featuredmedia":[{"embeddable":true,"href":"https:\/\/demoweb.info\/sexshop001\/wp-json\/wp\/v2\/media\/53039"}],"wp:attachment":[{"href":"https:\/\/demoweb.info\/sexshop001\/wp-json\/wp\/v2\/media?parent=53038"}],"wp:term":[{"taxonomy":"product_cat","embeddable":true,"href":"https:\/\/demoweb.info\/sexshop001\/wp-json\/wp\/v2\/product_cat?post=53038"},{"taxonomy":"product_tag","embeddable":true,"href":"https:\/\/demoweb.info\/sexshop001\/wp-json\/wp\/v2\/product_tag?post=53038"}],"curies":[{"name":"wp","href":"https:\/\/api.w.org\/{rel}","templated":true}]}}