{"id":53015,"date":"2022-01-22T16:33:35","date_gmt":"2022-01-22T15:33:35","guid":{"rendered":"https:\/\/demoweb.info\/sexshop001\/producto\/wildfire-celebrity-series-tommy-gunn-extension-pene-con-succion\/"},"modified":"2022-01-22T16:33:40","modified_gmt":"2022-01-22T15:33:40","slug":"wildfire-celebrity-series-tommy-gunn-extension-pene-con-succion","status":"publish","type":"product","link":"https:\/\/demoweb.info\/sexshop001\/producto\/wildfire-celebrity-series-tommy-gunn-extension-pene-con-succion\/","title":{"rendered":"WILDFIRE CELEBRITY SERIES TOMMY GUNN EXTENSI\u00d3N PENE CON SUCCI\u00d3N"},"content":{"rendered":"<p><strong>WILDFIRE CELEBRITY SERIES TOMMY GUNN POWER SUCTION PENIS EXTENSION<\/strong><\/p>\n<p>&bull; Convierte tu hombr\u00eda en una r\u00e9plica perfecta del pene real de esta estrella del porno.<br \/>\n&bull; La tecnolog\u00eda Power Suction \u2122 bloquea la extensi\u00f3n directamente sobre ti.<br \/>\n&bull; La c\u00e1mara interior tiene la forma de un pene, creando una sensaci\u00f3n de ajuste personalizado a la vez que proporciona la m\u00e1xima sensaci\u00f3n.<br \/>\n&bull; La textura CyberSkin\u00ae con Virtual Touch\u00ae imita la textura suave de la piel real para que tu y tu pareja disfrut\u00e9is de las sensaciones realistas por igual.<br \/>\n&bull; Agrega 4,5 cm de largo y 0,7 cm a la circunferencia para que puod\u00e1is disfrutar a\u00fan m\u00e1s.<br \/>\n&bull; Aprieta la punta del dep\u00f3sito hueco antes de insertar el pene para garantizar un ajuste de succi\u00f3n que se adhiere directamente a tu pene.<br \/>\n&bull; Recorta la base de la extensi\u00f3n para personalizar un ajuste perfecto.<br \/>\n&bull; CyberSkin\u00ae se calienta a la temperatura del cuerpo con un poco de fricci\u00f3n.<br \/>\n&bull; Impermeable y libre de ftalatos.<\/p>\n","protected":false},"excerpt":{"rendered":"<p>WILDFIRE CELEBRITY SERIES TOMMY GUNN POWER SUCTION PENIS EXTENSION &bull; Convierte tu hombr\u00eda en una r\u00e9plica perfecta del pene real<\/p>\n","protected":false},"featured_media":53016,"comment_status":"open","ping_status":"open","template":"","meta":[],"product_cat":[543],"product_tag":[932,1523],"class_list":["post-53015","product","type-product","status-publish","has-post-thumbnail","hentry","product_cat-fundas","product_tag-topco-sales","product_tag-wildfire"],"bundled_by":[],"bundle_stock_status":"outofstock","bundle_stock_quantity":0,"bundle_virtual":false,"bundle_layout":"","bundle_add_to_cart_form_location":"","bundle_editable_in_cart":false,"bundle_sold_individually_context":"","bundle_item_grouping":"","bundle_min_size":"","bundle_max_size":"","bundled_items":[],"yoast_head":"<!-- This site is optimized with the Yoast SEO plugin v20.6 - https:\/\/yoast.com\/wordpress\/plugins\/seo\/ -->\n<title>WILDFIRE CELEBRITY SERIES TOMMY GUNN EXTENSI\u00d3N PENE CON SUCCI\u00d3N - Tienda Er\u00f3tica<\/title>\n<meta name=\"robots\" content=\"noindex, follow, max-snippet:-1, max-image-preview:large, max-video-preview:-1\" \/>\n<meta property=\"og:locale\" content=\"es_ES\" \/>\n<meta property=\"og:type\" content=\"article\" \/>\n<meta property=\"og:title\" content=\"WILDFIRE CELEBRITY SERIES TOMMY GUNN EXTENSI\u00d3N PENE CON SUCCI\u00d3N - Tienda Er\u00f3tica\" \/>\n<meta property=\"og:description\" content=\"WILDFIRE CELEBRITY SERIES TOMMY GUNN POWER SUCTION PENIS EXTENSION &bull; Convierte tu hombr\u00eda en una r\u00e9plica perfecta del pene real\" \/>\n<meta property=\"og:url\" content=\"https:\/\/demoweb.info\/sexshop001\/producto\/wildfire-celebrity-series-tommy-gunn-extension-pene-con-succion\/\" \/>\n<meta property=\"og:site_name\" content=\"Tienda Er\u00f3tica\" \/>\n<meta property=\"article:modified_time\" content=\"2022-01-22T15:33:40+00:00\" \/>\n<meta property=\"og:image\" content=\"https:\/\/demoweb.info\/sexshop001\/wp-content\/uploads\/2022\/01\/WILDFIRE-CELEBRITY-SERIES-TOMMY-GUNN-EXTENSION-PENE-CON-SUCCION.jpg\" \/>\n\t<meta property=\"og:image:width\" content=\"550\" \/>\n\t<meta property=\"og:image:height\" content=\"550\" \/>\n\t<meta property=\"og:image:type\" content=\"image\/jpeg\" \/>\n<meta name=\"twitter:card\" content=\"summary_large_image\" \/>\n<meta name=\"twitter:label1\" content=\"Tiempo de lectura\" \/>\n\t<meta name=\"twitter:data1\" content=\"1 minuto\" \/>\n<script type=\"application\/ld+json\" class=\"yoast-schema-graph\">{\"@context\":\"https:\/\/schema.org\",\"@graph\":[{\"@type\":\"WebPage\",\"@id\":\"https:\/\/demoweb.info\/sexshop001\/producto\/wildfire-celebrity-series-tommy-gunn-extension-pene-con-succion\/\",\"url\":\"https:\/\/demoweb.info\/sexshop001\/producto\/wildfire-celebrity-series-tommy-gunn-extension-pene-con-succion\/\",\"name\":\"WILDFIRE CELEBRITY SERIES TOMMY GUNN EXTENSI\u00d3N PENE CON SUCCI\u00d3N - Tienda Er\u00f3tica\",\"isPartOf\":{\"@id\":\"https:\/\/demoweb.info\/sexshop001\/#website\"},\"datePublished\":\"2022-01-22T15:33:35+00:00\",\"dateModified\":\"2022-01-22T15:33:40+00:00\",\"breadcrumb\":{\"@id\":\"https:\/\/demoweb.info\/sexshop001\/producto\/wildfire-celebrity-series-tommy-gunn-extension-pene-con-succion\/#breadcrumb\"},\"inLanguage\":\"es\",\"potentialAction\":[{\"@type\":\"ReadAction\",\"target\":[\"https:\/\/demoweb.info\/sexshop001\/producto\/wildfire-celebrity-series-tommy-gunn-extension-pene-con-succion\/\"]}]},{\"@type\":\"BreadcrumbList\",\"@id\":\"https:\/\/demoweb.info\/sexshop001\/producto\/wildfire-celebrity-series-tommy-gunn-extension-pene-con-succion\/#breadcrumb\",\"itemListElement\":[{\"@type\":\"ListItem\",\"position\":1,\"name\":\"Portada\",\"item\":\"https:\/\/demoweb.info\/sexshop001\/\"},{\"@type\":\"ListItem\",\"position\":2,\"name\":\"Tienda\",\"item\":\"https:\/\/demoweb.info\/sexshop001\/tienda\/\"},{\"@type\":\"ListItem\",\"position\":3,\"name\":\"WILDFIRE CELEBRITY SERIES TOMMY GUNN EXTENSI\u00d3N PENE CON SUCCI\u00d3N\"}]},{\"@type\":\"WebSite\",\"@id\":\"https:\/\/demoweb.info\/sexshop001\/#website\",\"url\":\"https:\/\/demoweb.info\/sexshop001\/\",\"name\":\"Tienda Er\u00f3tica\",\"description\":\"DEMOWEB SL\",\"potentialAction\":[{\"@type\":\"SearchAction\",\"target\":{\"@type\":\"EntryPoint\",\"urlTemplate\":\"https:\/\/demoweb.info\/sexshop001\/?s={search_term_string}\"},\"query-input\":\"required name=search_term_string\"}],\"inLanguage\":\"es\"}]}<\/script>\n<!-- \/ Yoast SEO plugin. -->","yoast_head_json":{"title":"WILDFIRE CELEBRITY SERIES TOMMY GUNN EXTENSI\u00d3N PENE CON SUCCI\u00d3N - Tienda Er\u00f3tica","robots":{"index":"noindex","follow":"follow","max-snippet":"max-snippet:-1","max-image-preview":"max-image-preview:large","max-video-preview":"max-video-preview:-1"},"og_locale":"es_ES","og_type":"article","og_title":"WILDFIRE CELEBRITY SERIES TOMMY GUNN EXTENSI\u00d3N PENE CON SUCCI\u00d3N - Tienda Er\u00f3tica","og_description":"WILDFIRE CELEBRITY SERIES TOMMY GUNN POWER SUCTION PENIS EXTENSION &bull; Convierte tu hombr\u00eda en una r\u00e9plica perfecta del pene real","og_url":"https:\/\/demoweb.info\/sexshop001\/producto\/wildfire-celebrity-series-tommy-gunn-extension-pene-con-succion\/","og_site_name":"Tienda Er\u00f3tica","article_modified_time":"2022-01-22T15:33:40+00:00","og_image":[{"width":550,"height":550,"url":"https:\/\/demoweb.info\/sexshop001\/wp-content\/uploads\/2022\/01\/WILDFIRE-CELEBRITY-SERIES-TOMMY-GUNN-EXTENSION-PENE-CON-SUCCION.jpg","type":"image\/jpeg"}],"twitter_card":"summary_large_image","twitter_misc":{"Tiempo de lectura":"1 minuto"},"schema":{"@context":"https:\/\/schema.org","@graph":[{"@type":"WebPage","@id":"https:\/\/demoweb.info\/sexshop001\/producto\/wildfire-celebrity-series-tommy-gunn-extension-pene-con-succion\/","url":"https:\/\/demoweb.info\/sexshop001\/producto\/wildfire-celebrity-series-tommy-gunn-extension-pene-con-succion\/","name":"WILDFIRE CELEBRITY SERIES TOMMY GUNN EXTENSI\u00d3N PENE CON SUCCI\u00d3N - Tienda Er\u00f3tica","isPartOf":{"@id":"https:\/\/demoweb.info\/sexshop001\/#website"},"datePublished":"2022-01-22T15:33:35+00:00","dateModified":"2022-01-22T15:33:40+00:00","breadcrumb":{"@id":"https:\/\/demoweb.info\/sexshop001\/producto\/wildfire-celebrity-series-tommy-gunn-extension-pene-con-succion\/#breadcrumb"},"inLanguage":"es","potentialAction":[{"@type":"ReadAction","target":["https:\/\/demoweb.info\/sexshop001\/producto\/wildfire-celebrity-series-tommy-gunn-extension-pene-con-succion\/"]}]},{"@type":"BreadcrumbList","@id":"https:\/\/demoweb.info\/sexshop001\/producto\/wildfire-celebrity-series-tommy-gunn-extension-pene-con-succion\/#breadcrumb","itemListElement":[{"@type":"ListItem","position":1,"name":"Portada","item":"https:\/\/demoweb.info\/sexshop001\/"},{"@type":"ListItem","position":2,"name":"Tienda","item":"https:\/\/demoweb.info\/sexshop001\/tienda\/"},{"@type":"ListItem","position":3,"name":"WILDFIRE CELEBRITY SERIES TOMMY GUNN EXTENSI\u00d3N PENE CON SUCCI\u00d3N"}]},{"@type":"WebSite","@id":"https:\/\/demoweb.info\/sexshop001\/#website","url":"https:\/\/demoweb.info\/sexshop001\/","name":"Tienda Er\u00f3tica","description":"DEMOWEB SL","potentialAction":[{"@type":"SearchAction","target":{"@type":"EntryPoint","urlTemplate":"https:\/\/demoweb.info\/sexshop001\/?s={search_term_string}"},"query-input":"required name=search_term_string"}],"inLanguage":"es"}]}},"_links":{"self":[{"href":"https:\/\/demoweb.info\/sexshop001\/wp-json\/wp\/v3\/product\/53015","targetHints":{"allow":["GET"]}}],"collection":[{"href":"https:\/\/demoweb.info\/sexshop001\/wp-json\/wp\/v3\/product"}],"about":[{"href":"https:\/\/demoweb.info\/sexshop001\/wp-json\/wp\/v2\/types\/product"}],"replies":[{"embeddable":true,"href":"https:\/\/demoweb.info\/sexshop001\/wp-json\/wp\/v2\/comments?post=53015"}],"wp:featuredmedia":[{"embeddable":true,"href":"https:\/\/demoweb.info\/sexshop001\/wp-json\/wp\/v2\/media\/53016"}],"wp:attachment":[{"href":"https:\/\/demoweb.info\/sexshop001\/wp-json\/wp\/v2\/media?parent=53015"}],"wp:term":[{"taxonomy":"product_cat","embeddable":true,"href":"https:\/\/demoweb.info\/sexshop001\/wp-json\/wp\/v2\/product_cat?post=53015"},{"taxonomy":"product_tag","embeddable":true,"href":"https:\/\/demoweb.info\/sexshop001\/wp-json\/wp\/v2\/product_tag?post=53015"}],"curies":[{"name":"wp","href":"https:\/\/api.w.org\/{rel}","templated":true}]}}