{"id":52989,"date":"2022-01-22T16:33:13","date_gmt":"2022-01-22T15:33:13","guid":{"rendered":"https:\/\/demoweb.info\/sexshop001\/producto\/ultrazone-sexy-u-vibrador-parejas-rosa\/"},"modified":"2022-01-22T16:33:23","modified_gmt":"2022-01-22T15:33:23","slug":"ultrazone-sexy-u-vibrador-parejas-rosa","status":"publish","type":"product","link":"https:\/\/demoweb.info\/sexshop001\/producto\/ultrazone-sexy-u-vibrador-parejas-rosa\/","title":{"rendered":"ULTRAZONE SEXY U VIBRADOR PAREJAS &#8211; ROSA"},"content":{"rendered":"<p><strong>ULTRAZONE SEXY U VIBRATOR &#8211; PINK<\/strong><\/p>\n<p>A\u00f1ade sensaciones incre\u00edblemente org\u00e1smicas al acto sexual.<\/p>\n<ul>\n<li>El juguete con forma de U se puede usar solo o durante las relaciones sexuales.<\/li>\n<li>El dise\u00f1o s\u00faper flexible brinda placer y comodidad.<\/li>\n<li>La silicona de alta calidad es suave contra la piel delicada.<\/li>\n<li>9 funciones de vibraci\u00f3n y pulsaci\u00f3n en 5 velocidades de aceleraci\u00f3n de pulso.<\/li>\n<li>El motor recargable siempre est\u00e1 listo.<\/li>\n<li>Es impermeable y se puede usar en cualquier lugar que desees.<\/li>\n<li>Motores s\u00faper potentes silenciosos vibran en cada punta.<\/li>\n<li>Incluye cargador USB.<\/li>\n<\/ul>\n","protected":false},"excerpt":{"rendered":"<p>ULTRAZONE SEXY U VIBRATOR &#8211; PINK A\u00f1ade sensaciones incre\u00edblemente org\u00e1smicas al acto sexual. El juguete con forma de U se<\/p>\n","protected":false},"featured_media":52990,"comment_status":"open","ping_status":"open","template":"","meta":[],"product_cat":[445],"product_tag":[932,1530],"class_list":["post-52989","product","type-product","status-publish","has-post-thumbnail","hentry","product_cat-para-parejas-vibradores-juguetes-xxx","product_tag-topco-sales","product_tag-ultrazone"],"bundled_by":[],"bundle_stock_status":"instock","bundle_stock_quantity":1,"bundle_virtual":false,"bundle_layout":"","bundle_add_to_cart_form_location":"","bundle_editable_in_cart":false,"bundle_sold_individually_context":"","bundle_item_grouping":"","bundle_min_size":"","bundle_max_size":"","bundled_items":[],"yoast_head":"<!-- This site is optimized with the Yoast SEO plugin v20.6 - https:\/\/yoast.com\/wordpress\/plugins\/seo\/ -->\n<title>ULTRAZONE SEXY U VIBRADOR PAREJAS - ROSA - Tienda Er\u00f3tica<\/title>\n<meta name=\"robots\" content=\"noindex, follow, max-snippet:-1, max-image-preview:large, max-video-preview:-1\" \/>\n<meta property=\"og:locale\" content=\"es_ES\" \/>\n<meta property=\"og:type\" content=\"article\" \/>\n<meta property=\"og:title\" content=\"ULTRAZONE SEXY U VIBRADOR PAREJAS - ROSA - Tienda Er\u00f3tica\" \/>\n<meta property=\"og:description\" content=\"ULTRAZONE SEXY U VIBRATOR &#8211; PINK A\u00f1ade sensaciones incre\u00edblemente org\u00e1smicas al acto sexual. El juguete con forma de U se\" \/>\n<meta property=\"og:url\" content=\"https:\/\/demoweb.info\/sexshop001\/producto\/ultrazone-sexy-u-vibrador-parejas-rosa\/\" \/>\n<meta property=\"og:site_name\" content=\"Tienda Er\u00f3tica\" \/>\n<meta property=\"article:modified_time\" content=\"2022-01-22T15:33:23+00:00\" \/>\n<meta property=\"og:image\" content=\"https:\/\/demoweb.info\/sexshop001\/wp-content\/uploads\/2022\/01\/ULTRAZONE-SEXY-U-VIBRADOR-PAREJAS-ROSA.jpg\" \/>\n\t<meta property=\"og:image:width\" content=\"550\" \/>\n\t<meta property=\"og:image:height\" content=\"550\" \/>\n\t<meta property=\"og:image:type\" content=\"image\/jpeg\" \/>\n<meta name=\"twitter:card\" content=\"summary_large_image\" \/>\n<script type=\"application\/ld+json\" class=\"yoast-schema-graph\">{\"@context\":\"https:\/\/schema.org\",\"@graph\":[{\"@type\":\"WebPage\",\"@id\":\"https:\/\/demoweb.info\/sexshop001\/producto\/ultrazone-sexy-u-vibrador-parejas-rosa\/\",\"url\":\"https:\/\/demoweb.info\/sexshop001\/producto\/ultrazone-sexy-u-vibrador-parejas-rosa\/\",\"name\":\"ULTRAZONE SEXY U VIBRADOR PAREJAS - ROSA - Tienda Er\u00f3tica\",\"isPartOf\":{\"@id\":\"https:\/\/demoweb.info\/sexshop001\/#website\"},\"datePublished\":\"2022-01-22T15:33:13+00:00\",\"dateModified\":\"2022-01-22T15:33:23+00:00\",\"breadcrumb\":{\"@id\":\"https:\/\/demoweb.info\/sexshop001\/producto\/ultrazone-sexy-u-vibrador-parejas-rosa\/#breadcrumb\"},\"inLanguage\":\"es\",\"potentialAction\":[{\"@type\":\"ReadAction\",\"target\":[\"https:\/\/demoweb.info\/sexshop001\/producto\/ultrazone-sexy-u-vibrador-parejas-rosa\/\"]}]},{\"@type\":\"BreadcrumbList\",\"@id\":\"https:\/\/demoweb.info\/sexshop001\/producto\/ultrazone-sexy-u-vibrador-parejas-rosa\/#breadcrumb\",\"itemListElement\":[{\"@type\":\"ListItem\",\"position\":1,\"name\":\"Portada\",\"item\":\"https:\/\/demoweb.info\/sexshop001\/\"},{\"@type\":\"ListItem\",\"position\":2,\"name\":\"Tienda\",\"item\":\"https:\/\/demoweb.info\/sexshop001\/tienda\/\"},{\"@type\":\"ListItem\",\"position\":3,\"name\":\"ULTRAZONE SEXY U VIBRADOR PAREJAS &#8211; ROSA\"}]},{\"@type\":\"WebSite\",\"@id\":\"https:\/\/demoweb.info\/sexshop001\/#website\",\"url\":\"https:\/\/demoweb.info\/sexshop001\/\",\"name\":\"Tienda Er\u00f3tica\",\"description\":\"DEMOWEB SL\",\"potentialAction\":[{\"@type\":\"SearchAction\",\"target\":{\"@type\":\"EntryPoint\",\"urlTemplate\":\"https:\/\/demoweb.info\/sexshop001\/?s={search_term_string}\"},\"query-input\":\"required name=search_term_string\"}],\"inLanguage\":\"es\"}]}<\/script>\n<!-- \/ Yoast SEO plugin. -->","yoast_head_json":{"title":"ULTRAZONE SEXY U VIBRADOR PAREJAS - ROSA - Tienda Er\u00f3tica","robots":{"index":"noindex","follow":"follow","max-snippet":"max-snippet:-1","max-image-preview":"max-image-preview:large","max-video-preview":"max-video-preview:-1"},"og_locale":"es_ES","og_type":"article","og_title":"ULTRAZONE SEXY U VIBRADOR PAREJAS - ROSA - Tienda Er\u00f3tica","og_description":"ULTRAZONE SEXY U VIBRATOR &#8211; PINK A\u00f1ade sensaciones incre\u00edblemente org\u00e1smicas al acto sexual. El juguete con forma de U se","og_url":"https:\/\/demoweb.info\/sexshop001\/producto\/ultrazone-sexy-u-vibrador-parejas-rosa\/","og_site_name":"Tienda Er\u00f3tica","article_modified_time":"2022-01-22T15:33:23+00:00","og_image":[{"width":550,"height":550,"url":"https:\/\/demoweb.info\/sexshop001\/wp-content\/uploads\/2022\/01\/ULTRAZONE-SEXY-U-VIBRADOR-PAREJAS-ROSA.jpg","type":"image\/jpeg"}],"twitter_card":"summary_large_image","schema":{"@context":"https:\/\/schema.org","@graph":[{"@type":"WebPage","@id":"https:\/\/demoweb.info\/sexshop001\/producto\/ultrazone-sexy-u-vibrador-parejas-rosa\/","url":"https:\/\/demoweb.info\/sexshop001\/producto\/ultrazone-sexy-u-vibrador-parejas-rosa\/","name":"ULTRAZONE SEXY U VIBRADOR PAREJAS - ROSA - Tienda Er\u00f3tica","isPartOf":{"@id":"https:\/\/demoweb.info\/sexshop001\/#website"},"datePublished":"2022-01-22T15:33:13+00:00","dateModified":"2022-01-22T15:33:23+00:00","breadcrumb":{"@id":"https:\/\/demoweb.info\/sexshop001\/producto\/ultrazone-sexy-u-vibrador-parejas-rosa\/#breadcrumb"},"inLanguage":"es","potentialAction":[{"@type":"ReadAction","target":["https:\/\/demoweb.info\/sexshop001\/producto\/ultrazone-sexy-u-vibrador-parejas-rosa\/"]}]},{"@type":"BreadcrumbList","@id":"https:\/\/demoweb.info\/sexshop001\/producto\/ultrazone-sexy-u-vibrador-parejas-rosa\/#breadcrumb","itemListElement":[{"@type":"ListItem","position":1,"name":"Portada","item":"https:\/\/demoweb.info\/sexshop001\/"},{"@type":"ListItem","position":2,"name":"Tienda","item":"https:\/\/demoweb.info\/sexshop001\/tienda\/"},{"@type":"ListItem","position":3,"name":"ULTRAZONE SEXY U VIBRADOR PAREJAS &#8211; ROSA"}]},{"@type":"WebSite","@id":"https:\/\/demoweb.info\/sexshop001\/#website","url":"https:\/\/demoweb.info\/sexshop001\/","name":"Tienda Er\u00f3tica","description":"DEMOWEB SL","potentialAction":[{"@type":"SearchAction","target":{"@type":"EntryPoint","urlTemplate":"https:\/\/demoweb.info\/sexshop001\/?s={search_term_string}"},"query-input":"required name=search_term_string"}],"inLanguage":"es"}]}},"_links":{"self":[{"href":"https:\/\/demoweb.info\/sexshop001\/wp-json\/wp\/v3\/product\/52989","targetHints":{"allow":["GET"]}}],"collection":[{"href":"https:\/\/demoweb.info\/sexshop001\/wp-json\/wp\/v3\/product"}],"about":[{"href":"https:\/\/demoweb.info\/sexshop001\/wp-json\/wp\/v2\/types\/product"}],"replies":[{"embeddable":true,"href":"https:\/\/demoweb.info\/sexshop001\/wp-json\/wp\/v2\/comments?post=52989"}],"wp:featuredmedia":[{"embeddable":true,"href":"https:\/\/demoweb.info\/sexshop001\/wp-json\/wp\/v2\/media\/52990"}],"wp:attachment":[{"href":"https:\/\/demoweb.info\/sexshop001\/wp-json\/wp\/v2\/media?parent=52989"}],"wp:term":[{"taxonomy":"product_cat","embeddable":true,"href":"https:\/\/demoweb.info\/sexshop001\/wp-json\/wp\/v2\/product_cat?post=52989"},{"taxonomy":"product_tag","embeddable":true,"href":"https:\/\/demoweb.info\/sexshop001\/wp-json\/wp\/v2\/product_tag?post=52989"}],"curies":[{"name":"wp","href":"https:\/\/api.w.org\/{rel}","templated":true}]}}