{"id":52974,"date":"2022-01-22T16:33:13","date_gmt":"2022-01-22T15:33:13","guid":{"rendered":"https:\/\/demoweb.info\/sexshop001\/producto\/ultrazone-eternal-9x-vibrador-recargable-azul\/"},"modified":"2022-01-22T16:33:13","modified_gmt":"2022-01-22T15:33:13","slug":"ultrazone-eternal-9x-vibrador-recargable-azul","status":"publish","type":"product","link":"https:\/\/demoweb.info\/sexshop001\/producto\/ultrazone-eternal-9x-vibrador-recargable-azul\/","title":{"rendered":"ULTRAZONE ETERNAL 9X VIBRADOR RECARGABLE &#8211; AZUL"},"content":{"rendered":"<p><strong>ULTRAZONE ETERNAL 9X RECHARGEABLE VIBE &#8211; BLUE<\/strong><\/p>\n<p>El vcibrador recargarble de silicona Ultrazone Eternal brinda un placer infinito.<\/p>\n<ul>\n<li>Uso interno o externo para infinitas sensaciones er\u00f3ticas.<\/li>\n<li>4,5 cm de longitud insertables con una circunferencia de 3 cm.<\/li>\n<li>La silicona sedosa se siente lujosa contra tu delicada piel.<\/li>\n<li>9 funciones para vibraci\u00f3n y pulsaci\u00f3n apagan todos tus deseos.<\/li>\n<li>El material de silicona no porosa es f\u00e1cil de limpiar.<\/li>\n<li>Mant\u00e9n presionado el bot\u00f3n de encendido durante 3 segundos para comenzar o detener la vibraci\u00f3n.<\/li>\n<li>Presiona el bot\u00f3n de encendido para desplazarte por las 9 vibraciones diferentes.<\/li>\n<li>Incluye cargador magn\u00e9tico compatible con 110V, 220V, 240V y USB.<\/li>\n<li>Impermeable y libre de ftalatos.<\/li>\n<\/ul>\n","protected":false},"excerpt":{"rendered":"<p>ULTRAZONE ETERNAL 9X RECHARGEABLE VIBE &#8211; BLUE El vcibrador recargarble de silicona Ultrazone Eternal brinda un placer infinito. Uso interno<\/p>\n","protected":false},"featured_media":52975,"comment_status":"open","ping_status":"open","template":"","meta":[],"product_cat":[315],"product_tag":[932,1530],"class_list":["post-52974","product","type-product","status-publish","has-post-thumbnail","hentry","product_cat-silicona-vibradores-juguetes-xxx","product_tag-topco-sales","product_tag-ultrazone"],"bundled_by":[],"bundle_stock_status":"instock","bundle_stock_quantity":1,"bundle_virtual":false,"bundle_layout":"","bundle_add_to_cart_form_location":"","bundle_editable_in_cart":false,"bundle_sold_individually_context":"","bundle_item_grouping":"","bundle_min_size":"","bundle_max_size":"","bundled_items":[],"yoast_head":"<!-- This site is optimized with the Yoast SEO plugin v20.6 - https:\/\/yoast.com\/wordpress\/plugins\/seo\/ -->\n<title>ULTRAZONE ETERNAL 9X VIBRADOR RECARGABLE - AZUL - Tienda Er\u00f3tica<\/title>\n<meta name=\"robots\" content=\"noindex, follow, max-snippet:-1, max-image-preview:large, max-video-preview:-1\" \/>\n<meta property=\"og:locale\" content=\"es_ES\" \/>\n<meta property=\"og:type\" content=\"article\" \/>\n<meta property=\"og:title\" content=\"ULTRAZONE ETERNAL 9X VIBRADOR RECARGABLE - AZUL - Tienda Er\u00f3tica\" \/>\n<meta property=\"og:description\" content=\"ULTRAZONE ETERNAL 9X RECHARGEABLE VIBE &#8211; BLUE El vcibrador recargarble de silicona Ultrazone Eternal brinda un placer infinito. Uso interno\" \/>\n<meta property=\"og:url\" content=\"https:\/\/demoweb.info\/sexshop001\/producto\/ultrazone-eternal-9x-vibrador-recargable-azul\/\" \/>\n<meta property=\"og:site_name\" content=\"Tienda Er\u00f3tica\" \/>\n<meta property=\"og:image\" content=\"https:\/\/demoweb.info\/sexshop001\/wp-content\/uploads\/2022\/01\/ULTRAZONE-ETERNAL-9X-VIBRADOR-RECARGABLE-AZUL.jpg\" \/>\n\t<meta property=\"og:image:width\" content=\"550\" \/>\n\t<meta property=\"og:image:height\" content=\"550\" \/>\n\t<meta property=\"og:image:type\" content=\"image\/jpeg\" \/>\n<meta name=\"twitter:card\" content=\"summary_large_image\" \/>\n<meta name=\"twitter:label1\" content=\"Tiempo de lectura\" \/>\n\t<meta name=\"twitter:data1\" content=\"1 minuto\" \/>\n<script type=\"application\/ld+json\" class=\"yoast-schema-graph\">{\"@context\":\"https:\/\/schema.org\",\"@graph\":[{\"@type\":\"WebPage\",\"@id\":\"https:\/\/demoweb.info\/sexshop001\/producto\/ultrazone-eternal-9x-vibrador-recargable-azul\/\",\"url\":\"https:\/\/demoweb.info\/sexshop001\/producto\/ultrazone-eternal-9x-vibrador-recargable-azul\/\",\"name\":\"ULTRAZONE ETERNAL 9X VIBRADOR RECARGABLE - AZUL - Tienda Er\u00f3tica\",\"isPartOf\":{\"@id\":\"https:\/\/demoweb.info\/sexshop001\/#website\"},\"datePublished\":\"2022-01-22T15:33:13+00:00\",\"dateModified\":\"2022-01-22T15:33:13+00:00\",\"breadcrumb\":{\"@id\":\"https:\/\/demoweb.info\/sexshop001\/producto\/ultrazone-eternal-9x-vibrador-recargable-azul\/#breadcrumb\"},\"inLanguage\":\"es\",\"potentialAction\":[{\"@type\":\"ReadAction\",\"target\":[\"https:\/\/demoweb.info\/sexshop001\/producto\/ultrazone-eternal-9x-vibrador-recargable-azul\/\"]}]},{\"@type\":\"BreadcrumbList\",\"@id\":\"https:\/\/demoweb.info\/sexshop001\/producto\/ultrazone-eternal-9x-vibrador-recargable-azul\/#breadcrumb\",\"itemListElement\":[{\"@type\":\"ListItem\",\"position\":1,\"name\":\"Portada\",\"item\":\"https:\/\/demoweb.info\/sexshop001\/\"},{\"@type\":\"ListItem\",\"position\":2,\"name\":\"Tienda\",\"item\":\"https:\/\/demoweb.info\/sexshop001\/tienda\/\"},{\"@type\":\"ListItem\",\"position\":3,\"name\":\"ULTRAZONE ETERNAL 9X VIBRADOR RECARGABLE &#8211; AZUL\"}]},{\"@type\":\"WebSite\",\"@id\":\"https:\/\/demoweb.info\/sexshop001\/#website\",\"url\":\"https:\/\/demoweb.info\/sexshop001\/\",\"name\":\"Tienda Er\u00f3tica\",\"description\":\"DEMOWEB SL\",\"potentialAction\":[{\"@type\":\"SearchAction\",\"target\":{\"@type\":\"EntryPoint\",\"urlTemplate\":\"https:\/\/demoweb.info\/sexshop001\/?s={search_term_string}\"},\"query-input\":\"required name=search_term_string\"}],\"inLanguage\":\"es\"}]}<\/script>\n<!-- \/ Yoast SEO plugin. -->","yoast_head_json":{"title":"ULTRAZONE ETERNAL 9X VIBRADOR RECARGABLE - AZUL - Tienda Er\u00f3tica","robots":{"index":"noindex","follow":"follow","max-snippet":"max-snippet:-1","max-image-preview":"max-image-preview:large","max-video-preview":"max-video-preview:-1"},"og_locale":"es_ES","og_type":"article","og_title":"ULTRAZONE ETERNAL 9X VIBRADOR RECARGABLE - AZUL - Tienda Er\u00f3tica","og_description":"ULTRAZONE ETERNAL 9X RECHARGEABLE VIBE &#8211; BLUE El vcibrador recargarble de silicona Ultrazone Eternal brinda un placer infinito. Uso interno","og_url":"https:\/\/demoweb.info\/sexshop001\/producto\/ultrazone-eternal-9x-vibrador-recargable-azul\/","og_site_name":"Tienda Er\u00f3tica","og_image":[{"width":550,"height":550,"url":"https:\/\/demoweb.info\/sexshop001\/wp-content\/uploads\/2022\/01\/ULTRAZONE-ETERNAL-9X-VIBRADOR-RECARGABLE-AZUL.jpg","type":"image\/jpeg"}],"twitter_card":"summary_large_image","twitter_misc":{"Tiempo de lectura":"1 minuto"},"schema":{"@context":"https:\/\/schema.org","@graph":[{"@type":"WebPage","@id":"https:\/\/demoweb.info\/sexshop001\/producto\/ultrazone-eternal-9x-vibrador-recargable-azul\/","url":"https:\/\/demoweb.info\/sexshop001\/producto\/ultrazone-eternal-9x-vibrador-recargable-azul\/","name":"ULTRAZONE ETERNAL 9X VIBRADOR RECARGABLE - AZUL - Tienda Er\u00f3tica","isPartOf":{"@id":"https:\/\/demoweb.info\/sexshop001\/#website"},"datePublished":"2022-01-22T15:33:13+00:00","dateModified":"2022-01-22T15:33:13+00:00","breadcrumb":{"@id":"https:\/\/demoweb.info\/sexshop001\/producto\/ultrazone-eternal-9x-vibrador-recargable-azul\/#breadcrumb"},"inLanguage":"es","potentialAction":[{"@type":"ReadAction","target":["https:\/\/demoweb.info\/sexshop001\/producto\/ultrazone-eternal-9x-vibrador-recargable-azul\/"]}]},{"@type":"BreadcrumbList","@id":"https:\/\/demoweb.info\/sexshop001\/producto\/ultrazone-eternal-9x-vibrador-recargable-azul\/#breadcrumb","itemListElement":[{"@type":"ListItem","position":1,"name":"Portada","item":"https:\/\/demoweb.info\/sexshop001\/"},{"@type":"ListItem","position":2,"name":"Tienda","item":"https:\/\/demoweb.info\/sexshop001\/tienda\/"},{"@type":"ListItem","position":3,"name":"ULTRAZONE ETERNAL 9X VIBRADOR RECARGABLE &#8211; AZUL"}]},{"@type":"WebSite","@id":"https:\/\/demoweb.info\/sexshop001\/#website","url":"https:\/\/demoweb.info\/sexshop001\/","name":"Tienda Er\u00f3tica","description":"DEMOWEB SL","potentialAction":[{"@type":"SearchAction","target":{"@type":"EntryPoint","urlTemplate":"https:\/\/demoweb.info\/sexshop001\/?s={search_term_string}"},"query-input":"required name=search_term_string"}],"inLanguage":"es"}]}},"_links":{"self":[{"href":"https:\/\/demoweb.info\/sexshop001\/wp-json\/wp\/v3\/product\/52974","targetHints":{"allow":["GET"]}}],"collection":[{"href":"https:\/\/demoweb.info\/sexshop001\/wp-json\/wp\/v3\/product"}],"about":[{"href":"https:\/\/demoweb.info\/sexshop001\/wp-json\/wp\/v2\/types\/product"}],"replies":[{"embeddable":true,"href":"https:\/\/demoweb.info\/sexshop001\/wp-json\/wp\/v2\/comments?post=52974"}],"wp:featuredmedia":[{"embeddable":true,"href":"https:\/\/demoweb.info\/sexshop001\/wp-json\/wp\/v2\/media\/52975"}],"wp:attachment":[{"href":"https:\/\/demoweb.info\/sexshop001\/wp-json\/wp\/v2\/media?parent=52974"}],"wp:term":[{"taxonomy":"product_cat","embeddable":true,"href":"https:\/\/demoweb.info\/sexshop001\/wp-json\/wp\/v2\/product_cat?post=52974"},{"taxonomy":"product_tag","embeddable":true,"href":"https:\/\/demoweb.info\/sexshop001\/wp-json\/wp\/v2\/product_tag?post=52974"}],"curies":[{"name":"wp","href":"https:\/\/api.w.org\/{rel}","templated":true}]}}