{"id":52941,"date":"2022-01-22T16:32:41","date_gmt":"2022-01-22T15:32:41","guid":{"rendered":"https:\/\/demoweb.info\/sexshop001\/producto\/wildfire-pene-realistico-real-man-dream-dick\/"},"modified":"2022-01-22T16:32:51","modified_gmt":"2022-01-22T15:32:51","slug":"wildfire-pene-realistico-real-man-dream-dick","status":"publish","type":"product","link":"https:\/\/demoweb.info\/sexshop001\/producto\/wildfire-pene-realistico-real-man-dream-dick\/","title":{"rendered":"WILDFIRE PENE REAL\u00cdSTICO REAL MAN DREAM DICK"},"content":{"rendered":"<p><strong>WILDFIRE REAL MAN DREAM DICK &#8211; FLESH<\/strong><\/p>\n<p>Pene real\u00edstico de la colecci\u00f3n Real Man de Wildfire. <em>\u00a1Elige tu favorito!<\/em><\/p>\n<p>&bull; El pene perfecto para la m\u00e1xima penetraci\u00f3n y rendimiento.<br \/>\n&bull; Hecho con CyberSkin\u00ae con Virtual Touch\u00ae: la mejor experiencia en placer sexual.<br \/>\n&bull; Dual Density\u00ae CyberSkin\u00ae simula un pene completamente erecto al combinar la sensaci\u00f3n de la piel suave con un eje firme.<br \/>\n&bull; La base de ventosa incorporada es compatible con el arn\u00e9s.<br \/>\n&bull; Longitud insertable de 17 cm con un di\u00e1metro de 5 cm.<br \/>\n&bull; Libre de ftalatos.<\/p>\n","protected":false},"excerpt":{"rendered":"<p>WILDFIRE REAL MAN DREAM DICK &#8211; FLESH Pene real\u00edstico de la colecci\u00f3n Real Man de Wildfire. \u00a1Elige tu favorito! &bull;<\/p>\n","protected":false},"featured_media":52942,"comment_status":"open","ping_status":"open","template":"","meta":[],"product_cat":[386],"product_tag":[932,1523],"class_list":["post-52941","product","type-product","status-publish","has-post-thumbnail","hentry","product_cat-realisticos","product_tag-topco-sales","product_tag-wildfire"],"bundled_by":[],"bundle_stock_status":"instock","bundle_stock_quantity":1,"bundle_virtual":false,"bundle_layout":"","bundle_add_to_cart_form_location":"","bundle_editable_in_cart":false,"bundle_sold_individually_context":"","bundle_item_grouping":"","bundle_min_size":"","bundle_max_size":"","bundled_items":[],"yoast_head":"<!-- This site is optimized with the Yoast SEO plugin v20.6 - https:\/\/yoast.com\/wordpress\/plugins\/seo\/ -->\n<title>WILDFIRE PENE REAL\u00cdSTICO REAL MAN DREAM DICK - Tienda Er\u00f3tica<\/title>\n<meta name=\"robots\" content=\"noindex, follow, max-snippet:-1, max-image-preview:large, max-video-preview:-1\" \/>\n<meta property=\"og:locale\" content=\"es_ES\" \/>\n<meta property=\"og:type\" content=\"article\" \/>\n<meta property=\"og:title\" content=\"WILDFIRE PENE REAL\u00cdSTICO REAL MAN DREAM DICK - Tienda Er\u00f3tica\" \/>\n<meta property=\"og:description\" content=\"WILDFIRE REAL MAN DREAM DICK &#8211; FLESH Pene real\u00edstico de la colecci\u00f3n Real Man de Wildfire. \u00a1Elige tu favorito! &bull;\" \/>\n<meta property=\"og:url\" content=\"https:\/\/demoweb.info\/sexshop001\/producto\/wildfire-pene-realistico-real-man-dream-dick\/\" \/>\n<meta property=\"og:site_name\" content=\"Tienda Er\u00f3tica\" \/>\n<meta property=\"article:modified_time\" content=\"2022-01-22T15:32:51+00:00\" \/>\n<meta property=\"og:image\" content=\"https:\/\/demoweb.info\/sexshop001\/wp-content\/uploads\/2022\/01\/WILDFIRE-PENE-REALISTICO-REAL-MAN-DREAM-DICK.jpg\" \/>\n\t<meta property=\"og:image:width\" content=\"550\" \/>\n\t<meta property=\"og:image:height\" content=\"550\" \/>\n\t<meta property=\"og:image:type\" content=\"image\/jpeg\" \/>\n<meta name=\"twitter:card\" content=\"summary_large_image\" \/>\n<script type=\"application\/ld+json\" class=\"yoast-schema-graph\">{\"@context\":\"https:\/\/schema.org\",\"@graph\":[{\"@type\":\"WebPage\",\"@id\":\"https:\/\/demoweb.info\/sexshop001\/producto\/wildfire-pene-realistico-real-man-dream-dick\/\",\"url\":\"https:\/\/demoweb.info\/sexshop001\/producto\/wildfire-pene-realistico-real-man-dream-dick\/\",\"name\":\"WILDFIRE PENE REAL\u00cdSTICO REAL MAN DREAM DICK - Tienda Er\u00f3tica\",\"isPartOf\":{\"@id\":\"https:\/\/demoweb.info\/sexshop001\/#website\"},\"datePublished\":\"2022-01-22T15:32:41+00:00\",\"dateModified\":\"2022-01-22T15:32:51+00:00\",\"breadcrumb\":{\"@id\":\"https:\/\/demoweb.info\/sexshop001\/producto\/wildfire-pene-realistico-real-man-dream-dick\/#breadcrumb\"},\"inLanguage\":\"es\",\"potentialAction\":[{\"@type\":\"ReadAction\",\"target\":[\"https:\/\/demoweb.info\/sexshop001\/producto\/wildfire-pene-realistico-real-man-dream-dick\/\"]}]},{\"@type\":\"BreadcrumbList\",\"@id\":\"https:\/\/demoweb.info\/sexshop001\/producto\/wildfire-pene-realistico-real-man-dream-dick\/#breadcrumb\",\"itemListElement\":[{\"@type\":\"ListItem\",\"position\":1,\"name\":\"Portada\",\"item\":\"https:\/\/demoweb.info\/sexshop001\/\"},{\"@type\":\"ListItem\",\"position\":2,\"name\":\"Tienda\",\"item\":\"https:\/\/demoweb.info\/sexshop001\/tienda\/\"},{\"@type\":\"ListItem\",\"position\":3,\"name\":\"WILDFIRE PENE REAL\u00cdSTICO REAL MAN DREAM DICK\"}]},{\"@type\":\"WebSite\",\"@id\":\"https:\/\/demoweb.info\/sexshop001\/#website\",\"url\":\"https:\/\/demoweb.info\/sexshop001\/\",\"name\":\"Tienda Er\u00f3tica\",\"description\":\"DEMOWEB SL\",\"potentialAction\":[{\"@type\":\"SearchAction\",\"target\":{\"@type\":\"EntryPoint\",\"urlTemplate\":\"https:\/\/demoweb.info\/sexshop001\/?s={search_term_string}\"},\"query-input\":\"required name=search_term_string\"}],\"inLanguage\":\"es\"}]}<\/script>\n<!-- \/ Yoast SEO plugin. -->","yoast_head_json":{"title":"WILDFIRE PENE REAL\u00cdSTICO REAL MAN DREAM DICK - Tienda Er\u00f3tica","robots":{"index":"noindex","follow":"follow","max-snippet":"max-snippet:-1","max-image-preview":"max-image-preview:large","max-video-preview":"max-video-preview:-1"},"og_locale":"es_ES","og_type":"article","og_title":"WILDFIRE PENE REAL\u00cdSTICO REAL MAN DREAM DICK - Tienda Er\u00f3tica","og_description":"WILDFIRE REAL MAN DREAM DICK &#8211; FLESH Pene real\u00edstico de la colecci\u00f3n Real Man de Wildfire. \u00a1Elige tu favorito! &bull;","og_url":"https:\/\/demoweb.info\/sexshop001\/producto\/wildfire-pene-realistico-real-man-dream-dick\/","og_site_name":"Tienda Er\u00f3tica","article_modified_time":"2022-01-22T15:32:51+00:00","og_image":[{"width":550,"height":550,"url":"https:\/\/demoweb.info\/sexshop001\/wp-content\/uploads\/2022\/01\/WILDFIRE-PENE-REALISTICO-REAL-MAN-DREAM-DICK.jpg","type":"image\/jpeg"}],"twitter_card":"summary_large_image","schema":{"@context":"https:\/\/schema.org","@graph":[{"@type":"WebPage","@id":"https:\/\/demoweb.info\/sexshop001\/producto\/wildfire-pene-realistico-real-man-dream-dick\/","url":"https:\/\/demoweb.info\/sexshop001\/producto\/wildfire-pene-realistico-real-man-dream-dick\/","name":"WILDFIRE PENE REAL\u00cdSTICO REAL MAN DREAM DICK - Tienda Er\u00f3tica","isPartOf":{"@id":"https:\/\/demoweb.info\/sexshop001\/#website"},"datePublished":"2022-01-22T15:32:41+00:00","dateModified":"2022-01-22T15:32:51+00:00","breadcrumb":{"@id":"https:\/\/demoweb.info\/sexshop001\/producto\/wildfire-pene-realistico-real-man-dream-dick\/#breadcrumb"},"inLanguage":"es","potentialAction":[{"@type":"ReadAction","target":["https:\/\/demoweb.info\/sexshop001\/producto\/wildfire-pene-realistico-real-man-dream-dick\/"]}]},{"@type":"BreadcrumbList","@id":"https:\/\/demoweb.info\/sexshop001\/producto\/wildfire-pene-realistico-real-man-dream-dick\/#breadcrumb","itemListElement":[{"@type":"ListItem","position":1,"name":"Portada","item":"https:\/\/demoweb.info\/sexshop001\/"},{"@type":"ListItem","position":2,"name":"Tienda","item":"https:\/\/demoweb.info\/sexshop001\/tienda\/"},{"@type":"ListItem","position":3,"name":"WILDFIRE PENE REAL\u00cdSTICO REAL MAN DREAM DICK"}]},{"@type":"WebSite","@id":"https:\/\/demoweb.info\/sexshop001\/#website","url":"https:\/\/demoweb.info\/sexshop001\/","name":"Tienda Er\u00f3tica","description":"DEMOWEB SL","potentialAction":[{"@type":"SearchAction","target":{"@type":"EntryPoint","urlTemplate":"https:\/\/demoweb.info\/sexshop001\/?s={search_term_string}"},"query-input":"required name=search_term_string"}],"inLanguage":"es"}]}},"_links":{"self":[{"href":"https:\/\/demoweb.info\/sexshop001\/wp-json\/wp\/v3\/product\/52941","targetHints":{"allow":["GET"]}}],"collection":[{"href":"https:\/\/demoweb.info\/sexshop001\/wp-json\/wp\/v3\/product"}],"about":[{"href":"https:\/\/demoweb.info\/sexshop001\/wp-json\/wp\/v2\/types\/product"}],"replies":[{"embeddable":true,"href":"https:\/\/demoweb.info\/sexshop001\/wp-json\/wp\/v2\/comments?post=52941"}],"wp:featuredmedia":[{"embeddable":true,"href":"https:\/\/demoweb.info\/sexshop001\/wp-json\/wp\/v2\/media\/52942"}],"wp:attachment":[{"href":"https:\/\/demoweb.info\/sexshop001\/wp-json\/wp\/v2\/media?parent=52941"}],"wp:term":[{"taxonomy":"product_cat","embeddable":true,"href":"https:\/\/demoweb.info\/sexshop001\/wp-json\/wp\/v2\/product_cat?post=52941"},{"taxonomy":"product_tag","embeddable":true,"href":"https:\/\/demoweb.info\/sexshop001\/wp-json\/wp\/v2\/product_tag?post=52941"}],"curies":[{"name":"wp","href":"https:\/\/api.w.org\/{rel}","templated":true}]}}