{"id":52849,"date":"2022-01-22T16:31:38","date_gmt":"2022-01-22T15:31:38","guid":{"rendered":"https:\/\/demoweb.info\/sexshop001\/producto\/peek-a-boo-sujetador-y-braguita-blanco\/"},"modified":"2022-01-22T16:31:51","modified_gmt":"2022-01-22T15:31:51","slug":"peek-a-boo-sujetador-y-braguita-blanco","status":"publish","type":"product","link":"https:\/\/demoweb.info\/sexshop001\/producto\/peek-a-boo-sujetador-y-braguita-blanco\/","title":{"rendered":"PEEK-A-BOO SUJETADOR Y BRAGUITA &#8211; BLANCO"},"content":{"rendered":"<p><strong>PEEK-A-BOO BRA &#038; PANTY SET<\/strong><\/p>\n<p><em>Sensualidad, clase, elegancia y atrevimiento. <\/em>Estas son las palabras clave que definen la lencer\u00eda DENAMOUR\u00ae.<\/p>\n<p>La preciosa, creativa e innovadora lencer\u00eda DENAMOUR\u00ae es imprescindible en el armario de cualquier mujer. Los elegantes dise\u00f1os de la marca holandesa consiguen que las mujeres que los llevan experimenten la sensaci\u00f3n que se merecen.<\/p>\n<p>Esta lujosa colecci\u00f3n de lencer\u00eda DENAMOUR\u00ae ofrece comodidad y un ajuste perfecto. Si\u00e9ntase hoy una mujer atrevida, ma\u00f1ana puede sentirse una mujer moderna y segura de s\u00ed misma. DENAMOUR\u00ae, lencer\u00eda para cualquier tipo de mujer.<\/p>\n<p>Conjunto de 2 piezas compuesto por sujetador de pechos descubiertos y tirantes ajustables y braguita el\u00e1stica a juego.<\/p>\n<p>C\u00f3modo y elegante.<\/p>\n<p>Composici\u00f3n: 90% Nylon \/ 10% Spandex.<\/p>\n","protected":false},"excerpt":{"rendered":"<p>PEEK-A-BOO BRA &#038; PANTY SET Sensualidad, clase, elegancia y atrevimiento. Estas son las palabras clave que definen la lencer\u00eda DENAMOUR\u00ae.<\/p>\n","protected":false},"featured_media":52850,"comment_status":"open","ping_status":"open","template":"","meta":[],"product_cat":[349],"product_tag":[1526,302],"class_list":["post-52849","product","type-product","status-publish","has-post-thumbnail","hentry","product_cat-conjuntos-lenceria","product_tag-de-namour-lingerie","product_tag-shots"],"bundled_by":[],"bundle_stock_status":"instock","bundle_stock_quantity":2,"bundle_virtual":false,"bundle_layout":"","bundle_add_to_cart_form_location":"","bundle_editable_in_cart":false,"bundle_sold_individually_context":"","bundle_item_grouping":"","bundle_min_size":"","bundle_max_size":"","bundled_items":[],"yoast_head":"<!-- This site is optimized with the Yoast SEO plugin v20.6 - https:\/\/yoast.com\/wordpress\/plugins\/seo\/ -->\n<title>PEEK-A-BOO SUJETADOR Y BRAGUITA - BLANCO - Tienda Er\u00f3tica<\/title>\n<meta name=\"robots\" content=\"noindex, follow, max-snippet:-1, max-image-preview:large, max-video-preview:-1\" \/>\n<meta property=\"og:locale\" content=\"es_ES\" \/>\n<meta property=\"og:type\" content=\"article\" \/>\n<meta property=\"og:title\" content=\"PEEK-A-BOO SUJETADOR Y BRAGUITA - BLANCO - Tienda Er\u00f3tica\" \/>\n<meta property=\"og:description\" content=\"PEEK-A-BOO BRA &#038; PANTY SET Sensualidad, clase, elegancia y atrevimiento. Estas son las palabras clave que definen la lencer\u00eda DENAMOUR\u00ae.\" \/>\n<meta property=\"og:url\" content=\"https:\/\/demoweb.info\/sexshop001\/producto\/peek-a-boo-sujetador-y-braguita-blanco\/\" \/>\n<meta property=\"og:site_name\" content=\"Tienda Er\u00f3tica\" \/>\n<meta property=\"article:modified_time\" content=\"2022-01-22T15:31:51+00:00\" \/>\n<meta property=\"og:image\" content=\"https:\/\/demoweb.info\/sexshop001\/wp-content\/uploads\/2022\/01\/PEEK-A-BOO-SUJETADOR-Y-BRAGUITA-BLANCO.jpg\" \/>\n\t<meta property=\"og:image:width\" content=\"550\" \/>\n\t<meta property=\"og:image:height\" content=\"550\" \/>\n\t<meta property=\"og:image:type\" content=\"image\/jpeg\" \/>\n<meta name=\"twitter:card\" content=\"summary_large_image\" \/>\n<meta name=\"twitter:label1\" content=\"Tiempo de lectura\" \/>\n\t<meta name=\"twitter:data1\" content=\"1 minuto\" \/>\n<script type=\"application\/ld+json\" class=\"yoast-schema-graph\">{\"@context\":\"https:\/\/schema.org\",\"@graph\":[{\"@type\":\"WebPage\",\"@id\":\"https:\/\/demoweb.info\/sexshop001\/producto\/peek-a-boo-sujetador-y-braguita-blanco\/\",\"url\":\"https:\/\/demoweb.info\/sexshop001\/producto\/peek-a-boo-sujetador-y-braguita-blanco\/\",\"name\":\"PEEK-A-BOO SUJETADOR Y BRAGUITA - BLANCO - Tienda Er\u00f3tica\",\"isPartOf\":{\"@id\":\"https:\/\/demoweb.info\/sexshop001\/#website\"},\"datePublished\":\"2022-01-22T15:31:38+00:00\",\"dateModified\":\"2022-01-22T15:31:51+00:00\",\"breadcrumb\":{\"@id\":\"https:\/\/demoweb.info\/sexshop001\/producto\/peek-a-boo-sujetador-y-braguita-blanco\/#breadcrumb\"},\"inLanguage\":\"es\",\"potentialAction\":[{\"@type\":\"ReadAction\",\"target\":[\"https:\/\/demoweb.info\/sexshop001\/producto\/peek-a-boo-sujetador-y-braguita-blanco\/\"]}]},{\"@type\":\"BreadcrumbList\",\"@id\":\"https:\/\/demoweb.info\/sexshop001\/producto\/peek-a-boo-sujetador-y-braguita-blanco\/#breadcrumb\",\"itemListElement\":[{\"@type\":\"ListItem\",\"position\":1,\"name\":\"Portada\",\"item\":\"https:\/\/demoweb.info\/sexshop001\/\"},{\"@type\":\"ListItem\",\"position\":2,\"name\":\"Tienda\",\"item\":\"https:\/\/demoweb.info\/sexshop001\/tienda\/\"},{\"@type\":\"ListItem\",\"position\":3,\"name\":\"PEEK-A-BOO SUJETADOR Y BRAGUITA &#8211; BLANCO\"}]},{\"@type\":\"WebSite\",\"@id\":\"https:\/\/demoweb.info\/sexshop001\/#website\",\"url\":\"https:\/\/demoweb.info\/sexshop001\/\",\"name\":\"Tienda Er\u00f3tica\",\"description\":\"DEMOWEB SL\",\"potentialAction\":[{\"@type\":\"SearchAction\",\"target\":{\"@type\":\"EntryPoint\",\"urlTemplate\":\"https:\/\/demoweb.info\/sexshop001\/?s={search_term_string}\"},\"query-input\":\"required name=search_term_string\"}],\"inLanguage\":\"es\"}]}<\/script>\n<!-- \/ Yoast SEO plugin. -->","yoast_head_json":{"title":"PEEK-A-BOO SUJETADOR Y BRAGUITA - BLANCO - Tienda Er\u00f3tica","robots":{"index":"noindex","follow":"follow","max-snippet":"max-snippet:-1","max-image-preview":"max-image-preview:large","max-video-preview":"max-video-preview:-1"},"og_locale":"es_ES","og_type":"article","og_title":"PEEK-A-BOO SUJETADOR Y BRAGUITA - BLANCO - Tienda Er\u00f3tica","og_description":"PEEK-A-BOO BRA &#038; PANTY SET Sensualidad, clase, elegancia y atrevimiento. Estas son las palabras clave que definen la lencer\u00eda DENAMOUR\u00ae.","og_url":"https:\/\/demoweb.info\/sexshop001\/producto\/peek-a-boo-sujetador-y-braguita-blanco\/","og_site_name":"Tienda Er\u00f3tica","article_modified_time":"2022-01-22T15:31:51+00:00","og_image":[{"width":550,"height":550,"url":"https:\/\/demoweb.info\/sexshop001\/wp-content\/uploads\/2022\/01\/PEEK-A-BOO-SUJETADOR-Y-BRAGUITA-BLANCO.jpg","type":"image\/jpeg"}],"twitter_card":"summary_large_image","twitter_misc":{"Tiempo de lectura":"1 minuto"},"schema":{"@context":"https:\/\/schema.org","@graph":[{"@type":"WebPage","@id":"https:\/\/demoweb.info\/sexshop001\/producto\/peek-a-boo-sujetador-y-braguita-blanco\/","url":"https:\/\/demoweb.info\/sexshop001\/producto\/peek-a-boo-sujetador-y-braguita-blanco\/","name":"PEEK-A-BOO SUJETADOR Y BRAGUITA - BLANCO - Tienda Er\u00f3tica","isPartOf":{"@id":"https:\/\/demoweb.info\/sexshop001\/#website"},"datePublished":"2022-01-22T15:31:38+00:00","dateModified":"2022-01-22T15:31:51+00:00","breadcrumb":{"@id":"https:\/\/demoweb.info\/sexshop001\/producto\/peek-a-boo-sujetador-y-braguita-blanco\/#breadcrumb"},"inLanguage":"es","potentialAction":[{"@type":"ReadAction","target":["https:\/\/demoweb.info\/sexshop001\/producto\/peek-a-boo-sujetador-y-braguita-blanco\/"]}]},{"@type":"BreadcrumbList","@id":"https:\/\/demoweb.info\/sexshop001\/producto\/peek-a-boo-sujetador-y-braguita-blanco\/#breadcrumb","itemListElement":[{"@type":"ListItem","position":1,"name":"Portada","item":"https:\/\/demoweb.info\/sexshop001\/"},{"@type":"ListItem","position":2,"name":"Tienda","item":"https:\/\/demoweb.info\/sexshop001\/tienda\/"},{"@type":"ListItem","position":3,"name":"PEEK-A-BOO SUJETADOR Y BRAGUITA &#8211; BLANCO"}]},{"@type":"WebSite","@id":"https:\/\/demoweb.info\/sexshop001\/#website","url":"https:\/\/demoweb.info\/sexshop001\/","name":"Tienda Er\u00f3tica","description":"DEMOWEB SL","potentialAction":[{"@type":"SearchAction","target":{"@type":"EntryPoint","urlTemplate":"https:\/\/demoweb.info\/sexshop001\/?s={search_term_string}"},"query-input":"required name=search_term_string"}],"inLanguage":"es"}]}},"_links":{"self":[{"href":"https:\/\/demoweb.info\/sexshop001\/wp-json\/wp\/v3\/product\/52849","targetHints":{"allow":["GET"]}}],"collection":[{"href":"https:\/\/demoweb.info\/sexshop001\/wp-json\/wp\/v3\/product"}],"about":[{"href":"https:\/\/demoweb.info\/sexshop001\/wp-json\/wp\/v2\/types\/product"}],"replies":[{"embeddable":true,"href":"https:\/\/demoweb.info\/sexshop001\/wp-json\/wp\/v2\/comments?post=52849"}],"wp:featuredmedia":[{"embeddable":true,"href":"https:\/\/demoweb.info\/sexshop001\/wp-json\/wp\/v2\/media\/52850"}],"wp:attachment":[{"href":"https:\/\/demoweb.info\/sexshop001\/wp-json\/wp\/v2\/media?parent=52849"}],"wp:term":[{"taxonomy":"product_cat","embeddable":true,"href":"https:\/\/demoweb.info\/sexshop001\/wp-json\/wp\/v2\/product_cat?post=52849"},{"taxonomy":"product_tag","embeddable":true,"href":"https:\/\/demoweb.info\/sexshop001\/wp-json\/wp\/v2\/product_tag?post=52849"}],"curies":[{"name":"wp","href":"https:\/\/api.w.org\/{rel}","templated":true}]}}