{"id":52837,"date":"2022-01-22T16:31:38","date_gmt":"2022-01-22T15:31:38","guid":{"rendered":"https:\/\/demoweb.info\/sexshop001\/producto\/babyboll-con-cintas-y-tanga-a-juego-blanco\/"},"modified":"2022-01-22T16:31:44","modified_gmt":"2022-01-22T15:31:44","slug":"babyboll-con-cintas-y-tanga-a-juego-blanco","status":"publish","type":"product","link":"https:\/\/demoweb.info\/sexshop001\/producto\/babyboll-con-cintas-y-tanga-a-juego-blanco\/","title":{"rendered":"BABYBOLL CON CINTAS Y TANGA A JUEGO &#8211; BLANCO"},"content":{"rendered":"<p><strong>WHITE BABYDOLL WITH BRAIDED RIBBON &#038; STRING<\/strong><\/p>\n<p><em>Sensualidad, clase, elegancia y atrevimiento. <\/em>Estas son las palabras clave que definen la lencer\u00eda DENAMOUR\u00ae.<\/p>\n<p>La preciosa, creativa e innovadora lencer\u00eda DENAMOUR\u00ae es imprescindible en el armario de cualquier mujer. Los elegantes dise\u00f1os de la marca holandesa consiguen que las mujeres que los llevan experimenten la sensaci\u00f3n que se merecen.<\/p>\n<p>Esta lujosa colecci\u00f3n de lencer\u00eda DENAMOUR\u00ae ofrece comodidad y un ajuste perfecto. Si\u00e9ntase hoy una mujer atrevida, ma\u00f1ana puede sentirse una mujer moderna y segura de s\u00ed misma. DENAMOUR\u00ae, lencer\u00eda para cualquier tipo de mujer.<\/p>\n<p>Picard\u00edas con volante bajo y elegantes cintas de sat\u00e9n en los lados. Incluye tanga a juego.<\/p>\n<p>Composici\u00f3n: 90% Nylon \/ 10% Spandex.<\/p>\n","protected":false},"excerpt":{"rendered":"<p>WHITE BABYDOLL WITH BRAIDED RIBBON &#038; STRING Sensualidad, clase, elegancia y atrevimiento. Estas son las palabras clave que definen la<\/p>\n","protected":false},"featured_media":52838,"comment_status":"open","ping_status":"open","template":"","meta":[],"product_cat":[381],"product_tag":[1526,302],"class_list":["post-52837","product","type-product","status-publish","has-post-thumbnail","hentry","product_cat-picardias","product_tag-de-namour-lingerie","product_tag-shots"],"bundled_by":[],"bundle_stock_status":"outofstock","bundle_stock_quantity":0,"bundle_virtual":false,"bundle_layout":"","bundle_add_to_cart_form_location":"","bundle_editable_in_cart":false,"bundle_sold_individually_context":"","bundle_item_grouping":"","bundle_min_size":"","bundle_max_size":"","bundled_items":[],"yoast_head":"<!-- This site is optimized with the Yoast SEO plugin v20.6 - https:\/\/yoast.com\/wordpress\/plugins\/seo\/ -->\n<title>BABYBOLL CON CINTAS Y TANGA A JUEGO - BLANCO - Tienda Er\u00f3tica<\/title>\n<meta name=\"robots\" content=\"noindex, follow, max-snippet:-1, max-image-preview:large, max-video-preview:-1\" \/>\n<meta property=\"og:locale\" content=\"es_ES\" \/>\n<meta property=\"og:type\" content=\"article\" \/>\n<meta property=\"og:title\" content=\"BABYBOLL CON CINTAS Y TANGA A JUEGO - BLANCO - Tienda Er\u00f3tica\" \/>\n<meta property=\"og:description\" content=\"WHITE BABYDOLL WITH BRAIDED RIBBON &#038; STRING Sensualidad, clase, elegancia y atrevimiento. Estas son las palabras clave que definen la\" \/>\n<meta property=\"og:url\" content=\"https:\/\/demoweb.info\/sexshop001\/producto\/babyboll-con-cintas-y-tanga-a-juego-blanco\/\" \/>\n<meta property=\"og:site_name\" content=\"Tienda Er\u00f3tica\" \/>\n<meta property=\"article:modified_time\" content=\"2022-01-22T15:31:44+00:00\" \/>\n<meta property=\"og:image\" content=\"https:\/\/demoweb.info\/sexshop001\/wp-content\/uploads\/2022\/01\/BABYBOLL-CON-CINTAS-Y-TANGA-A-JUEGO-BLANCO.jpg\" \/>\n\t<meta property=\"og:image:width\" content=\"550\" \/>\n\t<meta property=\"og:image:height\" content=\"550\" \/>\n\t<meta property=\"og:image:type\" content=\"image\/jpeg\" \/>\n<meta name=\"twitter:card\" content=\"summary_large_image\" \/>\n<meta name=\"twitter:label1\" content=\"Tiempo de lectura\" \/>\n\t<meta name=\"twitter:data1\" content=\"1 minuto\" \/>\n<script type=\"application\/ld+json\" class=\"yoast-schema-graph\">{\"@context\":\"https:\/\/schema.org\",\"@graph\":[{\"@type\":\"WebPage\",\"@id\":\"https:\/\/demoweb.info\/sexshop001\/producto\/babyboll-con-cintas-y-tanga-a-juego-blanco\/\",\"url\":\"https:\/\/demoweb.info\/sexshop001\/producto\/babyboll-con-cintas-y-tanga-a-juego-blanco\/\",\"name\":\"BABYBOLL CON CINTAS Y TANGA A JUEGO - BLANCO - Tienda Er\u00f3tica\",\"isPartOf\":{\"@id\":\"https:\/\/demoweb.info\/sexshop001\/#website\"},\"datePublished\":\"2022-01-22T15:31:38+00:00\",\"dateModified\":\"2022-01-22T15:31:44+00:00\",\"breadcrumb\":{\"@id\":\"https:\/\/demoweb.info\/sexshop001\/producto\/babyboll-con-cintas-y-tanga-a-juego-blanco\/#breadcrumb\"},\"inLanguage\":\"es\",\"potentialAction\":[{\"@type\":\"ReadAction\",\"target\":[\"https:\/\/demoweb.info\/sexshop001\/producto\/babyboll-con-cintas-y-tanga-a-juego-blanco\/\"]}]},{\"@type\":\"BreadcrumbList\",\"@id\":\"https:\/\/demoweb.info\/sexshop001\/producto\/babyboll-con-cintas-y-tanga-a-juego-blanco\/#breadcrumb\",\"itemListElement\":[{\"@type\":\"ListItem\",\"position\":1,\"name\":\"Portada\",\"item\":\"https:\/\/demoweb.info\/sexshop001\/\"},{\"@type\":\"ListItem\",\"position\":2,\"name\":\"Tienda\",\"item\":\"https:\/\/demoweb.info\/sexshop001\/tienda\/\"},{\"@type\":\"ListItem\",\"position\":3,\"name\":\"BABYBOLL CON CINTAS Y TANGA A JUEGO &#8211; BLANCO\"}]},{\"@type\":\"WebSite\",\"@id\":\"https:\/\/demoweb.info\/sexshop001\/#website\",\"url\":\"https:\/\/demoweb.info\/sexshop001\/\",\"name\":\"Tienda Er\u00f3tica\",\"description\":\"DEMOWEB SL\",\"potentialAction\":[{\"@type\":\"SearchAction\",\"target\":{\"@type\":\"EntryPoint\",\"urlTemplate\":\"https:\/\/demoweb.info\/sexshop001\/?s={search_term_string}\"},\"query-input\":\"required name=search_term_string\"}],\"inLanguage\":\"es\"}]}<\/script>\n<!-- \/ Yoast SEO plugin. -->","yoast_head_json":{"title":"BABYBOLL CON CINTAS Y TANGA A JUEGO - BLANCO - Tienda Er\u00f3tica","robots":{"index":"noindex","follow":"follow","max-snippet":"max-snippet:-1","max-image-preview":"max-image-preview:large","max-video-preview":"max-video-preview:-1"},"og_locale":"es_ES","og_type":"article","og_title":"BABYBOLL CON CINTAS Y TANGA A JUEGO - BLANCO - Tienda Er\u00f3tica","og_description":"WHITE BABYDOLL WITH BRAIDED RIBBON &#038; STRING Sensualidad, clase, elegancia y atrevimiento. Estas son las palabras clave que definen la","og_url":"https:\/\/demoweb.info\/sexshop001\/producto\/babyboll-con-cintas-y-tanga-a-juego-blanco\/","og_site_name":"Tienda Er\u00f3tica","article_modified_time":"2022-01-22T15:31:44+00:00","og_image":[{"width":550,"height":550,"url":"https:\/\/demoweb.info\/sexshop001\/wp-content\/uploads\/2022\/01\/BABYBOLL-CON-CINTAS-Y-TANGA-A-JUEGO-BLANCO.jpg","type":"image\/jpeg"}],"twitter_card":"summary_large_image","twitter_misc":{"Tiempo de lectura":"1 minuto"},"schema":{"@context":"https:\/\/schema.org","@graph":[{"@type":"WebPage","@id":"https:\/\/demoweb.info\/sexshop001\/producto\/babyboll-con-cintas-y-tanga-a-juego-blanco\/","url":"https:\/\/demoweb.info\/sexshop001\/producto\/babyboll-con-cintas-y-tanga-a-juego-blanco\/","name":"BABYBOLL CON CINTAS Y TANGA A JUEGO - BLANCO - Tienda Er\u00f3tica","isPartOf":{"@id":"https:\/\/demoweb.info\/sexshop001\/#website"},"datePublished":"2022-01-22T15:31:38+00:00","dateModified":"2022-01-22T15:31:44+00:00","breadcrumb":{"@id":"https:\/\/demoweb.info\/sexshop001\/producto\/babyboll-con-cintas-y-tanga-a-juego-blanco\/#breadcrumb"},"inLanguage":"es","potentialAction":[{"@type":"ReadAction","target":["https:\/\/demoweb.info\/sexshop001\/producto\/babyboll-con-cintas-y-tanga-a-juego-blanco\/"]}]},{"@type":"BreadcrumbList","@id":"https:\/\/demoweb.info\/sexshop001\/producto\/babyboll-con-cintas-y-tanga-a-juego-blanco\/#breadcrumb","itemListElement":[{"@type":"ListItem","position":1,"name":"Portada","item":"https:\/\/demoweb.info\/sexshop001\/"},{"@type":"ListItem","position":2,"name":"Tienda","item":"https:\/\/demoweb.info\/sexshop001\/tienda\/"},{"@type":"ListItem","position":3,"name":"BABYBOLL CON CINTAS Y TANGA A JUEGO &#8211; BLANCO"}]},{"@type":"WebSite","@id":"https:\/\/demoweb.info\/sexshop001\/#website","url":"https:\/\/demoweb.info\/sexshop001\/","name":"Tienda Er\u00f3tica","description":"DEMOWEB SL","potentialAction":[{"@type":"SearchAction","target":{"@type":"EntryPoint","urlTemplate":"https:\/\/demoweb.info\/sexshop001\/?s={search_term_string}"},"query-input":"required name=search_term_string"}],"inLanguage":"es"}]}},"_links":{"self":[{"href":"https:\/\/demoweb.info\/sexshop001\/wp-json\/wp\/v3\/product\/52837","targetHints":{"allow":["GET"]}}],"collection":[{"href":"https:\/\/demoweb.info\/sexshop001\/wp-json\/wp\/v3\/product"}],"about":[{"href":"https:\/\/demoweb.info\/sexshop001\/wp-json\/wp\/v2\/types\/product"}],"replies":[{"embeddable":true,"href":"https:\/\/demoweb.info\/sexshop001\/wp-json\/wp\/v2\/comments?post=52837"}],"wp:featuredmedia":[{"embeddable":true,"href":"https:\/\/demoweb.info\/sexshop001\/wp-json\/wp\/v2\/media\/52838"}],"wp:attachment":[{"href":"https:\/\/demoweb.info\/sexshop001\/wp-json\/wp\/v2\/media?parent=52837"}],"wp:term":[{"taxonomy":"product_cat","embeddable":true,"href":"https:\/\/demoweb.info\/sexshop001\/wp-json\/wp\/v2\/product_cat?post=52837"},{"taxonomy":"product_tag","embeddable":true,"href":"https:\/\/demoweb.info\/sexshop001\/wp-json\/wp\/v2\/product_tag?post=52837"}],"curies":[{"name":"wp","href":"https:\/\/api.w.org\/{rel}","templated":true}]}}