{"id":52821,"date":"2022-01-22T16:31:16","date_gmt":"2022-01-22T15:31:16","guid":{"rendered":"https:\/\/demoweb.info\/sexshop001\/producto\/picardias-encaje-floral-con-tanga-rojo\/"},"modified":"2022-01-22T16:31:32","modified_gmt":"2022-01-22T15:31:32","slug":"picardias-encaje-floral-con-tanga-rojo","status":"publish","type":"product","link":"https:\/\/demoweb.info\/sexshop001\/producto\/picardias-encaje-floral-con-tanga-rojo\/","title":{"rendered":"PICARD\u00cdAS ENCAJE FLORAL CON TANGA &#8211; ROJO"},"content":{"rendered":"<p><strong>RED LACE BABYDOLL WITH RIBBON &#038; STRING<\/strong><\/p>\n<p><em>Sensualidad, clase, elegancia y atrevimiento. <\/em>Estas son las palabras clave que definen la lencer\u00eda DENAMOUR\u00ae.<\/p>\n<p>La preciosa, creativa e innovadora lencer\u00eda DENAMOUR\u00ae es imprescindible en el armario de cualquier mujer. Los elegantes dise\u00f1os de la marca holandesa consiguen que las mujeres que los llevan experimenten la sensaci\u00f3n que se merecen.<\/p>\n<p>Esta lujosa colecci\u00f3n de lencer\u00eda DENAMOUR\u00ae ofrece comodidad y un ajuste perfecto. Si\u00e9ntase hoy una mujer atrevida, ma\u00f1ana puede sentirse una mujer moderna y segura de s\u00ed misma. DENAMOUR\u00ae, lencer\u00eda para cualquier tipo de mujer.<\/p>\n<p>Picard\u00edas de encaje floral abierto en la parte delantera y con un lazo decorativo de sat\u00e9n. Incluye tanga a juego.<\/p>\n<p>Composici\u00f3n: 90% Nylon \/ 10% Spandex.<\/p>\n","protected":false},"excerpt":{"rendered":"<p>RED LACE BABYDOLL WITH RIBBON &#038; STRING Sensualidad, clase, elegancia y atrevimiento. Estas son las palabras clave que definen la<\/p>\n","protected":false},"featured_media":52822,"comment_status":"open","ping_status":"open","template":"","meta":[],"product_cat":[381],"product_tag":[1526,302],"class_list":["post-52821","product","type-product","status-publish","has-post-thumbnail","hentry","product_cat-picardias","product_tag-de-namour-lingerie","product_tag-shots"],"bundled_by":[],"bundle_stock_status":"outofstock","bundle_stock_quantity":0,"bundle_virtual":false,"bundle_layout":"","bundle_add_to_cart_form_location":"","bundle_editable_in_cart":false,"bundle_sold_individually_context":"","bundle_item_grouping":"","bundle_min_size":"","bundle_max_size":"","bundled_items":[],"yoast_head":"<!-- This site is optimized with the Yoast SEO plugin v20.6 - https:\/\/yoast.com\/wordpress\/plugins\/seo\/ -->\n<title>PICARD\u00cdAS ENCAJE FLORAL CON TANGA - ROJO - Tienda Er\u00f3tica<\/title>\n<meta name=\"robots\" content=\"noindex, follow, max-snippet:-1, max-image-preview:large, max-video-preview:-1\" \/>\n<meta property=\"og:locale\" content=\"es_ES\" \/>\n<meta property=\"og:type\" content=\"article\" \/>\n<meta property=\"og:title\" content=\"PICARD\u00cdAS ENCAJE FLORAL CON TANGA - ROJO - Tienda Er\u00f3tica\" \/>\n<meta property=\"og:description\" content=\"RED LACE BABYDOLL WITH RIBBON &#038; STRING Sensualidad, clase, elegancia y atrevimiento. Estas son las palabras clave que definen la\" \/>\n<meta property=\"og:url\" content=\"https:\/\/demoweb.info\/sexshop001\/producto\/picardias-encaje-floral-con-tanga-rojo\/\" \/>\n<meta property=\"og:site_name\" content=\"Tienda Er\u00f3tica\" \/>\n<meta property=\"article:modified_time\" content=\"2022-01-22T15:31:32+00:00\" \/>\n<meta property=\"og:image\" content=\"https:\/\/demoweb.info\/sexshop001\/wp-content\/uploads\/2022\/01\/PICARDIAS-ENCAJE-FLORAL-CON-TANGA-ROJO.jpg\" \/>\n\t<meta property=\"og:image:width\" content=\"550\" \/>\n\t<meta property=\"og:image:height\" content=\"550\" \/>\n\t<meta property=\"og:image:type\" content=\"image\/jpeg\" \/>\n<meta name=\"twitter:card\" content=\"summary_large_image\" \/>\n<meta name=\"twitter:label1\" content=\"Tiempo de lectura\" \/>\n\t<meta name=\"twitter:data1\" content=\"1 minuto\" \/>\n<script type=\"application\/ld+json\" class=\"yoast-schema-graph\">{\"@context\":\"https:\/\/schema.org\",\"@graph\":[{\"@type\":\"WebPage\",\"@id\":\"https:\/\/demoweb.info\/sexshop001\/producto\/picardias-encaje-floral-con-tanga-rojo\/\",\"url\":\"https:\/\/demoweb.info\/sexshop001\/producto\/picardias-encaje-floral-con-tanga-rojo\/\",\"name\":\"PICARD\u00cdAS ENCAJE FLORAL CON TANGA - ROJO - Tienda Er\u00f3tica\",\"isPartOf\":{\"@id\":\"https:\/\/demoweb.info\/sexshop001\/#website\"},\"datePublished\":\"2022-01-22T15:31:16+00:00\",\"dateModified\":\"2022-01-22T15:31:32+00:00\",\"breadcrumb\":{\"@id\":\"https:\/\/demoweb.info\/sexshop001\/producto\/picardias-encaje-floral-con-tanga-rojo\/#breadcrumb\"},\"inLanguage\":\"es\",\"potentialAction\":[{\"@type\":\"ReadAction\",\"target\":[\"https:\/\/demoweb.info\/sexshop001\/producto\/picardias-encaje-floral-con-tanga-rojo\/\"]}]},{\"@type\":\"BreadcrumbList\",\"@id\":\"https:\/\/demoweb.info\/sexshop001\/producto\/picardias-encaje-floral-con-tanga-rojo\/#breadcrumb\",\"itemListElement\":[{\"@type\":\"ListItem\",\"position\":1,\"name\":\"Portada\",\"item\":\"https:\/\/demoweb.info\/sexshop001\/\"},{\"@type\":\"ListItem\",\"position\":2,\"name\":\"Tienda\",\"item\":\"https:\/\/demoweb.info\/sexshop001\/tienda\/\"},{\"@type\":\"ListItem\",\"position\":3,\"name\":\"PICARD\u00cdAS ENCAJE FLORAL CON TANGA &#8211; ROJO\"}]},{\"@type\":\"WebSite\",\"@id\":\"https:\/\/demoweb.info\/sexshop001\/#website\",\"url\":\"https:\/\/demoweb.info\/sexshop001\/\",\"name\":\"Tienda Er\u00f3tica\",\"description\":\"DEMOWEB SL\",\"potentialAction\":[{\"@type\":\"SearchAction\",\"target\":{\"@type\":\"EntryPoint\",\"urlTemplate\":\"https:\/\/demoweb.info\/sexshop001\/?s={search_term_string}\"},\"query-input\":\"required name=search_term_string\"}],\"inLanguage\":\"es\"}]}<\/script>\n<!-- \/ Yoast SEO plugin. -->","yoast_head_json":{"title":"PICARD\u00cdAS ENCAJE FLORAL CON TANGA - ROJO - Tienda Er\u00f3tica","robots":{"index":"noindex","follow":"follow","max-snippet":"max-snippet:-1","max-image-preview":"max-image-preview:large","max-video-preview":"max-video-preview:-1"},"og_locale":"es_ES","og_type":"article","og_title":"PICARD\u00cdAS ENCAJE FLORAL CON TANGA - ROJO - Tienda Er\u00f3tica","og_description":"RED LACE BABYDOLL WITH RIBBON &#038; STRING Sensualidad, clase, elegancia y atrevimiento. Estas son las palabras clave que definen la","og_url":"https:\/\/demoweb.info\/sexshop001\/producto\/picardias-encaje-floral-con-tanga-rojo\/","og_site_name":"Tienda Er\u00f3tica","article_modified_time":"2022-01-22T15:31:32+00:00","og_image":[{"width":550,"height":550,"url":"https:\/\/demoweb.info\/sexshop001\/wp-content\/uploads\/2022\/01\/PICARDIAS-ENCAJE-FLORAL-CON-TANGA-ROJO.jpg","type":"image\/jpeg"}],"twitter_card":"summary_large_image","twitter_misc":{"Tiempo de lectura":"1 minuto"},"schema":{"@context":"https:\/\/schema.org","@graph":[{"@type":"WebPage","@id":"https:\/\/demoweb.info\/sexshop001\/producto\/picardias-encaje-floral-con-tanga-rojo\/","url":"https:\/\/demoweb.info\/sexshop001\/producto\/picardias-encaje-floral-con-tanga-rojo\/","name":"PICARD\u00cdAS ENCAJE FLORAL CON TANGA - ROJO - Tienda Er\u00f3tica","isPartOf":{"@id":"https:\/\/demoweb.info\/sexshop001\/#website"},"datePublished":"2022-01-22T15:31:16+00:00","dateModified":"2022-01-22T15:31:32+00:00","breadcrumb":{"@id":"https:\/\/demoweb.info\/sexshop001\/producto\/picardias-encaje-floral-con-tanga-rojo\/#breadcrumb"},"inLanguage":"es","potentialAction":[{"@type":"ReadAction","target":["https:\/\/demoweb.info\/sexshop001\/producto\/picardias-encaje-floral-con-tanga-rojo\/"]}]},{"@type":"BreadcrumbList","@id":"https:\/\/demoweb.info\/sexshop001\/producto\/picardias-encaje-floral-con-tanga-rojo\/#breadcrumb","itemListElement":[{"@type":"ListItem","position":1,"name":"Portada","item":"https:\/\/demoweb.info\/sexshop001\/"},{"@type":"ListItem","position":2,"name":"Tienda","item":"https:\/\/demoweb.info\/sexshop001\/tienda\/"},{"@type":"ListItem","position":3,"name":"PICARD\u00cdAS ENCAJE FLORAL CON TANGA &#8211; ROJO"}]},{"@type":"WebSite","@id":"https:\/\/demoweb.info\/sexshop001\/#website","url":"https:\/\/demoweb.info\/sexshop001\/","name":"Tienda Er\u00f3tica","description":"DEMOWEB SL","potentialAction":[{"@type":"SearchAction","target":{"@type":"EntryPoint","urlTemplate":"https:\/\/demoweb.info\/sexshop001\/?s={search_term_string}"},"query-input":"required name=search_term_string"}],"inLanguage":"es"}]}},"_links":{"self":[{"href":"https:\/\/demoweb.info\/sexshop001\/wp-json\/wp\/v3\/product\/52821","targetHints":{"allow":["GET"]}}],"collection":[{"href":"https:\/\/demoweb.info\/sexshop001\/wp-json\/wp\/v3\/product"}],"about":[{"href":"https:\/\/demoweb.info\/sexshop001\/wp-json\/wp\/v2\/types\/product"}],"replies":[{"embeddable":true,"href":"https:\/\/demoweb.info\/sexshop001\/wp-json\/wp\/v2\/comments?post=52821"}],"wp:featuredmedia":[{"embeddable":true,"href":"https:\/\/demoweb.info\/sexshop001\/wp-json\/wp\/v2\/media\/52822"}],"wp:attachment":[{"href":"https:\/\/demoweb.info\/sexshop001\/wp-json\/wp\/v2\/media?parent=52821"}],"wp:term":[{"taxonomy":"product_cat","embeddable":true,"href":"https:\/\/demoweb.info\/sexshop001\/wp-json\/wp\/v2\/product_cat?post=52821"},{"taxonomy":"product_tag","embeddable":true,"href":"https:\/\/demoweb.info\/sexshop001\/wp-json\/wp\/v2\/product_tag?post=52821"}],"curies":[{"name":"wp","href":"https:\/\/api.w.org\/{rel}","templated":true}]}}