{"id":52776,"date":"2022-01-22T16:30:50","date_gmt":"2022-01-22T15:30:50","guid":{"rendered":"https:\/\/demoweb.info\/sexshop001\/producto\/sujetador-aros-falda-con-ligueros-y-tanga-rosa\/"},"modified":"2022-01-22T16:31:01","modified_gmt":"2022-01-22T15:31:01","slug":"sujetador-aros-falda-con-ligueros-y-tanga-rosa","status":"publish","type":"product","link":"https:\/\/demoweb.info\/sexshop001\/producto\/sujetador-aros-falda-con-ligueros-y-tanga-rosa\/","title":{"rendered":"SUJETADOR AROS, FALDA CON LIGUEROS Y TANGA &#8211; ROSA"},"content":{"rendered":"<p><strong>SET WITH BRA, GARTER SKIRT AND G-STRING &#8211; PINK<\/strong><\/p>\n<p><em>Sensualidad, clase, elegancia y atrevimiento. <\/em>Estas son las palabras clave que definen la lencer\u00eda DENAMOUR\u00ae.<\/p>\n<p>La preciosa, creativa e innovadora lencer\u00eda DENAMOUR\u00ae es imprescindible en el armario de cualquier mujer. Los elegantes dise\u00f1os de la marca holandesa consiguen que las mujeres que los llevan experimenten la sensaci\u00f3n que se merecen.<\/p>\n<p>Esta lujosa colecci\u00f3n de lencer\u00eda DENAMOUR\u00ae ofrece comodidad y un ajuste perfecto. Si\u00e9ntase hoy una mujer atrevida, ma\u00f1ana puede sentirse una mujer moderna y segura de s\u00ed misma. DENAMOUR\u00ae, lencer\u00eda para cualquier tipo de mujer.<\/p>\n<p>Conjunto 3 piezas de color fucsia: Sujetador con aros y tirantes ajustables, faldita con ligueros y tanga a juego.<\/p>\n<p>Medias no incluidas.<\/p>\n","protected":false},"excerpt":{"rendered":"<p>SET WITH BRA, GARTER SKIRT AND G-STRING &#8211; PINK Sensualidad, clase, elegancia y atrevimiento. Estas son las palabras clave que<\/p>\n","protected":false},"featured_media":52777,"comment_status":"open","ping_status":"open","template":"","meta":[],"product_cat":[350],"product_tag":[1526,302],"class_list":["post-52776","product","type-product","status-publish","has-post-thumbnail","hentry","product_cat-con-ligueros","product_tag-de-namour-lingerie","product_tag-shots"],"bundled_by":[],"bundle_stock_status":"outofstock","bundle_stock_quantity":0,"bundle_virtual":false,"bundle_layout":"","bundle_add_to_cart_form_location":"","bundle_editable_in_cart":false,"bundle_sold_individually_context":"","bundle_item_grouping":"","bundle_min_size":"","bundle_max_size":"","bundled_items":[],"yoast_head":"<!-- This site is optimized with the Yoast SEO plugin v20.6 - https:\/\/yoast.com\/wordpress\/plugins\/seo\/ -->\n<title>SUJETADOR AROS, FALDA CON LIGUEROS Y TANGA - ROSA - Tienda Er\u00f3tica<\/title>\n<meta name=\"robots\" content=\"noindex, follow, max-snippet:-1, max-image-preview:large, max-video-preview:-1\" \/>\n<meta property=\"og:locale\" content=\"es_ES\" \/>\n<meta property=\"og:type\" content=\"article\" \/>\n<meta property=\"og:title\" content=\"SUJETADOR AROS, FALDA CON LIGUEROS Y TANGA - ROSA - Tienda Er\u00f3tica\" \/>\n<meta property=\"og:description\" content=\"SET WITH BRA, GARTER SKIRT AND G-STRING &#8211; PINK Sensualidad, clase, elegancia y atrevimiento. Estas son las palabras clave que\" \/>\n<meta property=\"og:url\" content=\"https:\/\/demoweb.info\/sexshop001\/producto\/sujetador-aros-falda-con-ligueros-y-tanga-rosa\/\" \/>\n<meta property=\"og:site_name\" content=\"Tienda Er\u00f3tica\" \/>\n<meta property=\"article:modified_time\" content=\"2022-01-22T15:31:01+00:00\" \/>\n<meta property=\"og:image\" content=\"https:\/\/demoweb.info\/sexshop001\/wp-content\/uploads\/2022\/01\/SUJETADOR-AROS-FALDA-CON-LIGUEROS-Y-TANGA-ROSA.jpg\" \/>\n\t<meta property=\"og:image:width\" content=\"550\" \/>\n\t<meta property=\"og:image:height\" content=\"550\" \/>\n\t<meta property=\"og:image:type\" content=\"image\/jpeg\" \/>\n<meta name=\"twitter:card\" content=\"summary_large_image\" \/>\n<meta name=\"twitter:label1\" content=\"Tiempo de lectura\" \/>\n\t<meta name=\"twitter:data1\" content=\"1 minuto\" \/>\n<script type=\"application\/ld+json\" class=\"yoast-schema-graph\">{\"@context\":\"https:\/\/schema.org\",\"@graph\":[{\"@type\":\"WebPage\",\"@id\":\"https:\/\/demoweb.info\/sexshop001\/producto\/sujetador-aros-falda-con-ligueros-y-tanga-rosa\/\",\"url\":\"https:\/\/demoweb.info\/sexshop001\/producto\/sujetador-aros-falda-con-ligueros-y-tanga-rosa\/\",\"name\":\"SUJETADOR AROS, FALDA CON LIGUEROS Y TANGA - ROSA - Tienda Er\u00f3tica\",\"isPartOf\":{\"@id\":\"https:\/\/demoweb.info\/sexshop001\/#website\"},\"datePublished\":\"2022-01-22T15:30:50+00:00\",\"dateModified\":\"2022-01-22T15:31:01+00:00\",\"breadcrumb\":{\"@id\":\"https:\/\/demoweb.info\/sexshop001\/producto\/sujetador-aros-falda-con-ligueros-y-tanga-rosa\/#breadcrumb\"},\"inLanguage\":\"es\",\"potentialAction\":[{\"@type\":\"ReadAction\",\"target\":[\"https:\/\/demoweb.info\/sexshop001\/producto\/sujetador-aros-falda-con-ligueros-y-tanga-rosa\/\"]}]},{\"@type\":\"BreadcrumbList\",\"@id\":\"https:\/\/demoweb.info\/sexshop001\/producto\/sujetador-aros-falda-con-ligueros-y-tanga-rosa\/#breadcrumb\",\"itemListElement\":[{\"@type\":\"ListItem\",\"position\":1,\"name\":\"Portada\",\"item\":\"https:\/\/demoweb.info\/sexshop001\/\"},{\"@type\":\"ListItem\",\"position\":2,\"name\":\"Tienda\",\"item\":\"https:\/\/demoweb.info\/sexshop001\/tienda\/\"},{\"@type\":\"ListItem\",\"position\":3,\"name\":\"SUJETADOR AROS, FALDA CON LIGUEROS Y TANGA &#8211; ROSA\"}]},{\"@type\":\"WebSite\",\"@id\":\"https:\/\/demoweb.info\/sexshop001\/#website\",\"url\":\"https:\/\/demoweb.info\/sexshop001\/\",\"name\":\"Tienda Er\u00f3tica\",\"description\":\"DEMOWEB SL\",\"potentialAction\":[{\"@type\":\"SearchAction\",\"target\":{\"@type\":\"EntryPoint\",\"urlTemplate\":\"https:\/\/demoweb.info\/sexshop001\/?s={search_term_string}\"},\"query-input\":\"required name=search_term_string\"}],\"inLanguage\":\"es\"}]}<\/script>\n<!-- \/ Yoast SEO plugin. -->","yoast_head_json":{"title":"SUJETADOR AROS, FALDA CON LIGUEROS Y TANGA - ROSA - Tienda Er\u00f3tica","robots":{"index":"noindex","follow":"follow","max-snippet":"max-snippet:-1","max-image-preview":"max-image-preview:large","max-video-preview":"max-video-preview:-1"},"og_locale":"es_ES","og_type":"article","og_title":"SUJETADOR AROS, FALDA CON LIGUEROS Y TANGA - ROSA - Tienda Er\u00f3tica","og_description":"SET WITH BRA, GARTER SKIRT AND G-STRING &#8211; PINK Sensualidad, clase, elegancia y atrevimiento. Estas son las palabras clave que","og_url":"https:\/\/demoweb.info\/sexshop001\/producto\/sujetador-aros-falda-con-ligueros-y-tanga-rosa\/","og_site_name":"Tienda Er\u00f3tica","article_modified_time":"2022-01-22T15:31:01+00:00","og_image":[{"width":550,"height":550,"url":"https:\/\/demoweb.info\/sexshop001\/wp-content\/uploads\/2022\/01\/SUJETADOR-AROS-FALDA-CON-LIGUEROS-Y-TANGA-ROSA.jpg","type":"image\/jpeg"}],"twitter_card":"summary_large_image","twitter_misc":{"Tiempo de lectura":"1 minuto"},"schema":{"@context":"https:\/\/schema.org","@graph":[{"@type":"WebPage","@id":"https:\/\/demoweb.info\/sexshop001\/producto\/sujetador-aros-falda-con-ligueros-y-tanga-rosa\/","url":"https:\/\/demoweb.info\/sexshop001\/producto\/sujetador-aros-falda-con-ligueros-y-tanga-rosa\/","name":"SUJETADOR AROS, FALDA CON LIGUEROS Y TANGA - ROSA - Tienda Er\u00f3tica","isPartOf":{"@id":"https:\/\/demoweb.info\/sexshop001\/#website"},"datePublished":"2022-01-22T15:30:50+00:00","dateModified":"2022-01-22T15:31:01+00:00","breadcrumb":{"@id":"https:\/\/demoweb.info\/sexshop001\/producto\/sujetador-aros-falda-con-ligueros-y-tanga-rosa\/#breadcrumb"},"inLanguage":"es","potentialAction":[{"@type":"ReadAction","target":["https:\/\/demoweb.info\/sexshop001\/producto\/sujetador-aros-falda-con-ligueros-y-tanga-rosa\/"]}]},{"@type":"BreadcrumbList","@id":"https:\/\/demoweb.info\/sexshop001\/producto\/sujetador-aros-falda-con-ligueros-y-tanga-rosa\/#breadcrumb","itemListElement":[{"@type":"ListItem","position":1,"name":"Portada","item":"https:\/\/demoweb.info\/sexshop001\/"},{"@type":"ListItem","position":2,"name":"Tienda","item":"https:\/\/demoweb.info\/sexshop001\/tienda\/"},{"@type":"ListItem","position":3,"name":"SUJETADOR AROS, FALDA CON LIGUEROS Y TANGA &#8211; ROSA"}]},{"@type":"WebSite","@id":"https:\/\/demoweb.info\/sexshop001\/#website","url":"https:\/\/demoweb.info\/sexshop001\/","name":"Tienda Er\u00f3tica","description":"DEMOWEB SL","potentialAction":[{"@type":"SearchAction","target":{"@type":"EntryPoint","urlTemplate":"https:\/\/demoweb.info\/sexshop001\/?s={search_term_string}"},"query-input":"required name=search_term_string"}],"inLanguage":"es"}]}},"_links":{"self":[{"href":"https:\/\/demoweb.info\/sexshop001\/wp-json\/wp\/v3\/product\/52776","targetHints":{"allow":["GET"]}}],"collection":[{"href":"https:\/\/demoweb.info\/sexshop001\/wp-json\/wp\/v3\/product"}],"about":[{"href":"https:\/\/demoweb.info\/sexshop001\/wp-json\/wp\/v2\/types\/product"}],"replies":[{"embeddable":true,"href":"https:\/\/demoweb.info\/sexshop001\/wp-json\/wp\/v2\/comments?post=52776"}],"wp:featuredmedia":[{"embeddable":true,"href":"https:\/\/demoweb.info\/sexshop001\/wp-json\/wp\/v2\/media\/52777"}],"wp:attachment":[{"href":"https:\/\/demoweb.info\/sexshop001\/wp-json\/wp\/v2\/media?parent=52776"}],"wp:term":[{"taxonomy":"product_cat","embeddable":true,"href":"https:\/\/demoweb.info\/sexshop001\/wp-json\/wp\/v2\/product_cat?post=52776"},{"taxonomy":"product_tag","embeddable":true,"href":"https:\/\/demoweb.info\/sexshop001\/wp-json\/wp\/v2\/product_tag?post=52776"}],"curies":[{"name":"wp","href":"https:\/\/api.w.org\/{rel}","templated":true}]}}