{"id":52741,"date":"2022-01-22T16:30:24","date_gmt":"2022-01-22T15:30:24","guid":{"rendered":"https:\/\/demoweb.info\/sexshop001\/producto\/conjunto-babydoll-con-tanga-fucsia-negro\/"},"modified":"2022-01-22T16:30:35","modified_gmt":"2022-01-22T15:30:35","slug":"conjunto-babydoll-con-tanga-fucsia-negro","status":"publish","type":"product","link":"https:\/\/demoweb.info\/sexshop001\/producto\/conjunto-babydoll-con-tanga-fucsia-negro\/","title":{"rendered":"CONJUNTO BABYDOLL CON TANGA &#8211; FUCSIA \/ NEGRO"},"content":{"rendered":"<p><strong>BABYDOLL SET WITH G-STRING &#8211; PINK \/ BLACK<\/strong><\/p>\n<p><em>Sensualidad, clase, elegancia y atrevimiento. <\/em>Estas son las palabras clave que definen la lencer\u00eda DENAMOUR\u00ae.<\/p>\n<p>La preciosa, creativa e innovadora lencer\u00eda DENAMOUR\u00ae es imprescindible en el armario de cualquier mujer. Los elegantes dise\u00f1os de la marca holandesa consiguen que las mujeres que los llevan experimenten la sensaci\u00f3n que se merecen.<\/p>\n<p>Esta lujosa colecci\u00f3n de lencer\u00eda DENAMOUR\u00ae ofrece comodidad y un ajuste perfecto. Si\u00e9ntase hoy una mujer atrevida, ma\u00f1ana puede sentirse una mujer moderna y segura de s\u00ed misma. DENAMOUR\u00ae, lencer\u00eda para cualquier tipo de mujer.<\/p>\n<p>Conjunto de 2 piezas, camiseta con tirantes ajustables y espalada abierta con tanga a juego.<\/p>\n","protected":false},"excerpt":{"rendered":"<p>BABYDOLL SET WITH G-STRING &#8211; PINK \/ BLACK Sensualidad, clase, elegancia y atrevimiento. Estas son las palabras clave que definen<\/p>\n","protected":false},"featured_media":52742,"comment_status":"open","ping_status":"open","template":"","meta":[],"product_cat":[349],"product_tag":[1526,302],"class_list":["post-52741","product","type-product","status-publish","has-post-thumbnail","hentry","product_cat-conjuntos-lenceria","product_tag-de-namour-lingerie","product_tag-shots"],"bundled_by":[],"bundle_stock_status":"instock","bundle_stock_quantity":1,"bundle_virtual":false,"bundle_layout":"","bundle_add_to_cart_form_location":"","bundle_editable_in_cart":false,"bundle_sold_individually_context":"","bundle_item_grouping":"","bundle_min_size":"","bundle_max_size":"","bundled_items":[],"yoast_head":"<!-- This site is optimized with the Yoast SEO plugin v20.6 - https:\/\/yoast.com\/wordpress\/plugins\/seo\/ -->\n<title>CONJUNTO BABYDOLL CON TANGA - FUCSIA \/ NEGRO - Tienda Er\u00f3tica<\/title>\n<meta name=\"robots\" content=\"noindex, follow, max-snippet:-1, max-image-preview:large, max-video-preview:-1\" \/>\n<meta property=\"og:locale\" content=\"es_ES\" \/>\n<meta property=\"og:type\" content=\"article\" \/>\n<meta property=\"og:title\" content=\"CONJUNTO BABYDOLL CON TANGA - FUCSIA \/ NEGRO - Tienda Er\u00f3tica\" \/>\n<meta property=\"og:description\" content=\"BABYDOLL SET WITH G-STRING &#8211; PINK \/ BLACK Sensualidad, clase, elegancia y atrevimiento. Estas son las palabras clave que definen\" \/>\n<meta property=\"og:url\" content=\"https:\/\/demoweb.info\/sexshop001\/producto\/conjunto-babydoll-con-tanga-fucsia-negro\/\" \/>\n<meta property=\"og:site_name\" content=\"Tienda Er\u00f3tica\" \/>\n<meta property=\"article:modified_time\" content=\"2022-01-22T15:30:35+00:00\" \/>\n<meta property=\"og:image\" content=\"https:\/\/demoweb.info\/sexshop001\/wp-content\/uploads\/2022\/01\/CONJUNTO-BABYDOLL-CON-TANGA-FUCSIA-NEGRO.jpg\" \/>\n\t<meta property=\"og:image:width\" content=\"550\" \/>\n\t<meta property=\"og:image:height\" content=\"550\" \/>\n\t<meta property=\"og:image:type\" content=\"image\/jpeg\" \/>\n<meta name=\"twitter:card\" content=\"summary_large_image\" \/>\n<meta name=\"twitter:label1\" content=\"Tiempo de lectura\" \/>\n\t<meta name=\"twitter:data1\" content=\"1 minuto\" \/>\n<script type=\"application\/ld+json\" class=\"yoast-schema-graph\">{\"@context\":\"https:\/\/schema.org\",\"@graph\":[{\"@type\":\"WebPage\",\"@id\":\"https:\/\/demoweb.info\/sexshop001\/producto\/conjunto-babydoll-con-tanga-fucsia-negro\/\",\"url\":\"https:\/\/demoweb.info\/sexshop001\/producto\/conjunto-babydoll-con-tanga-fucsia-negro\/\",\"name\":\"CONJUNTO BABYDOLL CON TANGA - FUCSIA \/ NEGRO - Tienda Er\u00f3tica\",\"isPartOf\":{\"@id\":\"https:\/\/demoweb.info\/sexshop001\/#website\"},\"datePublished\":\"2022-01-22T15:30:24+00:00\",\"dateModified\":\"2022-01-22T15:30:35+00:00\",\"breadcrumb\":{\"@id\":\"https:\/\/demoweb.info\/sexshop001\/producto\/conjunto-babydoll-con-tanga-fucsia-negro\/#breadcrumb\"},\"inLanguage\":\"es\",\"potentialAction\":[{\"@type\":\"ReadAction\",\"target\":[\"https:\/\/demoweb.info\/sexshop001\/producto\/conjunto-babydoll-con-tanga-fucsia-negro\/\"]}]},{\"@type\":\"BreadcrumbList\",\"@id\":\"https:\/\/demoweb.info\/sexshop001\/producto\/conjunto-babydoll-con-tanga-fucsia-negro\/#breadcrumb\",\"itemListElement\":[{\"@type\":\"ListItem\",\"position\":1,\"name\":\"Portada\",\"item\":\"https:\/\/demoweb.info\/sexshop001\/\"},{\"@type\":\"ListItem\",\"position\":2,\"name\":\"Tienda\",\"item\":\"https:\/\/demoweb.info\/sexshop001\/tienda\/\"},{\"@type\":\"ListItem\",\"position\":3,\"name\":\"CONJUNTO BABYDOLL CON TANGA &#8211; FUCSIA \/ NEGRO\"}]},{\"@type\":\"WebSite\",\"@id\":\"https:\/\/demoweb.info\/sexshop001\/#website\",\"url\":\"https:\/\/demoweb.info\/sexshop001\/\",\"name\":\"Tienda Er\u00f3tica\",\"description\":\"DEMOWEB SL\",\"potentialAction\":[{\"@type\":\"SearchAction\",\"target\":{\"@type\":\"EntryPoint\",\"urlTemplate\":\"https:\/\/demoweb.info\/sexshop001\/?s={search_term_string}\"},\"query-input\":\"required name=search_term_string\"}],\"inLanguage\":\"es\"}]}<\/script>\n<!-- \/ Yoast SEO plugin. -->","yoast_head_json":{"title":"CONJUNTO BABYDOLL CON TANGA - FUCSIA \/ NEGRO - Tienda Er\u00f3tica","robots":{"index":"noindex","follow":"follow","max-snippet":"max-snippet:-1","max-image-preview":"max-image-preview:large","max-video-preview":"max-video-preview:-1"},"og_locale":"es_ES","og_type":"article","og_title":"CONJUNTO BABYDOLL CON TANGA - FUCSIA \/ NEGRO - Tienda Er\u00f3tica","og_description":"BABYDOLL SET WITH G-STRING &#8211; PINK \/ BLACK Sensualidad, clase, elegancia y atrevimiento. Estas son las palabras clave que definen","og_url":"https:\/\/demoweb.info\/sexshop001\/producto\/conjunto-babydoll-con-tanga-fucsia-negro\/","og_site_name":"Tienda Er\u00f3tica","article_modified_time":"2022-01-22T15:30:35+00:00","og_image":[{"width":550,"height":550,"url":"https:\/\/demoweb.info\/sexshop001\/wp-content\/uploads\/2022\/01\/CONJUNTO-BABYDOLL-CON-TANGA-FUCSIA-NEGRO.jpg","type":"image\/jpeg"}],"twitter_card":"summary_large_image","twitter_misc":{"Tiempo de lectura":"1 minuto"},"schema":{"@context":"https:\/\/schema.org","@graph":[{"@type":"WebPage","@id":"https:\/\/demoweb.info\/sexshop001\/producto\/conjunto-babydoll-con-tanga-fucsia-negro\/","url":"https:\/\/demoweb.info\/sexshop001\/producto\/conjunto-babydoll-con-tanga-fucsia-negro\/","name":"CONJUNTO BABYDOLL CON TANGA - FUCSIA \/ NEGRO - Tienda Er\u00f3tica","isPartOf":{"@id":"https:\/\/demoweb.info\/sexshop001\/#website"},"datePublished":"2022-01-22T15:30:24+00:00","dateModified":"2022-01-22T15:30:35+00:00","breadcrumb":{"@id":"https:\/\/demoweb.info\/sexshop001\/producto\/conjunto-babydoll-con-tanga-fucsia-negro\/#breadcrumb"},"inLanguage":"es","potentialAction":[{"@type":"ReadAction","target":["https:\/\/demoweb.info\/sexshop001\/producto\/conjunto-babydoll-con-tanga-fucsia-negro\/"]}]},{"@type":"BreadcrumbList","@id":"https:\/\/demoweb.info\/sexshop001\/producto\/conjunto-babydoll-con-tanga-fucsia-negro\/#breadcrumb","itemListElement":[{"@type":"ListItem","position":1,"name":"Portada","item":"https:\/\/demoweb.info\/sexshop001\/"},{"@type":"ListItem","position":2,"name":"Tienda","item":"https:\/\/demoweb.info\/sexshop001\/tienda\/"},{"@type":"ListItem","position":3,"name":"CONJUNTO BABYDOLL CON TANGA &#8211; FUCSIA \/ NEGRO"}]},{"@type":"WebSite","@id":"https:\/\/demoweb.info\/sexshop001\/#website","url":"https:\/\/demoweb.info\/sexshop001\/","name":"Tienda Er\u00f3tica","description":"DEMOWEB SL","potentialAction":[{"@type":"SearchAction","target":{"@type":"EntryPoint","urlTemplate":"https:\/\/demoweb.info\/sexshop001\/?s={search_term_string}"},"query-input":"required name=search_term_string"}],"inLanguage":"es"}]}},"_links":{"self":[{"href":"https:\/\/demoweb.info\/sexshop001\/wp-json\/wp\/v3\/product\/52741","targetHints":{"allow":["GET"]}}],"collection":[{"href":"https:\/\/demoweb.info\/sexshop001\/wp-json\/wp\/v3\/product"}],"about":[{"href":"https:\/\/demoweb.info\/sexshop001\/wp-json\/wp\/v2\/types\/product"}],"replies":[{"embeddable":true,"href":"https:\/\/demoweb.info\/sexshop001\/wp-json\/wp\/v2\/comments?post=52741"}],"wp:featuredmedia":[{"embeddable":true,"href":"https:\/\/demoweb.info\/sexshop001\/wp-json\/wp\/v2\/media\/52742"}],"wp:attachment":[{"href":"https:\/\/demoweb.info\/sexshop001\/wp-json\/wp\/v2\/media?parent=52741"}],"wp:term":[{"taxonomy":"product_cat","embeddable":true,"href":"https:\/\/demoweb.info\/sexshop001\/wp-json\/wp\/v2\/product_cat?post=52741"},{"taxonomy":"product_tag","embeddable":true,"href":"https:\/\/demoweb.info\/sexshop001\/wp-json\/wp\/v2\/product_tag?post=52741"}],"curies":[{"name":"wp","href":"https:\/\/api.w.org\/{rel}","templated":true}]}}