{"id":52706,"date":"2022-01-22T16:29:54","date_gmt":"2022-01-22T15:29:54","guid":{"rendered":"https:\/\/demoweb.info\/sexshop001\/producto\/costas-solid-structure-2-negro\/"},"modified":"2022-01-22T16:30:09","modified_gmt":"2022-01-22T15:30:09","slug":"costas-solid-structure-2-negro","status":"publish","type":"product","link":"https:\/\/demoweb.info\/sexshop001\/producto\/costas-solid-structure-2-negro\/","title":{"rendered":"COSTAS &#8211; SOLID STRUCTURE 2 &#8211; NEGRO"},"content":{"rendered":"<p><strong>COSTAS &#8211; SOLID STRUCTURE 2 &#8211; BLACK<\/strong><\/p>\n<p>Obt\u00e9n un muy buen agarre por todas parte con este fuerte arn\u00e9s. Con tres grandes aros met\u00e1licos tanto al frente como en la espalda podr\u00e1s escoger c\u00f3mo deseas conectarte. En la espalda hay 2 hebillas met\u00e1licas para que sea f\u00e1cil ajustarlo a la talla correcta. Los 6 ribetes por aro en forma de O hacen que este arn\u00e9s sea confiable cuando realmente importa. <em>\u00a1Conectar con alguien nunca ha sido tan f\u00e1cil!<\/em><\/p>\n<p>&#8211; Material: piel regenerada y metal.<br \/>\n&#8211; Talla \u00fanica. Ajustable.<\/p>\n","protected":false},"excerpt":{"rendered":"<p>COSTAS &#8211; SOLID STRUCTURE 2 &#8211; BLACK Obt\u00e9n un muy buen agarre por todas parte con este fuerte arn\u00e9s. Con<\/p>\n","protected":false},"featured_media":52707,"comment_status":"open","ping_status":"open","template":"","meta":[],"product_cat":[603],"product_tag":[307,302],"class_list":["post-52706","product","type-product","status-publish","has-post-thumbnail","hentry","product_cat-arneses-ataduras","product_tag-ouch","product_tag-shots"],"bundled_by":[],"bundle_stock_status":"outofstock","bundle_stock_quantity":0,"bundle_virtual":false,"bundle_layout":"","bundle_add_to_cart_form_location":"","bundle_editable_in_cart":false,"bundle_sold_individually_context":"","bundle_item_grouping":"","bundle_min_size":"","bundle_max_size":"","bundled_items":[],"yoast_head":"<!-- This site is optimized with the Yoast SEO plugin v20.6 - https:\/\/yoast.com\/wordpress\/plugins\/seo\/ -->\n<title>COSTAS - SOLID STRUCTURE 2 - NEGRO - Tienda Er\u00f3tica<\/title>\n<meta name=\"robots\" content=\"noindex, follow, max-snippet:-1, max-image-preview:large, max-video-preview:-1\" \/>\n<meta property=\"og:locale\" content=\"es_ES\" \/>\n<meta property=\"og:type\" content=\"article\" \/>\n<meta property=\"og:title\" content=\"COSTAS - SOLID STRUCTURE 2 - NEGRO - Tienda Er\u00f3tica\" \/>\n<meta property=\"og:description\" content=\"COSTAS &#8211; SOLID STRUCTURE 2 &#8211; BLACK Obt\u00e9n un muy buen agarre por todas parte con este fuerte arn\u00e9s. Con\" \/>\n<meta property=\"og:url\" content=\"https:\/\/demoweb.info\/sexshop001\/producto\/costas-solid-structure-2-negro\/\" \/>\n<meta property=\"og:site_name\" content=\"Tienda Er\u00f3tica\" \/>\n<meta property=\"article:modified_time\" content=\"2022-01-22T15:30:09+00:00\" \/>\n<meta property=\"og:image\" content=\"https:\/\/demoweb.info\/sexshop001\/wp-content\/uploads\/2022\/01\/COSTAS-SOLID-STRUCTURE-2-NEGRO.jpg\" \/>\n\t<meta property=\"og:image:width\" content=\"550\" \/>\n\t<meta property=\"og:image:height\" content=\"550\" \/>\n\t<meta property=\"og:image:type\" content=\"image\/jpeg\" \/>\n<meta name=\"twitter:card\" content=\"summary_large_image\" \/>\n<script type=\"application\/ld+json\" class=\"yoast-schema-graph\">{\"@context\":\"https:\/\/schema.org\",\"@graph\":[{\"@type\":\"WebPage\",\"@id\":\"https:\/\/demoweb.info\/sexshop001\/producto\/costas-solid-structure-2-negro\/\",\"url\":\"https:\/\/demoweb.info\/sexshop001\/producto\/costas-solid-structure-2-negro\/\",\"name\":\"COSTAS - SOLID STRUCTURE 2 - NEGRO - Tienda Er\u00f3tica\",\"isPartOf\":{\"@id\":\"https:\/\/demoweb.info\/sexshop001\/#website\"},\"datePublished\":\"2022-01-22T15:29:54+00:00\",\"dateModified\":\"2022-01-22T15:30:09+00:00\",\"breadcrumb\":{\"@id\":\"https:\/\/demoweb.info\/sexshop001\/producto\/costas-solid-structure-2-negro\/#breadcrumb\"},\"inLanguage\":\"es\",\"potentialAction\":[{\"@type\":\"ReadAction\",\"target\":[\"https:\/\/demoweb.info\/sexshop001\/producto\/costas-solid-structure-2-negro\/\"]}]},{\"@type\":\"BreadcrumbList\",\"@id\":\"https:\/\/demoweb.info\/sexshop001\/producto\/costas-solid-structure-2-negro\/#breadcrumb\",\"itemListElement\":[{\"@type\":\"ListItem\",\"position\":1,\"name\":\"Portada\",\"item\":\"https:\/\/demoweb.info\/sexshop001\/\"},{\"@type\":\"ListItem\",\"position\":2,\"name\":\"Tienda\",\"item\":\"https:\/\/demoweb.info\/sexshop001\/tienda\/\"},{\"@type\":\"ListItem\",\"position\":3,\"name\":\"COSTAS &#8211; SOLID STRUCTURE 2 &#8211; NEGRO\"}]},{\"@type\":\"WebSite\",\"@id\":\"https:\/\/demoweb.info\/sexshop001\/#website\",\"url\":\"https:\/\/demoweb.info\/sexshop001\/\",\"name\":\"Tienda Er\u00f3tica\",\"description\":\"DEMOWEB SL\",\"potentialAction\":[{\"@type\":\"SearchAction\",\"target\":{\"@type\":\"EntryPoint\",\"urlTemplate\":\"https:\/\/demoweb.info\/sexshop001\/?s={search_term_string}\"},\"query-input\":\"required name=search_term_string\"}],\"inLanguage\":\"es\"}]}<\/script>\n<!-- \/ Yoast SEO plugin. -->","yoast_head_json":{"title":"COSTAS - SOLID STRUCTURE 2 - NEGRO - Tienda Er\u00f3tica","robots":{"index":"noindex","follow":"follow","max-snippet":"max-snippet:-1","max-image-preview":"max-image-preview:large","max-video-preview":"max-video-preview:-1"},"og_locale":"es_ES","og_type":"article","og_title":"COSTAS - SOLID STRUCTURE 2 - NEGRO - Tienda Er\u00f3tica","og_description":"COSTAS &#8211; SOLID STRUCTURE 2 &#8211; BLACK Obt\u00e9n un muy buen agarre por todas parte con este fuerte arn\u00e9s. Con","og_url":"https:\/\/demoweb.info\/sexshop001\/producto\/costas-solid-structure-2-negro\/","og_site_name":"Tienda Er\u00f3tica","article_modified_time":"2022-01-22T15:30:09+00:00","og_image":[{"width":550,"height":550,"url":"https:\/\/demoweb.info\/sexshop001\/wp-content\/uploads\/2022\/01\/COSTAS-SOLID-STRUCTURE-2-NEGRO.jpg","type":"image\/jpeg"}],"twitter_card":"summary_large_image","schema":{"@context":"https:\/\/schema.org","@graph":[{"@type":"WebPage","@id":"https:\/\/demoweb.info\/sexshop001\/producto\/costas-solid-structure-2-negro\/","url":"https:\/\/demoweb.info\/sexshop001\/producto\/costas-solid-structure-2-negro\/","name":"COSTAS - SOLID STRUCTURE 2 - NEGRO - Tienda Er\u00f3tica","isPartOf":{"@id":"https:\/\/demoweb.info\/sexshop001\/#website"},"datePublished":"2022-01-22T15:29:54+00:00","dateModified":"2022-01-22T15:30:09+00:00","breadcrumb":{"@id":"https:\/\/demoweb.info\/sexshop001\/producto\/costas-solid-structure-2-negro\/#breadcrumb"},"inLanguage":"es","potentialAction":[{"@type":"ReadAction","target":["https:\/\/demoweb.info\/sexshop001\/producto\/costas-solid-structure-2-negro\/"]}]},{"@type":"BreadcrumbList","@id":"https:\/\/demoweb.info\/sexshop001\/producto\/costas-solid-structure-2-negro\/#breadcrumb","itemListElement":[{"@type":"ListItem","position":1,"name":"Portada","item":"https:\/\/demoweb.info\/sexshop001\/"},{"@type":"ListItem","position":2,"name":"Tienda","item":"https:\/\/demoweb.info\/sexshop001\/tienda\/"},{"@type":"ListItem","position":3,"name":"COSTAS &#8211; SOLID STRUCTURE 2 &#8211; NEGRO"}]},{"@type":"WebSite","@id":"https:\/\/demoweb.info\/sexshop001\/#website","url":"https:\/\/demoweb.info\/sexshop001\/","name":"Tienda Er\u00f3tica","description":"DEMOWEB SL","potentialAction":[{"@type":"SearchAction","target":{"@type":"EntryPoint","urlTemplate":"https:\/\/demoweb.info\/sexshop001\/?s={search_term_string}"},"query-input":"required name=search_term_string"}],"inLanguage":"es"}]}},"_links":{"self":[{"href":"https:\/\/demoweb.info\/sexshop001\/wp-json\/wp\/v3\/product\/52706","targetHints":{"allow":["GET"]}}],"collection":[{"href":"https:\/\/demoweb.info\/sexshop001\/wp-json\/wp\/v3\/product"}],"about":[{"href":"https:\/\/demoweb.info\/sexshop001\/wp-json\/wp\/v2\/types\/product"}],"replies":[{"embeddable":true,"href":"https:\/\/demoweb.info\/sexshop001\/wp-json\/wp\/v2\/comments?post=52706"}],"wp:featuredmedia":[{"embeddable":true,"href":"https:\/\/demoweb.info\/sexshop001\/wp-json\/wp\/v2\/media\/52707"}],"wp:attachment":[{"href":"https:\/\/demoweb.info\/sexshop001\/wp-json\/wp\/v2\/media?parent=52706"}],"wp:term":[{"taxonomy":"product_cat","embeddable":true,"href":"https:\/\/demoweb.info\/sexshop001\/wp-json\/wp\/v2\/product_cat?post=52706"},{"taxonomy":"product_tag","embeddable":true,"href":"https:\/\/demoweb.info\/sexshop001\/wp-json\/wp\/v2\/product_tag?post=52706"}],"curies":[{"name":"wp","href":"https:\/\/api.w.org\/{rel}","templated":true}]}}