{"id":52660,"date":"2022-01-22T16:29:33","date_gmt":"2022-01-22T15:29:33","guid":{"rendered":"https:\/\/demoweb.info\/sexshop001\/producto\/ultimate-body-slide-sabana-para-masajes-negro\/"},"modified":"2022-01-22T16:29:36","modified_gmt":"2022-01-22T15:29:36","slug":"ultimate-body-slide-sabana-para-masajes-negro","status":"publish","type":"product","link":"https:\/\/demoweb.info\/sexshop001\/producto\/ultimate-body-slide-sabana-para-masajes-negro\/","title":{"rendered":"ULTIMATE BODY SLIDE &#8211; S\u00c1BANA PARA MASAJES NEGRO"},"content":{"rendered":"<p><strong>ULTIMATE BODY SLIDE &#8211; BLACK<\/strong><\/p>\n<p>The Ultimate Body Slide ha sido dise\u00f1ado para masajes tanto regulares como corporales. Viene con lados laterales que le permiten usar a\u00fan m\u00e1s lubricante sin ensuciar. Lo puedes utilizar todas las veces que desees, ya que est\u00e1 hecha de material resistente y duradero.<\/p>\n<p>Cuando hayas terminado, simplemente limpia el Ultimate Body con agua y un poco de jab\u00f3n. Hemos agregado una botella de lubricante altamente concentrado en el paquete, que debes diluir con agua antes de su uso. \u00a1Hay suficiente para unos 5 litros de lubricante! \u00a1Dale a tu vida amorosa una dimensi\u00f3n completamente nueva con este exclusivo tobog\u00e1n de masaje cuerpo a cuerpo!<\/p>\n<p>Body Slide Lubricant es un excelente lubricante al agua con pH neutro. Se puede usar con preservativos de l\u00e1tex. Mantener fuera del alcance de los ni\u00f1os. Guardar en un lugar fresco y oscuro. Instrucciones de uso: Diluir en agua: 1 frasco de lubricante (80 mL) por 60 partes de agua (4,8 L).<\/p>\n<p>Caracter\u00edsticas:<br \/>\n&#8211; Largo: 187 cm<br \/>\n&#8211; Ancho: 156 cm<br \/>\n&#8211; Alto: 16 cm<br \/>\n&#8211; Inflable<br \/>\n&#8211; Body-Safe<\/p>\n","protected":false},"excerpt":{"rendered":"<p>ULTIMATE BODY SLIDE &#8211; BLACK The Ultimate Body Slide ha sido dise\u00f1ado para masajes tanto regulares como corporales. Viene con<\/p>\n","protected":false},"featured_media":52661,"comment_status":"open","ping_status":"open","template":"","meta":[],"product_cat":[1161],"product_tag":[307,302],"class_list":["post-52660","product","type-product","status-publish","has-post-thumbnail","hentry","product_cat-sabanas","product_tag-ouch","product_tag-shots"],"bundled_by":[],"bundle_stock_status":"instock","bundle_stock_quantity":1,"bundle_virtual":false,"bundle_layout":"","bundle_add_to_cart_form_location":"","bundle_editable_in_cart":false,"bundle_sold_individually_context":"","bundle_item_grouping":"","bundle_min_size":"","bundle_max_size":"","bundled_items":[],"yoast_head":"<!-- This site is optimized with the Yoast SEO plugin v20.6 - https:\/\/yoast.com\/wordpress\/plugins\/seo\/ -->\n<title>ULTIMATE BODY SLIDE - S\u00c1BANA PARA MASAJES NEGRO - Tienda Er\u00f3tica<\/title>\n<meta name=\"robots\" content=\"noindex, follow, max-snippet:-1, max-image-preview:large, max-video-preview:-1\" \/>\n<meta property=\"og:locale\" content=\"es_ES\" \/>\n<meta property=\"og:type\" content=\"article\" \/>\n<meta property=\"og:title\" content=\"ULTIMATE BODY SLIDE - S\u00c1BANA PARA MASAJES NEGRO - Tienda Er\u00f3tica\" \/>\n<meta property=\"og:description\" content=\"ULTIMATE BODY SLIDE &#8211; BLACK The Ultimate Body Slide ha sido dise\u00f1ado para masajes tanto regulares como corporales. Viene con\" \/>\n<meta property=\"og:url\" content=\"https:\/\/demoweb.info\/sexshop001\/producto\/ultimate-body-slide-sabana-para-masajes-negro\/\" \/>\n<meta property=\"og:site_name\" content=\"Tienda Er\u00f3tica\" \/>\n<meta property=\"article:modified_time\" content=\"2022-01-22T15:29:36+00:00\" \/>\n<meta property=\"og:image\" content=\"https:\/\/demoweb.info\/sexshop001\/wp-content\/uploads\/2022\/01\/ULTIMATE-BODY-SLIDE-SABANA-PARA-MASAJES-NEGRO.jpg\" \/>\n\t<meta property=\"og:image:width\" content=\"550\" \/>\n\t<meta property=\"og:image:height\" content=\"550\" \/>\n\t<meta property=\"og:image:type\" content=\"image\/jpeg\" \/>\n<meta name=\"twitter:card\" content=\"summary_large_image\" \/>\n<meta name=\"twitter:label1\" content=\"Tiempo de lectura\" \/>\n\t<meta name=\"twitter:data1\" content=\"1 minuto\" \/>\n<script type=\"application\/ld+json\" class=\"yoast-schema-graph\">{\"@context\":\"https:\/\/schema.org\",\"@graph\":[{\"@type\":\"WebPage\",\"@id\":\"https:\/\/demoweb.info\/sexshop001\/producto\/ultimate-body-slide-sabana-para-masajes-negro\/\",\"url\":\"https:\/\/demoweb.info\/sexshop001\/producto\/ultimate-body-slide-sabana-para-masajes-negro\/\",\"name\":\"ULTIMATE BODY SLIDE - S\u00c1BANA PARA MASAJES NEGRO - Tienda Er\u00f3tica\",\"isPartOf\":{\"@id\":\"https:\/\/demoweb.info\/sexshop001\/#website\"},\"datePublished\":\"2022-01-22T15:29:33+00:00\",\"dateModified\":\"2022-01-22T15:29:36+00:00\",\"breadcrumb\":{\"@id\":\"https:\/\/demoweb.info\/sexshop001\/producto\/ultimate-body-slide-sabana-para-masajes-negro\/#breadcrumb\"},\"inLanguage\":\"es\",\"potentialAction\":[{\"@type\":\"ReadAction\",\"target\":[\"https:\/\/demoweb.info\/sexshop001\/producto\/ultimate-body-slide-sabana-para-masajes-negro\/\"]}]},{\"@type\":\"BreadcrumbList\",\"@id\":\"https:\/\/demoweb.info\/sexshop001\/producto\/ultimate-body-slide-sabana-para-masajes-negro\/#breadcrumb\",\"itemListElement\":[{\"@type\":\"ListItem\",\"position\":1,\"name\":\"Portada\",\"item\":\"https:\/\/demoweb.info\/sexshop001\/\"},{\"@type\":\"ListItem\",\"position\":2,\"name\":\"Tienda\",\"item\":\"https:\/\/demoweb.info\/sexshop001\/tienda\/\"},{\"@type\":\"ListItem\",\"position\":3,\"name\":\"ULTIMATE BODY SLIDE &#8211; S\u00c1BANA PARA MASAJES NEGRO\"}]},{\"@type\":\"WebSite\",\"@id\":\"https:\/\/demoweb.info\/sexshop001\/#website\",\"url\":\"https:\/\/demoweb.info\/sexshop001\/\",\"name\":\"Tienda Er\u00f3tica\",\"description\":\"DEMOWEB SL\",\"potentialAction\":[{\"@type\":\"SearchAction\",\"target\":{\"@type\":\"EntryPoint\",\"urlTemplate\":\"https:\/\/demoweb.info\/sexshop001\/?s={search_term_string}\"},\"query-input\":\"required name=search_term_string\"}],\"inLanguage\":\"es\"}]}<\/script>\n<!-- \/ Yoast SEO plugin. -->","yoast_head_json":{"title":"ULTIMATE BODY SLIDE - S\u00c1BANA PARA MASAJES NEGRO - Tienda Er\u00f3tica","robots":{"index":"noindex","follow":"follow","max-snippet":"max-snippet:-1","max-image-preview":"max-image-preview:large","max-video-preview":"max-video-preview:-1"},"og_locale":"es_ES","og_type":"article","og_title":"ULTIMATE BODY SLIDE - S\u00c1BANA PARA MASAJES NEGRO - Tienda Er\u00f3tica","og_description":"ULTIMATE BODY SLIDE &#8211; BLACK The Ultimate Body Slide ha sido dise\u00f1ado para masajes tanto regulares como corporales. Viene con","og_url":"https:\/\/demoweb.info\/sexshop001\/producto\/ultimate-body-slide-sabana-para-masajes-negro\/","og_site_name":"Tienda Er\u00f3tica","article_modified_time":"2022-01-22T15:29:36+00:00","og_image":[{"width":550,"height":550,"url":"https:\/\/demoweb.info\/sexshop001\/wp-content\/uploads\/2022\/01\/ULTIMATE-BODY-SLIDE-SABANA-PARA-MASAJES-NEGRO.jpg","type":"image\/jpeg"}],"twitter_card":"summary_large_image","twitter_misc":{"Tiempo de lectura":"1 minuto"},"schema":{"@context":"https:\/\/schema.org","@graph":[{"@type":"WebPage","@id":"https:\/\/demoweb.info\/sexshop001\/producto\/ultimate-body-slide-sabana-para-masajes-negro\/","url":"https:\/\/demoweb.info\/sexshop001\/producto\/ultimate-body-slide-sabana-para-masajes-negro\/","name":"ULTIMATE BODY SLIDE - S\u00c1BANA PARA MASAJES NEGRO - Tienda Er\u00f3tica","isPartOf":{"@id":"https:\/\/demoweb.info\/sexshop001\/#website"},"datePublished":"2022-01-22T15:29:33+00:00","dateModified":"2022-01-22T15:29:36+00:00","breadcrumb":{"@id":"https:\/\/demoweb.info\/sexshop001\/producto\/ultimate-body-slide-sabana-para-masajes-negro\/#breadcrumb"},"inLanguage":"es","potentialAction":[{"@type":"ReadAction","target":["https:\/\/demoweb.info\/sexshop001\/producto\/ultimate-body-slide-sabana-para-masajes-negro\/"]}]},{"@type":"BreadcrumbList","@id":"https:\/\/demoweb.info\/sexshop001\/producto\/ultimate-body-slide-sabana-para-masajes-negro\/#breadcrumb","itemListElement":[{"@type":"ListItem","position":1,"name":"Portada","item":"https:\/\/demoweb.info\/sexshop001\/"},{"@type":"ListItem","position":2,"name":"Tienda","item":"https:\/\/demoweb.info\/sexshop001\/tienda\/"},{"@type":"ListItem","position":3,"name":"ULTIMATE BODY SLIDE &#8211; S\u00c1BANA PARA MASAJES NEGRO"}]},{"@type":"WebSite","@id":"https:\/\/demoweb.info\/sexshop001\/#website","url":"https:\/\/demoweb.info\/sexshop001\/","name":"Tienda Er\u00f3tica","description":"DEMOWEB SL","potentialAction":[{"@type":"SearchAction","target":{"@type":"EntryPoint","urlTemplate":"https:\/\/demoweb.info\/sexshop001\/?s={search_term_string}"},"query-input":"required name=search_term_string"}],"inLanguage":"es"}]}},"_links":{"self":[{"href":"https:\/\/demoweb.info\/sexshop001\/wp-json\/wp\/v3\/product\/52660","targetHints":{"allow":["GET"]}}],"collection":[{"href":"https:\/\/demoweb.info\/sexshop001\/wp-json\/wp\/v3\/product"}],"about":[{"href":"https:\/\/demoweb.info\/sexshop001\/wp-json\/wp\/v2\/types\/product"}],"replies":[{"embeddable":true,"href":"https:\/\/demoweb.info\/sexshop001\/wp-json\/wp\/v2\/comments?post=52660"}],"wp:featuredmedia":[{"embeddable":true,"href":"https:\/\/demoweb.info\/sexshop001\/wp-json\/wp\/v2\/media\/52661"}],"wp:attachment":[{"href":"https:\/\/demoweb.info\/sexshop001\/wp-json\/wp\/v2\/media?parent=52660"}],"wp:term":[{"taxonomy":"product_cat","embeddable":true,"href":"https:\/\/demoweb.info\/sexshop001\/wp-json\/wp\/v2\/product_cat?post=52660"},{"taxonomy":"product_tag","embeddable":true,"href":"https:\/\/demoweb.info\/sexshop001\/wp-json\/wp\/v2\/product_tag?post=52660"}],"curies":[{"name":"wp","href":"https:\/\/api.w.org\/{rel}","templated":true}]}}