{"id":52632,"date":"2022-01-22T16:29:19","date_gmt":"2022-01-22T15:29:19","guid":{"rendered":"https:\/\/demoweb.info\/sexshop001\/producto\/cinquanta-ombres-den-grey-en-catalan\/"},"modified":"2022-01-22T16:29:20","modified_gmt":"2022-01-22T15:29:20","slug":"cinquanta-ombres-den-grey-en-catalan","status":"publish","type":"product","link":"https:\/\/demoweb.info\/sexshop001\/producto\/cinquanta-ombres-den-grey-en-catalan\/","title":{"rendered":"CINQUANTA OMBRES DEN GREY (EN CATAL\u00c1N)"},"content":{"rendered":"<p><strong>CINQUANTA OMBRES D&#39;EN GREY (EN CATAL\u00c1N)<\/strong><\/p>\n<p>E. L. JAMES<\/p>\n<p><strong>Ella es una jove universit\u00e0ria, intel\u00b7ligent, seriosa, estudiosa, amant de la literatura, i verge. Ell \u00e9s un empresari multi milionari, culte, gourmet, exquisit i exigent en tot&#8230; sobre tot en les seves prefer\u00e8ncies sexuals.<\/strong><\/p>\n<p>Quan a l&#39;estudiant de literatura Anastasia Steele li encarreguen que entrevisti en Christian Grey, un jove empresari d&#39;\u00e8xit, es troba amb un home atractiu, seductor i tamb\u00e9 molt intimidant, que la deixa impressionada. La inexperta i innocent Ana intenta oblidar-lo, per\u00f2 de sobte s&#39;adona que desitja aquest home.<\/p>\n<p>Quan la parella per fi inicia una apassionada relaci\u00f3, les peculiars pr\u00e0ctiques er\u00f2tiques d&#39;en Grey desconcerten l&#39;Ana, que poc a poc va descobrint els l\u00edmits dels seus propis i m\u00e9s obscurs desitjos.<\/p>\n<p>Cinquanta ombres d&#39;en Grey \u00e9s la primera part de la trilogia Cinquanta ombres, que continua amb Cinquanta ombres m\u00e9s fosques i Cinquanta ombres alliberades.<\/p>\n<ul>\n<li>N&ordm; de p\u00e1ginas: 544 p\u00e1gs.<\/li>\n<li>Encuadernaci\u00f3n: Tapa Blanda.<\/li>\n<\/ul>\n","protected":false},"excerpt":{"rendered":"<p>CINQUANTA OMBRES D&#39;EN GREY (EN CATAL\u00c1N) E. L. JAMES Ella es una jove universit\u00e0ria, intel\u00b7ligent, seriosa, estudiosa, amant de la<\/p>\n","protected":false},"featured_media":52633,"comment_status":"open","ping_status":"open","template":"","meta":[],"product_cat":[414],"product_tag":[722,415],"class_list":["post-52632","product","type-product","status-publish","has-post-thumbnail","hentry","product_cat-libros","product_tag-debolsillo","product_tag-random-house"],"bundled_by":[],"bundle_stock_status":"instock","bundle_stock_quantity":2,"bundle_virtual":false,"bundle_layout":"","bundle_add_to_cart_form_location":"","bundle_editable_in_cart":false,"bundle_sold_individually_context":"","bundle_item_grouping":"","bundle_min_size":"","bundle_max_size":"","bundled_items":[],"yoast_head":"<!-- This site is optimized with the Yoast SEO plugin v20.6 - https:\/\/yoast.com\/wordpress\/plugins\/seo\/ -->\n<title>CINQUANTA OMBRES DEN GREY (EN CATAL\u00c1N) - Tienda Er\u00f3tica<\/title>\n<meta name=\"robots\" content=\"noindex, follow, max-snippet:-1, max-image-preview:large, max-video-preview:-1\" \/>\n<meta property=\"og:locale\" content=\"es_ES\" \/>\n<meta property=\"og:type\" content=\"article\" \/>\n<meta property=\"og:title\" content=\"CINQUANTA OMBRES DEN GREY (EN CATAL\u00c1N) - Tienda Er\u00f3tica\" \/>\n<meta property=\"og:description\" content=\"CINQUANTA OMBRES D&#039;EN GREY (EN CATAL\u00c1N) E. L. JAMES Ella es una jove universit\u00e0ria, intel\u00b7ligent, seriosa, estudiosa, amant de la\" \/>\n<meta property=\"og:url\" content=\"https:\/\/demoweb.info\/sexshop001\/producto\/cinquanta-ombres-den-grey-en-catalan\/\" \/>\n<meta property=\"og:site_name\" content=\"Tienda Er\u00f3tica\" \/>\n<meta property=\"article:modified_time\" content=\"2022-01-22T15:29:20+00:00\" \/>\n<meta property=\"og:image\" content=\"https:\/\/demoweb.info\/sexshop001\/wp-content\/uploads\/2022\/01\/CINQUANTA-OMBRES-DEN-GREY-EN-CATALAN.jpg\" \/>\n\t<meta property=\"og:image:width\" content=\"550\" \/>\n\t<meta property=\"og:image:height\" content=\"550\" \/>\n\t<meta property=\"og:image:type\" content=\"image\/jpeg\" \/>\n<meta name=\"twitter:card\" content=\"summary_large_image\" \/>\n<meta name=\"twitter:label1\" content=\"Tiempo de lectura\" \/>\n\t<meta name=\"twitter:data1\" content=\"1 minuto\" \/>\n<script type=\"application\/ld+json\" class=\"yoast-schema-graph\">{\"@context\":\"https:\/\/schema.org\",\"@graph\":[{\"@type\":\"WebPage\",\"@id\":\"https:\/\/demoweb.info\/sexshop001\/producto\/cinquanta-ombres-den-grey-en-catalan\/\",\"url\":\"https:\/\/demoweb.info\/sexshop001\/producto\/cinquanta-ombres-den-grey-en-catalan\/\",\"name\":\"CINQUANTA OMBRES DEN GREY (EN CATAL\u00c1N) - Tienda Er\u00f3tica\",\"isPartOf\":{\"@id\":\"https:\/\/demoweb.info\/sexshop001\/#website\"},\"datePublished\":\"2022-01-22T15:29:19+00:00\",\"dateModified\":\"2022-01-22T15:29:20+00:00\",\"breadcrumb\":{\"@id\":\"https:\/\/demoweb.info\/sexshop001\/producto\/cinquanta-ombres-den-grey-en-catalan\/#breadcrumb\"},\"inLanguage\":\"es\",\"potentialAction\":[{\"@type\":\"ReadAction\",\"target\":[\"https:\/\/demoweb.info\/sexshop001\/producto\/cinquanta-ombres-den-grey-en-catalan\/\"]}]},{\"@type\":\"BreadcrumbList\",\"@id\":\"https:\/\/demoweb.info\/sexshop001\/producto\/cinquanta-ombres-den-grey-en-catalan\/#breadcrumb\",\"itemListElement\":[{\"@type\":\"ListItem\",\"position\":1,\"name\":\"Portada\",\"item\":\"https:\/\/demoweb.info\/sexshop001\/\"},{\"@type\":\"ListItem\",\"position\":2,\"name\":\"Tienda\",\"item\":\"https:\/\/demoweb.info\/sexshop001\/tienda\/\"},{\"@type\":\"ListItem\",\"position\":3,\"name\":\"CINQUANTA OMBRES DEN GREY (EN CATAL\u00c1N)\"}]},{\"@type\":\"WebSite\",\"@id\":\"https:\/\/demoweb.info\/sexshop001\/#website\",\"url\":\"https:\/\/demoweb.info\/sexshop001\/\",\"name\":\"Tienda Er\u00f3tica\",\"description\":\"DEMOWEB SL\",\"potentialAction\":[{\"@type\":\"SearchAction\",\"target\":{\"@type\":\"EntryPoint\",\"urlTemplate\":\"https:\/\/demoweb.info\/sexshop001\/?s={search_term_string}\"},\"query-input\":\"required name=search_term_string\"}],\"inLanguage\":\"es\"}]}<\/script>\n<!-- \/ Yoast SEO plugin. -->","yoast_head_json":{"title":"CINQUANTA OMBRES DEN GREY (EN CATAL\u00c1N) - Tienda Er\u00f3tica","robots":{"index":"noindex","follow":"follow","max-snippet":"max-snippet:-1","max-image-preview":"max-image-preview:large","max-video-preview":"max-video-preview:-1"},"og_locale":"es_ES","og_type":"article","og_title":"CINQUANTA OMBRES DEN GREY (EN CATAL\u00c1N) - Tienda Er\u00f3tica","og_description":"CINQUANTA OMBRES D&#39;EN GREY (EN CATAL\u00c1N) E. L. JAMES Ella es una jove universit\u00e0ria, intel\u00b7ligent, seriosa, estudiosa, amant de la","og_url":"https:\/\/demoweb.info\/sexshop001\/producto\/cinquanta-ombres-den-grey-en-catalan\/","og_site_name":"Tienda Er\u00f3tica","article_modified_time":"2022-01-22T15:29:20+00:00","og_image":[{"width":550,"height":550,"url":"https:\/\/demoweb.info\/sexshop001\/wp-content\/uploads\/2022\/01\/CINQUANTA-OMBRES-DEN-GREY-EN-CATALAN.jpg","type":"image\/jpeg"}],"twitter_card":"summary_large_image","twitter_misc":{"Tiempo de lectura":"1 minuto"},"schema":{"@context":"https:\/\/schema.org","@graph":[{"@type":"WebPage","@id":"https:\/\/demoweb.info\/sexshop001\/producto\/cinquanta-ombres-den-grey-en-catalan\/","url":"https:\/\/demoweb.info\/sexshop001\/producto\/cinquanta-ombres-den-grey-en-catalan\/","name":"CINQUANTA OMBRES DEN GREY (EN CATAL\u00c1N) - Tienda Er\u00f3tica","isPartOf":{"@id":"https:\/\/demoweb.info\/sexshop001\/#website"},"datePublished":"2022-01-22T15:29:19+00:00","dateModified":"2022-01-22T15:29:20+00:00","breadcrumb":{"@id":"https:\/\/demoweb.info\/sexshop001\/producto\/cinquanta-ombres-den-grey-en-catalan\/#breadcrumb"},"inLanguage":"es","potentialAction":[{"@type":"ReadAction","target":["https:\/\/demoweb.info\/sexshop001\/producto\/cinquanta-ombres-den-grey-en-catalan\/"]}]},{"@type":"BreadcrumbList","@id":"https:\/\/demoweb.info\/sexshop001\/producto\/cinquanta-ombres-den-grey-en-catalan\/#breadcrumb","itemListElement":[{"@type":"ListItem","position":1,"name":"Portada","item":"https:\/\/demoweb.info\/sexshop001\/"},{"@type":"ListItem","position":2,"name":"Tienda","item":"https:\/\/demoweb.info\/sexshop001\/tienda\/"},{"@type":"ListItem","position":3,"name":"CINQUANTA OMBRES DEN GREY (EN CATAL\u00c1N)"}]},{"@type":"WebSite","@id":"https:\/\/demoweb.info\/sexshop001\/#website","url":"https:\/\/demoweb.info\/sexshop001\/","name":"Tienda Er\u00f3tica","description":"DEMOWEB SL","potentialAction":[{"@type":"SearchAction","target":{"@type":"EntryPoint","urlTemplate":"https:\/\/demoweb.info\/sexshop001\/?s={search_term_string}"},"query-input":"required name=search_term_string"}],"inLanguage":"es"}]}},"_links":{"self":[{"href":"https:\/\/demoweb.info\/sexshop001\/wp-json\/wp\/v3\/product\/52632","targetHints":{"allow":["GET"]}}],"collection":[{"href":"https:\/\/demoweb.info\/sexshop001\/wp-json\/wp\/v3\/product"}],"about":[{"href":"https:\/\/demoweb.info\/sexshop001\/wp-json\/wp\/v2\/types\/product"}],"replies":[{"embeddable":true,"href":"https:\/\/demoweb.info\/sexshop001\/wp-json\/wp\/v2\/comments?post=52632"}],"wp:featuredmedia":[{"embeddable":true,"href":"https:\/\/demoweb.info\/sexshop001\/wp-json\/wp\/v2\/media\/52633"}],"wp:attachment":[{"href":"https:\/\/demoweb.info\/sexshop001\/wp-json\/wp\/v2\/media?parent=52632"}],"wp:term":[{"taxonomy":"product_cat","embeddable":true,"href":"https:\/\/demoweb.info\/sexshop001\/wp-json\/wp\/v2\/product_cat?post=52632"},{"taxonomy":"product_tag","embeddable":true,"href":"https:\/\/demoweb.info\/sexshop001\/wp-json\/wp\/v2\/product_tag?post=52632"}],"curies":[{"name":"wp","href":"https:\/\/api.w.org\/{rel}","templated":true}]}}