{"id":52630,"date":"2022-01-22T16:29:19","date_gmt":"2022-01-22T15:29:19","guid":{"rendered":"https:\/\/demoweb.info\/sexshop001\/producto\/cinquanta-ombres-mes-fosques-en-catalan\/"},"modified":"2022-01-22T16:29:19","modified_gmt":"2022-01-22T15:29:19","slug":"cinquanta-ombres-mes-fosques-en-catalan","status":"publish","type":"product","link":"https:\/\/demoweb.info\/sexshop001\/producto\/cinquanta-ombres-mes-fosques-en-catalan\/","title":{"rendered":"CINQUANTA OMBRES M\u00c9S FOSQUES (EN CATAL\u00c1N)"},"content":{"rendered":"<p><strong>CINQUANTA OMBRES M\u00c9S FOSQUES<\/strong><\/p>\n<p>E. L. JAMES<\/p>\n<p>Absolutament addictiva, aquesta novel\u00b7la t&#39;obsessionar\u00e0, et posseir\u00e0 i et quedar\u00e0 per sempre a la mem\u00f2ria.<\/p>\n<p>Intimidada per les peculiars pr\u00e0ctiques er\u00f2tiques i els obscurs secrets de l&#39;atractiu i turmentat empresari Christian Grey, la jove Anastasia Steele ha trencat la relaci\u00f3 amb ell per comen\u00e7ar una nova carrera en una editorial de Seattle.<br \/>\nPer\u00f2 el desig per en Christian encara domina cada un dels seus pensaments, i quan en Grey li proposa reprendre la seva aventura, l&#39;Ana no s&#39;hi pot resistir. Reinicien la seva t\u00f2rrida i sensual relaci\u00f3, i ella esbrina m\u00e9s coses del passat terrible i dolor\u00f3s de l&#39;impetu\u00f3s i exigent Cinquanta Ombres, com ella l&#39;anomena.<br \/>\nTot i aix\u00ed, mentre en Christian lluita contra els seus dimonis, l&#39;Ana s&#39;ha d&#39;enfrontar amb la ira i l&#39;enveja de les dones que la van precedir, i tamb\u00e9 ha de prendre la decisi\u00f3 m\u00e9s important de la seva vida.<\/p>\n<p>\u00abLa literatura er\u00f2tica ha trobat el seu Harry Potter.\u00bb<br \/>\nEl Mundo<\/p>\n<p>\u00abUna hist\u00f2ria que parla de sexe, transgressi\u00f3, erotisme i fantasies femenines, sense perdre de vista l&#39;amor.\u00bb<br \/>\nLa Vanguardia<\/p>\n<ul>\n<li>N&ordm; de p\u00e1ginas: 608 p\u00e1gs.<\/li>\n<li>Encuadernaci\u00f3n: R\u00fastica<\/li>\n<\/ul>\n","protected":false},"excerpt":{"rendered":"<p>CINQUANTA OMBRES M\u00c9S FOSQUES E. L. JAMES Absolutament addictiva, aquesta novel\u00b7la t&#39;obsessionar\u00e0, et posseir\u00e0 i et quedar\u00e0 per sempre a<\/p>\n","protected":false},"featured_media":52631,"comment_status":"open","ping_status":"open","template":"","meta":[],"product_cat":[414],"product_tag":[722,415],"class_list":["post-52630","product","type-product","status-publish","has-post-thumbnail","hentry","product_cat-libros","product_tag-debolsillo","product_tag-random-house"],"bundled_by":[],"bundle_stock_status":"instock","bundle_stock_quantity":2,"bundle_virtual":false,"bundle_layout":"","bundle_add_to_cart_form_location":"","bundle_editable_in_cart":false,"bundle_sold_individually_context":"","bundle_item_grouping":"","bundle_min_size":"","bundle_max_size":"","bundled_items":[],"yoast_head":"<!-- This site is optimized with the Yoast SEO plugin v20.6 - https:\/\/yoast.com\/wordpress\/plugins\/seo\/ -->\n<title>CINQUANTA OMBRES M\u00c9S FOSQUES (EN CATAL\u00c1N) - Tienda Er\u00f3tica<\/title>\n<meta name=\"robots\" content=\"noindex, follow, max-snippet:-1, max-image-preview:large, max-video-preview:-1\" \/>\n<meta property=\"og:locale\" content=\"es_ES\" \/>\n<meta property=\"og:type\" content=\"article\" \/>\n<meta property=\"og:title\" content=\"CINQUANTA OMBRES M\u00c9S FOSQUES (EN CATAL\u00c1N) - Tienda Er\u00f3tica\" \/>\n<meta property=\"og:description\" content=\"CINQUANTA OMBRES M\u00c9S FOSQUES E. L. JAMES Absolutament addictiva, aquesta novel\u00b7la t&#039;obsessionar\u00e0, et posseir\u00e0 i et quedar\u00e0 per sempre a\" \/>\n<meta property=\"og:url\" content=\"https:\/\/demoweb.info\/sexshop001\/producto\/cinquanta-ombres-mes-fosques-en-catalan\/\" \/>\n<meta property=\"og:site_name\" content=\"Tienda Er\u00f3tica\" \/>\n<meta property=\"og:image\" content=\"https:\/\/demoweb.info\/sexshop001\/wp-content\/uploads\/2022\/01\/CINQUANTA-OMBRES-MES-FOSQUES-EN-CATALAN.jpg\" \/>\n\t<meta property=\"og:image:width\" content=\"550\" \/>\n\t<meta property=\"og:image:height\" content=\"550\" \/>\n\t<meta property=\"og:image:type\" content=\"image\/jpeg\" \/>\n<meta name=\"twitter:card\" content=\"summary_large_image\" \/>\n<meta name=\"twitter:label1\" content=\"Tiempo de lectura\" \/>\n\t<meta name=\"twitter:data1\" content=\"1 minuto\" \/>\n<script type=\"application\/ld+json\" class=\"yoast-schema-graph\">{\"@context\":\"https:\/\/schema.org\",\"@graph\":[{\"@type\":\"WebPage\",\"@id\":\"https:\/\/demoweb.info\/sexshop001\/producto\/cinquanta-ombres-mes-fosques-en-catalan\/\",\"url\":\"https:\/\/demoweb.info\/sexshop001\/producto\/cinquanta-ombres-mes-fosques-en-catalan\/\",\"name\":\"CINQUANTA OMBRES M\u00c9S FOSQUES (EN CATAL\u00c1N) - Tienda Er\u00f3tica\",\"isPartOf\":{\"@id\":\"https:\/\/demoweb.info\/sexshop001\/#website\"},\"datePublished\":\"2022-01-22T15:29:19+00:00\",\"dateModified\":\"2022-01-22T15:29:19+00:00\",\"breadcrumb\":{\"@id\":\"https:\/\/demoweb.info\/sexshop001\/producto\/cinquanta-ombres-mes-fosques-en-catalan\/#breadcrumb\"},\"inLanguage\":\"es\",\"potentialAction\":[{\"@type\":\"ReadAction\",\"target\":[\"https:\/\/demoweb.info\/sexshop001\/producto\/cinquanta-ombres-mes-fosques-en-catalan\/\"]}]},{\"@type\":\"BreadcrumbList\",\"@id\":\"https:\/\/demoweb.info\/sexshop001\/producto\/cinquanta-ombres-mes-fosques-en-catalan\/#breadcrumb\",\"itemListElement\":[{\"@type\":\"ListItem\",\"position\":1,\"name\":\"Portada\",\"item\":\"https:\/\/demoweb.info\/sexshop001\/\"},{\"@type\":\"ListItem\",\"position\":2,\"name\":\"Tienda\",\"item\":\"https:\/\/demoweb.info\/sexshop001\/tienda\/\"},{\"@type\":\"ListItem\",\"position\":3,\"name\":\"CINQUANTA OMBRES M\u00c9S FOSQUES (EN CATAL\u00c1N)\"}]},{\"@type\":\"WebSite\",\"@id\":\"https:\/\/demoweb.info\/sexshop001\/#website\",\"url\":\"https:\/\/demoweb.info\/sexshop001\/\",\"name\":\"Tienda Er\u00f3tica\",\"description\":\"DEMOWEB SL\",\"potentialAction\":[{\"@type\":\"SearchAction\",\"target\":{\"@type\":\"EntryPoint\",\"urlTemplate\":\"https:\/\/demoweb.info\/sexshop001\/?s={search_term_string}\"},\"query-input\":\"required name=search_term_string\"}],\"inLanguage\":\"es\"}]}<\/script>\n<!-- \/ Yoast SEO plugin. -->","yoast_head_json":{"title":"CINQUANTA OMBRES M\u00c9S FOSQUES (EN CATAL\u00c1N) - Tienda Er\u00f3tica","robots":{"index":"noindex","follow":"follow","max-snippet":"max-snippet:-1","max-image-preview":"max-image-preview:large","max-video-preview":"max-video-preview:-1"},"og_locale":"es_ES","og_type":"article","og_title":"CINQUANTA OMBRES M\u00c9S FOSQUES (EN CATAL\u00c1N) - Tienda Er\u00f3tica","og_description":"CINQUANTA OMBRES M\u00c9S FOSQUES E. L. JAMES Absolutament addictiva, aquesta novel\u00b7la t&#39;obsessionar\u00e0, et posseir\u00e0 i et quedar\u00e0 per sempre a","og_url":"https:\/\/demoweb.info\/sexshop001\/producto\/cinquanta-ombres-mes-fosques-en-catalan\/","og_site_name":"Tienda Er\u00f3tica","og_image":[{"width":550,"height":550,"url":"https:\/\/demoweb.info\/sexshop001\/wp-content\/uploads\/2022\/01\/CINQUANTA-OMBRES-MES-FOSQUES-EN-CATALAN.jpg","type":"image\/jpeg"}],"twitter_card":"summary_large_image","twitter_misc":{"Tiempo de lectura":"1 minuto"},"schema":{"@context":"https:\/\/schema.org","@graph":[{"@type":"WebPage","@id":"https:\/\/demoweb.info\/sexshop001\/producto\/cinquanta-ombres-mes-fosques-en-catalan\/","url":"https:\/\/demoweb.info\/sexshop001\/producto\/cinquanta-ombres-mes-fosques-en-catalan\/","name":"CINQUANTA OMBRES M\u00c9S FOSQUES (EN CATAL\u00c1N) - Tienda Er\u00f3tica","isPartOf":{"@id":"https:\/\/demoweb.info\/sexshop001\/#website"},"datePublished":"2022-01-22T15:29:19+00:00","dateModified":"2022-01-22T15:29:19+00:00","breadcrumb":{"@id":"https:\/\/demoweb.info\/sexshop001\/producto\/cinquanta-ombres-mes-fosques-en-catalan\/#breadcrumb"},"inLanguage":"es","potentialAction":[{"@type":"ReadAction","target":["https:\/\/demoweb.info\/sexshop001\/producto\/cinquanta-ombres-mes-fosques-en-catalan\/"]}]},{"@type":"BreadcrumbList","@id":"https:\/\/demoweb.info\/sexshop001\/producto\/cinquanta-ombres-mes-fosques-en-catalan\/#breadcrumb","itemListElement":[{"@type":"ListItem","position":1,"name":"Portada","item":"https:\/\/demoweb.info\/sexshop001\/"},{"@type":"ListItem","position":2,"name":"Tienda","item":"https:\/\/demoweb.info\/sexshop001\/tienda\/"},{"@type":"ListItem","position":3,"name":"CINQUANTA OMBRES M\u00c9S FOSQUES (EN CATAL\u00c1N)"}]},{"@type":"WebSite","@id":"https:\/\/demoweb.info\/sexshop001\/#website","url":"https:\/\/demoweb.info\/sexshop001\/","name":"Tienda Er\u00f3tica","description":"DEMOWEB SL","potentialAction":[{"@type":"SearchAction","target":{"@type":"EntryPoint","urlTemplate":"https:\/\/demoweb.info\/sexshop001\/?s={search_term_string}"},"query-input":"required name=search_term_string"}],"inLanguage":"es"}]}},"_links":{"self":[{"href":"https:\/\/demoweb.info\/sexshop001\/wp-json\/wp\/v3\/product\/52630","targetHints":{"allow":["GET"]}}],"collection":[{"href":"https:\/\/demoweb.info\/sexshop001\/wp-json\/wp\/v3\/product"}],"about":[{"href":"https:\/\/demoweb.info\/sexshop001\/wp-json\/wp\/v2\/types\/product"}],"replies":[{"embeddable":true,"href":"https:\/\/demoweb.info\/sexshop001\/wp-json\/wp\/v2\/comments?post=52630"}],"wp:featuredmedia":[{"embeddable":true,"href":"https:\/\/demoweb.info\/sexshop001\/wp-json\/wp\/v2\/media\/52631"}],"wp:attachment":[{"href":"https:\/\/demoweb.info\/sexshop001\/wp-json\/wp\/v2\/media?parent=52630"}],"wp:term":[{"taxonomy":"product_cat","embeddable":true,"href":"https:\/\/demoweb.info\/sexshop001\/wp-json\/wp\/v2\/product_cat?post=52630"},{"taxonomy":"product_tag","embeddable":true,"href":"https:\/\/demoweb.info\/sexshop001\/wp-json\/wp\/v2\/product_tag?post=52630"}],"curies":[{"name":"wp","href":"https:\/\/api.w.org\/{rel}","templated":true}]}}