{"id":52628,"date":"2022-01-22T16:29:07","date_gmt":"2022-01-22T15:29:07","guid":{"rendered":"https:\/\/demoweb.info\/sexshop001\/producto\/party-play-5-dados\/"},"modified":"2022-01-22T16:29:16","modified_gmt":"2022-01-22T15:29:16","slug":"party-play-5-dados","status":"publish","type":"product","link":"https:\/\/demoweb.info\/sexshop001\/producto\/party-play-5-dados\/","title":{"rendered":"PARTY PLAY &#8211; 5 DADOS"},"content":{"rendered":"<p><strong>PARTY PLAY &#8211; 5 DADOS<\/strong><\/p>\n<p>\u00bfBuscas ideas originales y divertidas para sorprender a tus amigos? Este es tu juego. PARTY PLAY. Divi\u00e9rtete con tu pareja o tus amigos de una forma diferente. Pod\u00e9is jugar 2-4 o m\u00e1s personas (+18).<\/p>\n<p>\u00a1Saca tu lado m\u00e1s atrevido!<\/p>\n<p><strong>C\u00d3MO JUGAR:<\/strong> El jugador de mayor edad lanzar\u00e1 el dado negro ( ACCI\u00d3N ) y un dado de color ( ZONAS DEL CUERPO), el resto de jugadores lanzar\u00e1n tambi\u00e9n su dado de color. El poseedor del dado negro realizar\u00e1 la acci\u00f3n obtenida con el jugador con el que coincida la zona del cuerpo en sus datos de color. Una vez realizada la acci\u00f3n sobre este jugador, ser\u00e1 este \u00faltimo el siguiente en lanzar el dado negro y as\u00ed sucesivamente. Hasta que termine la fiesta o no. No hay tiempo l\u00edmite, pod\u00e9is jugar toda la noche. Hay multitud de posibilidades y cuanto m\u00e1s gente, m\u00e1s divertido ser\u00e1.<\/p>\n<p><strong>CONTIENE:<\/strong><\/p>\n<ul>\n<li>1 dado negro de 14 mm (representa las acciones a realizar).<\/li>\n<li>4 dados de color de 14mm (representan las zonas del cuerpo).<\/li>\n<\/ul>\n","protected":false},"excerpt":{"rendered":"<p>PARTY PLAY &#8211; 5 DADOS \u00bfBuscas ideas originales y divertidas para sorprender a tus amigos? Este es tu juego. PARTY<\/p>\n","protected":false},"featured_media":52629,"comment_status":"open","ping_status":"open","template":"","meta":[],"product_cat":[367],"product_tag":[566,564],"class_list":["post-52628","product","type-product","status-publish","has-post-thumbnail","hentry","product_cat-juegos-pareja","product_tag-secret-games","product_tag-secret-play"],"bundled_by":[],"bundle_stock_status":"instock","bundle_stock_quantity":6,"bundle_virtual":false,"bundle_layout":"","bundle_add_to_cart_form_location":"","bundle_editable_in_cart":false,"bundle_sold_individually_context":"","bundle_item_grouping":"","bundle_min_size":"","bundle_max_size":"","bundled_items":[],"yoast_head":"<!-- This site is optimized with the Yoast SEO plugin v20.6 - https:\/\/yoast.com\/wordpress\/plugins\/seo\/ -->\n<title>PARTY PLAY - 5 DADOS - Tienda Er\u00f3tica<\/title>\n<meta name=\"robots\" content=\"noindex, follow, max-snippet:-1, max-image-preview:large, max-video-preview:-1\" \/>\n<meta property=\"og:locale\" content=\"es_ES\" \/>\n<meta property=\"og:type\" content=\"article\" \/>\n<meta property=\"og:title\" content=\"PARTY PLAY - 5 DADOS - Tienda Er\u00f3tica\" \/>\n<meta property=\"og:description\" content=\"PARTY PLAY &#8211; 5 DADOS \u00bfBuscas ideas originales y divertidas para sorprender a tus amigos? Este es tu juego. PARTY\" \/>\n<meta property=\"og:url\" content=\"https:\/\/demoweb.info\/sexshop001\/producto\/party-play-5-dados\/\" \/>\n<meta property=\"og:site_name\" content=\"Tienda Er\u00f3tica\" \/>\n<meta property=\"article:modified_time\" content=\"2022-01-22T15:29:16+00:00\" \/>\n<meta property=\"og:image\" content=\"https:\/\/demoweb.info\/sexshop001\/wp-content\/uploads\/2022\/01\/PARTY-PLAY-5-DADOS.jpg\" \/>\n\t<meta property=\"og:image:width\" content=\"550\" \/>\n\t<meta property=\"og:image:height\" content=\"550\" \/>\n\t<meta property=\"og:image:type\" content=\"image\/jpeg\" \/>\n<meta name=\"twitter:card\" content=\"summary_large_image\" \/>\n<meta name=\"twitter:label1\" content=\"Tiempo de lectura\" \/>\n\t<meta name=\"twitter:data1\" content=\"1 minuto\" \/>\n<script type=\"application\/ld+json\" class=\"yoast-schema-graph\">{\"@context\":\"https:\/\/schema.org\",\"@graph\":[{\"@type\":\"WebPage\",\"@id\":\"https:\/\/demoweb.info\/sexshop001\/producto\/party-play-5-dados\/\",\"url\":\"https:\/\/demoweb.info\/sexshop001\/producto\/party-play-5-dados\/\",\"name\":\"PARTY PLAY - 5 DADOS - Tienda Er\u00f3tica\",\"isPartOf\":{\"@id\":\"https:\/\/demoweb.info\/sexshop001\/#website\"},\"datePublished\":\"2022-01-22T15:29:07+00:00\",\"dateModified\":\"2022-01-22T15:29:16+00:00\",\"breadcrumb\":{\"@id\":\"https:\/\/demoweb.info\/sexshop001\/producto\/party-play-5-dados\/#breadcrumb\"},\"inLanguage\":\"es\",\"potentialAction\":[{\"@type\":\"ReadAction\",\"target\":[\"https:\/\/demoweb.info\/sexshop001\/producto\/party-play-5-dados\/\"]}]},{\"@type\":\"BreadcrumbList\",\"@id\":\"https:\/\/demoweb.info\/sexshop001\/producto\/party-play-5-dados\/#breadcrumb\",\"itemListElement\":[{\"@type\":\"ListItem\",\"position\":1,\"name\":\"Portada\",\"item\":\"https:\/\/demoweb.info\/sexshop001\/\"},{\"@type\":\"ListItem\",\"position\":2,\"name\":\"Tienda\",\"item\":\"https:\/\/demoweb.info\/sexshop001\/tienda\/\"},{\"@type\":\"ListItem\",\"position\":3,\"name\":\"PARTY PLAY &#8211; 5 DADOS\"}]},{\"@type\":\"WebSite\",\"@id\":\"https:\/\/demoweb.info\/sexshop001\/#website\",\"url\":\"https:\/\/demoweb.info\/sexshop001\/\",\"name\":\"Tienda Er\u00f3tica\",\"description\":\"DEMOWEB SL\",\"potentialAction\":[{\"@type\":\"SearchAction\",\"target\":{\"@type\":\"EntryPoint\",\"urlTemplate\":\"https:\/\/demoweb.info\/sexshop001\/?s={search_term_string}\"},\"query-input\":\"required name=search_term_string\"}],\"inLanguage\":\"es\"}]}<\/script>\n<!-- \/ Yoast SEO plugin. -->","yoast_head_json":{"title":"PARTY PLAY - 5 DADOS - Tienda Er\u00f3tica","robots":{"index":"noindex","follow":"follow","max-snippet":"max-snippet:-1","max-image-preview":"max-image-preview:large","max-video-preview":"max-video-preview:-1"},"og_locale":"es_ES","og_type":"article","og_title":"PARTY PLAY - 5 DADOS - Tienda Er\u00f3tica","og_description":"PARTY PLAY &#8211; 5 DADOS \u00bfBuscas ideas originales y divertidas para sorprender a tus amigos? Este es tu juego. PARTY","og_url":"https:\/\/demoweb.info\/sexshop001\/producto\/party-play-5-dados\/","og_site_name":"Tienda Er\u00f3tica","article_modified_time":"2022-01-22T15:29:16+00:00","og_image":[{"width":550,"height":550,"url":"https:\/\/demoweb.info\/sexshop001\/wp-content\/uploads\/2022\/01\/PARTY-PLAY-5-DADOS.jpg","type":"image\/jpeg"}],"twitter_card":"summary_large_image","twitter_misc":{"Tiempo de lectura":"1 minuto"},"schema":{"@context":"https:\/\/schema.org","@graph":[{"@type":"WebPage","@id":"https:\/\/demoweb.info\/sexshop001\/producto\/party-play-5-dados\/","url":"https:\/\/demoweb.info\/sexshop001\/producto\/party-play-5-dados\/","name":"PARTY PLAY - 5 DADOS - Tienda Er\u00f3tica","isPartOf":{"@id":"https:\/\/demoweb.info\/sexshop001\/#website"},"datePublished":"2022-01-22T15:29:07+00:00","dateModified":"2022-01-22T15:29:16+00:00","breadcrumb":{"@id":"https:\/\/demoweb.info\/sexshop001\/producto\/party-play-5-dados\/#breadcrumb"},"inLanguage":"es","potentialAction":[{"@type":"ReadAction","target":["https:\/\/demoweb.info\/sexshop001\/producto\/party-play-5-dados\/"]}]},{"@type":"BreadcrumbList","@id":"https:\/\/demoweb.info\/sexshop001\/producto\/party-play-5-dados\/#breadcrumb","itemListElement":[{"@type":"ListItem","position":1,"name":"Portada","item":"https:\/\/demoweb.info\/sexshop001\/"},{"@type":"ListItem","position":2,"name":"Tienda","item":"https:\/\/demoweb.info\/sexshop001\/tienda\/"},{"@type":"ListItem","position":3,"name":"PARTY PLAY &#8211; 5 DADOS"}]},{"@type":"WebSite","@id":"https:\/\/demoweb.info\/sexshop001\/#website","url":"https:\/\/demoweb.info\/sexshop001\/","name":"Tienda Er\u00f3tica","description":"DEMOWEB SL","potentialAction":[{"@type":"SearchAction","target":{"@type":"EntryPoint","urlTemplate":"https:\/\/demoweb.info\/sexshop001\/?s={search_term_string}"},"query-input":"required name=search_term_string"}],"inLanguage":"es"}]}},"_links":{"self":[{"href":"https:\/\/demoweb.info\/sexshop001\/wp-json\/wp\/v3\/product\/52628","targetHints":{"allow":["GET"]}}],"collection":[{"href":"https:\/\/demoweb.info\/sexshop001\/wp-json\/wp\/v3\/product"}],"about":[{"href":"https:\/\/demoweb.info\/sexshop001\/wp-json\/wp\/v2\/types\/product"}],"replies":[{"embeddable":true,"href":"https:\/\/demoweb.info\/sexshop001\/wp-json\/wp\/v2\/comments?post=52628"}],"wp:featuredmedia":[{"embeddable":true,"href":"https:\/\/demoweb.info\/sexshop001\/wp-json\/wp\/v2\/media\/52629"}],"wp:attachment":[{"href":"https:\/\/demoweb.info\/sexshop001\/wp-json\/wp\/v2\/media?parent=52628"}],"wp:term":[{"taxonomy":"product_cat","embeddable":true,"href":"https:\/\/demoweb.info\/sexshop001\/wp-json\/wp\/v2\/product_cat?post=52628"},{"taxonomy":"product_tag","embeddable":true,"href":"https:\/\/demoweb.info\/sexshop001\/wp-json\/wp\/v2\/product_tag?post=52628"}],"curies":[{"name":"wp","href":"https:\/\/api.w.org\/{rel}","templated":true}]}}