{"id":52617,"date":"2022-01-22T16:29:07","date_gmt":"2022-01-22T15:29:07","guid":{"rendered":"https:\/\/demoweb.info\/sexshop001\/producto\/juego-cronomasutra\/"},"modified":"2022-01-22T16:29:11","modified_gmt":"2022-01-22T15:29:11","slug":"juego-cronomasutra","status":"publish","type":"product","link":"https:\/\/demoweb.info\/sexshop001\/producto\/juego-cronomasutra\/","title":{"rendered":"JUEGO CRONOMASUTRA"},"content":{"rendered":"<p><strong>JUEGO CRONOMASUTRA<\/strong><\/p>\n<p>Lanza el dado y realiza la postura se\u00f1alada, utiliza el reloj de arena para cronometrar, deber\u00e1s realizar la postura se\u00f1alada hasta que el tiempo se agote (1 minuto),tu pareja lanzar\u00e1 el dado para practicar la siguiente posici\u00f3n.<\/p>\n<p>El jugador que llegue antes al orgasmo pierde la partida.<\/p>\n","protected":false},"excerpt":{"rendered":"<p>JUEGO CRONOMASUTRA Lanza el dado y realiza la postura se\u00f1alada, utiliza el reloj de arena para cronometrar, deber\u00e1s realizar la<\/p>\n","protected":false},"featured_media":52618,"comment_status":"open","ping_status":"open","template":"","meta":[],"product_cat":[1007],"product_tag":[388,389],"class_list":["post-52617","product","type-product","status-publish","has-post-thumbnail","hentry","product_cat-juegos-divertidos","product_tag-femarvi","product_tag-play"],"bundled_by":[],"bundle_stock_status":"instock","bundle_stock_quantity":5,"bundle_virtual":false,"bundle_layout":"","bundle_add_to_cart_form_location":"","bundle_editable_in_cart":false,"bundle_sold_individually_context":"","bundle_item_grouping":"","bundle_min_size":"","bundle_max_size":"","bundled_items":[],"yoast_head":"<!-- This site is optimized with the Yoast SEO plugin v20.6 - https:\/\/yoast.com\/wordpress\/plugins\/seo\/ -->\n<title>JUEGO CRONOMASUTRA - Tienda Er\u00f3tica<\/title>\n<meta name=\"robots\" content=\"noindex, follow, max-snippet:-1, max-image-preview:large, max-video-preview:-1\" \/>\n<meta property=\"og:locale\" content=\"es_ES\" \/>\n<meta property=\"og:type\" content=\"article\" \/>\n<meta property=\"og:title\" content=\"JUEGO CRONOMASUTRA - Tienda Er\u00f3tica\" \/>\n<meta property=\"og:description\" content=\"JUEGO CRONOMASUTRA Lanza el dado y realiza la postura se\u00f1alada, utiliza el reloj de arena para cronometrar, deber\u00e1s realizar la\" \/>\n<meta property=\"og:url\" content=\"https:\/\/demoweb.info\/sexshop001\/producto\/juego-cronomasutra\/\" \/>\n<meta property=\"og:site_name\" content=\"Tienda Er\u00f3tica\" \/>\n<meta property=\"article:modified_time\" content=\"2022-01-22T15:29:11+00:00\" \/>\n<meta property=\"og:image\" content=\"https:\/\/demoweb.info\/sexshop001\/wp-content\/uploads\/2022\/01\/JUEGO-CRONOMASUTRA.jpg\" \/>\n\t<meta property=\"og:image:width\" content=\"550\" \/>\n\t<meta property=\"og:image:height\" content=\"550\" \/>\n\t<meta property=\"og:image:type\" content=\"image\/jpeg\" \/>\n<meta name=\"twitter:card\" content=\"summary_large_image\" \/>\n<script type=\"application\/ld+json\" class=\"yoast-schema-graph\">{\"@context\":\"https:\/\/schema.org\",\"@graph\":[{\"@type\":\"WebPage\",\"@id\":\"https:\/\/demoweb.info\/sexshop001\/producto\/juego-cronomasutra\/\",\"url\":\"https:\/\/demoweb.info\/sexshop001\/producto\/juego-cronomasutra\/\",\"name\":\"JUEGO CRONOMASUTRA - Tienda Er\u00f3tica\",\"isPartOf\":{\"@id\":\"https:\/\/demoweb.info\/sexshop001\/#website\"},\"datePublished\":\"2022-01-22T15:29:07+00:00\",\"dateModified\":\"2022-01-22T15:29:11+00:00\",\"breadcrumb\":{\"@id\":\"https:\/\/demoweb.info\/sexshop001\/producto\/juego-cronomasutra\/#breadcrumb\"},\"inLanguage\":\"es\",\"potentialAction\":[{\"@type\":\"ReadAction\",\"target\":[\"https:\/\/demoweb.info\/sexshop001\/producto\/juego-cronomasutra\/\"]}]},{\"@type\":\"BreadcrumbList\",\"@id\":\"https:\/\/demoweb.info\/sexshop001\/producto\/juego-cronomasutra\/#breadcrumb\",\"itemListElement\":[{\"@type\":\"ListItem\",\"position\":1,\"name\":\"Portada\",\"item\":\"https:\/\/demoweb.info\/sexshop001\/\"},{\"@type\":\"ListItem\",\"position\":2,\"name\":\"Tienda\",\"item\":\"https:\/\/demoweb.info\/sexshop001\/tienda\/\"},{\"@type\":\"ListItem\",\"position\":3,\"name\":\"JUEGO CRONOMASUTRA\"}]},{\"@type\":\"WebSite\",\"@id\":\"https:\/\/demoweb.info\/sexshop001\/#website\",\"url\":\"https:\/\/demoweb.info\/sexshop001\/\",\"name\":\"Tienda Er\u00f3tica\",\"description\":\"DEMOWEB SL\",\"potentialAction\":[{\"@type\":\"SearchAction\",\"target\":{\"@type\":\"EntryPoint\",\"urlTemplate\":\"https:\/\/demoweb.info\/sexshop001\/?s={search_term_string}\"},\"query-input\":\"required name=search_term_string\"}],\"inLanguage\":\"es\"}]}<\/script>\n<!-- \/ Yoast SEO plugin. -->","yoast_head_json":{"title":"JUEGO CRONOMASUTRA - Tienda Er\u00f3tica","robots":{"index":"noindex","follow":"follow","max-snippet":"max-snippet:-1","max-image-preview":"max-image-preview:large","max-video-preview":"max-video-preview:-1"},"og_locale":"es_ES","og_type":"article","og_title":"JUEGO CRONOMASUTRA - Tienda Er\u00f3tica","og_description":"JUEGO CRONOMASUTRA Lanza el dado y realiza la postura se\u00f1alada, utiliza el reloj de arena para cronometrar, deber\u00e1s realizar la","og_url":"https:\/\/demoweb.info\/sexshop001\/producto\/juego-cronomasutra\/","og_site_name":"Tienda Er\u00f3tica","article_modified_time":"2022-01-22T15:29:11+00:00","og_image":[{"width":550,"height":550,"url":"https:\/\/demoweb.info\/sexshop001\/wp-content\/uploads\/2022\/01\/JUEGO-CRONOMASUTRA.jpg","type":"image\/jpeg"}],"twitter_card":"summary_large_image","schema":{"@context":"https:\/\/schema.org","@graph":[{"@type":"WebPage","@id":"https:\/\/demoweb.info\/sexshop001\/producto\/juego-cronomasutra\/","url":"https:\/\/demoweb.info\/sexshop001\/producto\/juego-cronomasutra\/","name":"JUEGO CRONOMASUTRA - Tienda Er\u00f3tica","isPartOf":{"@id":"https:\/\/demoweb.info\/sexshop001\/#website"},"datePublished":"2022-01-22T15:29:07+00:00","dateModified":"2022-01-22T15:29:11+00:00","breadcrumb":{"@id":"https:\/\/demoweb.info\/sexshop001\/producto\/juego-cronomasutra\/#breadcrumb"},"inLanguage":"es","potentialAction":[{"@type":"ReadAction","target":["https:\/\/demoweb.info\/sexshop001\/producto\/juego-cronomasutra\/"]}]},{"@type":"BreadcrumbList","@id":"https:\/\/demoweb.info\/sexshop001\/producto\/juego-cronomasutra\/#breadcrumb","itemListElement":[{"@type":"ListItem","position":1,"name":"Portada","item":"https:\/\/demoweb.info\/sexshop001\/"},{"@type":"ListItem","position":2,"name":"Tienda","item":"https:\/\/demoweb.info\/sexshop001\/tienda\/"},{"@type":"ListItem","position":3,"name":"JUEGO CRONOMASUTRA"}]},{"@type":"WebSite","@id":"https:\/\/demoweb.info\/sexshop001\/#website","url":"https:\/\/demoweb.info\/sexshop001\/","name":"Tienda Er\u00f3tica","description":"DEMOWEB SL","potentialAction":[{"@type":"SearchAction","target":{"@type":"EntryPoint","urlTemplate":"https:\/\/demoweb.info\/sexshop001\/?s={search_term_string}"},"query-input":"required name=search_term_string"}],"inLanguage":"es"}]}},"_links":{"self":[{"href":"https:\/\/demoweb.info\/sexshop001\/wp-json\/wp\/v3\/product\/52617","targetHints":{"allow":["GET"]}}],"collection":[{"href":"https:\/\/demoweb.info\/sexshop001\/wp-json\/wp\/v3\/product"}],"about":[{"href":"https:\/\/demoweb.info\/sexshop001\/wp-json\/wp\/v2\/types\/product"}],"replies":[{"embeddable":true,"href":"https:\/\/demoweb.info\/sexshop001\/wp-json\/wp\/v2\/comments?post=52617"}],"wp:featuredmedia":[{"embeddable":true,"href":"https:\/\/demoweb.info\/sexshop001\/wp-json\/wp\/v2\/media\/52618"}],"wp:attachment":[{"href":"https:\/\/demoweb.info\/sexshop001\/wp-json\/wp\/v2\/media?parent=52617"}],"wp:term":[{"taxonomy":"product_cat","embeddable":true,"href":"https:\/\/demoweb.info\/sexshop001\/wp-json\/wp\/v2\/product_cat?post=52617"},{"taxonomy":"product_tag","embeddable":true,"href":"https:\/\/demoweb.info\/sexshop001\/wp-json\/wp\/v2\/product_tag?post=52617"}],"curies":[{"name":"wp","href":"https:\/\/api.w.org\/{rel}","templated":true}]}}