{"id":52607,"date":"2022-01-22T16:28:38","date_gmt":"2022-01-22T15:28:38","guid":{"rendered":"https:\/\/demoweb.info\/sexshop001\/producto\/easy-rider-checkmate-male-masturbator-boca\/"},"modified":"2022-01-22T16:29:04","modified_gmt":"2022-01-22T15:29:04","slug":"easy-rider-checkmate-male-masturbator-boca","status":"publish","type":"product","link":"https:\/\/demoweb.info\/sexshop001\/producto\/easy-rider-checkmate-male-masturbator-boca\/","title":{"rendered":"EASY RIDER &#8211; CHECKMATE &#8211; MALE MASTURBATOR &#8211; BOCA"},"content":{"rendered":"<p><strong>EASY RIDER &#8211; CHECKMATE &#8211; MALE MASTURBATOR &#8211; MOUTH<\/strong><\/p>\n<p>Abre la tapa y aplica unas gotas de lubricante para lograr los mejores resultados. No es imprescindible utilizar un cond\u00f3n, pero se recomienda por motivos de higiene. Limpia el interior despu\u00e9s de su uso d\u00e1ndole la vuelta y l\u00e1valo con un limpiador adecuado. Aclara con agua abundante. Guardar a temperatura ambiente.<\/p>\n<p>Caracter\u00edsticas:<br \/>\n&#8211; Longitud: 16,5 cm<br \/>\n&#8211; Di\u00e1metro: 6,5 cm<br \/>\n&#8211; Material: Real Natural Skin<br \/>\n&#8211; Resistente al agua.<br \/>\n&#8211; Sin ftalatos.<\/p>\n","protected":false},"excerpt":{"rendered":"<p>EASY RIDER &#8211; CHECKMATE &#8211; MALE MASTURBATOR &#8211; MOUTH Abre la tapa y aplica unas gotas de lubricante para lograr<\/p>\n","protected":false},"featured_media":52608,"comment_status":"open","ping_status":"open","template":"","meta":[],"product_cat":[656],"product_tag":[302,547],"class_list":["post-52607","product","type-product","status-publish","has-post-thumbnail","hentry","product_cat-bocas","product_tag-shots","product_tag-shots-toys"],"bundled_by":[],"bundle_stock_status":"outofstock","bundle_stock_quantity":0,"bundle_virtual":false,"bundle_layout":"","bundle_add_to_cart_form_location":"","bundle_editable_in_cart":false,"bundle_sold_individually_context":"","bundle_item_grouping":"","bundle_min_size":"","bundle_max_size":"","bundled_items":[],"yoast_head":"<!-- This site is optimized with the Yoast SEO plugin v20.6 - https:\/\/yoast.com\/wordpress\/plugins\/seo\/ -->\n<title>EASY RIDER - CHECKMATE - MALE MASTURBATOR - BOCA - Tienda Er\u00f3tica<\/title>\n<meta name=\"robots\" content=\"noindex, follow, max-snippet:-1, max-image-preview:large, max-video-preview:-1\" \/>\n<meta property=\"og:locale\" content=\"es_ES\" \/>\n<meta property=\"og:type\" content=\"article\" \/>\n<meta property=\"og:title\" content=\"EASY RIDER - CHECKMATE - MALE MASTURBATOR - BOCA - Tienda Er\u00f3tica\" \/>\n<meta property=\"og:description\" content=\"EASY RIDER &#8211; CHECKMATE &#8211; MALE MASTURBATOR &#8211; MOUTH Abre la tapa y aplica unas gotas de lubricante para lograr\" \/>\n<meta property=\"og:url\" content=\"https:\/\/demoweb.info\/sexshop001\/producto\/easy-rider-checkmate-male-masturbator-boca\/\" \/>\n<meta property=\"og:site_name\" content=\"Tienda Er\u00f3tica\" \/>\n<meta property=\"article:modified_time\" content=\"2022-01-22T15:29:04+00:00\" \/>\n<meta property=\"og:image\" content=\"https:\/\/demoweb.info\/sexshop001\/wp-content\/uploads\/2022\/01\/EASY-RIDER-CHECKMATE-MALE-MASTURBATOR-BOCA.jpg\" \/>\n\t<meta property=\"og:image:width\" content=\"550\" \/>\n\t<meta property=\"og:image:height\" content=\"550\" \/>\n\t<meta property=\"og:image:type\" content=\"image\/jpeg\" \/>\n<meta name=\"twitter:card\" content=\"summary_large_image\" \/>\n<script type=\"application\/ld+json\" class=\"yoast-schema-graph\">{\"@context\":\"https:\/\/schema.org\",\"@graph\":[{\"@type\":\"WebPage\",\"@id\":\"https:\/\/demoweb.info\/sexshop001\/producto\/easy-rider-checkmate-male-masturbator-boca\/\",\"url\":\"https:\/\/demoweb.info\/sexshop001\/producto\/easy-rider-checkmate-male-masturbator-boca\/\",\"name\":\"EASY RIDER - CHECKMATE - MALE MASTURBATOR - BOCA - Tienda Er\u00f3tica\",\"isPartOf\":{\"@id\":\"https:\/\/demoweb.info\/sexshop001\/#website\"},\"datePublished\":\"2022-01-22T15:28:38+00:00\",\"dateModified\":\"2022-01-22T15:29:04+00:00\",\"breadcrumb\":{\"@id\":\"https:\/\/demoweb.info\/sexshop001\/producto\/easy-rider-checkmate-male-masturbator-boca\/#breadcrumb\"},\"inLanguage\":\"es\",\"potentialAction\":[{\"@type\":\"ReadAction\",\"target\":[\"https:\/\/demoweb.info\/sexshop001\/producto\/easy-rider-checkmate-male-masturbator-boca\/\"]}]},{\"@type\":\"BreadcrumbList\",\"@id\":\"https:\/\/demoweb.info\/sexshop001\/producto\/easy-rider-checkmate-male-masturbator-boca\/#breadcrumb\",\"itemListElement\":[{\"@type\":\"ListItem\",\"position\":1,\"name\":\"Portada\",\"item\":\"https:\/\/demoweb.info\/sexshop001\/\"},{\"@type\":\"ListItem\",\"position\":2,\"name\":\"Tienda\",\"item\":\"https:\/\/demoweb.info\/sexshop001\/tienda\/\"},{\"@type\":\"ListItem\",\"position\":3,\"name\":\"EASY RIDER &#8211; CHECKMATE &#8211; MALE MASTURBATOR &#8211; BOCA\"}]},{\"@type\":\"WebSite\",\"@id\":\"https:\/\/demoweb.info\/sexshop001\/#website\",\"url\":\"https:\/\/demoweb.info\/sexshop001\/\",\"name\":\"Tienda Er\u00f3tica\",\"description\":\"DEMOWEB SL\",\"potentialAction\":[{\"@type\":\"SearchAction\",\"target\":{\"@type\":\"EntryPoint\",\"urlTemplate\":\"https:\/\/demoweb.info\/sexshop001\/?s={search_term_string}\"},\"query-input\":\"required name=search_term_string\"}],\"inLanguage\":\"es\"}]}<\/script>\n<!-- \/ Yoast SEO plugin. -->","yoast_head_json":{"title":"EASY RIDER - CHECKMATE - MALE MASTURBATOR - BOCA - Tienda Er\u00f3tica","robots":{"index":"noindex","follow":"follow","max-snippet":"max-snippet:-1","max-image-preview":"max-image-preview:large","max-video-preview":"max-video-preview:-1"},"og_locale":"es_ES","og_type":"article","og_title":"EASY RIDER - CHECKMATE - MALE MASTURBATOR - BOCA - Tienda Er\u00f3tica","og_description":"EASY RIDER &#8211; CHECKMATE &#8211; MALE MASTURBATOR &#8211; MOUTH Abre la tapa y aplica unas gotas de lubricante para lograr","og_url":"https:\/\/demoweb.info\/sexshop001\/producto\/easy-rider-checkmate-male-masturbator-boca\/","og_site_name":"Tienda Er\u00f3tica","article_modified_time":"2022-01-22T15:29:04+00:00","og_image":[{"width":550,"height":550,"url":"https:\/\/demoweb.info\/sexshop001\/wp-content\/uploads\/2022\/01\/EASY-RIDER-CHECKMATE-MALE-MASTURBATOR-BOCA.jpg","type":"image\/jpeg"}],"twitter_card":"summary_large_image","schema":{"@context":"https:\/\/schema.org","@graph":[{"@type":"WebPage","@id":"https:\/\/demoweb.info\/sexshop001\/producto\/easy-rider-checkmate-male-masturbator-boca\/","url":"https:\/\/demoweb.info\/sexshop001\/producto\/easy-rider-checkmate-male-masturbator-boca\/","name":"EASY RIDER - CHECKMATE - MALE MASTURBATOR - BOCA - Tienda Er\u00f3tica","isPartOf":{"@id":"https:\/\/demoweb.info\/sexshop001\/#website"},"datePublished":"2022-01-22T15:28:38+00:00","dateModified":"2022-01-22T15:29:04+00:00","breadcrumb":{"@id":"https:\/\/demoweb.info\/sexshop001\/producto\/easy-rider-checkmate-male-masturbator-boca\/#breadcrumb"},"inLanguage":"es","potentialAction":[{"@type":"ReadAction","target":["https:\/\/demoweb.info\/sexshop001\/producto\/easy-rider-checkmate-male-masturbator-boca\/"]}]},{"@type":"BreadcrumbList","@id":"https:\/\/demoweb.info\/sexshop001\/producto\/easy-rider-checkmate-male-masturbator-boca\/#breadcrumb","itemListElement":[{"@type":"ListItem","position":1,"name":"Portada","item":"https:\/\/demoweb.info\/sexshop001\/"},{"@type":"ListItem","position":2,"name":"Tienda","item":"https:\/\/demoweb.info\/sexshop001\/tienda\/"},{"@type":"ListItem","position":3,"name":"EASY RIDER &#8211; CHECKMATE &#8211; MALE MASTURBATOR &#8211; BOCA"}]},{"@type":"WebSite","@id":"https:\/\/demoweb.info\/sexshop001\/#website","url":"https:\/\/demoweb.info\/sexshop001\/","name":"Tienda Er\u00f3tica","description":"DEMOWEB SL","potentialAction":[{"@type":"SearchAction","target":{"@type":"EntryPoint","urlTemplate":"https:\/\/demoweb.info\/sexshop001\/?s={search_term_string}"},"query-input":"required name=search_term_string"}],"inLanguage":"es"}]}},"_links":{"self":[{"href":"https:\/\/demoweb.info\/sexshop001\/wp-json\/wp\/v3\/product\/52607","targetHints":{"allow":["GET"]}}],"collection":[{"href":"https:\/\/demoweb.info\/sexshop001\/wp-json\/wp\/v3\/product"}],"about":[{"href":"https:\/\/demoweb.info\/sexshop001\/wp-json\/wp\/v2\/types\/product"}],"replies":[{"embeddable":true,"href":"https:\/\/demoweb.info\/sexshop001\/wp-json\/wp\/v2\/comments?post=52607"}],"wp:featuredmedia":[{"embeddable":true,"href":"https:\/\/demoweb.info\/sexshop001\/wp-json\/wp\/v2\/media\/52608"}],"wp:attachment":[{"href":"https:\/\/demoweb.info\/sexshop001\/wp-json\/wp\/v2\/media?parent=52607"}],"wp:term":[{"taxonomy":"product_cat","embeddable":true,"href":"https:\/\/demoweb.info\/sexshop001\/wp-json\/wp\/v2\/product_cat?post=52607"},{"taxonomy":"product_tag","embeddable":true,"href":"https:\/\/demoweb.info\/sexshop001\/wp-json\/wp\/v2\/product_tag?post=52607"}],"curies":[{"name":"wp","href":"https:\/\/api.w.org\/{rel}","templated":true}]}}