{"id":52599,"date":"2022-01-22T16:28:38","date_gmt":"2022-01-22T15:28:38","guid":{"rendered":"https:\/\/demoweb.info\/sexshop001\/producto\/model-06-chastity-14cm-negro\/"},"modified":"2022-01-22T16:28:59","modified_gmt":"2022-01-22T15:28:59","slug":"model-06-chastity-14cm-negro","status":"publish","type":"product","link":"https:\/\/demoweb.info\/sexshop001\/producto\/model-06-chastity-14cm-negro\/","title":{"rendered":"MODEL 06 &#8211; CHASTITY &#8211; 14CM NEGRO"},"content":{"rendered":"<p><strong>MODEL 06 &#8211; CHASTITY &#8211; 5.5 BLACK <\/strong><\/p>\n<p>\u00a1LLEVA TU JUEGO DE SEXUALIDAD EXTREMA HASTA EL PR\u00d3XIMO NIVEL!<\/p>\n<p>Las Jaulas de Castidad est\u00e1n fabricadas de policarbonato de alto grado, un material muy liviano, duradero e hipoalerg\u00e9nico. La jaula consiste de tres partes que encajan perfectamente. Los dos pernos de gu\u00eda conectan las partes superiores y el perno c\u00f3nico con forma de \u00f3valo conecta los aros a la jaula. \u00a1Una variedad de aros en diferentes tama\u00f1os y a distintas distancias te permiten crear el tama\u00f1o perfecto!<\/p>\n<p>Los aros tienen un encaje c\u00f3modo y son absolutamente seguros. La cerradura met\u00e1lica o la cerradura de envoltorio pueden cerrar la jaula f\u00e1cilmente. \u00a1Las cerraduras de envoltorio o amarre aseguran que no se dispare la alarma de detectores de metal en las fiestas, festivales y hasta en aeropuertos!<\/p>\n<p>Ya que la higiene es muy importante mientras se usa la jaula, \u00e9stas vienen equipadas con una variedad de aberturas de ventilaci\u00f3n y para orinar.<\/p>\n<p>La jaula hace que sea imposible tener una erecci\u00f3n pero la tendr\u00e1s despu\u00e9s de ser liberado. La Jaula de Castidad le da a quien tiene la llave el poder \u00f3ptimo sobre la gratificaci\u00f3n sexual.<\/p>\n<p>Especificaciones:<br \/>\n&#8211; Material: ABS<br \/>\n&#8211; Longitud: 14 cm<br \/>\n&#8211; Anillos ajustables: di\u00e1metro 4,5 cm, 5 cm, 5,5 cm, 6 cm<br \/>\n&#8211; 100% resistente al agua<br \/>\n&#8211; Libre de ftalato<\/p>\n","protected":false},"excerpt":{"rendered":"<p>MODEL 06 &#8211; CHASTITY &#8211; 5.5 BLACK \u00a1LLEVA TU JUEGO DE SEXUALIDAD EXTREMA HASTA EL PR\u00d3XIMO NIVEL! Las Jaulas de<\/p>\n","protected":false},"featured_media":52600,"comment_status":"open","ping_status":"open","template":"","meta":[],"product_cat":[305],"product_tag":[306,302],"class_list":["post-52599","product","type-product","status-publish","has-post-thumbnail","hentry","product_cat-castidad","product_tag-mancage","product_tag-shots"],"bundled_by":[],"bundle_stock_status":"outofstock","bundle_stock_quantity":0,"bundle_virtual":false,"bundle_layout":"","bundle_add_to_cart_form_location":"","bundle_editable_in_cart":false,"bundle_sold_individually_context":"","bundle_item_grouping":"","bundle_min_size":"","bundle_max_size":"","bundled_items":[],"yoast_head":"<!-- This site is optimized with the Yoast SEO plugin v20.6 - https:\/\/yoast.com\/wordpress\/plugins\/seo\/ -->\n<title>MODEL 06 - CHASTITY - 14CM NEGRO - Tienda Er\u00f3tica<\/title>\n<meta name=\"robots\" content=\"noindex, follow, max-snippet:-1, max-image-preview:large, max-video-preview:-1\" \/>\n<meta property=\"og:locale\" content=\"es_ES\" \/>\n<meta property=\"og:type\" content=\"article\" \/>\n<meta property=\"og:title\" content=\"MODEL 06 - CHASTITY - 14CM NEGRO - Tienda Er\u00f3tica\" \/>\n<meta property=\"og:description\" content=\"MODEL 06 &#8211; CHASTITY &#8211; 5.5 BLACK \u00a1LLEVA TU JUEGO DE SEXUALIDAD EXTREMA HASTA EL PR\u00d3XIMO NIVEL! Las Jaulas de\" \/>\n<meta property=\"og:url\" content=\"https:\/\/demoweb.info\/sexshop001\/producto\/model-06-chastity-14cm-negro\/\" \/>\n<meta property=\"og:site_name\" content=\"Tienda Er\u00f3tica\" \/>\n<meta property=\"article:modified_time\" content=\"2022-01-22T15:28:59+00:00\" \/>\n<meta property=\"og:image\" content=\"https:\/\/demoweb.info\/sexshop001\/wp-content\/uploads\/2022\/01\/MODEL-06-CHASTITY-14CM-NEGRO.jpg\" \/>\n\t<meta property=\"og:image:width\" content=\"550\" \/>\n\t<meta property=\"og:image:height\" content=\"550\" \/>\n\t<meta property=\"og:image:type\" content=\"image\/jpeg\" \/>\n<meta name=\"twitter:card\" content=\"summary_large_image\" \/>\n<meta name=\"twitter:label1\" content=\"Tiempo de lectura\" \/>\n\t<meta name=\"twitter:data1\" content=\"1 minuto\" \/>\n<script type=\"application\/ld+json\" class=\"yoast-schema-graph\">{\"@context\":\"https:\/\/schema.org\",\"@graph\":[{\"@type\":\"WebPage\",\"@id\":\"https:\/\/demoweb.info\/sexshop001\/producto\/model-06-chastity-14cm-negro\/\",\"url\":\"https:\/\/demoweb.info\/sexshop001\/producto\/model-06-chastity-14cm-negro\/\",\"name\":\"MODEL 06 - CHASTITY - 14CM NEGRO - Tienda Er\u00f3tica\",\"isPartOf\":{\"@id\":\"https:\/\/demoweb.info\/sexshop001\/#website\"},\"datePublished\":\"2022-01-22T15:28:38+00:00\",\"dateModified\":\"2022-01-22T15:28:59+00:00\",\"breadcrumb\":{\"@id\":\"https:\/\/demoweb.info\/sexshop001\/producto\/model-06-chastity-14cm-negro\/#breadcrumb\"},\"inLanguage\":\"es\",\"potentialAction\":[{\"@type\":\"ReadAction\",\"target\":[\"https:\/\/demoweb.info\/sexshop001\/producto\/model-06-chastity-14cm-negro\/\"]}]},{\"@type\":\"BreadcrumbList\",\"@id\":\"https:\/\/demoweb.info\/sexshop001\/producto\/model-06-chastity-14cm-negro\/#breadcrumb\",\"itemListElement\":[{\"@type\":\"ListItem\",\"position\":1,\"name\":\"Portada\",\"item\":\"https:\/\/demoweb.info\/sexshop001\/\"},{\"@type\":\"ListItem\",\"position\":2,\"name\":\"Tienda\",\"item\":\"https:\/\/demoweb.info\/sexshop001\/tienda\/\"},{\"@type\":\"ListItem\",\"position\":3,\"name\":\"MODEL 06 &#8211; CHASTITY &#8211; 14CM NEGRO\"}]},{\"@type\":\"WebSite\",\"@id\":\"https:\/\/demoweb.info\/sexshop001\/#website\",\"url\":\"https:\/\/demoweb.info\/sexshop001\/\",\"name\":\"Tienda Er\u00f3tica\",\"description\":\"DEMOWEB SL\",\"potentialAction\":[{\"@type\":\"SearchAction\",\"target\":{\"@type\":\"EntryPoint\",\"urlTemplate\":\"https:\/\/demoweb.info\/sexshop001\/?s={search_term_string}\"},\"query-input\":\"required name=search_term_string\"}],\"inLanguage\":\"es\"}]}<\/script>\n<!-- \/ Yoast SEO plugin. -->","yoast_head_json":{"title":"MODEL 06 - CHASTITY - 14CM NEGRO - Tienda Er\u00f3tica","robots":{"index":"noindex","follow":"follow","max-snippet":"max-snippet:-1","max-image-preview":"max-image-preview:large","max-video-preview":"max-video-preview:-1"},"og_locale":"es_ES","og_type":"article","og_title":"MODEL 06 - CHASTITY - 14CM NEGRO - Tienda Er\u00f3tica","og_description":"MODEL 06 &#8211; CHASTITY &#8211; 5.5 BLACK \u00a1LLEVA TU JUEGO DE SEXUALIDAD EXTREMA HASTA EL PR\u00d3XIMO NIVEL! Las Jaulas de","og_url":"https:\/\/demoweb.info\/sexshop001\/producto\/model-06-chastity-14cm-negro\/","og_site_name":"Tienda Er\u00f3tica","article_modified_time":"2022-01-22T15:28:59+00:00","og_image":[{"width":550,"height":550,"url":"https:\/\/demoweb.info\/sexshop001\/wp-content\/uploads\/2022\/01\/MODEL-06-CHASTITY-14CM-NEGRO.jpg","type":"image\/jpeg"}],"twitter_card":"summary_large_image","twitter_misc":{"Tiempo de lectura":"1 minuto"},"schema":{"@context":"https:\/\/schema.org","@graph":[{"@type":"WebPage","@id":"https:\/\/demoweb.info\/sexshop001\/producto\/model-06-chastity-14cm-negro\/","url":"https:\/\/demoweb.info\/sexshop001\/producto\/model-06-chastity-14cm-negro\/","name":"MODEL 06 - CHASTITY - 14CM NEGRO - Tienda Er\u00f3tica","isPartOf":{"@id":"https:\/\/demoweb.info\/sexshop001\/#website"},"datePublished":"2022-01-22T15:28:38+00:00","dateModified":"2022-01-22T15:28:59+00:00","breadcrumb":{"@id":"https:\/\/demoweb.info\/sexshop001\/producto\/model-06-chastity-14cm-negro\/#breadcrumb"},"inLanguage":"es","potentialAction":[{"@type":"ReadAction","target":["https:\/\/demoweb.info\/sexshop001\/producto\/model-06-chastity-14cm-negro\/"]}]},{"@type":"BreadcrumbList","@id":"https:\/\/demoweb.info\/sexshop001\/producto\/model-06-chastity-14cm-negro\/#breadcrumb","itemListElement":[{"@type":"ListItem","position":1,"name":"Portada","item":"https:\/\/demoweb.info\/sexshop001\/"},{"@type":"ListItem","position":2,"name":"Tienda","item":"https:\/\/demoweb.info\/sexshop001\/tienda\/"},{"@type":"ListItem","position":3,"name":"MODEL 06 &#8211; CHASTITY &#8211; 14CM NEGRO"}]},{"@type":"WebSite","@id":"https:\/\/demoweb.info\/sexshop001\/#website","url":"https:\/\/demoweb.info\/sexshop001\/","name":"Tienda Er\u00f3tica","description":"DEMOWEB SL","potentialAction":[{"@type":"SearchAction","target":{"@type":"EntryPoint","urlTemplate":"https:\/\/demoweb.info\/sexshop001\/?s={search_term_string}"},"query-input":"required name=search_term_string"}],"inLanguage":"es"}]}},"_links":{"self":[{"href":"https:\/\/demoweb.info\/sexshop001\/wp-json\/wp\/v3\/product\/52599","targetHints":{"allow":["GET"]}}],"collection":[{"href":"https:\/\/demoweb.info\/sexshop001\/wp-json\/wp\/v3\/product"}],"about":[{"href":"https:\/\/demoweb.info\/sexshop001\/wp-json\/wp\/v2\/types\/product"}],"replies":[{"embeddable":true,"href":"https:\/\/demoweb.info\/sexshop001\/wp-json\/wp\/v2\/comments?post=52599"}],"wp:featuredmedia":[{"embeddable":true,"href":"https:\/\/demoweb.info\/sexshop001\/wp-json\/wp\/v2\/media\/52600"}],"wp:attachment":[{"href":"https:\/\/demoweb.info\/sexshop001\/wp-json\/wp\/v2\/media?parent=52599"}],"wp:term":[{"taxonomy":"product_cat","embeddable":true,"href":"https:\/\/demoweb.info\/sexshop001\/wp-json\/wp\/v2\/product_cat?post=52599"},{"taxonomy":"product_tag","embeddable":true,"href":"https:\/\/demoweb.info\/sexshop001\/wp-json\/wp\/v2\/product_tag?post=52599"}],"curies":[{"name":"wp","href":"https:\/\/api.w.org\/{rel}","templated":true}]}}