{"id":52490,"date":"2022-01-22T16:27:39","date_gmt":"2022-01-22T15:27:39","guid":{"rendered":"https:\/\/demoweb.info\/sexshop001\/producto\/bree-olson-brees-tit-masturbador-realistico\/"},"modified":"2022-01-22T16:27:43","modified_gmt":"2022-01-22T15:27:43","slug":"bree-olson-brees-tit-masturbador-realistico","status":"publish","type":"product","link":"https:\/\/demoweb.info\/sexshop001\/producto\/bree-olson-brees-tit-masturbador-realistico\/","title":{"rendered":"BREE OLSON BREES TIT MASTURBADOR REAL\u00cdSTICO"},"content":{"rendered":"<p><strong>BREE OLSON BREES TIT JOB STROKER<\/strong><\/p>\n<p>Masturbador ultra real\u00edstico moldeado directamente de los pechos de la famosa actriz.<\/p>\n<p>Fabricado en material CyberSkin\u00ae gracias al cual sentir\u00e1s los pechos como si fueran de verdad.<\/p>\n<p>Podr\u00e1s apretar los pechos hinchables para una experiencia completamente realista. Los recortes en la espalda te permiten sostener bien para poder rebotar y sacudir hasta que llegues a todo el pecho.<\/p>\n<p>Pezones duros, areolas rosas.. \u00a1disfruta de tu experiencia m\u00e1s realista!<\/p>\n<p>Impermeable para que puedas usarlo tambi\u00e9n en la ducha.<\/p>\n<p>Libre de ftalatos.<\/p>\n","protected":false},"excerpt":{"rendered":"<p>BREE OLSON BREES TIT JOB STROKER Masturbador ultra real\u00edstico moldeado directamente de los pechos de la famosa actriz. Fabricado en<\/p>\n","protected":false},"featured_media":52491,"comment_status":"open","ping_status":"open","template":"","meta":[],"product_cat":[1522],"product_tag":[1132,932],"class_list":["post-52490","product","type-product","status-publish","has-post-thumbnail","hentry","product_cat-pechos","product_tag-cyberskin","product_tag-topco-sales"],"bundled_by":[],"bundle_stock_status":"outofstock","bundle_stock_quantity":0,"bundle_virtual":false,"bundle_layout":"","bundle_add_to_cart_form_location":"","bundle_editable_in_cart":false,"bundle_sold_individually_context":"","bundle_item_grouping":"","bundle_min_size":"","bundle_max_size":"","bundled_items":[],"yoast_head":"<!-- This site is optimized with the Yoast SEO plugin v20.6 - https:\/\/yoast.com\/wordpress\/plugins\/seo\/ -->\n<title>BREE OLSON BREES TIT MASTURBADOR REAL\u00cdSTICO - Tienda Er\u00f3tica<\/title>\n<meta name=\"robots\" content=\"noindex, follow, max-snippet:-1, max-image-preview:large, max-video-preview:-1\" \/>\n<meta property=\"og:locale\" content=\"es_ES\" \/>\n<meta property=\"og:type\" content=\"article\" \/>\n<meta property=\"og:title\" content=\"BREE OLSON BREES TIT MASTURBADOR REAL\u00cdSTICO - Tienda Er\u00f3tica\" \/>\n<meta property=\"og:description\" content=\"BREE OLSON BREES TIT JOB STROKER Masturbador ultra real\u00edstico moldeado directamente de los pechos de la famosa actriz. Fabricado en\" \/>\n<meta property=\"og:url\" content=\"https:\/\/demoweb.info\/sexshop001\/producto\/bree-olson-brees-tit-masturbador-realistico\/\" \/>\n<meta property=\"og:site_name\" content=\"Tienda Er\u00f3tica\" \/>\n<meta property=\"article:modified_time\" content=\"2022-01-22T15:27:43+00:00\" \/>\n<meta property=\"og:image\" content=\"https:\/\/demoweb.info\/sexshop001\/wp-content\/uploads\/2022\/01\/BREE-OLSON-BREES-TIT-MASTURBADOR-REALISTICO.jpg\" \/>\n\t<meta property=\"og:image:width\" content=\"550\" \/>\n\t<meta property=\"og:image:height\" content=\"550\" \/>\n\t<meta property=\"og:image:type\" content=\"image\/jpeg\" \/>\n<meta name=\"twitter:card\" content=\"summary_large_image\" \/>\n<script type=\"application\/ld+json\" class=\"yoast-schema-graph\">{\"@context\":\"https:\/\/schema.org\",\"@graph\":[{\"@type\":\"WebPage\",\"@id\":\"https:\/\/demoweb.info\/sexshop001\/producto\/bree-olson-brees-tit-masturbador-realistico\/\",\"url\":\"https:\/\/demoweb.info\/sexshop001\/producto\/bree-olson-brees-tit-masturbador-realistico\/\",\"name\":\"BREE OLSON BREES TIT MASTURBADOR REAL\u00cdSTICO - Tienda Er\u00f3tica\",\"isPartOf\":{\"@id\":\"https:\/\/demoweb.info\/sexshop001\/#website\"},\"datePublished\":\"2022-01-22T15:27:39+00:00\",\"dateModified\":\"2022-01-22T15:27:43+00:00\",\"breadcrumb\":{\"@id\":\"https:\/\/demoweb.info\/sexshop001\/producto\/bree-olson-brees-tit-masturbador-realistico\/#breadcrumb\"},\"inLanguage\":\"es\",\"potentialAction\":[{\"@type\":\"ReadAction\",\"target\":[\"https:\/\/demoweb.info\/sexshop001\/producto\/bree-olson-brees-tit-masturbador-realistico\/\"]}]},{\"@type\":\"BreadcrumbList\",\"@id\":\"https:\/\/demoweb.info\/sexshop001\/producto\/bree-olson-brees-tit-masturbador-realistico\/#breadcrumb\",\"itemListElement\":[{\"@type\":\"ListItem\",\"position\":1,\"name\":\"Portada\",\"item\":\"https:\/\/demoweb.info\/sexshop001\/\"},{\"@type\":\"ListItem\",\"position\":2,\"name\":\"Tienda\",\"item\":\"https:\/\/demoweb.info\/sexshop001\/tienda\/\"},{\"@type\":\"ListItem\",\"position\":3,\"name\":\"BREE OLSON BREES TIT MASTURBADOR REAL\u00cdSTICO\"}]},{\"@type\":\"WebSite\",\"@id\":\"https:\/\/demoweb.info\/sexshop001\/#website\",\"url\":\"https:\/\/demoweb.info\/sexshop001\/\",\"name\":\"Tienda Er\u00f3tica\",\"description\":\"DEMOWEB SL\",\"potentialAction\":[{\"@type\":\"SearchAction\",\"target\":{\"@type\":\"EntryPoint\",\"urlTemplate\":\"https:\/\/demoweb.info\/sexshop001\/?s={search_term_string}\"},\"query-input\":\"required name=search_term_string\"}],\"inLanguage\":\"es\"}]}<\/script>\n<!-- \/ Yoast SEO plugin. -->","yoast_head_json":{"title":"BREE OLSON BREES TIT MASTURBADOR REAL\u00cdSTICO - Tienda Er\u00f3tica","robots":{"index":"noindex","follow":"follow","max-snippet":"max-snippet:-1","max-image-preview":"max-image-preview:large","max-video-preview":"max-video-preview:-1"},"og_locale":"es_ES","og_type":"article","og_title":"BREE OLSON BREES TIT MASTURBADOR REAL\u00cdSTICO - Tienda Er\u00f3tica","og_description":"BREE OLSON BREES TIT JOB STROKER Masturbador ultra real\u00edstico moldeado directamente de los pechos de la famosa actriz. Fabricado en","og_url":"https:\/\/demoweb.info\/sexshop001\/producto\/bree-olson-brees-tit-masturbador-realistico\/","og_site_name":"Tienda Er\u00f3tica","article_modified_time":"2022-01-22T15:27:43+00:00","og_image":[{"width":550,"height":550,"url":"https:\/\/demoweb.info\/sexshop001\/wp-content\/uploads\/2022\/01\/BREE-OLSON-BREES-TIT-MASTURBADOR-REALISTICO.jpg","type":"image\/jpeg"}],"twitter_card":"summary_large_image","schema":{"@context":"https:\/\/schema.org","@graph":[{"@type":"WebPage","@id":"https:\/\/demoweb.info\/sexshop001\/producto\/bree-olson-brees-tit-masturbador-realistico\/","url":"https:\/\/demoweb.info\/sexshop001\/producto\/bree-olson-brees-tit-masturbador-realistico\/","name":"BREE OLSON BREES TIT MASTURBADOR REAL\u00cdSTICO - Tienda Er\u00f3tica","isPartOf":{"@id":"https:\/\/demoweb.info\/sexshop001\/#website"},"datePublished":"2022-01-22T15:27:39+00:00","dateModified":"2022-01-22T15:27:43+00:00","breadcrumb":{"@id":"https:\/\/demoweb.info\/sexshop001\/producto\/bree-olson-brees-tit-masturbador-realistico\/#breadcrumb"},"inLanguage":"es","potentialAction":[{"@type":"ReadAction","target":["https:\/\/demoweb.info\/sexshop001\/producto\/bree-olson-brees-tit-masturbador-realistico\/"]}]},{"@type":"BreadcrumbList","@id":"https:\/\/demoweb.info\/sexshop001\/producto\/bree-olson-brees-tit-masturbador-realistico\/#breadcrumb","itemListElement":[{"@type":"ListItem","position":1,"name":"Portada","item":"https:\/\/demoweb.info\/sexshop001\/"},{"@type":"ListItem","position":2,"name":"Tienda","item":"https:\/\/demoweb.info\/sexshop001\/tienda\/"},{"@type":"ListItem","position":3,"name":"BREE OLSON BREES TIT MASTURBADOR REAL\u00cdSTICO"}]},{"@type":"WebSite","@id":"https:\/\/demoweb.info\/sexshop001\/#website","url":"https:\/\/demoweb.info\/sexshop001\/","name":"Tienda Er\u00f3tica","description":"DEMOWEB SL","potentialAction":[{"@type":"SearchAction","target":{"@type":"EntryPoint","urlTemplate":"https:\/\/demoweb.info\/sexshop001\/?s={search_term_string}"},"query-input":"required name=search_term_string"}],"inLanguage":"es"}]}},"_links":{"self":[{"href":"https:\/\/demoweb.info\/sexshop001\/wp-json\/wp\/v3\/product\/52490","targetHints":{"allow":["GET"]}}],"collection":[{"href":"https:\/\/demoweb.info\/sexshop001\/wp-json\/wp\/v3\/product"}],"about":[{"href":"https:\/\/demoweb.info\/sexshop001\/wp-json\/wp\/v2\/types\/product"}],"replies":[{"embeddable":true,"href":"https:\/\/demoweb.info\/sexshop001\/wp-json\/wp\/v2\/comments?post=52490"}],"wp:featuredmedia":[{"embeddable":true,"href":"https:\/\/demoweb.info\/sexshop001\/wp-json\/wp\/v2\/media\/52491"}],"wp:attachment":[{"href":"https:\/\/demoweb.info\/sexshop001\/wp-json\/wp\/v2\/media?parent=52490"}],"wp:term":[{"taxonomy":"product_cat","embeddable":true,"href":"https:\/\/demoweb.info\/sexshop001\/wp-json\/wp\/v2\/product_cat?post=52490"},{"taxonomy":"product_tag","embeddable":true,"href":"https:\/\/demoweb.info\/sexshop001\/wp-json\/wp\/v2\/product_tag?post=52490"}],"curies":[{"name":"wp","href":"https:\/\/api.w.org\/{rel}","templated":true}]}}