{"id":52403,"date":"2022-01-22T16:26:41","date_gmt":"2022-01-22T15:26:41","guid":{"rendered":"https:\/\/demoweb.info\/sexshop001\/producto\/satisfyer-men-one\/"},"modified":"2022-01-22T16:26:45","modified_gmt":"2022-01-22T15:26:45","slug":"satisfyer-men-one","status":"publish","type":"product","link":"https:\/\/demoweb.info\/sexshop001\/producto\/satisfyer-men-one\/","title":{"rendered":"SATISFYER MEN ONE"},"content":{"rendered":"<p><strong>SATISFYER MEN ONE<\/strong><\/p>\n<ul>\n<li>Excepcional funci\u00f3n de bomba.<\/li>\n<li>Innovador regulador de la presi\u00f3n interior.<\/li>\n<li>Funda de material Cyberskin especialmente suave.<\/li>\n<li>Cierre higi\u00e9nico limpio.<\/li>\n<li>Dise\u00f1o deportivo a la vez que moderno.<\/li>\n<\/ul>\n<p><strong>\u00a1LA REVOLUCI\u00d3N DE SATISFYER PARA LA DIVERSI\u00d3N DEL HOMBRE!<\/strong><br \/>\nDespu\u00e9s de que el Satisfyer haya deparado a las mujeres grandes momentos de placer, ahora es el turno de los hombres. El Satisfyer Men One revoluciona el disfrute masculino en solitario gracias a tecnolog\u00edas innovadoras.<\/p>\n<p><strong>PRESI\u00d3N PERFECTA. RELAJACI\u00d3N PERFECTA.<\/strong><br \/>\n\u00bfEstr\u00e9s en el trabajo? Rel\u00e1jate con el Satisfyer Men. T\u00fa eres quien decide el grado de presi\u00f3n. En funci\u00f3n de tus preferencias, el innovador regulador de la presi\u00f3n interior consigue un vac\u00edo intenso o suave. Disfruta del efecto sensual mientras el Satisfyer Men engulle pr\u00e1cticamente tu pene. Una sensaci\u00f3n que te llevar\u00e1 a alcanzar orgasmos intensos.<\/p>\n<p><strong>ESO NO ES TODO, \u00bfLO DESEAS M\u00c1S ESTRECHO?<\/strong><br \/>\nEl Satisfyer Men no es cualquier juguete. Consigue una estimulaci\u00f3n intensa. En su interior especialmente suave te espera una sorpresa: un coj\u00edn de aire \u00fanico rodea la cubierta interior suave, proporcionando un placer a\u00fan mayor. La innovadora funci\u00f3n de bomba te permite introducir o extraer el aire durante el uso con solo pulsar un bot\u00f3n para ajustar por ti mismo la estrechez del Satisfyer Men. T\u00fa tienes el control de la intensidad y el placer.<\/p>\n<p><strong>UN HOMBRE, UN ORGASMO INIGUALABLE.<\/strong><br \/>\nSi alguien sabe c\u00f3mo es el orgasmo perfecto, ese es Rocco Siffredi, leyenda del cine porno. Ha rodado 1.800 pel\u00edculas, ha satisfecho a m\u00e1s de 5.000 mujeres y ha disfrutado de su mejor orgasmo&#8230; con el Satisfyer Men.<\/p>\n<p><strong>MATERIAL<\/strong><br \/>\nSexy por fuera y por dentro. El Satisfyer Men es diferente a todos los juguetes sexuales que hayas visto antes. Destaca por su dise\u00f1o ultradeportivo a la vez que moderno y su elaboraci\u00f3n con silicona de gran calidad. Y lo m\u00e1s importante: su interior proporciona una sensaci\u00f3n completamente sensual gracias al material Cyberskin especialmente suave. El Satisfyer Men puede limpiarse de forma sencilla y gracias a su cierre se mantiene limpio.<\/p>\n<p><strong>LA MARCA SATISFYER MEN<\/strong><br \/>\nTus mejores orgasmos cuando quieras, como quieras. Esto es lo que distingue al Satisfyer Men. El innovador regulador de la presi\u00f3n interior y la excepcional funci\u00f3n de bomba te permiten ajustar por ti mismo la intensidad de la estimulaci\u00f3n. El nuevo juguete favorito de los hombres est\u00e1 siempre listo para la acci\u00f3n, sin necesidad de pilas ni bater\u00edas. Sus materiales de alta calidad y f\u00e1ciles de limpiar proporcionan una diversi\u00f3n sin l\u00edmites.<\/p>\n","protected":false},"excerpt":{"rendered":"<p>SATISFYER MEN ONE Excepcional funci\u00f3n de bomba. Innovador regulador de la presi\u00f3n interior. Funda de material Cyberskin especialmente suave. Cierre<\/p>\n","protected":false},"featured_media":52404,"comment_status":"open","ping_status":"open","template":"","meta":[],"product_cat":[542],"product_tag":[614,442],"class_list":["post-52403","product","type-product","status-publish","has-post-thumbnail","hentry","product_cat-clasicos","product_tag-men","product_tag-satisfyer"],"bundled_by":[],"bundle_stock_status":"instock","bundle_stock_quantity":25,"bundle_virtual":false,"bundle_layout":"","bundle_add_to_cart_form_location":"","bundle_editable_in_cart":false,"bundle_sold_individually_context":"","bundle_item_grouping":"","bundle_min_size":"","bundle_max_size":"","bundled_items":[],"yoast_head":"<!-- This site is optimized with the Yoast SEO plugin v20.6 - https:\/\/yoast.com\/wordpress\/plugins\/seo\/ -->\n<title>SATISFYER MEN ONE - Tienda Er\u00f3tica<\/title>\n<meta name=\"robots\" content=\"noindex, follow, max-snippet:-1, max-image-preview:large, max-video-preview:-1\" \/>\n<meta property=\"og:locale\" content=\"es_ES\" \/>\n<meta property=\"og:type\" content=\"article\" \/>\n<meta property=\"og:title\" content=\"SATISFYER MEN ONE - Tienda Er\u00f3tica\" \/>\n<meta property=\"og:description\" content=\"SATISFYER MEN ONE Excepcional funci\u00f3n de bomba. Innovador regulador de la presi\u00f3n interior. Funda de material Cyberskin especialmente suave. Cierre\" \/>\n<meta property=\"og:url\" content=\"https:\/\/demoweb.info\/sexshop001\/producto\/satisfyer-men-one\/\" \/>\n<meta property=\"og:site_name\" content=\"Tienda Er\u00f3tica\" \/>\n<meta property=\"article:modified_time\" content=\"2022-01-22T15:26:45+00:00\" \/>\n<meta property=\"og:image\" content=\"https:\/\/demoweb.info\/sexshop001\/wp-content\/uploads\/2022\/01\/SATISFYER-MEN-ONE.jpg\" \/>\n\t<meta property=\"og:image:width\" content=\"550\" \/>\n\t<meta property=\"og:image:height\" content=\"550\" \/>\n\t<meta property=\"og:image:type\" content=\"image\/jpeg\" \/>\n<meta name=\"twitter:card\" content=\"summary_large_image\" \/>\n<meta name=\"twitter:label1\" content=\"Tiempo de lectura\" \/>\n\t<meta name=\"twitter:data1\" content=\"2 minutos\" \/>\n<script type=\"application\/ld+json\" class=\"yoast-schema-graph\">{\"@context\":\"https:\/\/schema.org\",\"@graph\":[{\"@type\":\"WebPage\",\"@id\":\"https:\/\/demoweb.info\/sexshop001\/producto\/satisfyer-men-one\/\",\"url\":\"https:\/\/demoweb.info\/sexshop001\/producto\/satisfyer-men-one\/\",\"name\":\"SATISFYER MEN ONE - Tienda Er\u00f3tica\",\"isPartOf\":{\"@id\":\"https:\/\/demoweb.info\/sexshop001\/#website\"},\"datePublished\":\"2022-01-22T15:26:41+00:00\",\"dateModified\":\"2022-01-22T15:26:45+00:00\",\"breadcrumb\":{\"@id\":\"https:\/\/demoweb.info\/sexshop001\/producto\/satisfyer-men-one\/#breadcrumb\"},\"inLanguage\":\"es\",\"potentialAction\":[{\"@type\":\"ReadAction\",\"target\":[\"https:\/\/demoweb.info\/sexshop001\/producto\/satisfyer-men-one\/\"]}]},{\"@type\":\"BreadcrumbList\",\"@id\":\"https:\/\/demoweb.info\/sexshop001\/producto\/satisfyer-men-one\/#breadcrumb\",\"itemListElement\":[{\"@type\":\"ListItem\",\"position\":1,\"name\":\"Portada\",\"item\":\"https:\/\/demoweb.info\/sexshop001\/\"},{\"@type\":\"ListItem\",\"position\":2,\"name\":\"Tienda\",\"item\":\"https:\/\/demoweb.info\/sexshop001\/tienda\/\"},{\"@type\":\"ListItem\",\"position\":3,\"name\":\"SATISFYER MEN ONE\"}]},{\"@type\":\"WebSite\",\"@id\":\"https:\/\/demoweb.info\/sexshop001\/#website\",\"url\":\"https:\/\/demoweb.info\/sexshop001\/\",\"name\":\"Tienda Er\u00f3tica\",\"description\":\"DEMOWEB SL\",\"potentialAction\":[{\"@type\":\"SearchAction\",\"target\":{\"@type\":\"EntryPoint\",\"urlTemplate\":\"https:\/\/demoweb.info\/sexshop001\/?s={search_term_string}\"},\"query-input\":\"required name=search_term_string\"}],\"inLanguage\":\"es\"}]}<\/script>\n<!-- \/ Yoast SEO plugin. -->","yoast_head_json":{"title":"SATISFYER MEN ONE - Tienda Er\u00f3tica","robots":{"index":"noindex","follow":"follow","max-snippet":"max-snippet:-1","max-image-preview":"max-image-preview:large","max-video-preview":"max-video-preview:-1"},"og_locale":"es_ES","og_type":"article","og_title":"SATISFYER MEN ONE - Tienda Er\u00f3tica","og_description":"SATISFYER MEN ONE Excepcional funci\u00f3n de bomba. Innovador regulador de la presi\u00f3n interior. Funda de material Cyberskin especialmente suave. Cierre","og_url":"https:\/\/demoweb.info\/sexshop001\/producto\/satisfyer-men-one\/","og_site_name":"Tienda Er\u00f3tica","article_modified_time":"2022-01-22T15:26:45+00:00","og_image":[{"width":550,"height":550,"url":"https:\/\/demoweb.info\/sexshop001\/wp-content\/uploads\/2022\/01\/SATISFYER-MEN-ONE.jpg","type":"image\/jpeg"}],"twitter_card":"summary_large_image","twitter_misc":{"Tiempo de lectura":"2 minutos"},"schema":{"@context":"https:\/\/schema.org","@graph":[{"@type":"WebPage","@id":"https:\/\/demoweb.info\/sexshop001\/producto\/satisfyer-men-one\/","url":"https:\/\/demoweb.info\/sexshop001\/producto\/satisfyer-men-one\/","name":"SATISFYER MEN ONE - Tienda Er\u00f3tica","isPartOf":{"@id":"https:\/\/demoweb.info\/sexshop001\/#website"},"datePublished":"2022-01-22T15:26:41+00:00","dateModified":"2022-01-22T15:26:45+00:00","breadcrumb":{"@id":"https:\/\/demoweb.info\/sexshop001\/producto\/satisfyer-men-one\/#breadcrumb"},"inLanguage":"es","potentialAction":[{"@type":"ReadAction","target":["https:\/\/demoweb.info\/sexshop001\/producto\/satisfyer-men-one\/"]}]},{"@type":"BreadcrumbList","@id":"https:\/\/demoweb.info\/sexshop001\/producto\/satisfyer-men-one\/#breadcrumb","itemListElement":[{"@type":"ListItem","position":1,"name":"Portada","item":"https:\/\/demoweb.info\/sexshop001\/"},{"@type":"ListItem","position":2,"name":"Tienda","item":"https:\/\/demoweb.info\/sexshop001\/tienda\/"},{"@type":"ListItem","position":3,"name":"SATISFYER MEN ONE"}]},{"@type":"WebSite","@id":"https:\/\/demoweb.info\/sexshop001\/#website","url":"https:\/\/demoweb.info\/sexshop001\/","name":"Tienda Er\u00f3tica","description":"DEMOWEB SL","potentialAction":[{"@type":"SearchAction","target":{"@type":"EntryPoint","urlTemplate":"https:\/\/demoweb.info\/sexshop001\/?s={search_term_string}"},"query-input":"required name=search_term_string"}],"inLanguage":"es"}]}},"_links":{"self":[{"href":"https:\/\/demoweb.info\/sexshop001\/wp-json\/wp\/v3\/product\/52403","targetHints":{"allow":["GET"]}}],"collection":[{"href":"https:\/\/demoweb.info\/sexshop001\/wp-json\/wp\/v3\/product"}],"about":[{"href":"https:\/\/demoweb.info\/sexshop001\/wp-json\/wp\/v2\/types\/product"}],"replies":[{"embeddable":true,"href":"https:\/\/demoweb.info\/sexshop001\/wp-json\/wp\/v2\/comments?post=52403"}],"wp:featuredmedia":[{"embeddable":true,"href":"https:\/\/demoweb.info\/sexshop001\/wp-json\/wp\/v2\/media\/52404"}],"wp:attachment":[{"href":"https:\/\/demoweb.info\/sexshop001\/wp-json\/wp\/v2\/media?parent=52403"}],"wp:term":[{"taxonomy":"product_cat","embeddable":true,"href":"https:\/\/demoweb.info\/sexshop001\/wp-json\/wp\/v2\/product_cat?post=52403"},{"taxonomy":"product_tag","embeddable":true,"href":"https:\/\/demoweb.info\/sexshop001\/wp-json\/wp\/v2\/product_tag?post=52403"}],"curies":[{"name":"wp","href":"https:\/\/api.w.org\/{rel}","templated":true}]}}