{"id":52391,"date":"2022-01-22T16:26:30","date_gmt":"2022-01-22T15:26:30","guid":{"rendered":"https:\/\/demoweb.info\/sexshop001\/producto\/lubricante-organico-hibrido-100ml\/"},"modified":"2022-01-22T16:26:37","modified_gmt":"2022-01-22T15:26:37","slug":"lubricante-organico-hibrido-100ml","status":"publish","type":"product","link":"https:\/\/demoweb.info\/sexshop001\/producto\/lubricante-organico-hibrido-100ml\/","title":{"rendered":"LUBRICANTE ORG\u00c1NICO H\u00cdBRIDO 100ml"},"content":{"rendered":"<p><strong>LUBRICANTE ORG\u00c1NICO H\u00cdBRIDO 100ml <\/strong><\/p>\n<p>\u00bfEres de los que piensa que tenemos que ponernos las pilas cuidando el planeta? \u00bfSientes que todav\u00eda no ha llegado el lubricante natural para ti? Por fin lo hemos encontrado! La f\u00f3rmula secreta sin trampas. De lo natural, a tu casa.<\/p>\n<p>Prueba nuestro nuevo lubricante h\u00edbrido, hemos buscado como locos, los mejores ingredientes para adaptarnos a ti, te van a encantar. \u00bfEst\u00e1s preparada\/o? <\/p>\n<p>El <strong>HYBRID<\/strong> contiene Aloe Vera y extracto de aceituna, una mezcla perfecta para aquellas personas que necesitan larga duraci\u00f3n en sus relaciones. Emulan la lubricaci\u00f3n natural de la mujer e intensifican al momento el placer de la penetraci\u00f3n. Cuida de tu piel y en especial, las zonas \u00edntimas, te va a gustar tanto que no te vas a poder separar de \u00e9l, y no solo para el sexo, ya ver\u00e1s. <\/p>\n<p>\u00bfEs maravilloso verdad que s\u00ed?<\/p>\n<p>Caracter\u00edsticas:<\/p>\n<ul>\n<li>Componente base: agua.<\/li>\n<li>Ingredientes org\u00e1nicos y veganos de alta calidad.<\/li>\n<li>Sin experimentaci\u00f3n animal.<\/li>\n<li>Compatible con l\u00e1tex y perfecto para usar con sex toys.<\/li>\n<li>Apto para veganos.<\/li>\n<li>Textura suave, no es pegajosa, ni tiene un tacto viscoso.<\/li>\n<li>No contienen parabenos, ni gluten, ni az\u00facar.<\/li>\n<li>Botella de 100ml reciclable. tacto soft touch.<\/li>\n<\/ul>\n<p><strong>CERTIFICADO POR UN LABORATORIO EXTERNO SUIZO BIO INSPECTA <\/strong><\/p>\n","protected":false},"excerpt":{"rendered":"<p>LUBRICANTE ORG\u00c1NICO H\u00cdBRIDO 100ml \u00bfEres de los que piensa que tenemos que ponernos las pilas cuidando el planeta? \u00bfSientes que<\/p>\n","protected":false},"featured_media":52392,"comment_status":"open","ping_status":"open","template":"","meta":[],"product_cat":[268],"product_tag":[1519,564],"class_list":["post-52391","product","type-product","status-publish","has-post-thumbnail","hentry","product_cat-base-agua-lubricantes-aceites-y-lubricantes","product_tag-organic-cosmetics","product_tag-secret-play"],"bundled_by":[],"bundle_stock_status":"instock","bundle_stock_quantity":2,"bundle_virtual":false,"bundle_layout":"","bundle_add_to_cart_form_location":"","bundle_editable_in_cart":false,"bundle_sold_individually_context":"","bundle_item_grouping":"","bundle_min_size":"","bundle_max_size":"","bundled_items":[],"yoast_head":"<!-- This site is optimized with the Yoast SEO plugin v20.6 - https:\/\/yoast.com\/wordpress\/plugins\/seo\/ -->\n<title>LUBRICANTE ORG\u00c1NICO H\u00cdBRIDO 100ml - Tienda Er\u00f3tica<\/title>\n<meta name=\"robots\" content=\"noindex, follow, max-snippet:-1, max-image-preview:large, max-video-preview:-1\" \/>\n<meta property=\"og:locale\" content=\"es_ES\" \/>\n<meta property=\"og:type\" content=\"article\" \/>\n<meta property=\"og:title\" content=\"LUBRICANTE ORG\u00c1NICO H\u00cdBRIDO 100ml - Tienda Er\u00f3tica\" \/>\n<meta property=\"og:description\" content=\"LUBRICANTE ORG\u00c1NICO H\u00cdBRIDO 100ml \u00bfEres de los que piensa que tenemos que ponernos las pilas cuidando el planeta? \u00bfSientes que\" \/>\n<meta property=\"og:url\" content=\"https:\/\/demoweb.info\/sexshop001\/producto\/lubricante-organico-hibrido-100ml\/\" \/>\n<meta property=\"og:site_name\" content=\"Tienda Er\u00f3tica\" \/>\n<meta property=\"article:modified_time\" content=\"2022-01-22T15:26:37+00:00\" \/>\n<meta property=\"og:image\" content=\"https:\/\/demoweb.info\/sexshop001\/wp-content\/uploads\/2022\/01\/LUBRICANTE-ORGANICO-HIBRIDO-100ml.jpg\" \/>\n\t<meta property=\"og:image:width\" content=\"550\" \/>\n\t<meta property=\"og:image:height\" content=\"550\" \/>\n\t<meta property=\"og:image:type\" content=\"image\/jpeg\" \/>\n<meta name=\"twitter:card\" content=\"summary_large_image\" \/>\n<meta name=\"twitter:label1\" content=\"Tiempo de lectura\" \/>\n\t<meta name=\"twitter:data1\" content=\"1 minuto\" \/>\n<script type=\"application\/ld+json\" class=\"yoast-schema-graph\">{\"@context\":\"https:\/\/schema.org\",\"@graph\":[{\"@type\":\"WebPage\",\"@id\":\"https:\/\/demoweb.info\/sexshop001\/producto\/lubricante-organico-hibrido-100ml\/\",\"url\":\"https:\/\/demoweb.info\/sexshop001\/producto\/lubricante-organico-hibrido-100ml\/\",\"name\":\"LUBRICANTE ORG\u00c1NICO H\u00cdBRIDO 100ml - Tienda Er\u00f3tica\",\"isPartOf\":{\"@id\":\"https:\/\/demoweb.info\/sexshop001\/#website\"},\"datePublished\":\"2022-01-22T15:26:30+00:00\",\"dateModified\":\"2022-01-22T15:26:37+00:00\",\"breadcrumb\":{\"@id\":\"https:\/\/demoweb.info\/sexshop001\/producto\/lubricante-organico-hibrido-100ml\/#breadcrumb\"},\"inLanguage\":\"es\",\"potentialAction\":[{\"@type\":\"ReadAction\",\"target\":[\"https:\/\/demoweb.info\/sexshop001\/producto\/lubricante-organico-hibrido-100ml\/\"]}]},{\"@type\":\"BreadcrumbList\",\"@id\":\"https:\/\/demoweb.info\/sexshop001\/producto\/lubricante-organico-hibrido-100ml\/#breadcrumb\",\"itemListElement\":[{\"@type\":\"ListItem\",\"position\":1,\"name\":\"Portada\",\"item\":\"https:\/\/demoweb.info\/sexshop001\/\"},{\"@type\":\"ListItem\",\"position\":2,\"name\":\"Tienda\",\"item\":\"https:\/\/demoweb.info\/sexshop001\/tienda\/\"},{\"@type\":\"ListItem\",\"position\":3,\"name\":\"LUBRICANTE ORG\u00c1NICO H\u00cdBRIDO 100ml\"}]},{\"@type\":\"WebSite\",\"@id\":\"https:\/\/demoweb.info\/sexshop001\/#website\",\"url\":\"https:\/\/demoweb.info\/sexshop001\/\",\"name\":\"Tienda Er\u00f3tica\",\"description\":\"DEMOWEB SL\",\"potentialAction\":[{\"@type\":\"SearchAction\",\"target\":{\"@type\":\"EntryPoint\",\"urlTemplate\":\"https:\/\/demoweb.info\/sexshop001\/?s={search_term_string}\"},\"query-input\":\"required name=search_term_string\"}],\"inLanguage\":\"es\"}]}<\/script>\n<!-- \/ Yoast SEO plugin. -->","yoast_head_json":{"title":"LUBRICANTE ORG\u00c1NICO H\u00cdBRIDO 100ml - Tienda Er\u00f3tica","robots":{"index":"noindex","follow":"follow","max-snippet":"max-snippet:-1","max-image-preview":"max-image-preview:large","max-video-preview":"max-video-preview:-1"},"og_locale":"es_ES","og_type":"article","og_title":"LUBRICANTE ORG\u00c1NICO H\u00cdBRIDO 100ml - Tienda Er\u00f3tica","og_description":"LUBRICANTE ORG\u00c1NICO H\u00cdBRIDO 100ml \u00bfEres de los que piensa que tenemos que ponernos las pilas cuidando el planeta? \u00bfSientes que","og_url":"https:\/\/demoweb.info\/sexshop001\/producto\/lubricante-organico-hibrido-100ml\/","og_site_name":"Tienda Er\u00f3tica","article_modified_time":"2022-01-22T15:26:37+00:00","og_image":[{"width":550,"height":550,"url":"https:\/\/demoweb.info\/sexshop001\/wp-content\/uploads\/2022\/01\/LUBRICANTE-ORGANICO-HIBRIDO-100ml.jpg","type":"image\/jpeg"}],"twitter_card":"summary_large_image","twitter_misc":{"Tiempo de lectura":"1 minuto"},"schema":{"@context":"https:\/\/schema.org","@graph":[{"@type":"WebPage","@id":"https:\/\/demoweb.info\/sexshop001\/producto\/lubricante-organico-hibrido-100ml\/","url":"https:\/\/demoweb.info\/sexshop001\/producto\/lubricante-organico-hibrido-100ml\/","name":"LUBRICANTE ORG\u00c1NICO H\u00cdBRIDO 100ml - Tienda Er\u00f3tica","isPartOf":{"@id":"https:\/\/demoweb.info\/sexshop001\/#website"},"datePublished":"2022-01-22T15:26:30+00:00","dateModified":"2022-01-22T15:26:37+00:00","breadcrumb":{"@id":"https:\/\/demoweb.info\/sexshop001\/producto\/lubricante-organico-hibrido-100ml\/#breadcrumb"},"inLanguage":"es","potentialAction":[{"@type":"ReadAction","target":["https:\/\/demoweb.info\/sexshop001\/producto\/lubricante-organico-hibrido-100ml\/"]}]},{"@type":"BreadcrumbList","@id":"https:\/\/demoweb.info\/sexshop001\/producto\/lubricante-organico-hibrido-100ml\/#breadcrumb","itemListElement":[{"@type":"ListItem","position":1,"name":"Portada","item":"https:\/\/demoweb.info\/sexshop001\/"},{"@type":"ListItem","position":2,"name":"Tienda","item":"https:\/\/demoweb.info\/sexshop001\/tienda\/"},{"@type":"ListItem","position":3,"name":"LUBRICANTE ORG\u00c1NICO H\u00cdBRIDO 100ml"}]},{"@type":"WebSite","@id":"https:\/\/demoweb.info\/sexshop001\/#website","url":"https:\/\/demoweb.info\/sexshop001\/","name":"Tienda Er\u00f3tica","description":"DEMOWEB SL","potentialAction":[{"@type":"SearchAction","target":{"@type":"EntryPoint","urlTemplate":"https:\/\/demoweb.info\/sexshop001\/?s={search_term_string}"},"query-input":"required name=search_term_string"}],"inLanguage":"es"}]}},"_links":{"self":[{"href":"https:\/\/demoweb.info\/sexshop001\/wp-json\/wp\/v3\/product\/52391","targetHints":{"allow":["GET"]}}],"collection":[{"href":"https:\/\/demoweb.info\/sexshop001\/wp-json\/wp\/v3\/product"}],"about":[{"href":"https:\/\/demoweb.info\/sexshop001\/wp-json\/wp\/v2\/types\/product"}],"replies":[{"embeddable":true,"href":"https:\/\/demoweb.info\/sexshop001\/wp-json\/wp\/v2\/comments?post=52391"}],"wp:featuredmedia":[{"embeddable":true,"href":"https:\/\/demoweb.info\/sexshop001\/wp-json\/wp\/v2\/media\/52392"}],"wp:attachment":[{"href":"https:\/\/demoweb.info\/sexshop001\/wp-json\/wp\/v2\/media?parent=52391"}],"wp:term":[{"taxonomy":"product_cat","embeddable":true,"href":"https:\/\/demoweb.info\/sexshop001\/wp-json\/wp\/v2\/product_cat?post=52391"},{"taxonomy":"product_tag","embeddable":true,"href":"https:\/\/demoweb.info\/sexshop001\/wp-json\/wp\/v2\/product_tag?post=52391"}],"curies":[{"name":"wp","href":"https:\/\/api.w.org\/{rel}","templated":true}]}}