{"id":52281,"date":"2022-01-22T16:25:21","date_gmt":"2022-01-22T15:25:21","guid":{"rendered":"https:\/\/demoweb.info\/sexshop001\/producto\/saninex-vibrator-egg-wireles-rosa\/"},"modified":"2022-01-22T16:25:27","modified_gmt":"2022-01-22T15:25:27","slug":"saninex-vibrator-egg-wireles-rosa","status":"publish","type":"product","link":"https:\/\/demoweb.info\/sexshop001\/producto\/saninex-vibrator-egg-wireles-rosa\/","title":{"rendered":"SANINEX VIBRATOR EGG WIRELES ROSA"},"content":{"rendered":"<p><strong>SANINEX VIBRATOR EGG WIRELES &#8211; PINK COLOUR<\/strong><\/p>\n<p>Espectacular vibrador Saninex inal\u00e1mbrico por control remoto con el que obtienes una nueva forma y manera de generarte orgasmos muy divertidos, diferentes y altamente intensos. Desde el control remoto inal\u00e1mbrico controlas la totalidad de tu placer con las 17 velocidades vibratorias de tu SANINEX VIBRATOR EGG WIRELESS.<\/p>\n<p>Disponible en color rosa o lila, elegante,atractivo y con moderna est\u00e9tica. Dise\u00f1ado para obtener f\u00e1cilmente y de juguetona manera de forma unipersonal o con pareja, un gran placer sexual, repetido e intenso.<\/p>\n<p>Con SANINEX VIBRATOR EGG WIRELESS descubrir\u00e1s la totalidad de tus zonas m\u00e1s er\u00f3genas, obteniendo muy f\u00e1cilmente tus multiplaceres. Te genera una muy divertida realidad sexual altamente placentera. Su alta calidad en materiales y detallado dise\u00f1o, hacen posible que tu placer con intenso resultado org\u00e1smico, sea muy f\u00e1cil de conseguir.<\/p>\n<p>Con sus 17 velocidades intermitentes o fijas muy f\u00e1cilmente manejables desde el control remoto, podr\u00e1s suministrar la intensidad y potencia sexual exacta que deseas en todos tus super orgasmos.<\/p>\n<p>Funciona con 3 pila AAA. Medidas: 75 x 30mm. Color rosa y color lila.<\/p>\n<p>Peso huevo : 30g<\/p>\n<p>Peso mando ( sin pilas ) 20 g<\/p>\n<p>INDICACIONES:<\/p>\n<ul>\n<li>17 diferentes velocidades fijas e intermitentes.<\/li>\n<li>Orgasmos mediante la estimulaci\u00f3n vaginal o anal, altamente excitantes.<\/li>\n<li>Para un alto placer en cualquier momento y durante las relacione sexuales.<\/li>\n<li>Fabricado con materiales m\u00e9dico sanitario de muy alta calidad, con revestimiento de extrema suavidad. Hipoalerg\u00e9nico.<\/li>\n<li>Totalmente discreto de belleza est\u00e9tica.<\/li>\n<li>Adecuado para todo tipo de lubricantes y aceites afrodisiacos Saninex.<\/li>\n<li>Comprobado dermatol\u00f3gicamente y cl\u00ednicamente.<\/li>\n<li>100% resistente al agua.<\/li>\n<li>100% libre de ftalatos.<\/li>\n<\/ul>\n","protected":false},"excerpt":{"rendered":"<p>SANINEX VIBRATOR EGG WIRELES &#8211; PINK COLOUR Espectacular vibrador Saninex inal\u00e1mbrico por control remoto con el que obtienes una nueva<\/p>\n","protected":false},"featured_media":52282,"comment_status":"open","ping_status":"open","template":"","meta":[],"product_cat":[322],"product_tag":[673],"class_list":["post-52281","product","type-product","status-publish","has-post-thumbnail","hentry","product_cat-con-mando","product_tag-saninex"],"bundled_by":[],"bundle_stock_status":"outofstock","bundle_stock_quantity":0,"bundle_virtual":false,"bundle_layout":"","bundle_add_to_cart_form_location":"","bundle_editable_in_cart":false,"bundle_sold_individually_context":"","bundle_item_grouping":"","bundle_min_size":"","bundle_max_size":"","bundled_items":[],"yoast_head":"<!-- This site is optimized with the Yoast SEO plugin v20.6 - https:\/\/yoast.com\/wordpress\/plugins\/seo\/ -->\n<title>SANINEX VIBRATOR EGG WIRELES ROSA - Tienda Er\u00f3tica<\/title>\n<meta name=\"robots\" content=\"noindex, follow, max-snippet:-1, max-image-preview:large, max-video-preview:-1\" \/>\n<meta property=\"og:locale\" content=\"es_ES\" \/>\n<meta property=\"og:type\" content=\"article\" \/>\n<meta property=\"og:title\" content=\"SANINEX VIBRATOR EGG WIRELES ROSA - Tienda Er\u00f3tica\" \/>\n<meta property=\"og:description\" content=\"SANINEX VIBRATOR EGG WIRELES &#8211; PINK COLOUR Espectacular vibrador Saninex inal\u00e1mbrico por control remoto con el que obtienes una nueva\" \/>\n<meta property=\"og:url\" content=\"https:\/\/demoweb.info\/sexshop001\/producto\/saninex-vibrator-egg-wireles-rosa\/\" \/>\n<meta property=\"og:site_name\" content=\"Tienda Er\u00f3tica\" \/>\n<meta property=\"article:modified_time\" content=\"2022-01-22T15:25:27+00:00\" \/>\n<meta property=\"og:image\" content=\"https:\/\/demoweb.info\/sexshop001\/wp-content\/uploads\/2022\/01\/SANINEX-VIBRATOR-EGG-WIRELES-ROSA.jpg\" \/>\n\t<meta property=\"og:image:width\" content=\"550\" \/>\n\t<meta property=\"og:image:height\" content=\"550\" \/>\n\t<meta property=\"og:image:type\" content=\"image\/jpeg\" \/>\n<meta name=\"twitter:card\" content=\"summary_large_image\" \/>\n<meta name=\"twitter:label1\" content=\"Tiempo de lectura\" \/>\n\t<meta name=\"twitter:data1\" content=\"1 minuto\" \/>\n<script type=\"application\/ld+json\" class=\"yoast-schema-graph\">{\"@context\":\"https:\/\/schema.org\",\"@graph\":[{\"@type\":\"WebPage\",\"@id\":\"https:\/\/demoweb.info\/sexshop001\/producto\/saninex-vibrator-egg-wireles-rosa\/\",\"url\":\"https:\/\/demoweb.info\/sexshop001\/producto\/saninex-vibrator-egg-wireles-rosa\/\",\"name\":\"SANINEX VIBRATOR EGG WIRELES ROSA - Tienda Er\u00f3tica\",\"isPartOf\":{\"@id\":\"https:\/\/demoweb.info\/sexshop001\/#website\"},\"datePublished\":\"2022-01-22T15:25:21+00:00\",\"dateModified\":\"2022-01-22T15:25:27+00:00\",\"breadcrumb\":{\"@id\":\"https:\/\/demoweb.info\/sexshop001\/producto\/saninex-vibrator-egg-wireles-rosa\/#breadcrumb\"},\"inLanguage\":\"es\",\"potentialAction\":[{\"@type\":\"ReadAction\",\"target\":[\"https:\/\/demoweb.info\/sexshop001\/producto\/saninex-vibrator-egg-wireles-rosa\/\"]}]},{\"@type\":\"BreadcrumbList\",\"@id\":\"https:\/\/demoweb.info\/sexshop001\/producto\/saninex-vibrator-egg-wireles-rosa\/#breadcrumb\",\"itemListElement\":[{\"@type\":\"ListItem\",\"position\":1,\"name\":\"Portada\",\"item\":\"https:\/\/demoweb.info\/sexshop001\/\"},{\"@type\":\"ListItem\",\"position\":2,\"name\":\"Tienda\",\"item\":\"https:\/\/demoweb.info\/sexshop001\/tienda\/\"},{\"@type\":\"ListItem\",\"position\":3,\"name\":\"SANINEX VIBRATOR EGG WIRELES ROSA\"}]},{\"@type\":\"WebSite\",\"@id\":\"https:\/\/demoweb.info\/sexshop001\/#website\",\"url\":\"https:\/\/demoweb.info\/sexshop001\/\",\"name\":\"Tienda Er\u00f3tica\",\"description\":\"DEMOWEB SL\",\"potentialAction\":[{\"@type\":\"SearchAction\",\"target\":{\"@type\":\"EntryPoint\",\"urlTemplate\":\"https:\/\/demoweb.info\/sexshop001\/?s={search_term_string}\"},\"query-input\":\"required name=search_term_string\"}],\"inLanguage\":\"es\"}]}<\/script>\n<!-- \/ Yoast SEO plugin. -->","yoast_head_json":{"title":"SANINEX VIBRATOR EGG WIRELES ROSA - Tienda Er\u00f3tica","robots":{"index":"noindex","follow":"follow","max-snippet":"max-snippet:-1","max-image-preview":"max-image-preview:large","max-video-preview":"max-video-preview:-1"},"og_locale":"es_ES","og_type":"article","og_title":"SANINEX VIBRATOR EGG WIRELES ROSA - Tienda Er\u00f3tica","og_description":"SANINEX VIBRATOR EGG WIRELES &#8211; PINK COLOUR Espectacular vibrador Saninex inal\u00e1mbrico por control remoto con el que obtienes una nueva","og_url":"https:\/\/demoweb.info\/sexshop001\/producto\/saninex-vibrator-egg-wireles-rosa\/","og_site_name":"Tienda Er\u00f3tica","article_modified_time":"2022-01-22T15:25:27+00:00","og_image":[{"width":550,"height":550,"url":"https:\/\/demoweb.info\/sexshop001\/wp-content\/uploads\/2022\/01\/SANINEX-VIBRATOR-EGG-WIRELES-ROSA.jpg","type":"image\/jpeg"}],"twitter_card":"summary_large_image","twitter_misc":{"Tiempo de lectura":"1 minuto"},"schema":{"@context":"https:\/\/schema.org","@graph":[{"@type":"WebPage","@id":"https:\/\/demoweb.info\/sexshop001\/producto\/saninex-vibrator-egg-wireles-rosa\/","url":"https:\/\/demoweb.info\/sexshop001\/producto\/saninex-vibrator-egg-wireles-rosa\/","name":"SANINEX VIBRATOR EGG WIRELES ROSA - Tienda Er\u00f3tica","isPartOf":{"@id":"https:\/\/demoweb.info\/sexshop001\/#website"},"datePublished":"2022-01-22T15:25:21+00:00","dateModified":"2022-01-22T15:25:27+00:00","breadcrumb":{"@id":"https:\/\/demoweb.info\/sexshop001\/producto\/saninex-vibrator-egg-wireles-rosa\/#breadcrumb"},"inLanguage":"es","potentialAction":[{"@type":"ReadAction","target":["https:\/\/demoweb.info\/sexshop001\/producto\/saninex-vibrator-egg-wireles-rosa\/"]}]},{"@type":"BreadcrumbList","@id":"https:\/\/demoweb.info\/sexshop001\/producto\/saninex-vibrator-egg-wireles-rosa\/#breadcrumb","itemListElement":[{"@type":"ListItem","position":1,"name":"Portada","item":"https:\/\/demoweb.info\/sexshop001\/"},{"@type":"ListItem","position":2,"name":"Tienda","item":"https:\/\/demoweb.info\/sexshop001\/tienda\/"},{"@type":"ListItem","position":3,"name":"SANINEX VIBRATOR EGG WIRELES ROSA"}]},{"@type":"WebSite","@id":"https:\/\/demoweb.info\/sexshop001\/#website","url":"https:\/\/demoweb.info\/sexshop001\/","name":"Tienda Er\u00f3tica","description":"DEMOWEB SL","potentialAction":[{"@type":"SearchAction","target":{"@type":"EntryPoint","urlTemplate":"https:\/\/demoweb.info\/sexshop001\/?s={search_term_string}"},"query-input":"required name=search_term_string"}],"inLanguage":"es"}]}},"_links":{"self":[{"href":"https:\/\/demoweb.info\/sexshop001\/wp-json\/wp\/v3\/product\/52281","targetHints":{"allow":["GET"]}}],"collection":[{"href":"https:\/\/demoweb.info\/sexshop001\/wp-json\/wp\/v3\/product"}],"about":[{"href":"https:\/\/demoweb.info\/sexshop001\/wp-json\/wp\/v2\/types\/product"}],"replies":[{"embeddable":true,"href":"https:\/\/demoweb.info\/sexshop001\/wp-json\/wp\/v2\/comments?post=52281"}],"wp:featuredmedia":[{"embeddable":true,"href":"https:\/\/demoweb.info\/sexshop001\/wp-json\/wp\/v2\/media\/52282"}],"wp:attachment":[{"href":"https:\/\/demoweb.info\/sexshop001\/wp-json\/wp\/v2\/media?parent=52281"}],"wp:term":[{"taxonomy":"product_cat","embeddable":true,"href":"https:\/\/demoweb.info\/sexshop001\/wp-json\/wp\/v2\/product_cat?post=52281"},{"taxonomy":"product_tag","embeddable":true,"href":"https:\/\/demoweb.info\/sexshop001\/wp-json\/wp\/v2\/product_tag?post=52281"}],"curies":[{"name":"wp","href":"https:\/\/api.w.org\/{rel}","templated":true}]}}