{"id":52275,"date":"2022-01-22T16:25:21","date_gmt":"2022-01-22T15:25:21","guid":{"rendered":"https:\/\/demoweb.info\/sexshop001\/producto\/saninex-vibrador-fantastic-reality-metalico-rojo\/"},"modified":"2022-01-22T16:25:25","modified_gmt":"2022-01-22T15:25:25","slug":"saninex-vibrador-fantastic-reality-metalico-rojo","status":"publish","type":"product","link":"https:\/\/demoweb.info\/sexshop001\/producto\/saninex-vibrador-fantastic-reality-metalico-rojo\/","title":{"rendered":"SANINEX VIBRADOR FANTASTIC REALITY &#8211; MET\u00c1LICO\/ROJO"},"content":{"rendered":"<p><strong>SANINEX VIBRATOR FANTASTIC REALITY &#8211; METALLIC RED COLOR<\/strong><\/p>\n<p>Vibrador dise\u00f1ado para la mujer y hombre actual, que desean alcanzar placer sexual de manera repetida e intensa. Con SANINEX VIBRATOR FANTASTIC REALITY descubrir\u00e1s la totalidad de tus zonas m\u00e1s er\u00f3genas, obteniendo multiplaceres vaginales o anales de gran intensidad.<\/p>\n<p>Este vibrador genera la m\u00e1xima realidad sexual gracias a su anat\u00f3mica forma perfectamente definida. Su alta calidad y detallado dise\u00f1o, hacen posible que tu placer sea siempre real e intenso.<\/p>\n<p>Con su suave o potente vibraci\u00f3n ajustable muy f\u00e1cilmente, podr\u00e1s dosificar la intensidad sexual exacta que deseas en todos tus orgasmos.<\/p>\n<p>Fabricada su parte funcional superior, de silicona super deslizante. Silicona de material m\u00e9dico sanitario FDA de muy alta calidad, suavidad extrema y l\u00edneas continuadas, con la parte de sujeci\u00f3n, fabricada en excelente pl\u00e1stico PC-ABS\/ tambi\u00e9n de alta calidad medico sanitaria. Ambos materiales aprobados por la FDA.<\/p>\n<p>SANINEX VIBRATOR FANTASTIC REALITY, es presentado con m\u00e1ximo glamour y elegancia, en un atractivo bolso de exclusivo dise\u00f1o Saninex.<\/p>\n<p>Dise\u00f1o multi velocidad de vibraci\u00f3n, de forma realista y altamente atractiva, adaptado para todo tipo de pr\u00e1ctica sexual de alto placer. Dise\u00f1ado por Saninex, para obtener orgasmos vaginales o anales altamente intensos.<\/p>\n<p>Funciona con 2 pilas AAA. Medidas: 160 x 34 mm.<\/p>\n<p>INDICACIONES:<\/p>\n<ul>\n<li>Multivelocidad ajustable muy f\u00e1cilmente.<\/li>\n<li>Orgasmos mediante la estimulaci\u00f3n vaginal o anal, altamente excitantes.<\/li>\n<li>Para un alto placer en cualquier momento y durante las relacione sexuales.<\/li>\n<li>Fabricado con materiales m\u00e9dico sanitarios de muy alta calidad, con revestimiento de extrema suavidad. Hipoalerg\u00e9nico.<\/li>\n<li>Totalmente discreto de belleza est\u00e9tica.<\/li>\n<li>Adecuado para todo tipo de lubricantes y aceites afrodisiacos Saninex.<\/li>\n<li>Comprobado dermatol\u00f3gicamente y cl\u00ednicamente.<\/li>\n<li>100% resistente al agua.<\/li>\n<li>100% libre de ftalatos.<\/li>\n<\/ul>\n","protected":false},"excerpt":{"rendered":"<p>SANINEX VIBRATOR FANTASTIC REALITY &#8211; METALLIC RED COLOR Vibrador dise\u00f1ado para la mujer y hombre actual, que desean alcanzar placer<\/p>\n","protected":false},"featured_media":52276,"comment_status":"open","ping_status":"open","template":"","meta":[],"product_cat":[315],"product_tag":[673],"class_list":["post-52275","product","type-product","status-publish","has-post-thumbnail","hentry","product_cat-silicona-vibradores-juguetes-xxx","product_tag-saninex"],"bundled_by":[],"bundle_stock_status":"instock","bundle_stock_quantity":2,"bundle_virtual":false,"bundle_layout":"","bundle_add_to_cart_form_location":"","bundle_editable_in_cart":false,"bundle_sold_individually_context":"","bundle_item_grouping":"","bundle_min_size":"","bundle_max_size":"","bundled_items":[],"yoast_head":"<!-- This site is optimized with the Yoast SEO plugin v20.6 - https:\/\/yoast.com\/wordpress\/plugins\/seo\/ -->\n<title>SANINEX VIBRADOR FANTASTIC REALITY - MET\u00c1LICO\/ROJO - Tienda Er\u00f3tica<\/title>\n<meta name=\"robots\" content=\"noindex, follow, max-snippet:-1, max-image-preview:large, max-video-preview:-1\" \/>\n<meta property=\"og:locale\" content=\"es_ES\" \/>\n<meta property=\"og:type\" content=\"article\" \/>\n<meta property=\"og:title\" content=\"SANINEX VIBRADOR FANTASTIC REALITY - MET\u00c1LICO\/ROJO - Tienda Er\u00f3tica\" \/>\n<meta property=\"og:description\" content=\"SANINEX VIBRATOR FANTASTIC REALITY &#8211; METALLIC RED COLOR Vibrador dise\u00f1ado para la mujer y hombre actual, que desean alcanzar placer\" \/>\n<meta property=\"og:url\" content=\"https:\/\/demoweb.info\/sexshop001\/producto\/saninex-vibrador-fantastic-reality-metalico-rojo\/\" \/>\n<meta property=\"og:site_name\" content=\"Tienda Er\u00f3tica\" \/>\n<meta property=\"article:modified_time\" content=\"2022-01-22T15:25:25+00:00\" \/>\n<meta property=\"og:image\" content=\"https:\/\/demoweb.info\/sexshop001\/wp-content\/uploads\/2022\/01\/SANINEX-VIBRADOR-FANTASTIC-REALITY-METALICOROJO.jpg\" \/>\n\t<meta property=\"og:image:width\" content=\"550\" \/>\n\t<meta property=\"og:image:height\" content=\"550\" \/>\n\t<meta property=\"og:image:type\" content=\"image\/jpeg\" \/>\n<meta name=\"twitter:card\" content=\"summary_large_image\" \/>\n<meta name=\"twitter:label1\" content=\"Tiempo de lectura\" \/>\n\t<meta name=\"twitter:data1\" content=\"1 minuto\" \/>\n<script type=\"application\/ld+json\" class=\"yoast-schema-graph\">{\"@context\":\"https:\/\/schema.org\",\"@graph\":[{\"@type\":\"WebPage\",\"@id\":\"https:\/\/demoweb.info\/sexshop001\/producto\/saninex-vibrador-fantastic-reality-metalico-rojo\/\",\"url\":\"https:\/\/demoweb.info\/sexshop001\/producto\/saninex-vibrador-fantastic-reality-metalico-rojo\/\",\"name\":\"SANINEX VIBRADOR FANTASTIC REALITY - MET\u00c1LICO\/ROJO - Tienda Er\u00f3tica\",\"isPartOf\":{\"@id\":\"https:\/\/demoweb.info\/sexshop001\/#website\"},\"datePublished\":\"2022-01-22T15:25:21+00:00\",\"dateModified\":\"2022-01-22T15:25:25+00:00\",\"breadcrumb\":{\"@id\":\"https:\/\/demoweb.info\/sexshop001\/producto\/saninex-vibrador-fantastic-reality-metalico-rojo\/#breadcrumb\"},\"inLanguage\":\"es\",\"potentialAction\":[{\"@type\":\"ReadAction\",\"target\":[\"https:\/\/demoweb.info\/sexshop001\/producto\/saninex-vibrador-fantastic-reality-metalico-rojo\/\"]}]},{\"@type\":\"BreadcrumbList\",\"@id\":\"https:\/\/demoweb.info\/sexshop001\/producto\/saninex-vibrador-fantastic-reality-metalico-rojo\/#breadcrumb\",\"itemListElement\":[{\"@type\":\"ListItem\",\"position\":1,\"name\":\"Portada\",\"item\":\"https:\/\/demoweb.info\/sexshop001\/\"},{\"@type\":\"ListItem\",\"position\":2,\"name\":\"Tienda\",\"item\":\"https:\/\/demoweb.info\/sexshop001\/tienda\/\"},{\"@type\":\"ListItem\",\"position\":3,\"name\":\"SANINEX VIBRADOR FANTASTIC REALITY &#8211; MET\u00c1LICO\/ROJO\"}]},{\"@type\":\"WebSite\",\"@id\":\"https:\/\/demoweb.info\/sexshop001\/#website\",\"url\":\"https:\/\/demoweb.info\/sexshop001\/\",\"name\":\"Tienda Er\u00f3tica\",\"description\":\"DEMOWEB SL\",\"potentialAction\":[{\"@type\":\"SearchAction\",\"target\":{\"@type\":\"EntryPoint\",\"urlTemplate\":\"https:\/\/demoweb.info\/sexshop001\/?s={search_term_string}\"},\"query-input\":\"required name=search_term_string\"}],\"inLanguage\":\"es\"}]}<\/script>\n<!-- \/ Yoast SEO plugin. -->","yoast_head_json":{"title":"SANINEX VIBRADOR FANTASTIC REALITY - MET\u00c1LICO\/ROJO - Tienda Er\u00f3tica","robots":{"index":"noindex","follow":"follow","max-snippet":"max-snippet:-1","max-image-preview":"max-image-preview:large","max-video-preview":"max-video-preview:-1"},"og_locale":"es_ES","og_type":"article","og_title":"SANINEX VIBRADOR FANTASTIC REALITY - MET\u00c1LICO\/ROJO - Tienda Er\u00f3tica","og_description":"SANINEX VIBRATOR FANTASTIC REALITY &#8211; METALLIC RED COLOR Vibrador dise\u00f1ado para la mujer y hombre actual, que desean alcanzar placer","og_url":"https:\/\/demoweb.info\/sexshop001\/producto\/saninex-vibrador-fantastic-reality-metalico-rojo\/","og_site_name":"Tienda Er\u00f3tica","article_modified_time":"2022-01-22T15:25:25+00:00","og_image":[{"width":550,"height":550,"url":"https:\/\/demoweb.info\/sexshop001\/wp-content\/uploads\/2022\/01\/SANINEX-VIBRADOR-FANTASTIC-REALITY-METALICOROJO.jpg","type":"image\/jpeg"}],"twitter_card":"summary_large_image","twitter_misc":{"Tiempo de lectura":"1 minuto"},"schema":{"@context":"https:\/\/schema.org","@graph":[{"@type":"WebPage","@id":"https:\/\/demoweb.info\/sexshop001\/producto\/saninex-vibrador-fantastic-reality-metalico-rojo\/","url":"https:\/\/demoweb.info\/sexshop001\/producto\/saninex-vibrador-fantastic-reality-metalico-rojo\/","name":"SANINEX VIBRADOR FANTASTIC REALITY - MET\u00c1LICO\/ROJO - Tienda Er\u00f3tica","isPartOf":{"@id":"https:\/\/demoweb.info\/sexshop001\/#website"},"datePublished":"2022-01-22T15:25:21+00:00","dateModified":"2022-01-22T15:25:25+00:00","breadcrumb":{"@id":"https:\/\/demoweb.info\/sexshop001\/producto\/saninex-vibrador-fantastic-reality-metalico-rojo\/#breadcrumb"},"inLanguage":"es","potentialAction":[{"@type":"ReadAction","target":["https:\/\/demoweb.info\/sexshop001\/producto\/saninex-vibrador-fantastic-reality-metalico-rojo\/"]}]},{"@type":"BreadcrumbList","@id":"https:\/\/demoweb.info\/sexshop001\/producto\/saninex-vibrador-fantastic-reality-metalico-rojo\/#breadcrumb","itemListElement":[{"@type":"ListItem","position":1,"name":"Portada","item":"https:\/\/demoweb.info\/sexshop001\/"},{"@type":"ListItem","position":2,"name":"Tienda","item":"https:\/\/demoweb.info\/sexshop001\/tienda\/"},{"@type":"ListItem","position":3,"name":"SANINEX VIBRADOR FANTASTIC REALITY &#8211; MET\u00c1LICO\/ROJO"}]},{"@type":"WebSite","@id":"https:\/\/demoweb.info\/sexshop001\/#website","url":"https:\/\/demoweb.info\/sexshop001\/","name":"Tienda Er\u00f3tica","description":"DEMOWEB SL","potentialAction":[{"@type":"SearchAction","target":{"@type":"EntryPoint","urlTemplate":"https:\/\/demoweb.info\/sexshop001\/?s={search_term_string}"},"query-input":"required name=search_term_string"}],"inLanguage":"es"}]}},"_links":{"self":[{"href":"https:\/\/demoweb.info\/sexshop001\/wp-json\/wp\/v3\/product\/52275","targetHints":{"allow":["GET"]}}],"collection":[{"href":"https:\/\/demoweb.info\/sexshop001\/wp-json\/wp\/v3\/product"}],"about":[{"href":"https:\/\/demoweb.info\/sexshop001\/wp-json\/wp\/v2\/types\/product"}],"replies":[{"embeddable":true,"href":"https:\/\/demoweb.info\/sexshop001\/wp-json\/wp\/v2\/comments?post=52275"}],"wp:featuredmedia":[{"embeddable":true,"href":"https:\/\/demoweb.info\/sexshop001\/wp-json\/wp\/v2\/media\/52276"}],"wp:attachment":[{"href":"https:\/\/demoweb.info\/sexshop001\/wp-json\/wp\/v2\/media?parent=52275"}],"wp:term":[{"taxonomy":"product_cat","embeddable":true,"href":"https:\/\/demoweb.info\/sexshop001\/wp-json\/wp\/v2\/product_cat?post=52275"},{"taxonomy":"product_tag","embeddable":true,"href":"https:\/\/demoweb.info\/sexshop001\/wp-json\/wp\/v2\/product_tag?post=52275"}],"curies":[{"name":"wp","href":"https:\/\/api.w.org\/{rel}","templated":true}]}}