{"id":52271,"date":"2022-01-22T16:25:21","date_gmt":"2022-01-22T15:25:21","guid":{"rendered":"https:\/\/demoweb.info\/sexshop001\/producto\/saninex-vibrador-orgasmic-elegance-xxl-negro-oro\/"},"modified":"2022-01-22T16:25:23","modified_gmt":"2022-01-22T15:25:23","slug":"saninex-vibrador-orgasmic-elegance-xxl-negro-oro","status":"publish","type":"product","link":"https:\/\/demoweb.info\/sexshop001\/producto\/saninex-vibrador-orgasmic-elegance-xxl-negro-oro\/","title":{"rendered":"SANINEX VIBRADOR ORGASMIC ELEGANCE XXL NEGRO\/ORO"},"content":{"rendered":"<p><strong>SANINEX VIBRATOR ORGASMIC ELEGANCE XXL &#8211; BLACK AND GOLD COLOR<\/strong><\/p>\n<p>Vibrador elegante y atractivo dise\u00f1ado para la mujer y hombre actual, que desea alcanzar placer sexual de manera repetida e intensa. Con SANINEX VIBRATOR ORGASMIC ELEGANCE  XXL descubrir\u00e1s la totalidad de tus zonas m\u00e1s er\u00f3genas, obteniendo muy f\u00e1cilmente multi placeres de gran intensidad.<\/p>\n<p>Saninex VIBRATOR ORGASMIC ELEGANCE  XXL  te genera la m\u00e1xima realidad sexual altamente placentera. Su alta calidad y detallado dise\u00f1o multiacci\u00f3n, hacen posible que tu placer sea siempre f\u00e1cil de conseguir con intenso resultado org\u00e1smico.<\/p>\n<p>Con sus 10 diferentes velocidades intermitentes o fijas f\u00e1cilmente manejables, podr\u00e1s suministrar la intensidad y potencia sexual exacta que deseas en todos tus super orgasmos.<\/p>\n<p>Fabricado con excelente calidad en  pl\u00e1stico PC-ABS \/ m\u00e9dico sanitaria. Aprobada por la FDA.<\/p>\n<p>SANINEX VIBRATOR ORGASMIC ELEGANCE  XXL, es presentado con m\u00e1ximo glamour y elegancia, en un atractivo bolso de exclusivo dise\u00f1o Saninex.<\/p>\n<p>Su dise\u00f1o de cuerpo largo perfectamente adaptado para una potente estimulaci\u00f3n, con l\u00edneas dise\u00f1adas por Saninex, para que el placer sea inolvidable.<\/p>\n<p>Funciona con 2 pilas AA. Medidas: 180 x 30mm. Color Negro y oro cobrizo.<\/p>\n<p>INDICACIONES:<\/p>\n<ul>\n<li>10 diferentes velocidades fijas e intermitentes.<\/li>\n<li>Orgasmos mediante la estimulaci\u00f3n vaginal o anal, altamente excitantes.<\/li>\n<li>Para un alto placer en cualquier momento y durante las relacione sexuales.<\/li>\n<li>Fabricado con materiales m\u00e9dico sanitario de muy alta calidad, con revestimiento de extrema suavidad. Hipoalerg\u00e9nico.<\/li>\n<li>Totalmente discreto de belleza est\u00e9tica.<\/li>\n<li>Adecuado para todo tipo de lubricantes y aceites afrodisiacos Saninex.<\/li>\n<li>Comprobado dermatol\u00f3gicamente y cl\u00ednicamente.<\/li>\n<li>100% resistente al agua.<\/li>\n<li>100% libre de ftalatos.<\/li>\n<\/ul>\n","protected":false},"excerpt":{"rendered":"<p>SANINEX VIBRATOR ORGASMIC ELEGANCE XXL &#8211; BLACK AND GOLD COLOR Vibrador elegante y atractivo dise\u00f1ado para la mujer y hombre<\/p>\n","protected":false},"featured_media":52272,"comment_status":"open","ping_status":"open","template":"","meta":[],"product_cat":[795],"product_tag":[673],"class_list":["post-52271","product","type-product","status-publish","has-post-thumbnail","hentry","product_cat-basicos-vibradores-juguetes-xxx","product_tag-saninex"],"bundled_by":[],"bundle_stock_status":"instock","bundle_stock_quantity":2,"bundle_virtual":false,"bundle_layout":"","bundle_add_to_cart_form_location":"","bundle_editable_in_cart":false,"bundle_sold_individually_context":"","bundle_item_grouping":"","bundle_min_size":"","bundle_max_size":"","bundled_items":[],"yoast_head":"<!-- This site is optimized with the Yoast SEO plugin v20.6 - https:\/\/yoast.com\/wordpress\/plugins\/seo\/ -->\n<title>SANINEX VIBRADOR ORGASMIC ELEGANCE XXL NEGRO\/ORO - Tienda Er\u00f3tica<\/title>\n<meta name=\"robots\" content=\"noindex, follow, max-snippet:-1, max-image-preview:large, max-video-preview:-1\" \/>\n<meta property=\"og:locale\" content=\"es_ES\" \/>\n<meta property=\"og:type\" content=\"article\" \/>\n<meta property=\"og:title\" content=\"SANINEX VIBRADOR ORGASMIC ELEGANCE XXL NEGRO\/ORO - Tienda Er\u00f3tica\" \/>\n<meta property=\"og:description\" content=\"SANINEX VIBRATOR ORGASMIC ELEGANCE XXL &#8211; BLACK AND GOLD COLOR Vibrador elegante y atractivo dise\u00f1ado para la mujer y hombre\" \/>\n<meta property=\"og:url\" content=\"https:\/\/demoweb.info\/sexshop001\/producto\/saninex-vibrador-orgasmic-elegance-xxl-negro-oro\/\" \/>\n<meta property=\"og:site_name\" content=\"Tienda Er\u00f3tica\" \/>\n<meta property=\"article:modified_time\" content=\"2022-01-22T15:25:23+00:00\" \/>\n<meta property=\"og:image\" content=\"https:\/\/demoweb.info\/sexshop001\/wp-content\/uploads\/2022\/01\/SANINEX-VIBRADOR-ORGASMIC-ELEGANCE-XXL-NEGROORO.jpg\" \/>\n\t<meta property=\"og:image:width\" content=\"550\" \/>\n\t<meta property=\"og:image:height\" content=\"550\" \/>\n\t<meta property=\"og:image:type\" content=\"image\/jpeg\" \/>\n<meta name=\"twitter:card\" content=\"summary_large_image\" \/>\n<meta name=\"twitter:label1\" content=\"Tiempo de lectura\" \/>\n\t<meta name=\"twitter:data1\" content=\"1 minuto\" \/>\n<script type=\"application\/ld+json\" class=\"yoast-schema-graph\">{\"@context\":\"https:\/\/schema.org\",\"@graph\":[{\"@type\":\"WebPage\",\"@id\":\"https:\/\/demoweb.info\/sexshop001\/producto\/saninex-vibrador-orgasmic-elegance-xxl-negro-oro\/\",\"url\":\"https:\/\/demoweb.info\/sexshop001\/producto\/saninex-vibrador-orgasmic-elegance-xxl-negro-oro\/\",\"name\":\"SANINEX VIBRADOR ORGASMIC ELEGANCE XXL NEGRO\/ORO - Tienda Er\u00f3tica\",\"isPartOf\":{\"@id\":\"https:\/\/demoweb.info\/sexshop001\/#website\"},\"datePublished\":\"2022-01-22T15:25:21+00:00\",\"dateModified\":\"2022-01-22T15:25:23+00:00\",\"breadcrumb\":{\"@id\":\"https:\/\/demoweb.info\/sexshop001\/producto\/saninex-vibrador-orgasmic-elegance-xxl-negro-oro\/#breadcrumb\"},\"inLanguage\":\"es\",\"potentialAction\":[{\"@type\":\"ReadAction\",\"target\":[\"https:\/\/demoweb.info\/sexshop001\/producto\/saninex-vibrador-orgasmic-elegance-xxl-negro-oro\/\"]}]},{\"@type\":\"BreadcrumbList\",\"@id\":\"https:\/\/demoweb.info\/sexshop001\/producto\/saninex-vibrador-orgasmic-elegance-xxl-negro-oro\/#breadcrumb\",\"itemListElement\":[{\"@type\":\"ListItem\",\"position\":1,\"name\":\"Portada\",\"item\":\"https:\/\/demoweb.info\/sexshop001\/\"},{\"@type\":\"ListItem\",\"position\":2,\"name\":\"Tienda\",\"item\":\"https:\/\/demoweb.info\/sexshop001\/tienda\/\"},{\"@type\":\"ListItem\",\"position\":3,\"name\":\"SANINEX VIBRADOR ORGASMIC ELEGANCE XXL NEGRO\/ORO\"}]},{\"@type\":\"WebSite\",\"@id\":\"https:\/\/demoweb.info\/sexshop001\/#website\",\"url\":\"https:\/\/demoweb.info\/sexshop001\/\",\"name\":\"Tienda Er\u00f3tica\",\"description\":\"DEMOWEB SL\",\"potentialAction\":[{\"@type\":\"SearchAction\",\"target\":{\"@type\":\"EntryPoint\",\"urlTemplate\":\"https:\/\/demoweb.info\/sexshop001\/?s={search_term_string}\"},\"query-input\":\"required name=search_term_string\"}],\"inLanguage\":\"es\"}]}<\/script>\n<!-- \/ Yoast SEO plugin. -->","yoast_head_json":{"title":"SANINEX VIBRADOR ORGASMIC ELEGANCE XXL NEGRO\/ORO - Tienda Er\u00f3tica","robots":{"index":"noindex","follow":"follow","max-snippet":"max-snippet:-1","max-image-preview":"max-image-preview:large","max-video-preview":"max-video-preview:-1"},"og_locale":"es_ES","og_type":"article","og_title":"SANINEX VIBRADOR ORGASMIC ELEGANCE XXL NEGRO\/ORO - Tienda Er\u00f3tica","og_description":"SANINEX VIBRATOR ORGASMIC ELEGANCE XXL &#8211; BLACK AND GOLD COLOR Vibrador elegante y atractivo dise\u00f1ado para la mujer y hombre","og_url":"https:\/\/demoweb.info\/sexshop001\/producto\/saninex-vibrador-orgasmic-elegance-xxl-negro-oro\/","og_site_name":"Tienda Er\u00f3tica","article_modified_time":"2022-01-22T15:25:23+00:00","og_image":[{"width":550,"height":550,"url":"https:\/\/demoweb.info\/sexshop001\/wp-content\/uploads\/2022\/01\/SANINEX-VIBRADOR-ORGASMIC-ELEGANCE-XXL-NEGROORO.jpg","type":"image\/jpeg"}],"twitter_card":"summary_large_image","twitter_misc":{"Tiempo de lectura":"1 minuto"},"schema":{"@context":"https:\/\/schema.org","@graph":[{"@type":"WebPage","@id":"https:\/\/demoweb.info\/sexshop001\/producto\/saninex-vibrador-orgasmic-elegance-xxl-negro-oro\/","url":"https:\/\/demoweb.info\/sexshop001\/producto\/saninex-vibrador-orgasmic-elegance-xxl-negro-oro\/","name":"SANINEX VIBRADOR ORGASMIC ELEGANCE XXL NEGRO\/ORO - Tienda Er\u00f3tica","isPartOf":{"@id":"https:\/\/demoweb.info\/sexshop001\/#website"},"datePublished":"2022-01-22T15:25:21+00:00","dateModified":"2022-01-22T15:25:23+00:00","breadcrumb":{"@id":"https:\/\/demoweb.info\/sexshop001\/producto\/saninex-vibrador-orgasmic-elegance-xxl-negro-oro\/#breadcrumb"},"inLanguage":"es","potentialAction":[{"@type":"ReadAction","target":["https:\/\/demoweb.info\/sexshop001\/producto\/saninex-vibrador-orgasmic-elegance-xxl-negro-oro\/"]}]},{"@type":"BreadcrumbList","@id":"https:\/\/demoweb.info\/sexshop001\/producto\/saninex-vibrador-orgasmic-elegance-xxl-negro-oro\/#breadcrumb","itemListElement":[{"@type":"ListItem","position":1,"name":"Portada","item":"https:\/\/demoweb.info\/sexshop001\/"},{"@type":"ListItem","position":2,"name":"Tienda","item":"https:\/\/demoweb.info\/sexshop001\/tienda\/"},{"@type":"ListItem","position":3,"name":"SANINEX VIBRADOR ORGASMIC ELEGANCE XXL NEGRO\/ORO"}]},{"@type":"WebSite","@id":"https:\/\/demoweb.info\/sexshop001\/#website","url":"https:\/\/demoweb.info\/sexshop001\/","name":"Tienda Er\u00f3tica","description":"DEMOWEB SL","potentialAction":[{"@type":"SearchAction","target":{"@type":"EntryPoint","urlTemplate":"https:\/\/demoweb.info\/sexshop001\/?s={search_term_string}"},"query-input":"required name=search_term_string"}],"inLanguage":"es"}]}},"_links":{"self":[{"href":"https:\/\/demoweb.info\/sexshop001\/wp-json\/wp\/v3\/product\/52271","targetHints":{"allow":["GET"]}}],"collection":[{"href":"https:\/\/demoweb.info\/sexshop001\/wp-json\/wp\/v3\/product"}],"about":[{"href":"https:\/\/demoweb.info\/sexshop001\/wp-json\/wp\/v2\/types\/product"}],"replies":[{"embeddable":true,"href":"https:\/\/demoweb.info\/sexshop001\/wp-json\/wp\/v2\/comments?post=52271"}],"wp:featuredmedia":[{"embeddable":true,"href":"https:\/\/demoweb.info\/sexshop001\/wp-json\/wp\/v2\/media\/52272"}],"wp:attachment":[{"href":"https:\/\/demoweb.info\/sexshop001\/wp-json\/wp\/v2\/media?parent=52271"}],"wp:term":[{"taxonomy":"product_cat","embeddable":true,"href":"https:\/\/demoweb.info\/sexshop001\/wp-json\/wp\/v2\/product_cat?post=52271"},{"taxonomy":"product_tag","embeddable":true,"href":"https:\/\/demoweb.info\/sexshop001\/wp-json\/wp\/v2\/product_tag?post=52271"}],"curies":[{"name":"wp","href":"https:\/\/api.w.org\/{rel}","templated":true}]}}