{"id":52261,"date":"2022-01-22T16:25:02","date_gmt":"2022-01-22T15:25:02","guid":{"rendered":"https:\/\/demoweb.info\/sexshop001\/producto\/mas-oscuro-cincuenta-sombras-mas-oscuras-contada-por-christian\/"},"modified":"2022-01-22T16:25:17","modified_gmt":"2022-01-22T15:25:17","slug":"mas-oscuro-cincuenta-sombras-mas-oscuras-contada-por-christian","status":"publish","type":"product","link":"https:\/\/demoweb.info\/sexshop001\/producto\/mas-oscuro-cincuenta-sombras-mas-oscuras-contada-por-christian\/","title":{"rendered":"M\u00c1S OSCURO: CINCUENTA SOMBRAS M\u00c1S OSCURAS CONTADA POR CHRISTIAN"},"content":{"rendered":"<p><strong>M\u00c1S OSCURO: CINCUENTA SOMBRAS M\u00c1S OSCURAS CONTADA POR CHRISTIAN <\/strong><\/p>\n<p><strong>E.L. JAMES<\/strong><\/p>\n<p><strong>Revive la pasi\u00f3n de <em>Cincuenta sombras m\u00e1s oscuras<\/em> a trav\u00e9s de los ojos de Christian Grey.<\/strong><\/p>\n<p><strong>E.L. James vuelve a sumergirnos, con una mirada m\u00e1s profunda y oscura, en el universo de Cincuenta sombras, la historia de amor que ha seducido a millones de lectores en todo el mundo.<\/strong><\/p>\n<p>Aunque aquella ardiente y sensual relaci\u00f3n acab\u00f3 marcada por el sufrimiento y los reproches, Christian Grey no logra quitarse a Anastasia de la cabeza ni del coraz\u00f3n. Decidido a recuperarla y a amarla aceptando sus condiciones, intenta reprimir sus deseos m\u00e1s oscuros y la necesidad de tenerlo todo bajo control.<\/p>\n<p>Sin embargo, las pesadillas de la infancia no dejan de perseguirle y, adem\u00e1s, el insidioso jefe de Ana, Jack Hyde, claramente la quiere para \u00e9l. \u00bfPodr\u00e1 el doctor Flynn, psic\u00f3logo y confidente de Christian, ayudarle a enfrentarse a sus propios fantasmas, o acabar\u00e1n la posesiva y seductora maestra Elena y la perturbada Leila, su devota y anterior sumisa, arrastrando a Grey al pasado?<\/p>\n<p>Y si finalmente consigue recuperar a Ana, \u00bfser\u00e1 capaz, un hombre tan oscuro y lastimado, de retenerla a su lado?<\/p>\n<ul>\n<li>N&ordm; de p\u00e1ginas: 640 p\u00e1gs.<\/li>\n<li>Encuadernaci\u00f3n: Tapa blanda<\/li>\n<\/ul>\n","protected":false},"excerpt":{"rendered":"<p>M\u00c1S OSCURO: CINCUENTA SOMBRAS M\u00c1S OSCURAS CONTADA POR CHRISTIAN E.L. JAMES Revive la pasi\u00f3n de Cincuenta sombras m\u00e1s oscuras a<\/p>\n","protected":false},"featured_media":52262,"comment_status":"open","ping_status":"open","template":"","meta":[],"product_cat":[684],"product_tag":[416,415],"class_list":["post-52261","product","type-product","status-publish","has-post-thumbnail","hentry","product_cat-san-valentin-regalos","product_tag-grijalbo","product_tag-random-house"],"bundled_by":[],"bundle_stock_status":"instock","bundle_stock_quantity":4,"bundle_virtual":false,"bundle_layout":"","bundle_add_to_cart_form_location":"","bundle_editable_in_cart":false,"bundle_sold_individually_context":"","bundle_item_grouping":"","bundle_min_size":"","bundle_max_size":"","bundled_items":[],"yoast_head":"<!-- This site is optimized with the Yoast SEO plugin v20.6 - https:\/\/yoast.com\/wordpress\/plugins\/seo\/ -->\n<title>M\u00c1S OSCURO: CINCUENTA SOMBRAS M\u00c1S OSCURAS CONTADA POR CHRISTIAN - Tienda Er\u00f3tica<\/title>\n<meta name=\"robots\" content=\"noindex, follow, max-snippet:-1, max-image-preview:large, max-video-preview:-1\" \/>\n<meta property=\"og:locale\" content=\"es_ES\" \/>\n<meta property=\"og:type\" content=\"article\" \/>\n<meta property=\"og:title\" content=\"M\u00c1S OSCURO: CINCUENTA SOMBRAS M\u00c1S OSCURAS CONTADA POR CHRISTIAN - Tienda Er\u00f3tica\" \/>\n<meta property=\"og:description\" content=\"M\u00c1S OSCURO: CINCUENTA SOMBRAS M\u00c1S OSCURAS CONTADA POR CHRISTIAN E.L. JAMES Revive la pasi\u00f3n de Cincuenta sombras m\u00e1s oscuras a\" \/>\n<meta property=\"og:url\" content=\"https:\/\/demoweb.info\/sexshop001\/producto\/mas-oscuro-cincuenta-sombras-mas-oscuras-contada-por-christian\/\" \/>\n<meta property=\"og:site_name\" content=\"Tienda Er\u00f3tica\" \/>\n<meta property=\"article:modified_time\" content=\"2022-01-22T15:25:17+00:00\" \/>\n<meta property=\"og:image\" content=\"https:\/\/demoweb.info\/sexshop001\/wp-content\/uploads\/2022\/01\/MAS-OSCURO-CINCUENTA-SOMBRAS-MAS-OSCURAS-CONTADA-POR-CHRISTIAN.jpg\" \/>\n\t<meta property=\"og:image:width\" content=\"550\" \/>\n\t<meta property=\"og:image:height\" content=\"550\" \/>\n\t<meta property=\"og:image:type\" content=\"image\/jpeg\" \/>\n<meta name=\"twitter:card\" content=\"summary_large_image\" \/>\n<meta name=\"twitter:label1\" content=\"Tiempo de lectura\" \/>\n\t<meta name=\"twitter:data1\" content=\"1 minuto\" \/>\n<script type=\"application\/ld+json\" class=\"yoast-schema-graph\">{\"@context\":\"https:\/\/schema.org\",\"@graph\":[{\"@type\":\"WebPage\",\"@id\":\"https:\/\/demoweb.info\/sexshop001\/producto\/mas-oscuro-cincuenta-sombras-mas-oscuras-contada-por-christian\/\",\"url\":\"https:\/\/demoweb.info\/sexshop001\/producto\/mas-oscuro-cincuenta-sombras-mas-oscuras-contada-por-christian\/\",\"name\":\"M\u00c1S OSCURO: CINCUENTA SOMBRAS M\u00c1S OSCURAS CONTADA POR CHRISTIAN - Tienda Er\u00f3tica\",\"isPartOf\":{\"@id\":\"https:\/\/demoweb.info\/sexshop001\/#website\"},\"datePublished\":\"2022-01-22T15:25:02+00:00\",\"dateModified\":\"2022-01-22T15:25:17+00:00\",\"breadcrumb\":{\"@id\":\"https:\/\/demoweb.info\/sexshop001\/producto\/mas-oscuro-cincuenta-sombras-mas-oscuras-contada-por-christian\/#breadcrumb\"},\"inLanguage\":\"es\",\"potentialAction\":[{\"@type\":\"ReadAction\",\"target\":[\"https:\/\/demoweb.info\/sexshop001\/producto\/mas-oscuro-cincuenta-sombras-mas-oscuras-contada-por-christian\/\"]}]},{\"@type\":\"BreadcrumbList\",\"@id\":\"https:\/\/demoweb.info\/sexshop001\/producto\/mas-oscuro-cincuenta-sombras-mas-oscuras-contada-por-christian\/#breadcrumb\",\"itemListElement\":[{\"@type\":\"ListItem\",\"position\":1,\"name\":\"Portada\",\"item\":\"https:\/\/demoweb.info\/sexshop001\/\"},{\"@type\":\"ListItem\",\"position\":2,\"name\":\"Tienda\",\"item\":\"https:\/\/demoweb.info\/sexshop001\/tienda\/\"},{\"@type\":\"ListItem\",\"position\":3,\"name\":\"M\u00c1S OSCURO: CINCUENTA SOMBRAS M\u00c1S OSCURAS CONTADA POR CHRISTIAN\"}]},{\"@type\":\"WebSite\",\"@id\":\"https:\/\/demoweb.info\/sexshop001\/#website\",\"url\":\"https:\/\/demoweb.info\/sexshop001\/\",\"name\":\"Tienda Er\u00f3tica\",\"description\":\"DEMOWEB SL\",\"potentialAction\":[{\"@type\":\"SearchAction\",\"target\":{\"@type\":\"EntryPoint\",\"urlTemplate\":\"https:\/\/demoweb.info\/sexshop001\/?s={search_term_string}\"},\"query-input\":\"required name=search_term_string\"}],\"inLanguage\":\"es\"}]}<\/script>\n<!-- \/ Yoast SEO plugin. -->","yoast_head_json":{"title":"M\u00c1S OSCURO: CINCUENTA SOMBRAS M\u00c1S OSCURAS CONTADA POR CHRISTIAN - Tienda Er\u00f3tica","robots":{"index":"noindex","follow":"follow","max-snippet":"max-snippet:-1","max-image-preview":"max-image-preview:large","max-video-preview":"max-video-preview:-1"},"og_locale":"es_ES","og_type":"article","og_title":"M\u00c1S OSCURO: CINCUENTA SOMBRAS M\u00c1S OSCURAS CONTADA POR CHRISTIAN - Tienda Er\u00f3tica","og_description":"M\u00c1S OSCURO: CINCUENTA SOMBRAS M\u00c1S OSCURAS CONTADA POR CHRISTIAN E.L. JAMES Revive la pasi\u00f3n de Cincuenta sombras m\u00e1s oscuras a","og_url":"https:\/\/demoweb.info\/sexshop001\/producto\/mas-oscuro-cincuenta-sombras-mas-oscuras-contada-por-christian\/","og_site_name":"Tienda Er\u00f3tica","article_modified_time":"2022-01-22T15:25:17+00:00","og_image":[{"width":550,"height":550,"url":"https:\/\/demoweb.info\/sexshop001\/wp-content\/uploads\/2022\/01\/MAS-OSCURO-CINCUENTA-SOMBRAS-MAS-OSCURAS-CONTADA-POR-CHRISTIAN.jpg","type":"image\/jpeg"}],"twitter_card":"summary_large_image","twitter_misc":{"Tiempo de lectura":"1 minuto"},"schema":{"@context":"https:\/\/schema.org","@graph":[{"@type":"WebPage","@id":"https:\/\/demoweb.info\/sexshop001\/producto\/mas-oscuro-cincuenta-sombras-mas-oscuras-contada-por-christian\/","url":"https:\/\/demoweb.info\/sexshop001\/producto\/mas-oscuro-cincuenta-sombras-mas-oscuras-contada-por-christian\/","name":"M\u00c1S OSCURO: CINCUENTA SOMBRAS M\u00c1S OSCURAS CONTADA POR CHRISTIAN - Tienda Er\u00f3tica","isPartOf":{"@id":"https:\/\/demoweb.info\/sexshop001\/#website"},"datePublished":"2022-01-22T15:25:02+00:00","dateModified":"2022-01-22T15:25:17+00:00","breadcrumb":{"@id":"https:\/\/demoweb.info\/sexshop001\/producto\/mas-oscuro-cincuenta-sombras-mas-oscuras-contada-por-christian\/#breadcrumb"},"inLanguage":"es","potentialAction":[{"@type":"ReadAction","target":["https:\/\/demoweb.info\/sexshop001\/producto\/mas-oscuro-cincuenta-sombras-mas-oscuras-contada-por-christian\/"]}]},{"@type":"BreadcrumbList","@id":"https:\/\/demoweb.info\/sexshop001\/producto\/mas-oscuro-cincuenta-sombras-mas-oscuras-contada-por-christian\/#breadcrumb","itemListElement":[{"@type":"ListItem","position":1,"name":"Portada","item":"https:\/\/demoweb.info\/sexshop001\/"},{"@type":"ListItem","position":2,"name":"Tienda","item":"https:\/\/demoweb.info\/sexshop001\/tienda\/"},{"@type":"ListItem","position":3,"name":"M\u00c1S OSCURO: CINCUENTA SOMBRAS M\u00c1S OSCURAS CONTADA POR CHRISTIAN"}]},{"@type":"WebSite","@id":"https:\/\/demoweb.info\/sexshop001\/#website","url":"https:\/\/demoweb.info\/sexshop001\/","name":"Tienda Er\u00f3tica","description":"DEMOWEB SL","potentialAction":[{"@type":"SearchAction","target":{"@type":"EntryPoint","urlTemplate":"https:\/\/demoweb.info\/sexshop001\/?s={search_term_string}"},"query-input":"required name=search_term_string"}],"inLanguage":"es"}]}},"_links":{"self":[{"href":"https:\/\/demoweb.info\/sexshop001\/wp-json\/wp\/v3\/product\/52261","targetHints":{"allow":["GET"]}}],"collection":[{"href":"https:\/\/demoweb.info\/sexshop001\/wp-json\/wp\/v3\/product"}],"about":[{"href":"https:\/\/demoweb.info\/sexshop001\/wp-json\/wp\/v2\/types\/product"}],"replies":[{"embeddable":true,"href":"https:\/\/demoweb.info\/sexshop001\/wp-json\/wp\/v2\/comments?post=52261"}],"wp:featuredmedia":[{"embeddable":true,"href":"https:\/\/demoweb.info\/sexshop001\/wp-json\/wp\/v2\/media\/52262"}],"wp:attachment":[{"href":"https:\/\/demoweb.info\/sexshop001\/wp-json\/wp\/v2\/media?parent=52261"}],"wp:term":[{"taxonomy":"product_cat","embeddable":true,"href":"https:\/\/demoweb.info\/sexshop001\/wp-json\/wp\/v2\/product_cat?post=52261"},{"taxonomy":"product_tag","embeddable":true,"href":"https:\/\/demoweb.info\/sexshop001\/wp-json\/wp\/v2\/product_tag?post=52261"}],"curies":[{"name":"wp","href":"https:\/\/api.w.org\/{rel}","templated":true}]}}