{"id":52254,"date":"2022-01-22T16:25:02","date_gmt":"2022-01-22T15:25:02","guid":{"rendered":"https:\/\/demoweb.info\/sexshop001\/producto\/satisfyer-pro-g-spot\/"},"modified":"2022-01-22T16:25:13","modified_gmt":"2022-01-22T15:25:13","slug":"satisfyer-pro-g-spot","status":"publish","type":"product","link":"https:\/\/demoweb.info\/sexshop001\/producto\/satisfyer-pro-g-spot\/","title":{"rendered":"SATISFYER PRO+ G-SPOT"},"content":{"rendered":"<p><strong>SATISFYER PRO+ G-SPOT &#8211; NUEVA EDICI\u00d3N 2020<\/strong><\/p>\n<p>Sensaciones \u00fanicas gracias a la estimulaci\u00f3n clitoriana y el masaje del punto G.<\/p>\n<p>\u00a1VIVA LA LIBIDO!<\/p>\n<p>Es la hora de cl\u00edmax inolvidables &#8211; La forma ergon\u00f3mica y su funda sedosa y suave de silicona convierte al Pro G-Spot en un aut\u00e9ntico mimador. Su dise\u00f1o sinuoso te encandila y te penetra con suavidad. El v\u00e1stago flexible, ondulado se adapta a tus curvas y encuentra tu punto G con una punta voluminosa en la que se oculta el potente motor. Una variaci\u00f3n de 3 intensidades de vibraci\u00f3n y 7 ritmos despiertan todas las sensaciones en tu vagina.<\/p>\n<p>El estimulador del cl\u00edtoris mima simult\u00e1neamente tu perla con una estimulaci\u00f3n sensual mediante ondas de presi\u00f3n. El elemento de silicona redondo rodea el cl\u00edtoris mientras se desplaza sin contacto hacia el cl\u00edmax. Mientras vives una sensaci\u00f3n inspirada por la estimulaci\u00f3n oral. Un cambio r\u00e1pido entre succi\u00f3n y presi\u00f3n te volver\u00e1 loca con 11 intensidades por las que puedes subir y bajar con el mando intuitivo. La vibraci\u00f3n se controla por separado con un tercer bot\u00f3n, para que tengan innumerables combinaciones placenteras. El Satisfyer Pro G-Spot Rabbit es silencioso, mientras que tu soltar\u00e1s de vez en cuando alg\u00fan ruido. El acabado impermeable lo convierte, adem\u00e1s en un compa\u00f1ero perfecto bajo el agua, para que disfrutes con \u00e9l en la ducha o en la ba\u00f1era.<\/p>\n<p>&#8211; 2:1 &#8211; Ondas de presi\u00f3n y vibraci\u00f3n<br \/>\n&#8211; Novedad mundial: Un imprescindible<br \/>\n&#8211; Los programas se controlan por separado<br \/>\n&#8211; 2 motores potentes impermeable<br \/>\n&#8211; Recargable, incl. cable USB de carga<br \/>\n<strong>&#8211; Nueva edici\u00f3n 2020<br \/>\n&#8211; <strong>Con tecnolog\u00eda AIR PULSE MEJORADA<br \/>\n&#8211; <strong>Nuevo embalaje acorde con la nueva imagen de la marca<br \/>\n&#8211; <strong>GARANT\u00cdA DE HIGIENE: Tendr\u00e1s 100% asegurado que eres la primera persona en abrir tu nuevo juguete.<\/strong><\/strong><\/strong><\/strong><\/p>\n<p>Ha llegado la hora de la sensaci\u00f3n definitiva, este Rabbit es la musa del \u00f3sculo que escribe los orgasmos en tu diario. Siguiendo el estilo de la familia de los Satisfyer mima tu perla de pasi\u00f3n con ondas de presi\u00f3n sin contacto, para retarte a vivir orgasmos m\u00faltiples con una estimulaci\u00f3n profunda. Ya solo ese talento ha conseguido mostrar en el rostro de mujeres de todo el mundo una sonrisa interminable. Pero encima de la nata del pastel a\u00fan puedes poner una cereza, seg\u00fan ese principio se ha dise\u00f1ado el Satisfyer Pro G-Spot Rabbit. Ampl\u00eda la sensaci\u00f3n exclusiva de la estimulaci\u00f3n del cl\u00edtoris mediante ondas de presi\u00f3n y el masaje adicional del punto G. Podr\u00eda valer la pena tomarse un par de d\u00edas de vacaciones para pasarlos en la cama, justo con este innovador juguete.<\/p>\n<p>MATERIAL<\/p>\n<p>El cabezal intercambiable de silicona, suave con la piel en redondo y manejable en este modelo Satisfyer. El anillo suave ofrece una superficie de deslizamiento con la que rodea tu perla de placer. Con lubricante acuoso la sensaci\u00f3n es incluso mucho m\u00e1s intensa. Las pilas recargables integradas del Satisfyer Pro G-Spot Rabbit consiguen un juguete er\u00f3tico recargable de forma ecol\u00f3gica. Si quieres cargar tu juguete con cable, puedes completar el cable magn\u00e9tico USB con un enchufe habitual de 5 V. La silicona hipoalerg\u00e9nica es muy f\u00e1cil de cuidar. Puedes lavar tu juguete debajo de agua tibia usando un poco de jab\u00f3n,. El cabezal lo puedes sacar con facilidad. Con un par de pulverizaciones del Toycleaner desinfectante consigues despu\u00e9s una higiene perfecta.<\/p>\n","protected":false},"excerpt":{"rendered":"<p>SATISFYER PRO+ G-SPOT &#8211; NUEVA EDICI\u00d3N 2020 Sensaciones \u00fanicas gracias a la estimulaci\u00f3n clitoriana y el masaje del punto G.<\/p>\n","protected":false},"featured_media":52255,"comment_status":"open","ping_status":"open","template":"","meta":[],"product_cat":[405],"product_tag":[1060,442],"class_list":["post-52254","product","type-product","status-publish","has-post-thumbnail","hentry","product_cat-succionadores","product_tag-air-pulse","product_tag-satisfyer"],"bundled_by":[],"bundle_stock_status":"instock","bundle_stock_quantity":25,"bundle_virtual":false,"bundle_layout":"","bundle_add_to_cart_form_location":"","bundle_editable_in_cart":false,"bundle_sold_individually_context":"","bundle_item_grouping":"","bundle_min_size":"","bundle_max_size":"","bundled_items":[],"yoast_head":"<!-- This site is optimized with the Yoast SEO plugin v20.6 - https:\/\/yoast.com\/wordpress\/plugins\/seo\/ -->\n<title>SATISFYER PRO+ G-SPOT - Tienda Er\u00f3tica<\/title>\n<meta name=\"robots\" content=\"noindex, follow, max-snippet:-1, max-image-preview:large, max-video-preview:-1\" \/>\n<meta property=\"og:locale\" content=\"es_ES\" \/>\n<meta property=\"og:type\" content=\"article\" \/>\n<meta property=\"og:title\" content=\"SATISFYER PRO+ G-SPOT - Tienda Er\u00f3tica\" \/>\n<meta property=\"og:description\" content=\"SATISFYER PRO+ G-SPOT &#8211; NUEVA EDICI\u00d3N 2020 Sensaciones \u00fanicas gracias a la estimulaci\u00f3n clitoriana y el masaje del punto G.\" \/>\n<meta property=\"og:url\" content=\"https:\/\/demoweb.info\/sexshop001\/producto\/satisfyer-pro-g-spot\/\" \/>\n<meta property=\"og:site_name\" content=\"Tienda Er\u00f3tica\" \/>\n<meta property=\"article:modified_time\" content=\"2022-01-22T15:25:13+00:00\" \/>\n<meta property=\"og:image\" content=\"https:\/\/demoweb.info\/sexshop001\/wp-content\/uploads\/2022\/01\/SATISFYER-PRO-G-SPOT.jpg\" \/>\n\t<meta property=\"og:image:width\" content=\"550\" \/>\n\t<meta property=\"og:image:height\" content=\"550\" \/>\n\t<meta property=\"og:image:type\" content=\"image\/jpeg\" \/>\n<meta name=\"twitter:card\" content=\"summary_large_image\" \/>\n<meta name=\"twitter:label1\" content=\"Tiempo de lectura\" \/>\n\t<meta name=\"twitter:data1\" content=\"3 minutos\" \/>\n<script type=\"application\/ld+json\" class=\"yoast-schema-graph\">{\"@context\":\"https:\/\/schema.org\",\"@graph\":[{\"@type\":\"WebPage\",\"@id\":\"https:\/\/demoweb.info\/sexshop001\/producto\/satisfyer-pro-g-spot\/\",\"url\":\"https:\/\/demoweb.info\/sexshop001\/producto\/satisfyer-pro-g-spot\/\",\"name\":\"SATISFYER PRO+ G-SPOT - Tienda Er\u00f3tica\",\"isPartOf\":{\"@id\":\"https:\/\/demoweb.info\/sexshop001\/#website\"},\"datePublished\":\"2022-01-22T15:25:02+00:00\",\"dateModified\":\"2022-01-22T15:25:13+00:00\",\"breadcrumb\":{\"@id\":\"https:\/\/demoweb.info\/sexshop001\/producto\/satisfyer-pro-g-spot\/#breadcrumb\"},\"inLanguage\":\"es\",\"potentialAction\":[{\"@type\":\"ReadAction\",\"target\":[\"https:\/\/demoweb.info\/sexshop001\/producto\/satisfyer-pro-g-spot\/\"]}]},{\"@type\":\"BreadcrumbList\",\"@id\":\"https:\/\/demoweb.info\/sexshop001\/producto\/satisfyer-pro-g-spot\/#breadcrumb\",\"itemListElement\":[{\"@type\":\"ListItem\",\"position\":1,\"name\":\"Portada\",\"item\":\"https:\/\/demoweb.info\/sexshop001\/\"},{\"@type\":\"ListItem\",\"position\":2,\"name\":\"Tienda\",\"item\":\"https:\/\/demoweb.info\/sexshop001\/tienda\/\"},{\"@type\":\"ListItem\",\"position\":3,\"name\":\"SATISFYER PRO+ G-SPOT\"}]},{\"@type\":\"WebSite\",\"@id\":\"https:\/\/demoweb.info\/sexshop001\/#website\",\"url\":\"https:\/\/demoweb.info\/sexshop001\/\",\"name\":\"Tienda Er\u00f3tica\",\"description\":\"DEMOWEB SL\",\"potentialAction\":[{\"@type\":\"SearchAction\",\"target\":{\"@type\":\"EntryPoint\",\"urlTemplate\":\"https:\/\/demoweb.info\/sexshop001\/?s={search_term_string}\"},\"query-input\":\"required name=search_term_string\"}],\"inLanguage\":\"es\"}]}<\/script>\n<!-- \/ Yoast SEO plugin. -->","yoast_head_json":{"title":"SATISFYER PRO+ G-SPOT - Tienda Er\u00f3tica","robots":{"index":"noindex","follow":"follow","max-snippet":"max-snippet:-1","max-image-preview":"max-image-preview:large","max-video-preview":"max-video-preview:-1"},"og_locale":"es_ES","og_type":"article","og_title":"SATISFYER PRO+ G-SPOT - Tienda Er\u00f3tica","og_description":"SATISFYER PRO+ G-SPOT &#8211; NUEVA EDICI\u00d3N 2020 Sensaciones \u00fanicas gracias a la estimulaci\u00f3n clitoriana y el masaje del punto G.","og_url":"https:\/\/demoweb.info\/sexshop001\/producto\/satisfyer-pro-g-spot\/","og_site_name":"Tienda Er\u00f3tica","article_modified_time":"2022-01-22T15:25:13+00:00","og_image":[{"width":550,"height":550,"url":"https:\/\/demoweb.info\/sexshop001\/wp-content\/uploads\/2022\/01\/SATISFYER-PRO-G-SPOT.jpg","type":"image\/jpeg"}],"twitter_card":"summary_large_image","twitter_misc":{"Tiempo de lectura":"3 minutos"},"schema":{"@context":"https:\/\/schema.org","@graph":[{"@type":"WebPage","@id":"https:\/\/demoweb.info\/sexshop001\/producto\/satisfyer-pro-g-spot\/","url":"https:\/\/demoweb.info\/sexshop001\/producto\/satisfyer-pro-g-spot\/","name":"SATISFYER PRO+ G-SPOT - Tienda Er\u00f3tica","isPartOf":{"@id":"https:\/\/demoweb.info\/sexshop001\/#website"},"datePublished":"2022-01-22T15:25:02+00:00","dateModified":"2022-01-22T15:25:13+00:00","breadcrumb":{"@id":"https:\/\/demoweb.info\/sexshop001\/producto\/satisfyer-pro-g-spot\/#breadcrumb"},"inLanguage":"es","potentialAction":[{"@type":"ReadAction","target":["https:\/\/demoweb.info\/sexshop001\/producto\/satisfyer-pro-g-spot\/"]}]},{"@type":"BreadcrumbList","@id":"https:\/\/demoweb.info\/sexshop001\/producto\/satisfyer-pro-g-spot\/#breadcrumb","itemListElement":[{"@type":"ListItem","position":1,"name":"Portada","item":"https:\/\/demoweb.info\/sexshop001\/"},{"@type":"ListItem","position":2,"name":"Tienda","item":"https:\/\/demoweb.info\/sexshop001\/tienda\/"},{"@type":"ListItem","position":3,"name":"SATISFYER PRO+ G-SPOT"}]},{"@type":"WebSite","@id":"https:\/\/demoweb.info\/sexshop001\/#website","url":"https:\/\/demoweb.info\/sexshop001\/","name":"Tienda Er\u00f3tica","description":"DEMOWEB SL","potentialAction":[{"@type":"SearchAction","target":{"@type":"EntryPoint","urlTemplate":"https:\/\/demoweb.info\/sexshop001\/?s={search_term_string}"},"query-input":"required name=search_term_string"}],"inLanguage":"es"}]}},"_links":{"self":[{"href":"https:\/\/demoweb.info\/sexshop001\/wp-json\/wp\/v3\/product\/52254","targetHints":{"allow":["GET"]}}],"collection":[{"href":"https:\/\/demoweb.info\/sexshop001\/wp-json\/wp\/v3\/product"}],"about":[{"href":"https:\/\/demoweb.info\/sexshop001\/wp-json\/wp\/v2\/types\/product"}],"replies":[{"embeddable":true,"href":"https:\/\/demoweb.info\/sexshop001\/wp-json\/wp\/v2\/comments?post=52254"}],"wp:featuredmedia":[{"embeddable":true,"href":"https:\/\/demoweb.info\/sexshop001\/wp-json\/wp\/v2\/media\/52255"}],"wp:attachment":[{"href":"https:\/\/demoweb.info\/sexshop001\/wp-json\/wp\/v2\/media?parent=52254"}],"wp:term":[{"taxonomy":"product_cat","embeddable":true,"href":"https:\/\/demoweb.info\/sexshop001\/wp-json\/wp\/v2\/product_cat?post=52254"},{"taxonomy":"product_tag","embeddable":true,"href":"https:\/\/demoweb.info\/sexshop001\/wp-json\/wp\/v2\/product_tag?post=52254"}],"curies":[{"name":"wp","href":"https:\/\/api.w.org\/{rel}","templated":true}]}}