{"id":52247,"date":"2022-01-22T16:25:02","date_gmt":"2022-01-22T15:25:02","guid":{"rendered":"https:\/\/demoweb.info\/sexshop001\/producto\/satisfyer-pro-1\/"},"modified":"2022-01-22T16:25:08","modified_gmt":"2022-01-22T15:25:08","slug":"satisfyer-pro-1","status":"publish","type":"product","link":"https:\/\/demoweb.info\/sexshop001\/producto\/satisfyer-pro-1\/","title":{"rendered":"SATISFYER PRO 1+"},"content":{"rendered":"<p><strong>SATISFYER PRO 1+ &#8211; NUEVA EDICI\u00d3N 2020<\/strong><\/p>\n<p>Placer sensual mediante una excitante presi\u00f3n y agradables vibraciones. \u00bfUN ORGASMO? \u00a1S\u00cd, GRACIAS!<\/p>\n<p>SUBE Y BAJA &#8211; ALL NIGHT LONG<\/p>\n<p>Como todos los productos de la familia Satisfyer el Pro Plus Vibration te mima con 11 niveles de intensidad. La funci\u00f3n de vibraci\u00f3n genera un placer adicional. El motor potente y silencioso genera sensuales vibraciones en el cabezal y te masajea con 10 programas de vibraci\u00f3n vers\u00e1tiles. Las ondas de presi\u00f3n y la vibraci\u00f3n se pueden controlar por separado y te permiten disfrutar de un placer completo con un final feliz. \u00bfPlacer pleno debajo del agua? Gracias a su acabado impermeable el elegante dador de placer no teme ni la ducha ni la ba\u00f1era y te acompa\u00f1ara con placer en un ba\u00f1o relajante.<\/p>\n<p>Las ondas de presi\u00f3n se activan con el bot\u00f3n On y con las teclas +\/- se puede regulan ascendente o descendentemente como quieras. La vibraci\u00f3n se enciende con un bot\u00f3n, para que puedas disfrutar de las funciones por separado. Gracias a los acumuladores integrados el Satisfyer Pro Plus Vibration se puede cargar de nuevo con facilidad usando el cable USB magn\u00e9tico adjunto.<\/p>\n<ul>\n<li>2:1 &#8211; Ondas de presi\u00f3n y vibraci\u00f3n<\/li>\n<li>Orgasmos clitorianos incre\u00edbles<\/li>\n<li>Los programas se controlan por separado<\/li>\n<li>2 motores potentes impermeable<\/li>\n<li>Recargable, incl. cable USB de carga<strong> <\/strong><\/li>\n<li><strong>Nueva edici\u00f3n 2020<\/strong><\/li>\n<li><strong>Con tecnolog\u00eda AIR PULSE MEJORADA<\/strong><\/li>\n<li><strong><strong>Nuevo embalaje acorde con la nueva imagen de la marca<\/strong> <\/strong><\/li>\n<li><strong><strong><strong><strong>GARANT\u00cdA DE HIGIENE: Tendr\u00e1s 100% asegurado que eres la primera persona en abrir tu nuevo juguete.<\/strong><\/strong><\/strong><\/strong><\/li>\n<\/ul>\n<p>\u00bfDisfrutas de las ondas de presi\u00f3n de tu Satisfyer, pero echas de menos la vibraci\u00f3n sensual de un vibrador de contacto externo cl\u00e1sico? \u00a1El nuevo Satisfyer Pro Plus Vibration a\u00fana la deseada hipopresi\u00f3n estimulante con vibraciones sensuales y te acompa\u00f1a a un placer incomparable!<\/p>\n<p>MATERIAL<\/p>\n<p>La silicona hipoalerg\u00e9nica, de la que est\u00e1 hecho el cabezal intercambiable se une ergon\u00f3micamente y rodea el cl\u00edtoris con suavidad y precisi\u00f3n. El cabezal se puede retirar para limpiarlo. Para el placer supremo te recomendamos usar el juguete con un lubricante acuoso. El Satisfyer Pro Plus Vibration est\u00e1 equipado con acumuladores integrados y lo puedes recargar. El cable magn\u00e9tico USB adjunto lo puedes completar con un enchufe habitual de 5 V.<\/p>\n","protected":false},"excerpt":{"rendered":"<p>SATISFYER PRO 1+ &#8211; NUEVA EDICI\u00d3N 2020 Placer sensual mediante una excitante presi\u00f3n y agradables vibraciones. \u00bfUN ORGASMO? \u00a1S\u00cd, GRACIAS!<\/p>\n","protected":false},"featured_media":52248,"comment_status":"open","ping_status":"open","template":"","meta":[],"product_cat":[445],"product_tag":[1060,442],"class_list":["post-52247","product","type-product","status-publish","has-post-thumbnail","hentry","product_cat-para-parejas-vibradores-juguetes-xxx","product_tag-air-pulse","product_tag-satisfyer"],"bundled_by":[],"bundle_stock_status":"outofstock","bundle_stock_quantity":0,"bundle_virtual":false,"bundle_layout":"","bundle_add_to_cart_form_location":"","bundle_editable_in_cart":false,"bundle_sold_individually_context":"","bundle_item_grouping":"","bundle_min_size":"","bundle_max_size":"","bundled_items":[],"yoast_head":"<!-- This site is optimized with the Yoast SEO plugin v20.6 - https:\/\/yoast.com\/wordpress\/plugins\/seo\/ -->\n<title>SATISFYER PRO 1+ - Tienda Er\u00f3tica<\/title>\n<meta name=\"robots\" content=\"noindex, follow, max-snippet:-1, max-image-preview:large, max-video-preview:-1\" \/>\n<meta property=\"og:locale\" content=\"es_ES\" \/>\n<meta property=\"og:type\" content=\"article\" \/>\n<meta property=\"og:title\" content=\"SATISFYER PRO 1+ - Tienda Er\u00f3tica\" \/>\n<meta property=\"og:description\" content=\"SATISFYER PRO 1+ &#8211; NUEVA EDICI\u00d3N 2020 Placer sensual mediante una excitante presi\u00f3n y agradables vibraciones. \u00bfUN ORGASMO? \u00a1S\u00cd, GRACIAS!\" \/>\n<meta property=\"og:url\" content=\"https:\/\/demoweb.info\/sexshop001\/producto\/satisfyer-pro-1\/\" \/>\n<meta property=\"og:site_name\" content=\"Tienda Er\u00f3tica\" \/>\n<meta property=\"article:modified_time\" content=\"2022-01-22T15:25:08+00:00\" \/>\n<meta property=\"og:image\" content=\"https:\/\/demoweb.info\/sexshop001\/wp-content\/uploads\/2022\/01\/SATISFYER-PRO-1.jpg\" \/>\n\t<meta property=\"og:image:width\" content=\"550\" \/>\n\t<meta property=\"og:image:height\" content=\"550\" \/>\n\t<meta property=\"og:image:type\" content=\"image\/jpeg\" \/>\n<meta name=\"twitter:card\" content=\"summary_large_image\" \/>\n<meta name=\"twitter:label1\" content=\"Tiempo de lectura\" \/>\n\t<meta name=\"twitter:data1\" content=\"2 minutos\" \/>\n<script type=\"application\/ld+json\" class=\"yoast-schema-graph\">{\"@context\":\"https:\/\/schema.org\",\"@graph\":[{\"@type\":\"WebPage\",\"@id\":\"https:\/\/demoweb.info\/sexshop001\/producto\/satisfyer-pro-1\/\",\"url\":\"https:\/\/demoweb.info\/sexshop001\/producto\/satisfyer-pro-1\/\",\"name\":\"SATISFYER PRO 1+ - Tienda Er\u00f3tica\",\"isPartOf\":{\"@id\":\"https:\/\/demoweb.info\/sexshop001\/#website\"},\"datePublished\":\"2022-01-22T15:25:02+00:00\",\"dateModified\":\"2022-01-22T15:25:08+00:00\",\"breadcrumb\":{\"@id\":\"https:\/\/demoweb.info\/sexshop001\/producto\/satisfyer-pro-1\/#breadcrumb\"},\"inLanguage\":\"es\",\"potentialAction\":[{\"@type\":\"ReadAction\",\"target\":[\"https:\/\/demoweb.info\/sexshop001\/producto\/satisfyer-pro-1\/\"]}]},{\"@type\":\"BreadcrumbList\",\"@id\":\"https:\/\/demoweb.info\/sexshop001\/producto\/satisfyer-pro-1\/#breadcrumb\",\"itemListElement\":[{\"@type\":\"ListItem\",\"position\":1,\"name\":\"Portada\",\"item\":\"https:\/\/demoweb.info\/sexshop001\/\"},{\"@type\":\"ListItem\",\"position\":2,\"name\":\"Tienda\",\"item\":\"https:\/\/demoweb.info\/sexshop001\/tienda\/\"},{\"@type\":\"ListItem\",\"position\":3,\"name\":\"SATISFYER PRO 1+\"}]},{\"@type\":\"WebSite\",\"@id\":\"https:\/\/demoweb.info\/sexshop001\/#website\",\"url\":\"https:\/\/demoweb.info\/sexshop001\/\",\"name\":\"Tienda Er\u00f3tica\",\"description\":\"DEMOWEB SL\",\"potentialAction\":[{\"@type\":\"SearchAction\",\"target\":{\"@type\":\"EntryPoint\",\"urlTemplate\":\"https:\/\/demoweb.info\/sexshop001\/?s={search_term_string}\"},\"query-input\":\"required name=search_term_string\"}],\"inLanguage\":\"es\"}]}<\/script>\n<!-- \/ Yoast SEO plugin. -->","yoast_head_json":{"title":"SATISFYER PRO 1+ - Tienda Er\u00f3tica","robots":{"index":"noindex","follow":"follow","max-snippet":"max-snippet:-1","max-image-preview":"max-image-preview:large","max-video-preview":"max-video-preview:-1"},"og_locale":"es_ES","og_type":"article","og_title":"SATISFYER PRO 1+ - Tienda Er\u00f3tica","og_description":"SATISFYER PRO 1+ &#8211; NUEVA EDICI\u00d3N 2020 Placer sensual mediante una excitante presi\u00f3n y agradables vibraciones. \u00bfUN ORGASMO? \u00a1S\u00cd, GRACIAS!","og_url":"https:\/\/demoweb.info\/sexshop001\/producto\/satisfyer-pro-1\/","og_site_name":"Tienda Er\u00f3tica","article_modified_time":"2022-01-22T15:25:08+00:00","og_image":[{"width":550,"height":550,"url":"https:\/\/demoweb.info\/sexshop001\/wp-content\/uploads\/2022\/01\/SATISFYER-PRO-1.jpg","type":"image\/jpeg"}],"twitter_card":"summary_large_image","twitter_misc":{"Tiempo de lectura":"2 minutos"},"schema":{"@context":"https:\/\/schema.org","@graph":[{"@type":"WebPage","@id":"https:\/\/demoweb.info\/sexshop001\/producto\/satisfyer-pro-1\/","url":"https:\/\/demoweb.info\/sexshop001\/producto\/satisfyer-pro-1\/","name":"SATISFYER PRO 1+ - Tienda Er\u00f3tica","isPartOf":{"@id":"https:\/\/demoweb.info\/sexshop001\/#website"},"datePublished":"2022-01-22T15:25:02+00:00","dateModified":"2022-01-22T15:25:08+00:00","breadcrumb":{"@id":"https:\/\/demoweb.info\/sexshop001\/producto\/satisfyer-pro-1\/#breadcrumb"},"inLanguage":"es","potentialAction":[{"@type":"ReadAction","target":["https:\/\/demoweb.info\/sexshop001\/producto\/satisfyer-pro-1\/"]}]},{"@type":"BreadcrumbList","@id":"https:\/\/demoweb.info\/sexshop001\/producto\/satisfyer-pro-1\/#breadcrumb","itemListElement":[{"@type":"ListItem","position":1,"name":"Portada","item":"https:\/\/demoweb.info\/sexshop001\/"},{"@type":"ListItem","position":2,"name":"Tienda","item":"https:\/\/demoweb.info\/sexshop001\/tienda\/"},{"@type":"ListItem","position":3,"name":"SATISFYER PRO 1+"}]},{"@type":"WebSite","@id":"https:\/\/demoweb.info\/sexshop001\/#website","url":"https:\/\/demoweb.info\/sexshop001\/","name":"Tienda Er\u00f3tica","description":"DEMOWEB SL","potentialAction":[{"@type":"SearchAction","target":{"@type":"EntryPoint","urlTemplate":"https:\/\/demoweb.info\/sexshop001\/?s={search_term_string}"},"query-input":"required name=search_term_string"}],"inLanguage":"es"}]}},"_links":{"self":[{"href":"https:\/\/demoweb.info\/sexshop001\/wp-json\/wp\/v3\/product\/52247","targetHints":{"allow":["GET"]}}],"collection":[{"href":"https:\/\/demoweb.info\/sexshop001\/wp-json\/wp\/v3\/product"}],"about":[{"href":"https:\/\/demoweb.info\/sexshop001\/wp-json\/wp\/v2\/types\/product"}],"replies":[{"embeddable":true,"href":"https:\/\/demoweb.info\/sexshop001\/wp-json\/wp\/v2\/comments?post=52247"}],"wp:featuredmedia":[{"embeddable":true,"href":"https:\/\/demoweb.info\/sexshop001\/wp-json\/wp\/v2\/media\/52248"}],"wp:attachment":[{"href":"https:\/\/demoweb.info\/sexshop001\/wp-json\/wp\/v2\/media?parent=52247"}],"wp:term":[{"taxonomy":"product_cat","embeddable":true,"href":"https:\/\/demoweb.info\/sexshop001\/wp-json\/wp\/v2\/product_cat?post=52247"},{"taxonomy":"product_tag","embeddable":true,"href":"https:\/\/demoweb.info\/sexshop001\/wp-json\/wp\/v2\/product_tag?post=52247"}],"curies":[{"name":"wp","href":"https:\/\/api.w.org\/{rel}","templated":true}]}}