{"id":52240,"date":"2022-01-22T16:25:02","date_gmt":"2022-01-22T15:25:02","guid":{"rendered":"https:\/\/demoweb.info\/sexshop001\/producto\/satisfyer-pro-4-couples\/"},"modified":"2022-01-22T16:25:04","modified_gmt":"2022-01-22T15:25:04","slug":"satisfyer-pro-4-couples","status":"publish","type":"product","link":"https:\/\/demoweb.info\/sexshop001\/producto\/satisfyer-pro-4-couples\/","title":{"rendered":"SATISFYER PRO 4 COUPLES"},"content":{"rendered":"<p><strong>SATISFYER PRO 4 COUPLES <\/strong><\/p>\n<p><strong>NUEVA EDICI\u00d3N 2020<\/strong><\/p>\n<p>Un nuevo universo de placer en com\u00fan, ahora con estimulaci\u00f3n clitoriana mediante ondas expansivas.<\/p>\n<p>Es la hora de cl\u00edmax inolvidables &#8211; el Satisfyer Pro 4 Couples os abre un mundo nuevo de juegos er\u00f3ticos juntos. Inspirado por los vibradores cl\u00e1sicos para parejas se usa durante el coito y los estimula a los dos. Pero este pasional compa\u00f1ero de juegos puede mucho m\u00e1s que despertar una sensaci\u00f3n de estrechez, vibraciones ardorosas y un masaje atractivo del punto G. Siguiendo el estilo de la familia de los Satisfyer mima la perla de pasi\u00f3n con ondas de presi\u00f3n sin contacto, para retaros a vivir orgasmos m\u00faltiples con una estimulaci\u00f3n profunda. \u00a1Despertad el placer!<\/p>\n<p>Sus 11 extravagantes niveles convierten a este vibrador en una aut\u00e9ntica maravilla, ofreci\u00e9ndote una estimulaci\u00f3n del cl\u00edtoris m\u00e1s suave o m\u00e1s en\u00e9rgica, seg\u00fan te apetezca, gracias a sus fascinantes ondas de presi\u00f3n. El bot\u00f3n de dise\u00f1o optimizado te permite ir aumentando y reduciendo la intensidad, facilit\u00e1ndote as\u00ed el m\u00e1ximo placer individual. Adem\u00e1s, la luz del panel de mando del Satisfyer Pro Deluxe de nueva generaci\u00f3n ya no es tan intensa y, por tanto, es m\u00e1s agradable.<\/p>\n<p>\u00a1VIVA EL CL\u00cdMAX!<\/p>\n<p>La forma ergon\u00f3mica y su funda sedosa y suave de silicona convierte al Pro 4 Couples en un aut\u00e9ntico mimador. Si su atractivo dise\u00f1o os convence llegar\u00e9is juntos a lo m\u00e1s alto. El esbelto v\u00e1stago se introduce en la vagina y vibra con 10 potentes programas que masajean sensualmente durante el coito tanto el pene como la vagina. Mientras su mejor amigo disfruta de la estrechez ella podr\u00e1 disfrutar de la estimulante presi\u00f3n sobre su punto G. La parte externa del vibrador en U estimula el cl\u00edtoris con ondas de presi\u00f3n efectivas que recuerdan al sexo oral. El estimulante cambio entre presi\u00f3n y succi\u00f3n en 11 intensidades genera una sensaci\u00f3n de placer inolvidable. El elemento de silicona redondo rodea el cl\u00edtoris mientras se desplaza sin contacto hacia el cl\u00edmax.<\/p>\n<p>Con el mando de manejo intuitivo pod\u00e9is controlar la vibraci\u00f3n y las ondas de presi\u00f3n por separado, con innumerables combinaciones. El Satisfyer Pro 4 Couples es silencioso, mientras que vosotros soltar\u00e9is de vez en cuando alg\u00fan suspiro. El acabado impermeable lo convierte, adem\u00e1s en un compa\u00f1ero perfecto bajo el agua, para que disfrut\u00e9is con \u00e9l en la ducha o en la ba\u00f1era.<\/p>\n<p>&#8211; 2:1 &#8211; Ondas de presi\u00f3n y vibraci\u00f3n<br \/>\n&#8211; Novedad mundial: Un imprescindible para parejas<br \/>\n&#8211; Los programas se controlan por separado<br \/>\n&#8211; 2 motores potentes impermeable<br \/>\n&#8211; Recargable, incl. cable USB de carga<br \/>\n<strong>&#8211; Nueva edici\u00f3n 2020<br \/>\n&#8211; <strong>Con tecnolog\u00eda AIR PULSE MEJORADA<br \/>\n&#8211; <strong>Nuevo embalaje acorde con la nueva imagen de la marca<br \/>\n&#8211; <strong>GARANT\u00cdA DE HIGIENE: Tendr\u00e1s 100% asegurado que eres la primera persona en abrir tu nuevo juguete.<\/strong><\/strong><\/strong><\/strong><\/p>\n<p>Es la hora de cl\u00edmax inolvidables &#8211; el Satisfyer Pro 4 Couples os abre un mundo nuevo de juegos er\u00f3ticos juntos. Inspirado por los vibradores cl\u00e1sicos para parejas se usa durante el coito y los estimula a los dos. Pero este pasional compa\u00f1ero de juegos puede mucho m\u00e1s que despertar una sensaci\u00f3n de estrechez, vibraciones ardorosas y un masaje atractivo del punto G. Siguiendo el estilo de la familia de los Satisfyer mima la perla de pasi\u00f3n con ondas de presi\u00f3n sin contacto, para retaros a vivir orgasmos m\u00faltiples con una estimulaci\u00f3n profunda. \u00a1Despertad el placer!<\/p>\n<p>MATERIAL<\/p>\n<p>El cabezal intercambiable de silicona, hipoalerg\u00e9nico es oval y manejable en este modelo Satisfyer. El anillo suave ofrece una superficie de deslizamiento con la que rodea tu perla de placer. Con lubricante acuoso la sensaci\u00f3n es incluso mucho m\u00e1s intensa. Las pilas recargables integradas del Satisfyer Pro 4 Couples consiguen un juguete er\u00f3tico recargable de forma ecol\u00f3gica. Si quieres cargar tu juguete con cable, puedes completar el cable magn\u00e9tico USB con un enchufe habitual de 5 V. La silicona hipoalerg\u00e9nica es muy f\u00e1cil de cuidar. Puedes lavar tu juguete debajo de agua tibia usando un poco de jab\u00f3n,. El cabezal lo puedes sacar con facilidad. Con un par de pulverizaciones del Toycleaner desinfectante consigues despu\u00e9s una higiene perfecta.<\/p>\n","protected":false},"excerpt":{"rendered":"<p>SATISFYER PRO 4 COUPLES NUEVA EDICI\u00d3N 2020 Un nuevo universo de placer en com\u00fan, ahora con estimulaci\u00f3n clitoriana mediante ondas<\/p>\n","protected":false},"featured_media":52241,"comment_status":"open","ping_status":"open","template":"","meta":[],"product_cat":[445],"product_tag":[1060,442],"class_list":["post-52240","product","type-product","status-publish","has-post-thumbnail","hentry","product_cat-para-parejas-vibradores-juguetes-xxx","product_tag-air-pulse","product_tag-satisfyer"],"bundled_by":[],"bundle_stock_status":"instock","bundle_stock_quantity":25,"bundle_virtual":false,"bundle_layout":"","bundle_add_to_cart_form_location":"","bundle_editable_in_cart":false,"bundle_sold_individually_context":"","bundle_item_grouping":"","bundle_min_size":"","bundle_max_size":"","bundled_items":[],"yoast_head":"<!-- This site is optimized with the Yoast SEO plugin v20.6 - https:\/\/yoast.com\/wordpress\/plugins\/seo\/ -->\n<title>SATISFYER PRO 4 COUPLES - Tienda Er\u00f3tica<\/title>\n<meta name=\"robots\" content=\"noindex, follow, max-snippet:-1, max-image-preview:large, max-video-preview:-1\" \/>\n<meta property=\"og:locale\" content=\"es_ES\" \/>\n<meta property=\"og:type\" content=\"article\" \/>\n<meta property=\"og:title\" content=\"SATISFYER PRO 4 COUPLES - Tienda Er\u00f3tica\" \/>\n<meta property=\"og:description\" content=\"SATISFYER PRO 4 COUPLES NUEVA EDICI\u00d3N 2020 Un nuevo universo de placer en com\u00fan, ahora con estimulaci\u00f3n clitoriana mediante ondas\" \/>\n<meta property=\"og:url\" content=\"https:\/\/demoweb.info\/sexshop001\/producto\/satisfyer-pro-4-couples\/\" \/>\n<meta property=\"og:site_name\" content=\"Tienda Er\u00f3tica\" \/>\n<meta property=\"article:modified_time\" content=\"2022-01-22T15:25:04+00:00\" \/>\n<meta property=\"og:image\" content=\"https:\/\/demoweb.info\/sexshop001\/wp-content\/uploads\/2022\/01\/SATISFYER-PRO-4-COUPLES.jpg\" \/>\n\t<meta property=\"og:image:width\" content=\"550\" \/>\n\t<meta property=\"og:image:height\" content=\"550\" \/>\n\t<meta property=\"og:image:type\" content=\"image\/jpeg\" \/>\n<meta name=\"twitter:card\" content=\"summary_large_image\" \/>\n<meta name=\"twitter:label1\" content=\"Tiempo de lectura\" \/>\n\t<meta name=\"twitter:data1\" content=\"4 minutos\" \/>\n<script type=\"application\/ld+json\" class=\"yoast-schema-graph\">{\"@context\":\"https:\/\/schema.org\",\"@graph\":[{\"@type\":\"WebPage\",\"@id\":\"https:\/\/demoweb.info\/sexshop001\/producto\/satisfyer-pro-4-couples\/\",\"url\":\"https:\/\/demoweb.info\/sexshop001\/producto\/satisfyer-pro-4-couples\/\",\"name\":\"SATISFYER PRO 4 COUPLES - Tienda Er\u00f3tica\",\"isPartOf\":{\"@id\":\"https:\/\/demoweb.info\/sexshop001\/#website\"},\"datePublished\":\"2022-01-22T15:25:02+00:00\",\"dateModified\":\"2022-01-22T15:25:04+00:00\",\"breadcrumb\":{\"@id\":\"https:\/\/demoweb.info\/sexshop001\/producto\/satisfyer-pro-4-couples\/#breadcrumb\"},\"inLanguage\":\"es\",\"potentialAction\":[{\"@type\":\"ReadAction\",\"target\":[\"https:\/\/demoweb.info\/sexshop001\/producto\/satisfyer-pro-4-couples\/\"]}]},{\"@type\":\"BreadcrumbList\",\"@id\":\"https:\/\/demoweb.info\/sexshop001\/producto\/satisfyer-pro-4-couples\/#breadcrumb\",\"itemListElement\":[{\"@type\":\"ListItem\",\"position\":1,\"name\":\"Portada\",\"item\":\"https:\/\/demoweb.info\/sexshop001\/\"},{\"@type\":\"ListItem\",\"position\":2,\"name\":\"Tienda\",\"item\":\"https:\/\/demoweb.info\/sexshop001\/tienda\/\"},{\"@type\":\"ListItem\",\"position\":3,\"name\":\"SATISFYER PRO 4 COUPLES\"}]},{\"@type\":\"WebSite\",\"@id\":\"https:\/\/demoweb.info\/sexshop001\/#website\",\"url\":\"https:\/\/demoweb.info\/sexshop001\/\",\"name\":\"Tienda Er\u00f3tica\",\"description\":\"DEMOWEB SL\",\"potentialAction\":[{\"@type\":\"SearchAction\",\"target\":{\"@type\":\"EntryPoint\",\"urlTemplate\":\"https:\/\/demoweb.info\/sexshop001\/?s={search_term_string}\"},\"query-input\":\"required name=search_term_string\"}],\"inLanguage\":\"es\"}]}<\/script>\n<!-- \/ Yoast SEO plugin. -->","yoast_head_json":{"title":"SATISFYER PRO 4 COUPLES - Tienda Er\u00f3tica","robots":{"index":"noindex","follow":"follow","max-snippet":"max-snippet:-1","max-image-preview":"max-image-preview:large","max-video-preview":"max-video-preview:-1"},"og_locale":"es_ES","og_type":"article","og_title":"SATISFYER PRO 4 COUPLES - Tienda Er\u00f3tica","og_description":"SATISFYER PRO 4 COUPLES NUEVA EDICI\u00d3N 2020 Un nuevo universo de placer en com\u00fan, ahora con estimulaci\u00f3n clitoriana mediante ondas","og_url":"https:\/\/demoweb.info\/sexshop001\/producto\/satisfyer-pro-4-couples\/","og_site_name":"Tienda Er\u00f3tica","article_modified_time":"2022-01-22T15:25:04+00:00","og_image":[{"width":550,"height":550,"url":"https:\/\/demoweb.info\/sexshop001\/wp-content\/uploads\/2022\/01\/SATISFYER-PRO-4-COUPLES.jpg","type":"image\/jpeg"}],"twitter_card":"summary_large_image","twitter_misc":{"Tiempo de lectura":"4 minutos"},"schema":{"@context":"https:\/\/schema.org","@graph":[{"@type":"WebPage","@id":"https:\/\/demoweb.info\/sexshop001\/producto\/satisfyer-pro-4-couples\/","url":"https:\/\/demoweb.info\/sexshop001\/producto\/satisfyer-pro-4-couples\/","name":"SATISFYER PRO 4 COUPLES - Tienda Er\u00f3tica","isPartOf":{"@id":"https:\/\/demoweb.info\/sexshop001\/#website"},"datePublished":"2022-01-22T15:25:02+00:00","dateModified":"2022-01-22T15:25:04+00:00","breadcrumb":{"@id":"https:\/\/demoweb.info\/sexshop001\/producto\/satisfyer-pro-4-couples\/#breadcrumb"},"inLanguage":"es","potentialAction":[{"@type":"ReadAction","target":["https:\/\/demoweb.info\/sexshop001\/producto\/satisfyer-pro-4-couples\/"]}]},{"@type":"BreadcrumbList","@id":"https:\/\/demoweb.info\/sexshop001\/producto\/satisfyer-pro-4-couples\/#breadcrumb","itemListElement":[{"@type":"ListItem","position":1,"name":"Portada","item":"https:\/\/demoweb.info\/sexshop001\/"},{"@type":"ListItem","position":2,"name":"Tienda","item":"https:\/\/demoweb.info\/sexshop001\/tienda\/"},{"@type":"ListItem","position":3,"name":"SATISFYER PRO 4 COUPLES"}]},{"@type":"WebSite","@id":"https:\/\/demoweb.info\/sexshop001\/#website","url":"https:\/\/demoweb.info\/sexshop001\/","name":"Tienda Er\u00f3tica","description":"DEMOWEB SL","potentialAction":[{"@type":"SearchAction","target":{"@type":"EntryPoint","urlTemplate":"https:\/\/demoweb.info\/sexshop001\/?s={search_term_string}"},"query-input":"required name=search_term_string"}],"inLanguage":"es"}]}},"_links":{"self":[{"href":"https:\/\/demoweb.info\/sexshop001\/wp-json\/wp\/v3\/product\/52240","targetHints":{"allow":["GET"]}}],"collection":[{"href":"https:\/\/demoweb.info\/sexshop001\/wp-json\/wp\/v3\/product"}],"about":[{"href":"https:\/\/demoweb.info\/sexshop001\/wp-json\/wp\/v2\/types\/product"}],"replies":[{"embeddable":true,"href":"https:\/\/demoweb.info\/sexshop001\/wp-json\/wp\/v2\/comments?post=52240"}],"wp:featuredmedia":[{"embeddable":true,"href":"https:\/\/demoweb.info\/sexshop001\/wp-json\/wp\/v2\/media\/52241"}],"wp:attachment":[{"href":"https:\/\/demoweb.info\/sexshop001\/wp-json\/wp\/v2\/media?parent=52240"}],"wp:term":[{"taxonomy":"product_cat","embeddable":true,"href":"https:\/\/demoweb.info\/sexshop001\/wp-json\/wp\/v2\/product_cat?post=52240"},{"taxonomy":"product_tag","embeddable":true,"href":"https:\/\/demoweb.info\/sexshop001\/wp-json\/wp\/v2\/product_tag?post=52240"}],"curies":[{"name":"wp","href":"https:\/\/api.w.org\/{rel}","templated":true}]}}