{"id":52236,"date":"2022-01-22T16:25:02","date_gmt":"2022-01-22T15:25:02","guid":{"rendered":"https:\/\/demoweb.info\/sexshop001\/producto\/set-bondage-8-piezas-morado\/"},"modified":"2022-01-22T16:25:02","modified_gmt":"2022-01-22T15:25:02","slug":"set-bondage-8-piezas-morado","status":"publish","type":"product","link":"https:\/\/demoweb.info\/sexshop001\/producto\/set-bondage-8-piezas-morado\/","title":{"rendered":"SET BONDAGE 8 PIEZAS MORADO"},"content":{"rendered":"<p><strong>SET BONDAGE 8 PIEZAS MORADO<\/strong><\/p>\n<p>Por fin todo lo que quer\u00edais probar en relaci\u00f3n al BDSM en este set de Bondage: todo de cuero sint\u00e9tico, todo de color negro. Y es que no os faltar\u00e1 de nada ya se\u00e1is principiantes o expertos. \u00bfNo os lo cre\u00e9is?<\/p>\n<p>El set Incluye:<\/p>\n<ul>\n<li>Un l\u00e1tigo para azote, as\u00ed que ya sab\u00e9is&#8230; portaos mal.<\/li>\n<li>2 juegos de esposas para poder atar mu\u00f1ecas y tobillos o todo junto con la pieza de union en forma de x&#8230; Quietecitos se les controla mejor.<\/li>\n<li>Mordaza de bola con agujeros&#8230; Y es que calladit@s est\u00e1is m\u00e1s guap@s.<\/li>\n<li>Cuerda de Bondage de 10m&#8230; Vale, no es de cuero, pero es extremadamente suave y manejable para practicar todas las ataduras o suspensiones que se os ocurran.<\/li>\n<li>Antifaz&#8230; Cubre los ojos para entrar en un mundo desconocido donde las caricias, los susurros y los olores se perciben con mayor intensidad.<\/li>\n<li>Collar acolchado con correa&#8230; Nunca obedecer o ser castigados os resultar\u00e1 tan satisfactorio<\/li>\n<li>Pinzas para los pezones&#8230; para las mas atrevidas<\/li>\n<\/ul>\n<p>Recordad que el BDSM, como pr\u00e1ctica er\u00f3tica, se apoya siempre en el consentimiento de los participantes&#8230; <strong>\u00a1todo con mucho cari\u00f1ito! \u00a1No esper\u00e9is m\u00e1s!<\/strong><\/p>\n","protected":false},"excerpt":{"rendered":"<p>SET BONDAGE 8 PIEZAS MORADO Por fin todo lo que quer\u00edais probar en relaci\u00f3n al BDSM en este set de<\/p>\n","protected":false},"featured_media":52237,"comment_status":"open","ping_status":"open","template":"","meta":[],"product_cat":[333],"product_tag":[716,564],"class_list":["post-52236","product","type-product","status-publish","has-post-thumbnail","hentry","product_cat-kits-bdsm","product_tag-secret-accessories","product_tag-secret-play"],"bundled_by":[],"bundle_stock_status":"instock","bundle_stock_quantity":10,"bundle_virtual":false,"bundle_layout":"","bundle_add_to_cart_form_location":"","bundle_editable_in_cart":false,"bundle_sold_individually_context":"","bundle_item_grouping":"","bundle_min_size":"","bundle_max_size":"","bundled_items":[],"yoast_head":"<!-- This site is optimized with the Yoast SEO plugin v20.6 - https:\/\/yoast.com\/wordpress\/plugins\/seo\/ -->\n<title>SET BONDAGE 8 PIEZAS MORADO - Tienda Er\u00f3tica<\/title>\n<meta name=\"robots\" content=\"noindex, follow, max-snippet:-1, max-image-preview:large, max-video-preview:-1\" \/>\n<meta property=\"og:locale\" content=\"es_ES\" \/>\n<meta property=\"og:type\" content=\"article\" \/>\n<meta property=\"og:title\" content=\"SET BONDAGE 8 PIEZAS MORADO - Tienda Er\u00f3tica\" \/>\n<meta property=\"og:description\" content=\"SET BONDAGE 8 PIEZAS MORADO Por fin todo lo que quer\u00edais probar en relaci\u00f3n al BDSM en este set de\" \/>\n<meta property=\"og:url\" content=\"https:\/\/demoweb.info\/sexshop001\/producto\/set-bondage-8-piezas-morado\/\" \/>\n<meta property=\"og:site_name\" content=\"Tienda Er\u00f3tica\" \/>\n<meta property=\"og:image\" content=\"https:\/\/demoweb.info\/sexshop001\/wp-content\/uploads\/2022\/01\/SET-BONDAGE-8-PIEZAS-MORADO.jpg\" \/>\n\t<meta property=\"og:image:width\" content=\"550\" \/>\n\t<meta property=\"og:image:height\" content=\"550\" \/>\n\t<meta property=\"og:image:type\" content=\"image\/jpeg\" \/>\n<meta name=\"twitter:card\" content=\"summary_large_image\" \/>\n<meta name=\"twitter:label1\" content=\"Tiempo de lectura\" \/>\n\t<meta name=\"twitter:data1\" content=\"1 minuto\" \/>\n<script type=\"application\/ld+json\" class=\"yoast-schema-graph\">{\"@context\":\"https:\/\/schema.org\",\"@graph\":[{\"@type\":\"WebPage\",\"@id\":\"https:\/\/demoweb.info\/sexshop001\/producto\/set-bondage-8-piezas-morado\/\",\"url\":\"https:\/\/demoweb.info\/sexshop001\/producto\/set-bondage-8-piezas-morado\/\",\"name\":\"SET BONDAGE 8 PIEZAS MORADO - Tienda Er\u00f3tica\",\"isPartOf\":{\"@id\":\"https:\/\/demoweb.info\/sexshop001\/#website\"},\"datePublished\":\"2022-01-22T15:25:02+00:00\",\"dateModified\":\"2022-01-22T15:25:02+00:00\",\"breadcrumb\":{\"@id\":\"https:\/\/demoweb.info\/sexshop001\/producto\/set-bondage-8-piezas-morado\/#breadcrumb\"},\"inLanguage\":\"es\",\"potentialAction\":[{\"@type\":\"ReadAction\",\"target\":[\"https:\/\/demoweb.info\/sexshop001\/producto\/set-bondage-8-piezas-morado\/\"]}]},{\"@type\":\"BreadcrumbList\",\"@id\":\"https:\/\/demoweb.info\/sexshop001\/producto\/set-bondage-8-piezas-morado\/#breadcrumb\",\"itemListElement\":[{\"@type\":\"ListItem\",\"position\":1,\"name\":\"Portada\",\"item\":\"https:\/\/demoweb.info\/sexshop001\/\"},{\"@type\":\"ListItem\",\"position\":2,\"name\":\"Tienda\",\"item\":\"https:\/\/demoweb.info\/sexshop001\/tienda\/\"},{\"@type\":\"ListItem\",\"position\":3,\"name\":\"SET BONDAGE 8 PIEZAS MORADO\"}]},{\"@type\":\"WebSite\",\"@id\":\"https:\/\/demoweb.info\/sexshop001\/#website\",\"url\":\"https:\/\/demoweb.info\/sexshop001\/\",\"name\":\"Tienda Er\u00f3tica\",\"description\":\"DEMOWEB SL\",\"potentialAction\":[{\"@type\":\"SearchAction\",\"target\":{\"@type\":\"EntryPoint\",\"urlTemplate\":\"https:\/\/demoweb.info\/sexshop001\/?s={search_term_string}\"},\"query-input\":\"required name=search_term_string\"}],\"inLanguage\":\"es\"}]}<\/script>\n<!-- \/ Yoast SEO plugin. -->","yoast_head_json":{"title":"SET BONDAGE 8 PIEZAS MORADO - Tienda Er\u00f3tica","robots":{"index":"noindex","follow":"follow","max-snippet":"max-snippet:-1","max-image-preview":"max-image-preview:large","max-video-preview":"max-video-preview:-1"},"og_locale":"es_ES","og_type":"article","og_title":"SET BONDAGE 8 PIEZAS MORADO - Tienda Er\u00f3tica","og_description":"SET BONDAGE 8 PIEZAS MORADO Por fin todo lo que quer\u00edais probar en relaci\u00f3n al BDSM en este set de","og_url":"https:\/\/demoweb.info\/sexshop001\/producto\/set-bondage-8-piezas-morado\/","og_site_name":"Tienda Er\u00f3tica","og_image":[{"width":550,"height":550,"url":"https:\/\/demoweb.info\/sexshop001\/wp-content\/uploads\/2022\/01\/SET-BONDAGE-8-PIEZAS-MORADO.jpg","type":"image\/jpeg"}],"twitter_card":"summary_large_image","twitter_misc":{"Tiempo de lectura":"1 minuto"},"schema":{"@context":"https:\/\/schema.org","@graph":[{"@type":"WebPage","@id":"https:\/\/demoweb.info\/sexshop001\/producto\/set-bondage-8-piezas-morado\/","url":"https:\/\/demoweb.info\/sexshop001\/producto\/set-bondage-8-piezas-morado\/","name":"SET BONDAGE 8 PIEZAS MORADO - Tienda Er\u00f3tica","isPartOf":{"@id":"https:\/\/demoweb.info\/sexshop001\/#website"},"datePublished":"2022-01-22T15:25:02+00:00","dateModified":"2022-01-22T15:25:02+00:00","breadcrumb":{"@id":"https:\/\/demoweb.info\/sexshop001\/producto\/set-bondage-8-piezas-morado\/#breadcrumb"},"inLanguage":"es","potentialAction":[{"@type":"ReadAction","target":["https:\/\/demoweb.info\/sexshop001\/producto\/set-bondage-8-piezas-morado\/"]}]},{"@type":"BreadcrumbList","@id":"https:\/\/demoweb.info\/sexshop001\/producto\/set-bondage-8-piezas-morado\/#breadcrumb","itemListElement":[{"@type":"ListItem","position":1,"name":"Portada","item":"https:\/\/demoweb.info\/sexshop001\/"},{"@type":"ListItem","position":2,"name":"Tienda","item":"https:\/\/demoweb.info\/sexshop001\/tienda\/"},{"@type":"ListItem","position":3,"name":"SET BONDAGE 8 PIEZAS MORADO"}]},{"@type":"WebSite","@id":"https:\/\/demoweb.info\/sexshop001\/#website","url":"https:\/\/demoweb.info\/sexshop001\/","name":"Tienda Er\u00f3tica","description":"DEMOWEB SL","potentialAction":[{"@type":"SearchAction","target":{"@type":"EntryPoint","urlTemplate":"https:\/\/demoweb.info\/sexshop001\/?s={search_term_string}"},"query-input":"required name=search_term_string"}],"inLanguage":"es"}]}},"_links":{"self":[{"href":"https:\/\/demoweb.info\/sexshop001\/wp-json\/wp\/v3\/product\/52236","targetHints":{"allow":["GET"]}}],"collection":[{"href":"https:\/\/demoweb.info\/sexshop001\/wp-json\/wp\/v3\/product"}],"about":[{"href":"https:\/\/demoweb.info\/sexshop001\/wp-json\/wp\/v2\/types\/product"}],"replies":[{"embeddable":true,"href":"https:\/\/demoweb.info\/sexshop001\/wp-json\/wp\/v2\/comments?post=52236"}],"wp:featuredmedia":[{"embeddable":true,"href":"https:\/\/demoweb.info\/sexshop001\/wp-json\/wp\/v2\/media\/52237"}],"wp:attachment":[{"href":"https:\/\/demoweb.info\/sexshop001\/wp-json\/wp\/v2\/media?parent=52236"}],"wp:term":[{"taxonomy":"product_cat","embeddable":true,"href":"https:\/\/demoweb.info\/sexshop001\/wp-json\/wp\/v2\/product_cat?post=52236"},{"taxonomy":"product_tag","embeddable":true,"href":"https:\/\/demoweb.info\/sexshop001\/wp-json\/wp\/v2\/product_tag?post=52236"}],"curies":[{"name":"wp","href":"https:\/\/api.w.org\/{rel}","templated":true}]}}