{"id":52139,"date":"2022-01-22T16:23:44","date_gmt":"2022-01-22T15:23:44","guid":{"rendered":"https:\/\/demoweb.info\/sexshop001\/producto\/basile-bala-vibradora-negro\/"},"modified":"2022-01-22T16:23:53","modified_gmt":"2022-01-22T15:23:53","slug":"basile-bala-vibradora-negro","status":"publish","type":"product","link":"https:\/\/demoweb.info\/sexshop001\/producto\/basile-bala-vibradora-negro\/","title":{"rendered":"BASILE BALA VIBRADORA &#8211; NEGRO"},"content":{"rendered":"<p><strong>BASILE BULLET VIBRATOR &#8211; BLACK<\/strong><\/p>\n<p>Cuando tu \u201cdedo\u201d necesita un poco de ayuda y apoyo, este elegante vibrador para el dedo, \u00a1est\u00e1 preparado para echarte una mano! Fabricado 100% de suave silicona y con una bala vibradora de 10 velocidades, este juguete llegar\u00e1 a una impresionante velocidad de 11.000 rpm, para asegurse de que la satisfacci\u00f3n sea garant\u00eda.<\/p>\n<p>El ultra m\u00ednimo ruido, de menos de 60 dB y su dise\u00f1o ergon\u00f3mico, hace que este juguete sea muy discreto y agradable a la vista.<\/p>\n<p>Caracter\u00edsticas:<\/p>\n<ul>\n<li>Medidas: 8,6 x 3,50 cm<\/li>\n<li>Material: ABS, Silicona<\/li>\n<li>Resistente al agua<\/li>\n<li>Sin phalatos<\/li>\n<li>Pilas: incl. &#8211; 3x LR44<\/li>\n<\/ul>\n","protected":false},"excerpt":{"rendered":"<p>BASILE BULLET VIBRATOR &#8211; BLACK Cuando tu \u201cdedo\u201d necesita un poco de ayuda y apoyo, este elegante vibrador para el<\/p>\n","protected":false},"featured_media":52140,"comment_status":"open","ping_status":"open","template":"","meta":[],"product_cat":[552],"product_tag":[302,321],"class_list":["post-52139","product","type-product","status-publish","has-post-thumbnail","hentry","product_cat-dedales","product_tag-shots","product_tag-simplicity"],"bundled_by":[],"bundle_stock_status":"instock","bundle_stock_quantity":7,"bundle_virtual":false,"bundle_layout":"","bundle_add_to_cart_form_location":"","bundle_editable_in_cart":false,"bundle_sold_individually_context":"","bundle_item_grouping":"","bundle_min_size":"","bundle_max_size":"","bundled_items":[],"yoast_head":"<!-- This site is optimized with the Yoast SEO plugin v20.6 - https:\/\/yoast.com\/wordpress\/plugins\/seo\/ -->\n<title>BASILE BALA VIBRADORA - NEGRO - Tienda Er\u00f3tica<\/title>\n<meta name=\"robots\" content=\"noindex, follow, max-snippet:-1, max-image-preview:large, max-video-preview:-1\" \/>\n<meta property=\"og:locale\" content=\"es_ES\" \/>\n<meta property=\"og:type\" content=\"article\" \/>\n<meta property=\"og:title\" content=\"BASILE BALA VIBRADORA - NEGRO - Tienda Er\u00f3tica\" \/>\n<meta property=\"og:description\" content=\"BASILE BULLET VIBRATOR &#8211; BLACK Cuando tu \u201cdedo\u201d necesita un poco de ayuda y apoyo, este elegante vibrador para el\" \/>\n<meta property=\"og:url\" content=\"https:\/\/demoweb.info\/sexshop001\/producto\/basile-bala-vibradora-negro\/\" \/>\n<meta property=\"og:site_name\" content=\"Tienda Er\u00f3tica\" \/>\n<meta property=\"article:modified_time\" content=\"2022-01-22T15:23:53+00:00\" \/>\n<meta property=\"og:image\" content=\"https:\/\/demoweb.info\/sexshop001\/wp-content\/uploads\/2022\/01\/BASILE-BALA-VIBRADORA-NEGRO.jpg\" \/>\n\t<meta property=\"og:image:width\" content=\"550\" \/>\n\t<meta property=\"og:image:height\" content=\"550\" \/>\n\t<meta property=\"og:image:type\" content=\"image\/jpeg\" \/>\n<meta name=\"twitter:card\" content=\"summary_large_image\" \/>\n<meta name=\"twitter:label1\" content=\"Tiempo de lectura\" \/>\n\t<meta name=\"twitter:data1\" content=\"1 minuto\" \/>\n<script type=\"application\/ld+json\" class=\"yoast-schema-graph\">{\"@context\":\"https:\/\/schema.org\",\"@graph\":[{\"@type\":\"WebPage\",\"@id\":\"https:\/\/demoweb.info\/sexshop001\/producto\/basile-bala-vibradora-negro\/\",\"url\":\"https:\/\/demoweb.info\/sexshop001\/producto\/basile-bala-vibradora-negro\/\",\"name\":\"BASILE BALA VIBRADORA - NEGRO - Tienda Er\u00f3tica\",\"isPartOf\":{\"@id\":\"https:\/\/demoweb.info\/sexshop001\/#website\"},\"datePublished\":\"2022-01-22T15:23:44+00:00\",\"dateModified\":\"2022-01-22T15:23:53+00:00\",\"breadcrumb\":{\"@id\":\"https:\/\/demoweb.info\/sexshop001\/producto\/basile-bala-vibradora-negro\/#breadcrumb\"},\"inLanguage\":\"es\",\"potentialAction\":[{\"@type\":\"ReadAction\",\"target\":[\"https:\/\/demoweb.info\/sexshop001\/producto\/basile-bala-vibradora-negro\/\"]}]},{\"@type\":\"BreadcrumbList\",\"@id\":\"https:\/\/demoweb.info\/sexshop001\/producto\/basile-bala-vibradora-negro\/#breadcrumb\",\"itemListElement\":[{\"@type\":\"ListItem\",\"position\":1,\"name\":\"Portada\",\"item\":\"https:\/\/demoweb.info\/sexshop001\/\"},{\"@type\":\"ListItem\",\"position\":2,\"name\":\"Tienda\",\"item\":\"https:\/\/demoweb.info\/sexshop001\/tienda\/\"},{\"@type\":\"ListItem\",\"position\":3,\"name\":\"BASILE BALA VIBRADORA &#8211; NEGRO\"}]},{\"@type\":\"WebSite\",\"@id\":\"https:\/\/demoweb.info\/sexshop001\/#website\",\"url\":\"https:\/\/demoweb.info\/sexshop001\/\",\"name\":\"Tienda Er\u00f3tica\",\"description\":\"DEMOWEB SL\",\"potentialAction\":[{\"@type\":\"SearchAction\",\"target\":{\"@type\":\"EntryPoint\",\"urlTemplate\":\"https:\/\/demoweb.info\/sexshop001\/?s={search_term_string}\"},\"query-input\":\"required name=search_term_string\"}],\"inLanguage\":\"es\"}]}<\/script>\n<!-- \/ Yoast SEO plugin. -->","yoast_head_json":{"title":"BASILE BALA VIBRADORA - NEGRO - Tienda Er\u00f3tica","robots":{"index":"noindex","follow":"follow","max-snippet":"max-snippet:-1","max-image-preview":"max-image-preview:large","max-video-preview":"max-video-preview:-1"},"og_locale":"es_ES","og_type":"article","og_title":"BASILE BALA VIBRADORA - NEGRO - Tienda Er\u00f3tica","og_description":"BASILE BULLET VIBRATOR &#8211; BLACK Cuando tu \u201cdedo\u201d necesita un poco de ayuda y apoyo, este elegante vibrador para el","og_url":"https:\/\/demoweb.info\/sexshop001\/producto\/basile-bala-vibradora-negro\/","og_site_name":"Tienda Er\u00f3tica","article_modified_time":"2022-01-22T15:23:53+00:00","og_image":[{"width":550,"height":550,"url":"https:\/\/demoweb.info\/sexshop001\/wp-content\/uploads\/2022\/01\/BASILE-BALA-VIBRADORA-NEGRO.jpg","type":"image\/jpeg"}],"twitter_card":"summary_large_image","twitter_misc":{"Tiempo de lectura":"1 minuto"},"schema":{"@context":"https:\/\/schema.org","@graph":[{"@type":"WebPage","@id":"https:\/\/demoweb.info\/sexshop001\/producto\/basile-bala-vibradora-negro\/","url":"https:\/\/demoweb.info\/sexshop001\/producto\/basile-bala-vibradora-negro\/","name":"BASILE BALA VIBRADORA - NEGRO - Tienda Er\u00f3tica","isPartOf":{"@id":"https:\/\/demoweb.info\/sexshop001\/#website"},"datePublished":"2022-01-22T15:23:44+00:00","dateModified":"2022-01-22T15:23:53+00:00","breadcrumb":{"@id":"https:\/\/demoweb.info\/sexshop001\/producto\/basile-bala-vibradora-negro\/#breadcrumb"},"inLanguage":"es","potentialAction":[{"@type":"ReadAction","target":["https:\/\/demoweb.info\/sexshop001\/producto\/basile-bala-vibradora-negro\/"]}]},{"@type":"BreadcrumbList","@id":"https:\/\/demoweb.info\/sexshop001\/producto\/basile-bala-vibradora-negro\/#breadcrumb","itemListElement":[{"@type":"ListItem","position":1,"name":"Portada","item":"https:\/\/demoweb.info\/sexshop001\/"},{"@type":"ListItem","position":2,"name":"Tienda","item":"https:\/\/demoweb.info\/sexshop001\/tienda\/"},{"@type":"ListItem","position":3,"name":"BASILE BALA VIBRADORA &#8211; NEGRO"}]},{"@type":"WebSite","@id":"https:\/\/demoweb.info\/sexshop001\/#website","url":"https:\/\/demoweb.info\/sexshop001\/","name":"Tienda Er\u00f3tica","description":"DEMOWEB SL","potentialAction":[{"@type":"SearchAction","target":{"@type":"EntryPoint","urlTemplate":"https:\/\/demoweb.info\/sexshop001\/?s={search_term_string}"},"query-input":"required name=search_term_string"}],"inLanguage":"es"}]}},"_links":{"self":[{"href":"https:\/\/demoweb.info\/sexshop001\/wp-json\/wp\/v3\/product\/52139","targetHints":{"allow":["GET"]}}],"collection":[{"href":"https:\/\/demoweb.info\/sexshop001\/wp-json\/wp\/v3\/product"}],"about":[{"href":"https:\/\/demoweb.info\/sexshop001\/wp-json\/wp\/v2\/types\/product"}],"replies":[{"embeddable":true,"href":"https:\/\/demoweb.info\/sexshop001\/wp-json\/wp\/v2\/comments?post=52139"}],"wp:featuredmedia":[{"embeddable":true,"href":"https:\/\/demoweb.info\/sexshop001\/wp-json\/wp\/v2\/media\/52140"}],"wp:attachment":[{"href":"https:\/\/demoweb.info\/sexshop001\/wp-json\/wp\/v2\/media?parent=52139"}],"wp:term":[{"taxonomy":"product_cat","embeddable":true,"href":"https:\/\/demoweb.info\/sexshop001\/wp-json\/wp\/v2\/product_cat?post=52139"},{"taxonomy":"product_tag","embeddable":true,"href":"https:\/\/demoweb.info\/sexshop001\/wp-json\/wp\/v2\/product_tag?post=52139"}],"curies":[{"name":"wp","href":"https:\/\/api.w.org\/{rel}","templated":true}]}}