{"id":52120,"date":"2022-01-22T16:23:18","date_gmt":"2022-01-22T15:23:18","guid":{"rendered":"https:\/\/demoweb.info\/sexshop001\/producto\/baron-anillo-vibrador-negro\/"},"modified":"2022-01-22T16:23:40","modified_gmt":"2022-01-22T15:23:40","slug":"baron-anillo-vibrador-negro","status":"publish","type":"product","link":"https:\/\/demoweb.info\/sexshop001\/producto\/baron-anillo-vibrador-negro\/","title":{"rendered":"BARON ANILLO VIBRADOR &#8211; NEGRO"},"content":{"rendered":"<p><strong>BARON VIBRATING COCKRING &#8211; BLACK<\/strong><\/p>\n<p>Este anillo para el pene de silicona te har\u00e1 apuntar directamente al coraz\u00f3n de tu amante.<\/p>\n<p>Con una fuerte bala vibradora con una velocidad de 11.000 rpm, \u00a1hacer el amor nunca ser\u00e1 lo mismo!. El ultra m\u00ednimo ruido, de menos de 60 dB hace que este juguete sea muy discreto y agradable a la vista.<\/p>\n<p>Dispone de 10 modos distintos de vibraci\u00f3n y es resistente al agua para que puedas usarlo tambi\u00e9n en la ducha.<\/p>\n<p>Caracter\u00edsticas:<\/p>\n<ul>\n<li>Medidas: 7 x 6,20 cm<\/li>\n<li>Material: ABS, Silicona<\/li>\n<li>Pilas: incl. &#8211; 3x LR44<\/li>\n<\/ul>\n","protected":false},"excerpt":{"rendered":"<p>BARON VIBRATING COCKRING &#8211; BLACK Este anillo para el pene de silicona te har\u00e1 apuntar directamente al coraz\u00f3n de tu<\/p>\n","protected":false},"featured_media":52121,"comment_status":"open","ping_status":"open","template":"","meta":[],"product_cat":[323],"product_tag":[302,321],"class_list":["post-52120","product","type-product","status-publish","has-post-thumbnail","hentry","product_cat-silicona-anillos","product_tag-shots","product_tag-simplicity"],"bundled_by":[],"bundle_stock_status":"instock","bundle_stock_quantity":1,"bundle_virtual":false,"bundle_layout":"","bundle_add_to_cart_form_location":"","bundle_editable_in_cart":false,"bundle_sold_individually_context":"","bundle_item_grouping":"","bundle_min_size":"","bundle_max_size":"","bundled_items":[],"yoast_head":"<!-- This site is optimized with the Yoast SEO plugin v20.6 - https:\/\/yoast.com\/wordpress\/plugins\/seo\/ -->\n<title>BARON ANILLO VIBRADOR - NEGRO - Tienda Er\u00f3tica<\/title>\n<meta name=\"robots\" content=\"noindex, follow, max-snippet:-1, max-image-preview:large, max-video-preview:-1\" \/>\n<meta property=\"og:locale\" content=\"es_ES\" \/>\n<meta property=\"og:type\" content=\"article\" \/>\n<meta property=\"og:title\" content=\"BARON ANILLO VIBRADOR - NEGRO - Tienda Er\u00f3tica\" \/>\n<meta property=\"og:description\" content=\"BARON VIBRATING COCKRING &#8211; BLACK Este anillo para el pene de silicona te har\u00e1 apuntar directamente al coraz\u00f3n de tu\" \/>\n<meta property=\"og:url\" content=\"https:\/\/demoweb.info\/sexshop001\/producto\/baron-anillo-vibrador-negro\/\" \/>\n<meta property=\"og:site_name\" content=\"Tienda Er\u00f3tica\" \/>\n<meta property=\"article:modified_time\" content=\"2022-01-22T15:23:40+00:00\" \/>\n<meta property=\"og:image\" content=\"https:\/\/demoweb.info\/sexshop001\/wp-content\/uploads\/2022\/01\/BARON-ANILLO-VIBRADOR-NEGRO.jpg\" \/>\n\t<meta property=\"og:image:width\" content=\"550\" \/>\n\t<meta property=\"og:image:height\" content=\"550\" \/>\n\t<meta property=\"og:image:type\" content=\"image\/jpeg\" \/>\n<meta name=\"twitter:card\" content=\"summary_large_image\" \/>\n<script type=\"application\/ld+json\" class=\"yoast-schema-graph\">{\"@context\":\"https:\/\/schema.org\",\"@graph\":[{\"@type\":\"WebPage\",\"@id\":\"https:\/\/demoweb.info\/sexshop001\/producto\/baron-anillo-vibrador-negro\/\",\"url\":\"https:\/\/demoweb.info\/sexshop001\/producto\/baron-anillo-vibrador-negro\/\",\"name\":\"BARON ANILLO VIBRADOR - NEGRO - Tienda Er\u00f3tica\",\"isPartOf\":{\"@id\":\"https:\/\/demoweb.info\/sexshop001\/#website\"},\"datePublished\":\"2022-01-22T15:23:18+00:00\",\"dateModified\":\"2022-01-22T15:23:40+00:00\",\"breadcrumb\":{\"@id\":\"https:\/\/demoweb.info\/sexshop001\/producto\/baron-anillo-vibrador-negro\/#breadcrumb\"},\"inLanguage\":\"es\",\"potentialAction\":[{\"@type\":\"ReadAction\",\"target\":[\"https:\/\/demoweb.info\/sexshop001\/producto\/baron-anillo-vibrador-negro\/\"]}]},{\"@type\":\"BreadcrumbList\",\"@id\":\"https:\/\/demoweb.info\/sexshop001\/producto\/baron-anillo-vibrador-negro\/#breadcrumb\",\"itemListElement\":[{\"@type\":\"ListItem\",\"position\":1,\"name\":\"Portada\",\"item\":\"https:\/\/demoweb.info\/sexshop001\/\"},{\"@type\":\"ListItem\",\"position\":2,\"name\":\"Tienda\",\"item\":\"https:\/\/demoweb.info\/sexshop001\/tienda\/\"},{\"@type\":\"ListItem\",\"position\":3,\"name\":\"BARON ANILLO VIBRADOR &#8211; NEGRO\"}]},{\"@type\":\"WebSite\",\"@id\":\"https:\/\/demoweb.info\/sexshop001\/#website\",\"url\":\"https:\/\/demoweb.info\/sexshop001\/\",\"name\":\"Tienda Er\u00f3tica\",\"description\":\"DEMOWEB SL\",\"potentialAction\":[{\"@type\":\"SearchAction\",\"target\":{\"@type\":\"EntryPoint\",\"urlTemplate\":\"https:\/\/demoweb.info\/sexshop001\/?s={search_term_string}\"},\"query-input\":\"required name=search_term_string\"}],\"inLanguage\":\"es\"}]}<\/script>\n<!-- \/ Yoast SEO plugin. -->","yoast_head_json":{"title":"BARON ANILLO VIBRADOR - NEGRO - Tienda Er\u00f3tica","robots":{"index":"noindex","follow":"follow","max-snippet":"max-snippet:-1","max-image-preview":"max-image-preview:large","max-video-preview":"max-video-preview:-1"},"og_locale":"es_ES","og_type":"article","og_title":"BARON ANILLO VIBRADOR - NEGRO - Tienda Er\u00f3tica","og_description":"BARON VIBRATING COCKRING &#8211; BLACK Este anillo para el pene de silicona te har\u00e1 apuntar directamente al coraz\u00f3n de tu","og_url":"https:\/\/demoweb.info\/sexshop001\/producto\/baron-anillo-vibrador-negro\/","og_site_name":"Tienda Er\u00f3tica","article_modified_time":"2022-01-22T15:23:40+00:00","og_image":[{"width":550,"height":550,"url":"https:\/\/demoweb.info\/sexshop001\/wp-content\/uploads\/2022\/01\/BARON-ANILLO-VIBRADOR-NEGRO.jpg","type":"image\/jpeg"}],"twitter_card":"summary_large_image","schema":{"@context":"https:\/\/schema.org","@graph":[{"@type":"WebPage","@id":"https:\/\/demoweb.info\/sexshop001\/producto\/baron-anillo-vibrador-negro\/","url":"https:\/\/demoweb.info\/sexshop001\/producto\/baron-anillo-vibrador-negro\/","name":"BARON ANILLO VIBRADOR - NEGRO - Tienda Er\u00f3tica","isPartOf":{"@id":"https:\/\/demoweb.info\/sexshop001\/#website"},"datePublished":"2022-01-22T15:23:18+00:00","dateModified":"2022-01-22T15:23:40+00:00","breadcrumb":{"@id":"https:\/\/demoweb.info\/sexshop001\/producto\/baron-anillo-vibrador-negro\/#breadcrumb"},"inLanguage":"es","potentialAction":[{"@type":"ReadAction","target":["https:\/\/demoweb.info\/sexshop001\/producto\/baron-anillo-vibrador-negro\/"]}]},{"@type":"BreadcrumbList","@id":"https:\/\/demoweb.info\/sexshop001\/producto\/baron-anillo-vibrador-negro\/#breadcrumb","itemListElement":[{"@type":"ListItem","position":1,"name":"Portada","item":"https:\/\/demoweb.info\/sexshop001\/"},{"@type":"ListItem","position":2,"name":"Tienda","item":"https:\/\/demoweb.info\/sexshop001\/tienda\/"},{"@type":"ListItem","position":3,"name":"BARON ANILLO VIBRADOR &#8211; NEGRO"}]},{"@type":"WebSite","@id":"https:\/\/demoweb.info\/sexshop001\/#website","url":"https:\/\/demoweb.info\/sexshop001\/","name":"Tienda Er\u00f3tica","description":"DEMOWEB SL","potentialAction":[{"@type":"SearchAction","target":{"@type":"EntryPoint","urlTemplate":"https:\/\/demoweb.info\/sexshop001\/?s={search_term_string}"},"query-input":"required name=search_term_string"}],"inLanguage":"es"}]}},"_links":{"self":[{"href":"https:\/\/demoweb.info\/sexshop001\/wp-json\/wp\/v3\/product\/52120","targetHints":{"allow":["GET"]}}],"collection":[{"href":"https:\/\/demoweb.info\/sexshop001\/wp-json\/wp\/v3\/product"}],"about":[{"href":"https:\/\/demoweb.info\/sexshop001\/wp-json\/wp\/v2\/types\/product"}],"replies":[{"embeddable":true,"href":"https:\/\/demoweb.info\/sexshop001\/wp-json\/wp\/v2\/comments?post=52120"}],"wp:featuredmedia":[{"embeddable":true,"href":"https:\/\/demoweb.info\/sexshop001\/wp-json\/wp\/v2\/media\/52121"}],"wp:attachment":[{"href":"https:\/\/demoweb.info\/sexshop001\/wp-json\/wp\/v2\/media?parent=52120"}],"wp:term":[{"taxonomy":"product_cat","embeddable":true,"href":"https:\/\/demoweb.info\/sexshop001\/wp-json\/wp\/v2\/product_cat?post=52120"},{"taxonomy":"product_tag","embeddable":true,"href":"https:\/\/demoweb.info\/sexshop001\/wp-json\/wp\/v2\/product_tag?post=52120"}],"curies":[{"name":"wp","href":"https:\/\/api.w.org\/{rel}","templated":true}]}}