{"id":52043,"date":"2022-01-22T16:22:39","date_gmt":"2022-01-22T15:22:39","guid":{"rendered":"https:\/\/demoweb.info\/sexshop001\/producto\/keira-morado\/"},"modified":"2022-01-22T16:22:48","modified_gmt":"2022-01-22T15:22:48","slug":"keira-morado","status":"publish","type":"product","link":"https:\/\/demoweb.info\/sexshop001\/producto\/keira-morado\/","title":{"rendered":"KEIRA &#8211; MORADO"},"content":{"rendered":"<p><strong>KEIRA &#8211; PURPLE<\/strong><\/p>\n<p><em>J\u00ecl te har\u00e1 sentir m\u00e1s sensual que nunca.<\/em> Keira es un vibrador para parejas con forma de conejo muy eficaz que ha sido dise\u00f1ado con la m\u00e1xima precisi\u00f3n para satisfacer todos tus deseos. Hemos utilizado una nueva tecnolog\u00eda para desarrollar este juguete sexual con silicona de grado m\u00e9dico, confiriendo a Keira suavidad y una flexibilidad ilimitada para adaptarse a la perfecci\u00f3n a tu cuerpo.<\/p>\n<p>Los dos supersilenciosos motores de 10 velocidades proporcionan una placentera estimulaci\u00f3n del cl\u00edtoris y de la vagina incluso en las zonas m\u00e1s profundas. Adem\u00e1s, es posible accionar los botones con una sola mano. Cuando tu pareja y t\u00fa hay\u00e1is terminado, con\u00e9ctalo al cargador USB incluido en el envase. El primer contacto ser\u00e1 suficiente para rendirte a la calidez que desprende este juguete sexual. <em>\u00a1Permite que J\u00ecl forme parte de tu vida y deja que te demuestre su cari\u00f1o!<\/em><\/p>\n<p>Caracter\u00edsticas:<br \/>\n&#8211; Rotaciones por minuto: 8300 RPM<br \/>\n&#8211; Velocidades: 10<br \/>\n&#8211; Nivel de ruido: 50dB<br \/>\n&#8211; Longitud Total: 21,3 cm<br \/>\n&#8211; Longitud Insertable: 11,5 cm<br \/>\n&#8211; Ancho (m\u00e1x): 3,5 cm<br \/>\n&#8211; Ancho insertable: 2,7 cm<br \/>\n&#8211; Profundidad Total: 5,1 cm<br \/>\n&#8211; Profundidad Insertable: 2,4 cm<br \/>\n&#8211; Material: Medical Grade Silicone<br \/>\n&#8211; Recargable con USB.<br \/>\n&#8211; Tiempo de carga de la bater\u00eda: 150 minutos<br \/>\n&#8211; Duraci\u00f3n de la bater\u00eda: 60 minutos<br \/>\n&#8211; Sumergible.<\/p>\n","protected":false},"excerpt":{"rendered":"<p>KEIRA &#8211; PURPLE J\u00ecl te har\u00e1 sentir m\u00e1s sensual que nunca. Keira es un vibrador para parejas con forma de<\/p>\n","protected":false},"featured_media":52044,"comment_status":"open","ping_status":"open","template":"","meta":[],"product_cat":[434],"product_tag":[1514,302],"class_list":["post-52043","product","type-product","status-publish","has-post-thumbnail","hentry","product_cat-doble-estimulacion-vibradores-juguetes-xxx","product_tag-jil","product_tag-shots"],"bundled_by":[],"bundle_stock_status":"instock","bundle_stock_quantity":2,"bundle_virtual":false,"bundle_layout":"","bundle_add_to_cart_form_location":"","bundle_editable_in_cart":false,"bundle_sold_individually_context":"","bundle_item_grouping":"","bundle_min_size":"","bundle_max_size":"","bundled_items":[],"yoast_head":"<!-- This site is optimized with the Yoast SEO plugin v20.6 - https:\/\/yoast.com\/wordpress\/plugins\/seo\/ -->\n<title>KEIRA - MORADO - Tienda Er\u00f3tica<\/title>\n<meta name=\"robots\" content=\"noindex, follow, max-snippet:-1, max-image-preview:large, max-video-preview:-1\" \/>\n<meta property=\"og:locale\" content=\"es_ES\" \/>\n<meta property=\"og:type\" content=\"article\" \/>\n<meta property=\"og:title\" content=\"KEIRA - MORADO - Tienda Er\u00f3tica\" \/>\n<meta property=\"og:description\" content=\"KEIRA &#8211; PURPLE J\u00ecl te har\u00e1 sentir m\u00e1s sensual que nunca. Keira es un vibrador para parejas con forma de\" \/>\n<meta property=\"og:url\" content=\"https:\/\/demoweb.info\/sexshop001\/producto\/keira-morado\/\" \/>\n<meta property=\"og:site_name\" content=\"Tienda Er\u00f3tica\" \/>\n<meta property=\"article:modified_time\" content=\"2022-01-22T15:22:48+00:00\" \/>\n<meta property=\"og:image\" content=\"https:\/\/demoweb.info\/sexshop001\/wp-content\/uploads\/2022\/01\/KEIRA-MORADO.jpg\" \/>\n\t<meta property=\"og:image:width\" content=\"550\" \/>\n\t<meta property=\"og:image:height\" content=\"550\" \/>\n\t<meta property=\"og:image:type\" content=\"image\/jpeg\" \/>\n<meta name=\"twitter:card\" content=\"summary_large_image\" \/>\n<meta name=\"twitter:label1\" content=\"Tiempo de lectura\" \/>\n\t<meta name=\"twitter:data1\" content=\"1 minuto\" \/>\n<script type=\"application\/ld+json\" class=\"yoast-schema-graph\">{\"@context\":\"https:\/\/schema.org\",\"@graph\":[{\"@type\":\"WebPage\",\"@id\":\"https:\/\/demoweb.info\/sexshop001\/producto\/keira-morado\/\",\"url\":\"https:\/\/demoweb.info\/sexshop001\/producto\/keira-morado\/\",\"name\":\"KEIRA - MORADO - Tienda Er\u00f3tica\",\"isPartOf\":{\"@id\":\"https:\/\/demoweb.info\/sexshop001\/#website\"},\"datePublished\":\"2022-01-22T15:22:39+00:00\",\"dateModified\":\"2022-01-22T15:22:48+00:00\",\"breadcrumb\":{\"@id\":\"https:\/\/demoweb.info\/sexshop001\/producto\/keira-morado\/#breadcrumb\"},\"inLanguage\":\"es\",\"potentialAction\":[{\"@type\":\"ReadAction\",\"target\":[\"https:\/\/demoweb.info\/sexshop001\/producto\/keira-morado\/\"]}]},{\"@type\":\"BreadcrumbList\",\"@id\":\"https:\/\/demoweb.info\/sexshop001\/producto\/keira-morado\/#breadcrumb\",\"itemListElement\":[{\"@type\":\"ListItem\",\"position\":1,\"name\":\"Portada\",\"item\":\"https:\/\/demoweb.info\/sexshop001\/\"},{\"@type\":\"ListItem\",\"position\":2,\"name\":\"Tienda\",\"item\":\"https:\/\/demoweb.info\/sexshop001\/tienda\/\"},{\"@type\":\"ListItem\",\"position\":3,\"name\":\"KEIRA &#8211; MORADO\"}]},{\"@type\":\"WebSite\",\"@id\":\"https:\/\/demoweb.info\/sexshop001\/#website\",\"url\":\"https:\/\/demoweb.info\/sexshop001\/\",\"name\":\"Tienda Er\u00f3tica\",\"description\":\"DEMOWEB SL\",\"potentialAction\":[{\"@type\":\"SearchAction\",\"target\":{\"@type\":\"EntryPoint\",\"urlTemplate\":\"https:\/\/demoweb.info\/sexshop001\/?s={search_term_string}\"},\"query-input\":\"required name=search_term_string\"}],\"inLanguage\":\"es\"}]}<\/script>\n<!-- \/ Yoast SEO plugin. -->","yoast_head_json":{"title":"KEIRA - MORADO - Tienda Er\u00f3tica","robots":{"index":"noindex","follow":"follow","max-snippet":"max-snippet:-1","max-image-preview":"max-image-preview:large","max-video-preview":"max-video-preview:-1"},"og_locale":"es_ES","og_type":"article","og_title":"KEIRA - MORADO - Tienda Er\u00f3tica","og_description":"KEIRA &#8211; PURPLE J\u00ecl te har\u00e1 sentir m\u00e1s sensual que nunca. Keira es un vibrador para parejas con forma de","og_url":"https:\/\/demoweb.info\/sexshop001\/producto\/keira-morado\/","og_site_name":"Tienda Er\u00f3tica","article_modified_time":"2022-01-22T15:22:48+00:00","og_image":[{"width":550,"height":550,"url":"https:\/\/demoweb.info\/sexshop001\/wp-content\/uploads\/2022\/01\/KEIRA-MORADO.jpg","type":"image\/jpeg"}],"twitter_card":"summary_large_image","twitter_misc":{"Tiempo de lectura":"1 minuto"},"schema":{"@context":"https:\/\/schema.org","@graph":[{"@type":"WebPage","@id":"https:\/\/demoweb.info\/sexshop001\/producto\/keira-morado\/","url":"https:\/\/demoweb.info\/sexshop001\/producto\/keira-morado\/","name":"KEIRA - MORADO - Tienda Er\u00f3tica","isPartOf":{"@id":"https:\/\/demoweb.info\/sexshop001\/#website"},"datePublished":"2022-01-22T15:22:39+00:00","dateModified":"2022-01-22T15:22:48+00:00","breadcrumb":{"@id":"https:\/\/demoweb.info\/sexshop001\/producto\/keira-morado\/#breadcrumb"},"inLanguage":"es","potentialAction":[{"@type":"ReadAction","target":["https:\/\/demoweb.info\/sexshop001\/producto\/keira-morado\/"]}]},{"@type":"BreadcrumbList","@id":"https:\/\/demoweb.info\/sexshop001\/producto\/keira-morado\/#breadcrumb","itemListElement":[{"@type":"ListItem","position":1,"name":"Portada","item":"https:\/\/demoweb.info\/sexshop001\/"},{"@type":"ListItem","position":2,"name":"Tienda","item":"https:\/\/demoweb.info\/sexshop001\/tienda\/"},{"@type":"ListItem","position":3,"name":"KEIRA &#8211; MORADO"}]},{"@type":"WebSite","@id":"https:\/\/demoweb.info\/sexshop001\/#website","url":"https:\/\/demoweb.info\/sexshop001\/","name":"Tienda Er\u00f3tica","description":"DEMOWEB SL","potentialAction":[{"@type":"SearchAction","target":{"@type":"EntryPoint","urlTemplate":"https:\/\/demoweb.info\/sexshop001\/?s={search_term_string}"},"query-input":"required name=search_term_string"}],"inLanguage":"es"}]}},"_links":{"self":[{"href":"https:\/\/demoweb.info\/sexshop001\/wp-json\/wp\/v3\/product\/52043","targetHints":{"allow":["GET"]}}],"collection":[{"href":"https:\/\/demoweb.info\/sexshop001\/wp-json\/wp\/v3\/product"}],"about":[{"href":"https:\/\/demoweb.info\/sexshop001\/wp-json\/wp\/v2\/types\/product"}],"replies":[{"embeddable":true,"href":"https:\/\/demoweb.info\/sexshop001\/wp-json\/wp\/v2\/comments?post=52043"}],"wp:featuredmedia":[{"embeddable":true,"href":"https:\/\/demoweb.info\/sexshop001\/wp-json\/wp\/v2\/media\/52044"}],"wp:attachment":[{"href":"https:\/\/demoweb.info\/sexshop001\/wp-json\/wp\/v2\/media?parent=52043"}],"wp:term":[{"taxonomy":"product_cat","embeddable":true,"href":"https:\/\/demoweb.info\/sexshop001\/wp-json\/wp\/v2\/product_cat?post=52043"},{"taxonomy":"product_tag","embeddable":true,"href":"https:\/\/demoweb.info\/sexshop001\/wp-json\/wp\/v2\/product_tag?post=52043"}],"curies":[{"name":"wp","href":"https:\/\/api.w.org\/{rel}","templated":true}]}}