{"id":52038,"date":"2022-01-22T16:22:39","date_gmt":"2022-01-22T15:22:39","guid":{"rendered":"https:\/\/demoweb.info\/sexshop001\/producto\/harper-negro\/"},"modified":"2022-01-22T16:22:45","modified_gmt":"2022-01-22T15:22:45","slug":"harper-negro","status":"publish","type":"product","link":"https:\/\/demoweb.info\/sexshop001\/producto\/harper-negro\/","title":{"rendered":"HARPER &#8211; NEGRO"},"content":{"rendered":"<p><strong>HARPER &#8211; BLACK<\/strong><\/p>\n<p><em>J\u00ecl te har\u00e1 sentir m\u00e1s sensual que nunca. <\/em>Harper es un anillo vibrador muy eficaz que ha sido dise\u00f1ado con la m\u00e1xima precisi\u00f3n para satisfacer todos tus deseos. Hemos utilizado una nueva tecnolog\u00eda para desarrollar este juguete sexual con silicona de grado m\u00e9dico, confiriendo a Harper suavidad y una flexibilidad ilimitada para adaptarse a la perfecci\u00f3n a tu cuerpo.<\/p>\n<p>Gracias al supersilencioso motor de 10 velocidades, el extremo superior proporcionar\u00e1 una placentera estimulaci\u00f3n del cl\u00edtoris incluso en las zonas m\u00e1s profundas. Cuando hayas terminado, con\u00e9ctalo al cargador USB incluido en el envase. El primer contacto ser\u00e1 suficiente para rendirte a la calidez que desprende este juguete sexual.<\/p>\n<p><em>\u00a1Permite que J\u00ecl forme parte de tu vida y deja que te demuestre su cari\u00f1o!<\/em><\/p>\n<p>Caracter\u00edsticas:<br \/>\n&#8211; Rotaciones por minuto: 8000 RPM<br \/>\n&#8211; Velocidades: 10<br \/>\n&#8211; Nivel de ruido: 50dB<br \/>\n&#8211; Longuitud Total: 9,35 cm <br \/>\n&#8211; Di\u00e1metro del anillo: 3 cm <br \/>\n&#8211; Circunferencia (m\u00e1ximo): 6,1 cm <br \/>\n&#8211; Profundidad (m\u00e1ximo): 2,9 cm<br \/>\n&#8211; Material: Medical Grade Silicone<br \/>\n&#8211; Recargable con USB.<br \/>\n&#8211; Tiempo de carga de la bater\u00eda: 210 minutos<br \/>\n&#8211; Tiempo de duraci\u00f3n de la bater\u00eda: 60 minutos<br \/>\n&#8211; Sumergible.<\/p>\n","protected":false},"excerpt":{"rendered":"<p>HARPER &#8211; BLACK J\u00ecl te har\u00e1 sentir m\u00e1s sensual que nunca. Harper es un anillo vibrador muy eficaz que ha<\/p>\n","protected":false},"featured_media":52039,"comment_status":"open","ping_status":"open","template":"","meta":[],"product_cat":[438],"product_tag":[1514,302],"class_list":["post-52038","product","type-product","status-publish","has-post-thumbnail","hentry","product_cat-con-vibrador-anillos","product_tag-jil","product_tag-shots"],"bundled_by":[],"bundle_stock_status":"instock","bundle_stock_quantity":4,"bundle_virtual":false,"bundle_layout":"","bundle_add_to_cart_form_location":"","bundle_editable_in_cart":false,"bundle_sold_individually_context":"","bundle_item_grouping":"","bundle_min_size":"","bundle_max_size":"","bundled_items":[],"yoast_head":"<!-- This site is optimized with the Yoast SEO plugin v20.6 - https:\/\/yoast.com\/wordpress\/plugins\/seo\/ -->\n<title>HARPER - NEGRO - Tienda Er\u00f3tica<\/title>\n<meta name=\"robots\" content=\"noindex, follow, max-snippet:-1, max-image-preview:large, max-video-preview:-1\" \/>\n<meta property=\"og:locale\" content=\"es_ES\" \/>\n<meta property=\"og:type\" content=\"article\" \/>\n<meta property=\"og:title\" content=\"HARPER - NEGRO - Tienda Er\u00f3tica\" \/>\n<meta property=\"og:description\" content=\"HARPER &#8211; BLACK J\u00ecl te har\u00e1 sentir m\u00e1s sensual que nunca. Harper es un anillo vibrador muy eficaz que ha\" \/>\n<meta property=\"og:url\" content=\"https:\/\/demoweb.info\/sexshop001\/producto\/harper-negro\/\" \/>\n<meta property=\"og:site_name\" content=\"Tienda Er\u00f3tica\" \/>\n<meta property=\"article:modified_time\" content=\"2022-01-22T15:22:45+00:00\" \/>\n<meta property=\"og:image\" content=\"https:\/\/demoweb.info\/sexshop001\/wp-content\/uploads\/2022\/01\/HARPER-NEGRO.jpg\" \/>\n\t<meta property=\"og:image:width\" content=\"550\" \/>\n\t<meta property=\"og:image:height\" content=\"550\" \/>\n\t<meta property=\"og:image:type\" content=\"image\/jpeg\" \/>\n<meta name=\"twitter:card\" content=\"summary_large_image\" \/>\n<meta name=\"twitter:label1\" content=\"Tiempo de lectura\" \/>\n\t<meta name=\"twitter:data1\" content=\"1 minuto\" \/>\n<script type=\"application\/ld+json\" class=\"yoast-schema-graph\">{\"@context\":\"https:\/\/schema.org\",\"@graph\":[{\"@type\":\"WebPage\",\"@id\":\"https:\/\/demoweb.info\/sexshop001\/producto\/harper-negro\/\",\"url\":\"https:\/\/demoweb.info\/sexshop001\/producto\/harper-negro\/\",\"name\":\"HARPER - NEGRO - Tienda Er\u00f3tica\",\"isPartOf\":{\"@id\":\"https:\/\/demoweb.info\/sexshop001\/#website\"},\"datePublished\":\"2022-01-22T15:22:39+00:00\",\"dateModified\":\"2022-01-22T15:22:45+00:00\",\"breadcrumb\":{\"@id\":\"https:\/\/demoweb.info\/sexshop001\/producto\/harper-negro\/#breadcrumb\"},\"inLanguage\":\"es\",\"potentialAction\":[{\"@type\":\"ReadAction\",\"target\":[\"https:\/\/demoweb.info\/sexshop001\/producto\/harper-negro\/\"]}]},{\"@type\":\"BreadcrumbList\",\"@id\":\"https:\/\/demoweb.info\/sexshop001\/producto\/harper-negro\/#breadcrumb\",\"itemListElement\":[{\"@type\":\"ListItem\",\"position\":1,\"name\":\"Portada\",\"item\":\"https:\/\/demoweb.info\/sexshop001\/\"},{\"@type\":\"ListItem\",\"position\":2,\"name\":\"Tienda\",\"item\":\"https:\/\/demoweb.info\/sexshop001\/tienda\/\"},{\"@type\":\"ListItem\",\"position\":3,\"name\":\"HARPER &#8211; NEGRO\"}]},{\"@type\":\"WebSite\",\"@id\":\"https:\/\/demoweb.info\/sexshop001\/#website\",\"url\":\"https:\/\/demoweb.info\/sexshop001\/\",\"name\":\"Tienda Er\u00f3tica\",\"description\":\"DEMOWEB SL\",\"potentialAction\":[{\"@type\":\"SearchAction\",\"target\":{\"@type\":\"EntryPoint\",\"urlTemplate\":\"https:\/\/demoweb.info\/sexshop001\/?s={search_term_string}\"},\"query-input\":\"required name=search_term_string\"}],\"inLanguage\":\"es\"}]}<\/script>\n<!-- \/ Yoast SEO plugin. -->","yoast_head_json":{"title":"HARPER - NEGRO - Tienda Er\u00f3tica","robots":{"index":"noindex","follow":"follow","max-snippet":"max-snippet:-1","max-image-preview":"max-image-preview:large","max-video-preview":"max-video-preview:-1"},"og_locale":"es_ES","og_type":"article","og_title":"HARPER - NEGRO - Tienda Er\u00f3tica","og_description":"HARPER &#8211; BLACK J\u00ecl te har\u00e1 sentir m\u00e1s sensual que nunca. Harper es un anillo vibrador muy eficaz que ha","og_url":"https:\/\/demoweb.info\/sexshop001\/producto\/harper-negro\/","og_site_name":"Tienda Er\u00f3tica","article_modified_time":"2022-01-22T15:22:45+00:00","og_image":[{"width":550,"height":550,"url":"https:\/\/demoweb.info\/sexshop001\/wp-content\/uploads\/2022\/01\/HARPER-NEGRO.jpg","type":"image\/jpeg"}],"twitter_card":"summary_large_image","twitter_misc":{"Tiempo de lectura":"1 minuto"},"schema":{"@context":"https:\/\/schema.org","@graph":[{"@type":"WebPage","@id":"https:\/\/demoweb.info\/sexshop001\/producto\/harper-negro\/","url":"https:\/\/demoweb.info\/sexshop001\/producto\/harper-negro\/","name":"HARPER - NEGRO - Tienda Er\u00f3tica","isPartOf":{"@id":"https:\/\/demoweb.info\/sexshop001\/#website"},"datePublished":"2022-01-22T15:22:39+00:00","dateModified":"2022-01-22T15:22:45+00:00","breadcrumb":{"@id":"https:\/\/demoweb.info\/sexshop001\/producto\/harper-negro\/#breadcrumb"},"inLanguage":"es","potentialAction":[{"@type":"ReadAction","target":["https:\/\/demoweb.info\/sexshop001\/producto\/harper-negro\/"]}]},{"@type":"BreadcrumbList","@id":"https:\/\/demoweb.info\/sexshop001\/producto\/harper-negro\/#breadcrumb","itemListElement":[{"@type":"ListItem","position":1,"name":"Portada","item":"https:\/\/demoweb.info\/sexshop001\/"},{"@type":"ListItem","position":2,"name":"Tienda","item":"https:\/\/demoweb.info\/sexshop001\/tienda\/"},{"@type":"ListItem","position":3,"name":"HARPER &#8211; NEGRO"}]},{"@type":"WebSite","@id":"https:\/\/demoweb.info\/sexshop001\/#website","url":"https:\/\/demoweb.info\/sexshop001\/","name":"Tienda Er\u00f3tica","description":"DEMOWEB SL","potentialAction":[{"@type":"SearchAction","target":{"@type":"EntryPoint","urlTemplate":"https:\/\/demoweb.info\/sexshop001\/?s={search_term_string}"},"query-input":"required name=search_term_string"}],"inLanguage":"es"}]}},"_links":{"self":[{"href":"https:\/\/demoweb.info\/sexshop001\/wp-json\/wp\/v3\/product\/52038","targetHints":{"allow":["GET"]}}],"collection":[{"href":"https:\/\/demoweb.info\/sexshop001\/wp-json\/wp\/v3\/product"}],"about":[{"href":"https:\/\/demoweb.info\/sexshop001\/wp-json\/wp\/v2\/types\/product"}],"replies":[{"embeddable":true,"href":"https:\/\/demoweb.info\/sexshop001\/wp-json\/wp\/v2\/comments?post=52038"}],"wp:featuredmedia":[{"embeddable":true,"href":"https:\/\/demoweb.info\/sexshop001\/wp-json\/wp\/v2\/media\/52039"}],"wp:attachment":[{"href":"https:\/\/demoweb.info\/sexshop001\/wp-json\/wp\/v2\/media?parent=52038"}],"wp:term":[{"taxonomy":"product_cat","embeddable":true,"href":"https:\/\/demoweb.info\/sexshop001\/wp-json\/wp\/v2\/product_cat?post=52038"},{"taxonomy":"product_tag","embeddable":true,"href":"https:\/\/demoweb.info\/sexshop001\/wp-json\/wp\/v2\/product_tag?post=52038"}],"curies":[{"name":"wp","href":"https:\/\/api.w.org\/{rel}","templated":true}]}}