{"id":51824,"date":"2022-01-22T16:20:36","date_gmt":"2022-01-22T15:20:36","guid":{"rendered":"https:\/\/demoweb.info\/sexshop001\/producto\/senso-rings-kit-de-6-anillos-surtidos\/"},"modified":"2022-01-22T16:20:38","modified_gmt":"2022-01-22T15:20:38","slug":"senso-rings-kit-de-6-anillos-surtidos","status":"publish","type":"product","link":"https:\/\/demoweb.info\/sexshop001\/producto\/senso-rings-kit-de-6-anillos-surtidos\/","title":{"rendered":"SENSO RINGS KIT DE 6 ANILLOS SURTIDOS"},"content":{"rendered":"<p><strong>SENSO RINGS 6 PAK ASSORTI<\/strong><\/p>\n<p>Ilumina y ameniza tu placer \u00edntimo con el ex\u00f3tico kit Senso 6 Pak. El surtido s\u00faper texturado de 6 potenciadores de erecci\u00f3n sensuales est\u00e1 dise\u00f1ado para un m\u00e1ximo disfrute y \u00e9xtasis ilimitado. Los anillos f\u00e1ciles de usar est\u00e1n texturizados con teasers flexibles y ticklers para sensaciones exquisitas y el m\u00e1ximo cl\u00edmax.<\/p>\n<p>El kit se compone de 6 anillos de erecci\u00f3n individuales que est\u00e1n hechos para \u00e9l y tu satisfacci\u00f3n org\u00e1smica. Los anillos super el\u00e1sticos tienen p\u00e9talos con textura, protuberancias, cosquilleos y teasers con forma para una excitaci\u00f3n alucinante y placer de estimulaci\u00f3n. Los potenciadores reutilizables son f\u00e1ciles de usar y c\u00f3modos de usar, y extienden la seducci\u00f3n sensual durante per\u00edodos prolongados de tiempo de juego.<\/p>\n<p>Material: TPR<\/p>\n<p>Di\u00e1metro Exterior: 2 cm<\/p>\n","protected":false},"excerpt":{"rendered":"<p>SENSO RINGS 6 PAK ASSORTI Ilumina y ameniza tu placer \u00edntimo con el ex\u00f3tico kit Senso 6 Pak. El surtido<\/p>\n","protected":false},"featured_media":51825,"comment_status":"open","ping_status":"open","template":"","meta":[],"product_cat":[324],"product_tag":[660],"class_list":["post-51824","product","type-product","status-publish","has-post-thumbnail","hentry","product_cat-kits-anillos","product_tag-calexotics"],"bundled_by":[],"bundle_stock_status":"instock","bundle_stock_quantity":1,"bundle_virtual":false,"bundle_layout":"","bundle_add_to_cart_form_location":"","bundle_editable_in_cart":false,"bundle_sold_individually_context":"","bundle_item_grouping":"","bundle_min_size":"","bundle_max_size":"","bundled_items":[],"yoast_head":"<!-- This site is optimized with the Yoast SEO plugin v20.6 - https:\/\/yoast.com\/wordpress\/plugins\/seo\/ -->\n<title>SENSO RINGS KIT DE 6 ANILLOS SURTIDOS - Tienda Er\u00f3tica<\/title>\n<meta name=\"robots\" content=\"noindex, follow, max-snippet:-1, max-image-preview:large, max-video-preview:-1\" \/>\n<meta property=\"og:locale\" content=\"es_ES\" \/>\n<meta property=\"og:type\" content=\"article\" \/>\n<meta property=\"og:title\" content=\"SENSO RINGS KIT DE 6 ANILLOS SURTIDOS - Tienda Er\u00f3tica\" \/>\n<meta property=\"og:description\" content=\"SENSO RINGS 6 PAK ASSORTI Ilumina y ameniza tu placer \u00edntimo con el ex\u00f3tico kit Senso 6 Pak. El surtido\" \/>\n<meta property=\"og:url\" content=\"https:\/\/demoweb.info\/sexshop001\/producto\/senso-rings-kit-de-6-anillos-surtidos\/\" \/>\n<meta property=\"og:site_name\" content=\"Tienda Er\u00f3tica\" \/>\n<meta property=\"article:modified_time\" content=\"2022-01-22T15:20:38+00:00\" \/>\n<meta property=\"og:image\" content=\"https:\/\/demoweb.info\/sexshop001\/wp-content\/uploads\/2022\/01\/SENSO-RINGS-KIT-DE-6-ANILLOS-SURTIDOS.jpg\" \/>\n\t<meta property=\"og:image:width\" content=\"550\" \/>\n\t<meta property=\"og:image:height\" content=\"550\" \/>\n\t<meta property=\"og:image:type\" content=\"image\/jpeg\" \/>\n<meta name=\"twitter:card\" content=\"summary_large_image\" \/>\n<meta name=\"twitter:label1\" content=\"Tiempo de lectura\" \/>\n\t<meta name=\"twitter:data1\" content=\"1 minuto\" \/>\n<script type=\"application\/ld+json\" class=\"yoast-schema-graph\">{\"@context\":\"https:\/\/schema.org\",\"@graph\":[{\"@type\":\"WebPage\",\"@id\":\"https:\/\/demoweb.info\/sexshop001\/producto\/senso-rings-kit-de-6-anillos-surtidos\/\",\"url\":\"https:\/\/demoweb.info\/sexshop001\/producto\/senso-rings-kit-de-6-anillos-surtidos\/\",\"name\":\"SENSO RINGS KIT DE 6 ANILLOS SURTIDOS - Tienda Er\u00f3tica\",\"isPartOf\":{\"@id\":\"https:\/\/demoweb.info\/sexshop001\/#website\"},\"datePublished\":\"2022-01-22T15:20:36+00:00\",\"dateModified\":\"2022-01-22T15:20:38+00:00\",\"breadcrumb\":{\"@id\":\"https:\/\/demoweb.info\/sexshop001\/producto\/senso-rings-kit-de-6-anillos-surtidos\/#breadcrumb\"},\"inLanguage\":\"es\",\"potentialAction\":[{\"@type\":\"ReadAction\",\"target\":[\"https:\/\/demoweb.info\/sexshop001\/producto\/senso-rings-kit-de-6-anillos-surtidos\/\"]}]},{\"@type\":\"BreadcrumbList\",\"@id\":\"https:\/\/demoweb.info\/sexshop001\/producto\/senso-rings-kit-de-6-anillos-surtidos\/#breadcrumb\",\"itemListElement\":[{\"@type\":\"ListItem\",\"position\":1,\"name\":\"Portada\",\"item\":\"https:\/\/demoweb.info\/sexshop001\/\"},{\"@type\":\"ListItem\",\"position\":2,\"name\":\"Tienda\",\"item\":\"https:\/\/demoweb.info\/sexshop001\/tienda\/\"},{\"@type\":\"ListItem\",\"position\":3,\"name\":\"SENSO RINGS KIT DE 6 ANILLOS SURTIDOS\"}]},{\"@type\":\"WebSite\",\"@id\":\"https:\/\/demoweb.info\/sexshop001\/#website\",\"url\":\"https:\/\/demoweb.info\/sexshop001\/\",\"name\":\"Tienda Er\u00f3tica\",\"description\":\"DEMOWEB SL\",\"potentialAction\":[{\"@type\":\"SearchAction\",\"target\":{\"@type\":\"EntryPoint\",\"urlTemplate\":\"https:\/\/demoweb.info\/sexshop001\/?s={search_term_string}\"},\"query-input\":\"required name=search_term_string\"}],\"inLanguage\":\"es\"}]}<\/script>\n<!-- \/ Yoast SEO plugin. -->","yoast_head_json":{"title":"SENSO RINGS KIT DE 6 ANILLOS SURTIDOS - Tienda Er\u00f3tica","robots":{"index":"noindex","follow":"follow","max-snippet":"max-snippet:-1","max-image-preview":"max-image-preview:large","max-video-preview":"max-video-preview:-1"},"og_locale":"es_ES","og_type":"article","og_title":"SENSO RINGS KIT DE 6 ANILLOS SURTIDOS - Tienda Er\u00f3tica","og_description":"SENSO RINGS 6 PAK ASSORTI Ilumina y ameniza tu placer \u00edntimo con el ex\u00f3tico kit Senso 6 Pak. El surtido","og_url":"https:\/\/demoweb.info\/sexshop001\/producto\/senso-rings-kit-de-6-anillos-surtidos\/","og_site_name":"Tienda Er\u00f3tica","article_modified_time":"2022-01-22T15:20:38+00:00","og_image":[{"width":550,"height":550,"url":"https:\/\/demoweb.info\/sexshop001\/wp-content\/uploads\/2022\/01\/SENSO-RINGS-KIT-DE-6-ANILLOS-SURTIDOS.jpg","type":"image\/jpeg"}],"twitter_card":"summary_large_image","twitter_misc":{"Tiempo de lectura":"1 minuto"},"schema":{"@context":"https:\/\/schema.org","@graph":[{"@type":"WebPage","@id":"https:\/\/demoweb.info\/sexshop001\/producto\/senso-rings-kit-de-6-anillos-surtidos\/","url":"https:\/\/demoweb.info\/sexshop001\/producto\/senso-rings-kit-de-6-anillos-surtidos\/","name":"SENSO RINGS KIT DE 6 ANILLOS SURTIDOS - Tienda Er\u00f3tica","isPartOf":{"@id":"https:\/\/demoweb.info\/sexshop001\/#website"},"datePublished":"2022-01-22T15:20:36+00:00","dateModified":"2022-01-22T15:20:38+00:00","breadcrumb":{"@id":"https:\/\/demoweb.info\/sexshop001\/producto\/senso-rings-kit-de-6-anillos-surtidos\/#breadcrumb"},"inLanguage":"es","potentialAction":[{"@type":"ReadAction","target":["https:\/\/demoweb.info\/sexshop001\/producto\/senso-rings-kit-de-6-anillos-surtidos\/"]}]},{"@type":"BreadcrumbList","@id":"https:\/\/demoweb.info\/sexshop001\/producto\/senso-rings-kit-de-6-anillos-surtidos\/#breadcrumb","itemListElement":[{"@type":"ListItem","position":1,"name":"Portada","item":"https:\/\/demoweb.info\/sexshop001\/"},{"@type":"ListItem","position":2,"name":"Tienda","item":"https:\/\/demoweb.info\/sexshop001\/tienda\/"},{"@type":"ListItem","position":3,"name":"SENSO RINGS KIT DE 6 ANILLOS SURTIDOS"}]},{"@type":"WebSite","@id":"https:\/\/demoweb.info\/sexshop001\/#website","url":"https:\/\/demoweb.info\/sexshop001\/","name":"Tienda Er\u00f3tica","description":"DEMOWEB SL","potentialAction":[{"@type":"SearchAction","target":{"@type":"EntryPoint","urlTemplate":"https:\/\/demoweb.info\/sexshop001\/?s={search_term_string}"},"query-input":"required name=search_term_string"}],"inLanguage":"es"}]}},"_links":{"self":[{"href":"https:\/\/demoweb.info\/sexshop001\/wp-json\/wp\/v3\/product\/51824","targetHints":{"allow":["GET"]}}],"collection":[{"href":"https:\/\/demoweb.info\/sexshop001\/wp-json\/wp\/v3\/product"}],"about":[{"href":"https:\/\/demoweb.info\/sexshop001\/wp-json\/wp\/v2\/types\/product"}],"replies":[{"embeddable":true,"href":"https:\/\/demoweb.info\/sexshop001\/wp-json\/wp\/v2\/comments?post=51824"}],"wp:featuredmedia":[{"embeddable":true,"href":"https:\/\/demoweb.info\/sexshop001\/wp-json\/wp\/v2\/media\/51825"}],"wp:attachment":[{"href":"https:\/\/demoweb.info\/sexshop001\/wp-json\/wp\/v2\/media?parent=51824"}],"wp:term":[{"taxonomy":"product_cat","embeddable":true,"href":"https:\/\/demoweb.info\/sexshop001\/wp-json\/wp\/v2\/product_cat?post=51824"},{"taxonomy":"product_tag","embeddable":true,"href":"https:\/\/demoweb.info\/sexshop001\/wp-json\/wp\/v2\/product_tag?post=51824"}],"curies":[{"name":"wp","href":"https:\/\/api.w.org\/{rel}","templated":true}]}}