{"id":51822,"date":"2022-01-22T16:20:36","date_gmt":"2022-01-22T15:20:36","guid":{"rendered":"https:\/\/demoweb.info\/sexshop001\/producto\/jo-for-men-h2o-gel-lubricante-240ml\/"},"modified":"2022-01-22T16:20:37","modified_gmt":"2022-01-22T15:20:37","slug":"jo-for-men-h2o-gel-lubricante-240ml","status":"publish","type":"product","link":"https:\/\/demoweb.info\/sexshop001\/producto\/jo-for-men-h2o-gel-lubricante-240ml\/","title":{"rendered":"JO FOR MEN H2O GEL LUBRICANTE 240ML"},"content":{"rendered":"<p><strong>JO FOR MEN H2O GEL LUBE 240ML<\/strong><\/p>\n<p>JO H2O GEL es un lubricante personal a base de agua dise\u00f1ado para hidratar y mejorar la actividad sexual, especialmente el juego en solitario. JO GEL est\u00e1 formulado con una glicerina puramente vegetal y se espesa para ofrecer una nueva forma de jugar.<\/p>\n<p>La gruesa textura de gel en forma de almohada ofrece un deslizamiento duradero sin goteo que queda exactamente donde lo necesitas. JO GEL es f\u00e1cil de usar, compatible con la mayor\u00eda de los materiales y f\u00e1cil de limpiar.<\/p>\n<p>&#8211; Una de nuestras f\u00f3rmulas m\u00e1s espesas disponible.<\/p>\n<p>&#8211; Juega como una almohada gruesa de lubricante, no se estira ni se adelgaza demasiado r\u00e1pido.<\/p>\n<p>&#8211; Se asocia bien con masturbadores masculinos para proporcionar una sensaci\u00f3n lujosamente h\u00fameda.<\/p>\n<p>Contiene: 240 ml<\/p>\n","protected":false},"excerpt":{"rendered":"<p>JO FOR MEN H2O GEL LUBE 240ML JO H2O GEL es un lubricante personal a base de agua dise\u00f1ado para<\/p>\n","protected":false},"featured_media":51823,"comment_status":"open","ping_status":"open","template":"","meta":[],"product_cat":[268],"product_tag":[1197,617],"class_list":["post-51822","product","type-product","status-publish","has-post-thumbnail","hentry","product_cat-base-agua-lubricantes-aceites-y-lubricantes","product_tag-for-men","product_tag-jo"],"bundled_by":[],"bundle_stock_status":"instock","bundle_stock_quantity":10,"bundle_virtual":false,"bundle_layout":"","bundle_add_to_cart_form_location":"","bundle_editable_in_cart":false,"bundle_sold_individually_context":"","bundle_item_grouping":"","bundle_min_size":"","bundle_max_size":"","bundled_items":[],"yoast_head":"<!-- This site is optimized with the Yoast SEO plugin v20.6 - https:\/\/yoast.com\/wordpress\/plugins\/seo\/ -->\n<title>JO FOR MEN H2O GEL LUBRICANTE 240ML - Tienda Er\u00f3tica<\/title>\n<meta name=\"robots\" content=\"noindex, follow, max-snippet:-1, max-image-preview:large, max-video-preview:-1\" \/>\n<meta property=\"og:locale\" content=\"es_ES\" \/>\n<meta property=\"og:type\" content=\"article\" \/>\n<meta property=\"og:title\" content=\"JO FOR MEN H2O GEL LUBRICANTE 240ML - Tienda Er\u00f3tica\" \/>\n<meta property=\"og:description\" content=\"JO FOR MEN H2O GEL LUBE 240ML JO H2O GEL es un lubricante personal a base de agua dise\u00f1ado para\" \/>\n<meta property=\"og:url\" content=\"https:\/\/demoweb.info\/sexshop001\/producto\/jo-for-men-h2o-gel-lubricante-240ml\/\" \/>\n<meta property=\"og:site_name\" content=\"Tienda Er\u00f3tica\" \/>\n<meta property=\"article:modified_time\" content=\"2022-01-22T15:20:37+00:00\" \/>\n<meta property=\"og:image\" content=\"https:\/\/demoweb.info\/sexshop001\/wp-content\/uploads\/2022\/01\/JO-FOR-MEN-H2O-GEL-LUBRICANTE-240ML.jpg\" \/>\n\t<meta property=\"og:image:width\" content=\"550\" \/>\n\t<meta property=\"og:image:height\" content=\"550\" \/>\n\t<meta property=\"og:image:type\" content=\"image\/jpeg\" \/>\n<meta name=\"twitter:card\" content=\"summary_large_image\" \/>\n<meta name=\"twitter:label1\" content=\"Tiempo de lectura\" \/>\n\t<meta name=\"twitter:data1\" content=\"1 minuto\" \/>\n<script type=\"application\/ld+json\" class=\"yoast-schema-graph\">{\"@context\":\"https:\/\/schema.org\",\"@graph\":[{\"@type\":\"WebPage\",\"@id\":\"https:\/\/demoweb.info\/sexshop001\/producto\/jo-for-men-h2o-gel-lubricante-240ml\/\",\"url\":\"https:\/\/demoweb.info\/sexshop001\/producto\/jo-for-men-h2o-gel-lubricante-240ml\/\",\"name\":\"JO FOR MEN H2O GEL LUBRICANTE 240ML - Tienda Er\u00f3tica\",\"isPartOf\":{\"@id\":\"https:\/\/demoweb.info\/sexshop001\/#website\"},\"datePublished\":\"2022-01-22T15:20:36+00:00\",\"dateModified\":\"2022-01-22T15:20:37+00:00\",\"breadcrumb\":{\"@id\":\"https:\/\/demoweb.info\/sexshop001\/producto\/jo-for-men-h2o-gel-lubricante-240ml\/#breadcrumb\"},\"inLanguage\":\"es\",\"potentialAction\":[{\"@type\":\"ReadAction\",\"target\":[\"https:\/\/demoweb.info\/sexshop001\/producto\/jo-for-men-h2o-gel-lubricante-240ml\/\"]}]},{\"@type\":\"BreadcrumbList\",\"@id\":\"https:\/\/demoweb.info\/sexshop001\/producto\/jo-for-men-h2o-gel-lubricante-240ml\/#breadcrumb\",\"itemListElement\":[{\"@type\":\"ListItem\",\"position\":1,\"name\":\"Portada\",\"item\":\"https:\/\/demoweb.info\/sexshop001\/\"},{\"@type\":\"ListItem\",\"position\":2,\"name\":\"Tienda\",\"item\":\"https:\/\/demoweb.info\/sexshop001\/tienda\/\"},{\"@type\":\"ListItem\",\"position\":3,\"name\":\"JO FOR MEN H2O GEL LUBRICANTE 240ML\"}]},{\"@type\":\"WebSite\",\"@id\":\"https:\/\/demoweb.info\/sexshop001\/#website\",\"url\":\"https:\/\/demoweb.info\/sexshop001\/\",\"name\":\"Tienda Er\u00f3tica\",\"description\":\"DEMOWEB SL\",\"potentialAction\":[{\"@type\":\"SearchAction\",\"target\":{\"@type\":\"EntryPoint\",\"urlTemplate\":\"https:\/\/demoweb.info\/sexshop001\/?s={search_term_string}\"},\"query-input\":\"required name=search_term_string\"}],\"inLanguage\":\"es\"}]}<\/script>\n<!-- \/ Yoast SEO plugin. -->","yoast_head_json":{"title":"JO FOR MEN H2O GEL LUBRICANTE 240ML - Tienda Er\u00f3tica","robots":{"index":"noindex","follow":"follow","max-snippet":"max-snippet:-1","max-image-preview":"max-image-preview:large","max-video-preview":"max-video-preview:-1"},"og_locale":"es_ES","og_type":"article","og_title":"JO FOR MEN H2O GEL LUBRICANTE 240ML - Tienda Er\u00f3tica","og_description":"JO FOR MEN H2O GEL LUBE 240ML JO H2O GEL es un lubricante personal a base de agua dise\u00f1ado para","og_url":"https:\/\/demoweb.info\/sexshop001\/producto\/jo-for-men-h2o-gel-lubricante-240ml\/","og_site_name":"Tienda Er\u00f3tica","article_modified_time":"2022-01-22T15:20:37+00:00","og_image":[{"width":550,"height":550,"url":"https:\/\/demoweb.info\/sexshop001\/wp-content\/uploads\/2022\/01\/JO-FOR-MEN-H2O-GEL-LUBRICANTE-240ML.jpg","type":"image\/jpeg"}],"twitter_card":"summary_large_image","twitter_misc":{"Tiempo de lectura":"1 minuto"},"schema":{"@context":"https:\/\/schema.org","@graph":[{"@type":"WebPage","@id":"https:\/\/demoweb.info\/sexshop001\/producto\/jo-for-men-h2o-gel-lubricante-240ml\/","url":"https:\/\/demoweb.info\/sexshop001\/producto\/jo-for-men-h2o-gel-lubricante-240ml\/","name":"JO FOR MEN H2O GEL LUBRICANTE 240ML - Tienda Er\u00f3tica","isPartOf":{"@id":"https:\/\/demoweb.info\/sexshop001\/#website"},"datePublished":"2022-01-22T15:20:36+00:00","dateModified":"2022-01-22T15:20:37+00:00","breadcrumb":{"@id":"https:\/\/demoweb.info\/sexshop001\/producto\/jo-for-men-h2o-gel-lubricante-240ml\/#breadcrumb"},"inLanguage":"es","potentialAction":[{"@type":"ReadAction","target":["https:\/\/demoweb.info\/sexshop001\/producto\/jo-for-men-h2o-gel-lubricante-240ml\/"]}]},{"@type":"BreadcrumbList","@id":"https:\/\/demoweb.info\/sexshop001\/producto\/jo-for-men-h2o-gel-lubricante-240ml\/#breadcrumb","itemListElement":[{"@type":"ListItem","position":1,"name":"Portada","item":"https:\/\/demoweb.info\/sexshop001\/"},{"@type":"ListItem","position":2,"name":"Tienda","item":"https:\/\/demoweb.info\/sexshop001\/tienda\/"},{"@type":"ListItem","position":3,"name":"JO FOR MEN H2O GEL LUBRICANTE 240ML"}]},{"@type":"WebSite","@id":"https:\/\/demoweb.info\/sexshop001\/#website","url":"https:\/\/demoweb.info\/sexshop001\/","name":"Tienda Er\u00f3tica","description":"DEMOWEB SL","potentialAction":[{"@type":"SearchAction","target":{"@type":"EntryPoint","urlTemplate":"https:\/\/demoweb.info\/sexshop001\/?s={search_term_string}"},"query-input":"required name=search_term_string"}],"inLanguage":"es"}]}},"_links":{"self":[{"href":"https:\/\/demoweb.info\/sexshop001\/wp-json\/wp\/v3\/product\/51822","targetHints":{"allow":["GET"]}}],"collection":[{"href":"https:\/\/demoweb.info\/sexshop001\/wp-json\/wp\/v3\/product"}],"about":[{"href":"https:\/\/demoweb.info\/sexshop001\/wp-json\/wp\/v2\/types\/product"}],"replies":[{"embeddable":true,"href":"https:\/\/demoweb.info\/sexshop001\/wp-json\/wp\/v2\/comments?post=51822"}],"wp:featuredmedia":[{"embeddable":true,"href":"https:\/\/demoweb.info\/sexshop001\/wp-json\/wp\/v2\/media\/51823"}],"wp:attachment":[{"href":"https:\/\/demoweb.info\/sexshop001\/wp-json\/wp\/v2\/media?parent=51822"}],"wp:term":[{"taxonomy":"product_cat","embeddable":true,"href":"https:\/\/demoweb.info\/sexshop001\/wp-json\/wp\/v2\/product_cat?post=51822"},{"taxonomy":"product_tag","embeddable":true,"href":"https:\/\/demoweb.info\/sexshop001\/wp-json\/wp\/v2\/product_tag?post=51822"}],"curies":[{"name":"wp","href":"https:\/\/api.w.org\/{rel}","templated":true}]}}