{"id":51804,"date":"2022-01-22T16:20:24","date_gmt":"2022-01-22T15:20:24","guid":{"rendered":"https:\/\/demoweb.info\/sexshop001\/producto\/ovo-k6-conejito-vibrador-aqua\/"},"modified":"2022-01-22T16:20:26","modified_gmt":"2022-01-22T15:20:26","slug":"ovo-k6-conejito-vibrador-aqua","status":"publish","type":"product","link":"https:\/\/demoweb.info\/sexshop001\/producto\/ovo-k6-conejito-vibrador-aqua\/","title":{"rendered":"OVO K6 CONEJITO VIBRADOR AQUA"},"content":{"rendered":"<p><strong>OVO K6 RABBIT VIBRATOR AQUA<\/strong><\/p>\n<p>Descubre el OVO K6 Rabbit. Este conejito no solo te mantendr\u00e1 locamente satisfecha desde el interior, \u00a1es curvo para la estimulaci\u00f3n del punto G!, adem\u00e1s las peque\u00f1as orejitas trabajan como un ideal estimulador externo.<\/p>\n<p>La silicona segura para el cuerpo mantiene hace a este juguete liso y elegante. Dispone de cuatro patrones de vibraci\u00f3n junto con tres velocidades diferentes que hacen cada sesi\u00f3n \u00fanica. Ya sea en la cama, en la ducha o en cualquier otro lugar donde puedas so\u00f1ar, \u00a1este Rabbit ser\u00e1 el acompa\u00f1ante perfecto!<\/p>\n<p>Funciona con 2 pilas AAA.<\/p>\n","protected":false},"excerpt":{"rendered":"<p>OVO K6 RABBIT VIBRATOR AQUA Descubre el OVO K6 Rabbit. Este conejito no solo te mantendr\u00e1 locamente satisfecha desde el<\/p>\n","protected":false},"featured_media":51805,"comment_status":"open","ping_status":"open","template":"","meta":[],"product_cat":[434],"product_tag":[917,376],"class_list":["post-51804","product","type-product","status-publish","has-post-thumbnail","hentry","product_cat-doble-estimulacion-vibradores-juguetes-xxx","product_tag-k-rabbit","product_tag-ovo"],"bundled_by":[],"bundle_stock_status":"instock","bundle_stock_quantity":1,"bundle_virtual":false,"bundle_layout":"","bundle_add_to_cart_form_location":"","bundle_editable_in_cart":false,"bundle_sold_individually_context":"","bundle_item_grouping":"","bundle_min_size":"","bundle_max_size":"","bundled_items":[],"yoast_head":"<!-- This site is optimized with the Yoast SEO plugin v20.6 - https:\/\/yoast.com\/wordpress\/plugins\/seo\/ -->\n<title>OVO K6 CONEJITO VIBRADOR AQUA - Tienda Er\u00f3tica<\/title>\n<meta name=\"robots\" content=\"noindex, follow, max-snippet:-1, max-image-preview:large, max-video-preview:-1\" \/>\n<meta property=\"og:locale\" content=\"es_ES\" \/>\n<meta property=\"og:type\" content=\"article\" \/>\n<meta property=\"og:title\" content=\"OVO K6 CONEJITO VIBRADOR AQUA - Tienda Er\u00f3tica\" \/>\n<meta property=\"og:description\" content=\"OVO K6 RABBIT VIBRATOR AQUA Descubre el OVO K6 Rabbit. Este conejito no solo te mantendr\u00e1 locamente satisfecha desde el\" \/>\n<meta property=\"og:url\" content=\"https:\/\/demoweb.info\/sexshop001\/producto\/ovo-k6-conejito-vibrador-aqua\/\" \/>\n<meta property=\"og:site_name\" content=\"Tienda Er\u00f3tica\" \/>\n<meta property=\"article:modified_time\" content=\"2022-01-22T15:20:26+00:00\" \/>\n<meta property=\"og:image\" content=\"https:\/\/demoweb.info\/sexshop001\/wp-content\/uploads\/2022\/01\/OVO-K6-CONEJITO-VIBRADOR-AQUA.jpg\" \/>\n\t<meta property=\"og:image:width\" content=\"550\" \/>\n\t<meta property=\"og:image:height\" content=\"550\" \/>\n\t<meta property=\"og:image:type\" content=\"image\/jpeg\" \/>\n<meta name=\"twitter:card\" content=\"summary_large_image\" \/>\n<meta name=\"twitter:label1\" content=\"Tiempo de lectura\" \/>\n\t<meta name=\"twitter:data1\" content=\"1 minuto\" \/>\n<script type=\"application\/ld+json\" class=\"yoast-schema-graph\">{\"@context\":\"https:\/\/schema.org\",\"@graph\":[{\"@type\":\"WebPage\",\"@id\":\"https:\/\/demoweb.info\/sexshop001\/producto\/ovo-k6-conejito-vibrador-aqua\/\",\"url\":\"https:\/\/demoweb.info\/sexshop001\/producto\/ovo-k6-conejito-vibrador-aqua\/\",\"name\":\"OVO K6 CONEJITO VIBRADOR AQUA - Tienda Er\u00f3tica\",\"isPartOf\":{\"@id\":\"https:\/\/demoweb.info\/sexshop001\/#website\"},\"datePublished\":\"2022-01-22T15:20:24+00:00\",\"dateModified\":\"2022-01-22T15:20:26+00:00\",\"breadcrumb\":{\"@id\":\"https:\/\/demoweb.info\/sexshop001\/producto\/ovo-k6-conejito-vibrador-aqua\/#breadcrumb\"},\"inLanguage\":\"es\",\"potentialAction\":[{\"@type\":\"ReadAction\",\"target\":[\"https:\/\/demoweb.info\/sexshop001\/producto\/ovo-k6-conejito-vibrador-aqua\/\"]}]},{\"@type\":\"BreadcrumbList\",\"@id\":\"https:\/\/demoweb.info\/sexshop001\/producto\/ovo-k6-conejito-vibrador-aqua\/#breadcrumb\",\"itemListElement\":[{\"@type\":\"ListItem\",\"position\":1,\"name\":\"Portada\",\"item\":\"https:\/\/demoweb.info\/sexshop001\/\"},{\"@type\":\"ListItem\",\"position\":2,\"name\":\"Tienda\",\"item\":\"https:\/\/demoweb.info\/sexshop001\/tienda\/\"},{\"@type\":\"ListItem\",\"position\":3,\"name\":\"OVO K6 CONEJITO VIBRADOR AQUA\"}]},{\"@type\":\"WebSite\",\"@id\":\"https:\/\/demoweb.info\/sexshop001\/#website\",\"url\":\"https:\/\/demoweb.info\/sexshop001\/\",\"name\":\"Tienda Er\u00f3tica\",\"description\":\"DEMOWEB SL\",\"potentialAction\":[{\"@type\":\"SearchAction\",\"target\":{\"@type\":\"EntryPoint\",\"urlTemplate\":\"https:\/\/demoweb.info\/sexshop001\/?s={search_term_string}\"},\"query-input\":\"required name=search_term_string\"}],\"inLanguage\":\"es\"}]}<\/script>\n<!-- \/ Yoast SEO plugin. -->","yoast_head_json":{"title":"OVO K6 CONEJITO VIBRADOR AQUA - Tienda Er\u00f3tica","robots":{"index":"noindex","follow":"follow","max-snippet":"max-snippet:-1","max-image-preview":"max-image-preview:large","max-video-preview":"max-video-preview:-1"},"og_locale":"es_ES","og_type":"article","og_title":"OVO K6 CONEJITO VIBRADOR AQUA - Tienda Er\u00f3tica","og_description":"OVO K6 RABBIT VIBRATOR AQUA Descubre el OVO K6 Rabbit. Este conejito no solo te mantendr\u00e1 locamente satisfecha desde el","og_url":"https:\/\/demoweb.info\/sexshop001\/producto\/ovo-k6-conejito-vibrador-aqua\/","og_site_name":"Tienda Er\u00f3tica","article_modified_time":"2022-01-22T15:20:26+00:00","og_image":[{"width":550,"height":550,"url":"https:\/\/demoweb.info\/sexshop001\/wp-content\/uploads\/2022\/01\/OVO-K6-CONEJITO-VIBRADOR-AQUA.jpg","type":"image\/jpeg"}],"twitter_card":"summary_large_image","twitter_misc":{"Tiempo de lectura":"1 minuto"},"schema":{"@context":"https:\/\/schema.org","@graph":[{"@type":"WebPage","@id":"https:\/\/demoweb.info\/sexshop001\/producto\/ovo-k6-conejito-vibrador-aqua\/","url":"https:\/\/demoweb.info\/sexshop001\/producto\/ovo-k6-conejito-vibrador-aqua\/","name":"OVO K6 CONEJITO VIBRADOR AQUA - Tienda Er\u00f3tica","isPartOf":{"@id":"https:\/\/demoweb.info\/sexshop001\/#website"},"datePublished":"2022-01-22T15:20:24+00:00","dateModified":"2022-01-22T15:20:26+00:00","breadcrumb":{"@id":"https:\/\/demoweb.info\/sexshop001\/producto\/ovo-k6-conejito-vibrador-aqua\/#breadcrumb"},"inLanguage":"es","potentialAction":[{"@type":"ReadAction","target":["https:\/\/demoweb.info\/sexshop001\/producto\/ovo-k6-conejito-vibrador-aqua\/"]}]},{"@type":"BreadcrumbList","@id":"https:\/\/demoweb.info\/sexshop001\/producto\/ovo-k6-conejito-vibrador-aqua\/#breadcrumb","itemListElement":[{"@type":"ListItem","position":1,"name":"Portada","item":"https:\/\/demoweb.info\/sexshop001\/"},{"@type":"ListItem","position":2,"name":"Tienda","item":"https:\/\/demoweb.info\/sexshop001\/tienda\/"},{"@type":"ListItem","position":3,"name":"OVO K6 CONEJITO VIBRADOR AQUA"}]},{"@type":"WebSite","@id":"https:\/\/demoweb.info\/sexshop001\/#website","url":"https:\/\/demoweb.info\/sexshop001\/","name":"Tienda Er\u00f3tica","description":"DEMOWEB SL","potentialAction":[{"@type":"SearchAction","target":{"@type":"EntryPoint","urlTemplate":"https:\/\/demoweb.info\/sexshop001\/?s={search_term_string}"},"query-input":"required name=search_term_string"}],"inLanguage":"es"}]}},"_links":{"self":[{"href":"https:\/\/demoweb.info\/sexshop001\/wp-json\/wp\/v3\/product\/51804","targetHints":{"allow":["GET"]}}],"collection":[{"href":"https:\/\/demoweb.info\/sexshop001\/wp-json\/wp\/v3\/product"}],"about":[{"href":"https:\/\/demoweb.info\/sexshop001\/wp-json\/wp\/v2\/types\/product"}],"replies":[{"embeddable":true,"href":"https:\/\/demoweb.info\/sexshop001\/wp-json\/wp\/v2\/comments?post=51804"}],"wp:featuredmedia":[{"embeddable":true,"href":"https:\/\/demoweb.info\/sexshop001\/wp-json\/wp\/v2\/media\/51805"}],"wp:attachment":[{"href":"https:\/\/demoweb.info\/sexshop001\/wp-json\/wp\/v2\/media?parent=51804"}],"wp:term":[{"taxonomy":"product_cat","embeddable":true,"href":"https:\/\/demoweb.info\/sexshop001\/wp-json\/wp\/v2\/product_cat?post=51804"},{"taxonomy":"product_tag","embeddable":true,"href":"https:\/\/demoweb.info\/sexshop001\/wp-json\/wp\/v2\/product_tag?post=51804"}],"curies":[{"name":"wp","href":"https:\/\/api.w.org\/{rel}","templated":true}]}}